{"id":5075,"date":"2021-03-02T14:14:52","date_gmt":"2021-03-02T14:14:52","guid":{"rendered":"https:\/\/www.densityfrance.fr\/?page_id=5075"},"modified":"2024-09-12T14:33:30","modified_gmt":"2024-09-12T13:33:30","slug":"battre-kommunikation","status":"publish","type":"page","link":"https:\/\/www.densityfrance.fr\/sv\/nos-atouts\/une-meilleure-communication\/","title":{"rendered":"B\u00e4ttre kommunikation"},"content":{"rendered":"<div data-elementor-type=\"wp-page\" data-elementor-id=\"5075\" class=\"elementor elementor-5075\" data-elementor-post-type=\"page\">\n\t\t\t\t\t\t<section class=\"elementor-section elementor-top-section elementor-element elementor-element-7774a489 gp_section_contexte ot-traditional elementor-section-boxed elementor-section-height-default elementor-section-height-default\" data-id=\"7774a489\" data-element_type=\"section\" data-e-type=\"section\">\n\t\t\t\t\t\t<div class=\"elementor-container elementor-column-gap-extended\">\n\t\t\t\t\t<div class=\"elementor-column elementor-col-50 elementor-top-column elementor-element elementor-element-62ddc6cf elementor-hidden-tablet elementor-hidden-phone ot-flex-column-vertical\" data-id=\"62ddc6cf\" data-element_type=\"column\" data-e-type=\"column\" data-settings=\"{&quot;background_background&quot;:&quot;classic&quot;}\">\n\t\t\t<div class=\"elementor-widget-wrap elementor-element-populated\">\n\t\t\t\t\t\t\t<\/div>\n\t\t<\/div>\n\t\t\t\t<div class=\"elementor-column elementor-col-50 elementor-top-column elementor-element elementor-element-1b77517c ot-column-items-center gp_col-right gp_text ot-flex-column-vertical\" data-id=\"1b77517c\" data-element_type=\"column\" data-e-type=\"column\">\n\t\t\t<div class=\"elementor-widget-wrap elementor-element-populated\">\n\t\t\t\t\t\t<div class=\"elementor-element elementor-element-4e15071f elementor-widget elementor-widget-iheading\" data-id=\"4e15071f\" data-element_type=\"widget\" data-e-type=\"widget\" data-widget_type=\"iheading.default\">\n\t\t\t\t<div class=\"elementor-widget-container\">\n\t\t\t\t\t\t\t<div class=\"ot-heading\">\r\n\t        \t            <span>\/\/ Redo f\u00f6r morgondagen<\/span>\r\n\t        <h2 class=\"main-heading\">Interkommunikation med alla akt\u00f6rer i Density Generators liv<sup class=\"\u00ae\">\u00ae<\/sup><\/h2>\t    <\/div>\r\n\t    \t\t\t\t<\/div>\n\t\t\t\t<\/div>\n\t\t\t\t<div class=\"elementor-element elementor-element-47906a85 elementor-widget elementor-widget-text-editor\" data-id=\"47906a85\" data-element_type=\"widget\" data-e-type=\"widget\" data-widget_type=\"text-editor.default\">\n\t\t\t\t<div class=\"elementor-widget-container\">\n\t\t\t\t\t\t\t\t\t<p>Dagens behov av mobilitet inneb\u00e4r att kommunikationen mellan alla v\u00e5ra elektroniska verktyg och IT-verktyg \u00e4r avg\u00f6rande.<\/p><p>Generatorer f\u00f6r densitet<sup class=\"tm\">\u00ae<\/sup> \u00e4r redo f\u00f6r den h\u00e4r nya eran. Tack vare det s\u00e4kra IP-kortet kan du f\u00e5 tillg\u00e5ng till Density CLOUD<sup class=\"tm\">\u00ae<\/sup> som g\u00f6r att du kan hantera din dimgenerator fr\u00e5n en enda s\u00e4ker webbsida (inloggning och MdP). Du kan starta, stoppa och testa enheten p\u00e5 distans, kontrollera statusen f\u00f6r f\u00f6rbrukningsvaror och f\u00e5 en h\u00e4ndelserapport. Sj\u00e4lvdiagnostiserande teknisk information skickas till din brevl\u00e5da enligt dina val. Det elektroniska kortet har utformats f\u00f6r att lagra alla tidigare h\u00e4ndelser som har intr\u00e4ffat de senaste dagarna, s\u00e5 att du kan vara s\u00e4ker p\u00e5 att apparaten fungerar som den ska. Ett enkelt klick och det finns p\u00e5 din surfplatta eller telefon.<\/p><p>IP-kortets tr\u00e5dl\u00f6sa anslutning g\u00f6r det enkelt att installera diskret i alla estetiskt tilltalande milj\u00f6er.<\/p><p>Tack vare molnt\u00e4theten<sup class=\"tm\">\u00ae<\/sup>, Din larminstallat\u00f6r kommer att kunna uppdatera dimgeneratorn p\u00e5 distans och utf\u00f6ra ett regelbundet underh\u00e5llsbes\u00f6k f\u00f6r att s\u00e4kerst\u00e4lla att den fungerar korrekt f\u00f6r att skydda dig hela tiden. Kostnaden blir l\u00e4gre eftersom operationen utf\u00f6rs utan att teknikern beh\u00f6ver resa eller vara n\u00e4rvarande.<\/p><p>Density-teamet<sup class=\"tm\">\u00ae<\/sup>\u00a0har inte bara optimerat kommunikationen med de fj\u00e4rrstyrda dimgeneratorerna f\u00f6r att f\u00f6rb\u00e4ttra underh\u00e5llet, vi har ocks\u00e5 utvecklat ett moln-API f\u00f6r att kunna inkludera kommandon och funktioner fr\u00e5n densitetsmolnet i ditt eget f\u00f6r s\u00e4kerhets- och trygghetsprocedurer.<\/p><p>Vi kan g\u00e5 \u00e4nnu l\u00e4ngre genom att f\u00f6rse dig med systemets API som g\u00f6r det m\u00f6jligt f\u00f6r dig att ansluta och integrera din Density Fog Generator.<sup class=\"tm\">\u00ae<\/sup>\u00a0i alla dina fj\u00e4rrstyrningssystem som inneh\u00e5ller funktioner f\u00f6r hemautomation, byggnadsf\u00f6rvaltning eller video\u00f6vervakning.<\/p><p>Slutligen, med Density<sup class=\"tm\">\u00ae<\/sup>, Vi har specialiserade interna ingenj\u00f6rer som kan anpassa och skr\u00e4ddarsy kommunikation f\u00f6r dina storskaliga projekt. Denna interna kompetens g\u00f6r att vi kan reagera snabbt p\u00e5 dina behov, s\u00e5 att vi kan ge dig den l\u00f6sning du beh\u00f6ver f\u00f6r storskaliga projekt som \u00e4r specifika f\u00f6r din yrkesorganisation.<\/p>\t\t\t\t\t\t\t\t<\/div>\n\t\t\t\t<\/div>\n\t\t\t\t\t<\/div>\n\t\t<\/div>\n\t\t\t\t\t<\/div>\n\t\t<\/section>\n\t\t\t\t<\/div>","protected":false},"excerpt":{"rendered":"<p>\/\/ Pr\u00eat pour demain Intercommunication avec chaque acteur de la vie du G\u00e9n\u00e9rateur Density\u00ae Notre besoin de mobilit\u00e9 actuel rend la communication de l\u2019ensemble de nos outils \u00e9lectroniques et informatiques essentielle. Les g\u00e9n\u00e9rateurs Density\u00ae sont pr\u00eats pour cette nouvelle \u00e8re.\u00a0Gr\u00e2ce \u00e0 la carte IP s\u00e9curis\u00e9e, vous pourrez acc\u00e9der au CLOUD Density\u00ae qui vous permettra de [&hellip;]<\/p>\n","protected":false},"author":1,"featured_media":4297,"parent":3098,"menu_order":0,"comment_status":"closed","ping_status":"closed","template":"","meta":{"footnotes":""},"class_list":["post-5075","page","type-page","status-publish","has-post-thumbnail","hentry"],"yoast_head":"<!-- This site is optimized with the Yoast SEO plugin v27.5 - https:\/\/yoast.com\/product\/yoast-seo-wordpress\/ -->\n<title>Une meilleure communication - Density France<\/title>\n<meta name=\"description\" content=\"Am\u00e9liorez la communication de vos syst\u00e8mes de s\u00e9curit\u00e9 avec les solutions de brouillard anti-intrusion de Density France, pour une protection accrue\" \/>\n<meta name=\"robots\" content=\"index, follow, max-snippet:-1, max-image-preview:large, max-video-preview:-1\" \/>\n<link rel=\"canonical\" href=\"https:\/\/www.densityfrance.fr\/sv\/vara-tillgangar\/battre-kommunikation\/\" \/>\n<meta property=\"og:locale\" content=\"sv_SE\" \/>\n<meta property=\"og:type\" content=\"article\" \/>\n<meta property=\"og:title\" content=\"Une meilleure communication - Density France\" \/>\n<meta property=\"og:description\" content=\"Am\u00e9liorez la communication de vos syst\u00e8mes de s\u00e9curit\u00e9 avec les solutions de brouillard anti-intrusion de Density France, pour une protection accrue\" \/>\n<meta property=\"og:url\" content=\"https:\/\/www.densityfrance.fr\/sv\/vara-tillgangar\/battre-kommunikation\/\" \/>\n<meta property=\"og:site_name\" content=\"Density France\" \/>\n<meta property=\"article:modified_time\" content=\"2024-09-12T13:33:30+00:00\" \/>\n<meta property=\"og:image\" content=\"https:\/\/www.densityfrance.fr\/wp-content\/uploads\/2021\/02\/luxe-picto-bleu.png\" \/>\n\t<meta property=\"og:image:width\" content=\"130\" \/>\n\t<meta property=\"og:image:height\" content=\"130\" \/>\n\t<meta property=\"og:image:type\" content=\"image\/png\" \/>\n<meta name=\"twitter:card\" content=\"summary_large_image\" \/>\n<meta name=\"twitter:label1\" content=\"Ber\u00e4knad l\u00e4stid\" \/>\n\t<meta name=\"twitter:data1\" content=\"2 minuter\" \/>\n<script type=\"application\/ld+json\" class=\"yoast-schema-graph\">{\"@context\":\"https:\\\/\\\/schema.org\",\"@graph\":[{\"@type\":\"WebPage\",\"@id\":\"https:\\\/\\\/www.densityfrance.fr\\\/nos-atouts\\\/une-meilleure-communication\\\/\",\"url\":\"https:\\\/\\\/www.densityfrance.fr\\\/nos-atouts\\\/une-meilleure-communication\\\/\",\"name\":\"Une meilleure communication - Density France\",\"isPartOf\":{\"@id\":\"https:\\\/\\\/www.densityfrance.fr\\\/#website\"},\"primaryImageOfPage\":{\"@id\":\"https:\\\/\\\/www.densityfrance.fr\\\/nos-atouts\\\/une-meilleure-communication\\\/#primaryimage\"},\"image\":{\"@id\":\"https:\\\/\\\/www.densityfrance.fr\\\/nos-atouts\\\/une-meilleure-communication\\\/#primaryimage\"},\"thumbnailUrl\":\"https:\\\/\\\/www.densityfrance.fr\\\/wp-content\\\/uploads\\\/2021\\\/02\\\/luxe-picto-bleu.png\",\"datePublished\":\"2021-03-02T14:14:52+00:00\",\"dateModified\":\"2024-09-12T13:33:30+00:00\",\"description\":\"Am\u00e9liorez la communication de vos syst\u00e8mes de s\u00e9curit\u00e9 avec les solutions de brouillard anti-intrusion de Density France, pour une protection accrue\",\"breadcrumb\":{\"@id\":\"https:\\\/\\\/www.densityfrance.fr\\\/nos-atouts\\\/une-meilleure-communication\\\/#breadcrumb\"},\"inLanguage\":\"sv-SE\",\"potentialAction\":[{\"@type\":\"ReadAction\",\"target\":[\"https:\\\/\\\/www.densityfrance.fr\\\/nos-atouts\\\/une-meilleure-communication\\\/\"]}]},{\"@type\":\"ImageObject\",\"inLanguage\":\"sv-SE\",\"@id\":\"https:\\\/\\\/www.densityfrance.fr\\\/nos-atouts\\\/une-meilleure-communication\\\/#primaryimage\",\"url\":\"https:\\\/\\\/www.densityfrance.fr\\\/wp-content\\\/uploads\\\/2021\\\/02\\\/luxe-picto-bleu.png\",\"contentUrl\":\"https:\\\/\\\/www.densityfrance.fr\\\/wp-content\\\/uploads\\\/2021\\\/02\\\/luxe-picto-bleu.png\",\"width\":130,\"height\":130},{\"@type\":\"BreadcrumbList\",\"@id\":\"https:\\\/\\\/www.densityfrance.fr\\\/nos-atouts\\\/une-meilleure-communication\\\/#breadcrumb\",\"itemListElement\":[{\"@type\":\"ListItem\",\"position\":1,\"name\":\"Accueil\",\"item\":\"https:\\\/\\\/www.densityfrance.fr\\\/\"},{\"@type\":\"ListItem\",\"position\":2,\"name\":\"Nos atouts\",\"item\":\"https:\\\/\\\/www.densityfrance.fr\\\/nos-atouts\\\/\"},{\"@type\":\"ListItem\",\"position\":3,\"name\":\"Une meilleure communication\"}]},{\"@type\":\"WebSite\",\"@id\":\"https:\\\/\\\/www.densityfrance.fr\\\/#website\",\"url\":\"https:\\\/\\\/www.densityfrance.fr\\\/\",\"name\":\"Density France\",\"description\":\"G\u00e9n\u00e9rateurs de brouillard anti-intrusion\",\"publisher\":{\"@id\":\"https:\\\/\\\/www.densityfrance.fr\\\/#organization\"},\"potentialAction\":[{\"@type\":\"SearchAction\",\"target\":{\"@type\":\"EntryPoint\",\"urlTemplate\":\"https:\\\/\\\/www.densityfrance.fr\\\/?s={search_term_string}\"},\"query-input\":{\"@type\":\"PropertyValueSpecification\",\"valueRequired\":true,\"valueName\":\"search_term_string\"}}],\"inLanguage\":\"sv-SE\"},{\"@type\":\"Organization\",\"@id\":\"https:\\\/\\\/www.densityfrance.fr\\\/#organization\",\"name\":\"Density\",\"url\":\"https:\\\/\\\/www.densityfrance.fr\\\/\",\"logo\":{\"@type\":\"ImageObject\",\"inLanguage\":\"sv-SE\",\"@id\":\"https:\\\/\\\/www.densityfrance.fr\\\/#\\\/schema\\\/logo\\\/image\\\/\",\"url\":\"https:\\\/\\\/www.densityfrance.fr\\\/wp-content\\\/uploads\\\/2021\\\/07\\\/Density-logo-couleur-transp-M.png\",\"contentUrl\":\"https:\\\/\\\/www.densityfrance.fr\\\/wp-content\\\/uploads\\\/2021\\\/07\\\/Density-logo-couleur-transp-M.png\",\"width\":404,\"height\":89,\"caption\":\"Density\"},\"image\":{\"@id\":\"https:\\\/\\\/www.densityfrance.fr\\\/#\\\/schema\\\/logo\\\/image\\\/\"}}]}<\/script>\n<!-- \/ Yoast SEO plugin. -->","yoast_head_json":{"title":"B\u00e4ttre kommunikation - Densitet Frankrike","description":"F\u00f6rb\u00e4ttra kommunikationen i dina s\u00e4kerhetssystem med Density Frances diml\u00f6sningar mot intr\u00e5ng, f\u00f6r \u00f6kat skydd","robots":{"index":"index","follow":"follow","max-snippet":"max-snippet:-1","max-image-preview":"max-image-preview:large","max-video-preview":"max-video-preview:-1"},"canonical":"https:\/\/www.densityfrance.fr\/sv\/vara-tillgangar\/battre-kommunikation\/","og_locale":"sv_SE","og_type":"article","og_title":"Une meilleure communication - Density France","og_description":"Am\u00e9liorez la communication de vos syst\u00e8mes de s\u00e9curit\u00e9 avec les solutions de brouillard anti-intrusion de Density France, pour une protection accrue","og_url":"https:\/\/www.densityfrance.fr\/sv\/vara-tillgangar\/battre-kommunikation\/","og_site_name":"Density France","article_modified_time":"2024-09-12T13:33:30+00:00","og_image":[{"width":130,"height":130,"url":"https:\/\/www.densityfrance.fr\/wp-content\/uploads\/2021\/02\/luxe-picto-bleu.png","type":"image\/png"}],"twitter_card":"summary_large_image","twitter_misc":{"Ber\u00e4knad l\u00e4stid":"2 minuter"},"schema":{"@context":"https:\/\/schema.org","@graph":[{"@type":"WebPage","@id":"https:\/\/www.densityfrance.fr\/nos-atouts\/une-meilleure-communication\/","url":"https:\/\/www.densityfrance.fr\/nos-atouts\/une-meilleure-communication\/","name":"B\u00e4ttre kommunikation - Densitet Frankrike","isPartOf":{"@id":"https:\/\/www.densityfrance.fr\/#website"},"primaryImageOfPage":{"@id":"https:\/\/www.densityfrance.fr\/nos-atouts\/une-meilleure-communication\/#primaryimage"},"image":{"@id":"https:\/\/www.densityfrance.fr\/nos-atouts\/une-meilleure-communication\/#primaryimage"},"thumbnailUrl":"https:\/\/www.densityfrance.fr\/wp-content\/uploads\/2021\/02\/luxe-picto-bleu.png","datePublished":"2021-03-02T14:14:52+00:00","dateModified":"2024-09-12T13:33:30+00:00","description":"F\u00f6rb\u00e4ttra kommunikationen i dina s\u00e4kerhetssystem med Density Frances diml\u00f6sningar mot intr\u00e5ng, f\u00f6r \u00f6kat skydd","breadcrumb":{"@id":"https:\/\/www.densityfrance.fr\/nos-atouts\/une-meilleure-communication\/#breadcrumb"},"inLanguage":"sv-SE","potentialAction":[{"@type":"ReadAction","target":["https:\/\/www.densityfrance.fr\/nos-atouts\/une-meilleure-communication\/"]}]},{"@type":"ImageObject","inLanguage":"sv-SE","@id":"https:\/\/www.densityfrance.fr\/nos-atouts\/une-meilleure-communication\/#primaryimage","url":"https:\/\/www.densityfrance.fr\/wp-content\/uploads\/2021\/02\/luxe-picto-bleu.png","contentUrl":"https:\/\/www.densityfrance.fr\/wp-content\/uploads\/2021\/02\/luxe-picto-bleu.png","width":130,"height":130},{"@type":"BreadcrumbList","@id":"https:\/\/www.densityfrance.fr\/nos-atouts\/une-meilleure-communication\/#breadcrumb","itemListElement":[{"@type":"ListItem","position":1,"name":"Accueil","item":"https:\/\/www.densityfrance.fr\/"},{"@type":"ListItem","position":2,"name":"Nos atouts","item":"https:\/\/www.densityfrance.fr\/nos-atouts\/"},{"@type":"ListItem","position":3,"name":"Une meilleure communication"}]},{"@type":"WebSite","@id":"https:\/\/www.densityfrance.fr\/#website","url":"https:\/\/www.densityfrance.fr\/","name":"Densitet Frankrike","description":"Dimgeneratorer f\u00f6r skydd mot intr\u00e5ng","publisher":{"@id":"https:\/\/www.densityfrance.fr\/#organization"},"potentialAction":[{"@type":"SearchAction","target":{"@type":"EntryPoint","urlTemplate":"https:\/\/www.densityfrance.fr\/?s={search_term_string}"},"query-input":{"@type":"PropertyValueSpecification","valueRequired":true,"valueName":"search_term_string"}}],"inLanguage":"sv-SE"},{"@type":"Organization","@id":"https:\/\/www.densityfrance.fr\/#organization","name":"T\u00e4thet","url":"https:\/\/www.densityfrance.fr\/","logo":{"@type":"ImageObject","inLanguage":"sv-SE","@id":"https:\/\/www.densityfrance.fr\/#\/schema\/logo\/image\/","url":"https:\/\/www.densityfrance.fr\/wp-content\/uploads\/2021\/07\/Density-logo-couleur-transp-M.png","contentUrl":"https:\/\/www.densityfrance.fr\/wp-content\/uploads\/2021\/07\/Density-logo-couleur-transp-M.png","width":404,"height":89,"caption":"Density"},"image":{"@id":"https:\/\/www.densityfrance.fr\/#\/schema\/logo\/image\/"}}]}},"_links":{"self":[{"href":"https:\/\/www.densityfrance.fr\/sv\/wp-json\/wp\/v2\/pages\/5075","targetHints":{"allow":["GET"]}}],"collection":[{"href":"https:\/\/www.densityfrance.fr\/sv\/wp-json\/wp\/v2\/pages"}],"about":[{"href":"https:\/\/www.densityfrance.fr\/sv\/wp-json\/wp\/v2\/types\/page"}],"author":[{"embeddable":true,"href":"https:\/\/www.densityfrance.fr\/sv\/wp-json\/wp\/v2\/users\/1"}],"replies":[{"embeddable":true,"href":"https:\/\/www.densityfrance.fr\/sv\/wp-json\/wp\/v2\/comments?post=5075"}],"version-history":[{"count":35,"href":"https:\/\/www.densityfrance.fr\/sv\/wp-json\/wp\/v2\/pages\/5075\/revisions"}],"predecessor-version":[{"id":7590,"href":"https:\/\/www.densityfrance.fr\/sv\/wp-json\/wp\/v2\/pages\/5075\/revisions\/7590"}],"up":[{"embeddable":true,"href":"https:\/\/www.densityfrance.fr\/sv\/wp-json\/wp\/v2\/pages\/3098"}],"wp:featuredmedia":[{"embeddable":true,"href":"https:\/\/www.densityfrance.fr\/sv\/wp-json\/wp\/v2\/media\/4297"}],"wp:attachment":[{"href":"https:\/\/www.densityfrance.fr\/sv\/wp-json\/wp\/v2\/media?parent=5075"}],"curies":[{"name":"wp","href":"https:\/\/api.w.org\/{rel}","templated":true}]}}