{"id":5072,"date":"2021-03-02T14:14:37","date_gmt":"2021-03-02T14:14:37","guid":{"rendered":"https:\/\/www.densityfrance.fr\/?page_id=5072"},"modified":"2024-09-12T14:32:39","modified_gmt":"2024-09-12T13:32:39","slug":"miljovanlig","status":"publish","type":"page","link":"https:\/\/www.densityfrance.fr\/sv\/nos-atouts\/respectueux-de-l-environnement\/","title":{"rendered":"Milj\u00f6v\u00e4nlig"},"content":{"rendered":"<div data-elementor-type=\"wp-page\" data-elementor-id=\"5072\" class=\"elementor elementor-5072\" data-elementor-post-type=\"page\">\n\t\t\t\t\t\t<section class=\"elementor-section elementor-top-section elementor-element elementor-element-5413a1ab gp_section_contexte ot-traditional elementor-section-boxed elementor-section-height-default elementor-section-height-default\" data-id=\"5413a1ab\" data-element_type=\"section\" data-e-type=\"section\">\n\t\t\t\t\t\t<div class=\"elementor-container elementor-column-gap-extended\">\n\t\t\t\t\t<div class=\"elementor-column elementor-col-50 elementor-top-column elementor-element elementor-element-5a48ecaa elementor-hidden-tablet elementor-hidden-phone ot-flex-column-vertical\" data-id=\"5a48ecaa\" data-element_type=\"column\" data-e-type=\"column\" data-settings=\"{&quot;background_background&quot;:&quot;classic&quot;}\">\n\t\t\t<div class=\"elementor-widget-wrap elementor-element-populated\">\n\t\t\t\t\t\t\t<\/div>\n\t\t<\/div>\n\t\t\t\t<div class=\"elementor-column elementor-col-50 elementor-top-column elementor-element elementor-element-450f389c ot-column-items-center gp_col-right gp_text ot-flex-column-vertical\" data-id=\"450f389c\" data-element_type=\"column\" data-e-type=\"column\">\n\t\t\t<div class=\"elementor-widget-wrap elementor-element-populated\">\n\t\t\t\t\t\t<div class=\"elementor-element elementor-element-4e15071f elementor-widget elementor-widget-iheading\" data-id=\"4e15071f\" data-element_type=\"widget\" data-e-type=\"widget\" data-widget_type=\"iheading.default\">\n\t\t\t\t<div class=\"elementor-widget-container\">\n\t\t\t\t\t\t\t<div class=\"ot-heading\">\r\n\t        \t            <span>\/\/ Ljus<\/span>\r\n\t        <h2 class=\"main-heading\">H\u00e5llbara dimgeneratorer<\/h2>\t    <\/div>\r\n\t    \t\t\t\t<\/div>\n\t\t\t\t<\/div>\n\t\t\t\t<div class=\"elementor-element elementor-element-47906a85 elementor-widget elementor-widget-text-editor\" data-id=\"47906a85\" data-element_type=\"widget\" data-e-type=\"widget\" data-widget_type=\"text-editor.default\">\n\t\t\t\t<div class=\"elementor-widget-container\">\n\t\t\t\t\t\t\t\t\t<p>Generatorer f\u00f6r dimma med h\u00f6g densitet<sup class=\"tm\">\u00ae<\/sup>\u00a0har t\u00e4nkts ut, designats och utformats f\u00f6r att l\u00e4ttare integreras i alla lokaler, b\u00e5de professionella och privata, samt butiker.<\/p><p>Vi \u00e4r k\u00e4nsliga f\u00f6r och f\u00e4ster s\u00e4rskild vikt vid deras energif\u00f6rbrukning, och d\u00e4rf\u00f6r har vi utvecklat det mest energieffektiva sortimentet i f\u00f6rh\u00e5llande till dess prestanda.<\/p><p>Den minskade f\u00f6rbrukningen beror delvis p\u00e5 utformningen av det nya v\u00e4rmeelementet, som \u00f6kar v\u00e4rmev\u00e4xlingseffektiviteten mellan de olika element som ing\u00e5r i elementet och f\u00f6rb\u00e4ttrar omvandlingseffektiviteten f\u00f6r v\u00e4tskan i Density\u00ae refiller.<sup class=\"tm\">\u00ae<\/sup>\u00a0i fina partiklar (0,3 till 3 mikrometer), vilket ger den h\u00f6gsta densiteten p\u00e5 marknaden.<\/p><p>Men ocks\u00e5 tack vare PyroGel, som s\u00e4kerst\u00e4ller maximal isolering, begr\u00e4nsar v\u00e4rmef\u00f6rlusten och str\u00f6mf\u00f6rbrukningen, s\u00e5 att generatorn alltid kan h\u00e5llas ig\u00e5ng vid eldning.<\/p><p>Vi anv\u00e4nder endast \u00e5tervinningsbara material, med s\u00e5 lite plast som m\u00f6jligt, s\u00e5 att v\u00e5ra apparater kan \u00e5tervinnas via konventionella kanaler.<\/p><p>Eng\u00e5ngsp\u00e5fyllningar som kan \u00e5tervinnas (tillsammans med plastflaskorna i de gula soptunnorna) kommer att vara ett stort steg fram\u00e5t j\u00e4mf\u00f6rt med produkter p\u00e5 marknaden som kan fyllas p\u00e5 men som l\u00e4mnar ett mycket stort koldioxidavtryck p\u00e5 grund av transporten tur och retur.<\/p><p>Slutligen har v\u00e5r forskning fokuserat p\u00e5 att miniatyrisera komponenterna i v\u00e5ra generatorer f\u00f6r att minska b\u00e5de deras storlek och vikt. Med minskad storlek och vikt blir installation och underh\u00e5ll enklare, men koldioxidavtrycket fr\u00e5n Density<sup class=\"tm\">\u00ae<\/sup>\u00a0minskar ocks\u00e5 under transporten.<\/p><p>Med t\u00e4thet<sup class=\"tm\">\u00ae<\/sup>, Planeten \u00e4r ocks\u00e5 skyddad!<\/p>\t\t\t\t\t\t\t\t<\/div>\n\t\t\t\t<\/div>\n\t\t\t\t\t<\/div>\n\t\t<\/div>\n\t\t\t\t\t<\/div>\n\t\t<\/section>\n\t\t\t\t<\/div>","protected":false},"excerpt":{"rendered":"<p>\/\/ L\u00e9ger Des G\u00e9n\u00e9rateurs de Brouillard pens\u00e9s durable Les G\u00e9n\u00e9rateurs de Brouillard Density\u00ae\u00a0ont \u00e9t\u00e9 imagin\u00e9s, dessin\u00e9s et con\u00e7u pour s\u2019int\u00e9grer plus facilement dans tous les locaux, professionnels comme particuliers ainsi que dans les magasins. Nous sommes sensibles et accordons une importance particuli\u00e8re \u00e0 leur consommation \u00e9lectrique, c\u2019est pourquoi nous avons d\u00e9velopp\u00e9 la gamme la plus [&hellip;]<\/p>\n","protected":false},"author":1,"featured_media":4297,"parent":3098,"menu_order":0,"comment_status":"closed","ping_status":"closed","template":"","meta":{"footnotes":""},"class_list":["post-5072","page","type-page","status-publish","has-post-thumbnail","hentry"],"yoast_head":"<!-- This site is optimized with the Yoast SEO plugin v27.5 - https:\/\/yoast.com\/product\/yoast-seo-wordpress\/ -->\n<title>Respectueux de l\u2019environnement - Density France<\/title>\n<meta name=\"description\" content=\"Density France propose des solutions anti-intrusion respectueuses de l&#039;environnement avec des g\u00e9n\u00e9rateurs de brouillard \u00e9co-responsables\" \/>\n<meta name=\"robots\" content=\"index, follow, max-snippet:-1, max-image-preview:large, max-video-preview:-1\" \/>\n<link rel=\"canonical\" href=\"https:\/\/www.densityfrance.fr\/sv\/vara-tillgangar\/miljovanlig\/\" \/>\n<meta property=\"og:locale\" content=\"sv_SE\" \/>\n<meta property=\"og:type\" content=\"article\" \/>\n<meta property=\"og:title\" content=\"Respectueux de l\u2019environnement - Density France\" \/>\n<meta property=\"og:description\" content=\"Density France propose des solutions anti-intrusion respectueuses de l&#039;environnement avec des g\u00e9n\u00e9rateurs de brouillard \u00e9co-responsables\" \/>\n<meta property=\"og:url\" content=\"https:\/\/www.densityfrance.fr\/sv\/vara-tillgangar\/miljovanlig\/\" \/>\n<meta property=\"og:site_name\" content=\"Density France\" \/>\n<meta property=\"article:modified_time\" content=\"2024-09-12T13:32:39+00:00\" \/>\n<meta property=\"og:image\" content=\"https:\/\/www.densityfrance.fr\/wp-content\/uploads\/2021\/02\/luxe-picto-bleu.png\" \/>\n\t<meta property=\"og:image:width\" content=\"130\" \/>\n\t<meta property=\"og:image:height\" content=\"130\" \/>\n\t<meta property=\"og:image:type\" content=\"image\/png\" \/>\n<meta name=\"twitter:card\" content=\"summary_large_image\" \/>\n<meta name=\"twitter:label1\" content=\"Ber\u00e4knad l\u00e4stid\" \/>\n\t<meta name=\"twitter:data1\" content=\"2 minuter\" \/>\n<script type=\"application\/ld+json\" class=\"yoast-schema-graph\">{\"@context\":\"https:\\\/\\\/schema.org\",\"@graph\":[{\"@type\":\"WebPage\",\"@id\":\"https:\\\/\\\/www.densityfrance.fr\\\/nos-atouts\\\/respectueux-de-l-environnement\\\/\",\"url\":\"https:\\\/\\\/www.densityfrance.fr\\\/nos-atouts\\\/respectueux-de-l-environnement\\\/\",\"name\":\"Respectueux de l\u2019environnement - Density France\",\"isPartOf\":{\"@id\":\"https:\\\/\\\/www.densityfrance.fr\\\/#website\"},\"primaryImageOfPage\":{\"@id\":\"https:\\\/\\\/www.densityfrance.fr\\\/nos-atouts\\\/respectueux-de-l-environnement\\\/#primaryimage\"},\"image\":{\"@id\":\"https:\\\/\\\/www.densityfrance.fr\\\/nos-atouts\\\/respectueux-de-l-environnement\\\/#primaryimage\"},\"thumbnailUrl\":\"https:\\\/\\\/www.densityfrance.fr\\\/wp-content\\\/uploads\\\/2021\\\/02\\\/luxe-picto-bleu.png\",\"datePublished\":\"2021-03-02T14:14:37+00:00\",\"dateModified\":\"2024-09-12T13:32:39+00:00\",\"description\":\"Density France propose des solutions anti-intrusion respectueuses de l'environnement avec des g\u00e9n\u00e9rateurs de brouillard \u00e9co-responsables\",\"breadcrumb\":{\"@id\":\"https:\\\/\\\/www.densityfrance.fr\\\/nos-atouts\\\/respectueux-de-l-environnement\\\/#breadcrumb\"},\"inLanguage\":\"sv-SE\",\"potentialAction\":[{\"@type\":\"ReadAction\",\"target\":[\"https:\\\/\\\/www.densityfrance.fr\\\/nos-atouts\\\/respectueux-de-l-environnement\\\/\"]}]},{\"@type\":\"ImageObject\",\"inLanguage\":\"sv-SE\",\"@id\":\"https:\\\/\\\/www.densityfrance.fr\\\/nos-atouts\\\/respectueux-de-l-environnement\\\/#primaryimage\",\"url\":\"https:\\\/\\\/www.densityfrance.fr\\\/wp-content\\\/uploads\\\/2021\\\/02\\\/luxe-picto-bleu.png\",\"contentUrl\":\"https:\\\/\\\/www.densityfrance.fr\\\/wp-content\\\/uploads\\\/2021\\\/02\\\/luxe-picto-bleu.png\",\"width\":130,\"height\":130},{\"@type\":\"BreadcrumbList\",\"@id\":\"https:\\\/\\\/www.densityfrance.fr\\\/nos-atouts\\\/respectueux-de-l-environnement\\\/#breadcrumb\",\"itemListElement\":[{\"@type\":\"ListItem\",\"position\":1,\"name\":\"Accueil\",\"item\":\"https:\\\/\\\/www.densityfrance.fr\\\/\"},{\"@type\":\"ListItem\",\"position\":2,\"name\":\"Nos atouts\",\"item\":\"https:\\\/\\\/www.densityfrance.fr\\\/nos-atouts\\\/\"},{\"@type\":\"ListItem\",\"position\":3,\"name\":\"Respectueux de l\u2019environnement\"}]},{\"@type\":\"WebSite\",\"@id\":\"https:\\\/\\\/www.densityfrance.fr\\\/#website\",\"url\":\"https:\\\/\\\/www.densityfrance.fr\\\/\",\"name\":\"Density France\",\"description\":\"G\u00e9n\u00e9rateurs de brouillard anti-intrusion\",\"publisher\":{\"@id\":\"https:\\\/\\\/www.densityfrance.fr\\\/#organization\"},\"potentialAction\":[{\"@type\":\"SearchAction\",\"target\":{\"@type\":\"EntryPoint\",\"urlTemplate\":\"https:\\\/\\\/www.densityfrance.fr\\\/?s={search_term_string}\"},\"query-input\":{\"@type\":\"PropertyValueSpecification\",\"valueRequired\":true,\"valueName\":\"search_term_string\"}}],\"inLanguage\":\"sv-SE\"},{\"@type\":\"Organization\",\"@id\":\"https:\\\/\\\/www.densityfrance.fr\\\/#organization\",\"name\":\"Density\",\"url\":\"https:\\\/\\\/www.densityfrance.fr\\\/\",\"logo\":{\"@type\":\"ImageObject\",\"inLanguage\":\"sv-SE\",\"@id\":\"https:\\\/\\\/www.densityfrance.fr\\\/#\\\/schema\\\/logo\\\/image\\\/\",\"url\":\"https:\\\/\\\/www.densityfrance.fr\\\/wp-content\\\/uploads\\\/2021\\\/07\\\/Density-logo-couleur-transp-M.png\",\"contentUrl\":\"https:\\\/\\\/www.densityfrance.fr\\\/wp-content\\\/uploads\\\/2021\\\/07\\\/Density-logo-couleur-transp-M.png\",\"width\":404,\"height\":89,\"caption\":\"Density\"},\"image\":{\"@id\":\"https:\\\/\\\/www.densityfrance.fr\\\/#\\\/schema\\\/logo\\\/image\\\/\"}}]}<\/script>\n<!-- \/ Yoast SEO plugin. -->","yoast_head_json":{"title":"Milj\u00f6v\u00e4nlig - Densitet Frankrike","description":"Density France erbjuder milj\u00f6v\u00e4nliga l\u00f6sningar f\u00f6r inbrottsskydd med milj\u00f6ansvariga dimgeneratorer","robots":{"index":"index","follow":"follow","max-snippet":"max-snippet:-1","max-image-preview":"max-image-preview:large","max-video-preview":"max-video-preview:-1"},"canonical":"https:\/\/www.densityfrance.fr\/sv\/vara-tillgangar\/miljovanlig\/","og_locale":"sv_SE","og_type":"article","og_title":"Respectueux de l\u2019environnement - Density France","og_description":"Density France propose des solutions anti-intrusion respectueuses de l'environnement avec des g\u00e9n\u00e9rateurs de brouillard \u00e9co-responsables","og_url":"https:\/\/www.densityfrance.fr\/sv\/vara-tillgangar\/miljovanlig\/","og_site_name":"Density France","article_modified_time":"2024-09-12T13:32:39+00:00","og_image":[{"width":130,"height":130,"url":"https:\/\/www.densityfrance.fr\/wp-content\/uploads\/2021\/02\/luxe-picto-bleu.png","type":"image\/png"}],"twitter_card":"summary_large_image","twitter_misc":{"Ber\u00e4knad l\u00e4stid":"2 minuter"},"schema":{"@context":"https:\/\/schema.org","@graph":[{"@type":"WebPage","@id":"https:\/\/www.densityfrance.fr\/nos-atouts\/respectueux-de-l-environnement\/","url":"https:\/\/www.densityfrance.fr\/nos-atouts\/respectueux-de-l-environnement\/","name":"Milj\u00f6v\u00e4nlig - Densitet Frankrike","isPartOf":{"@id":"https:\/\/www.densityfrance.fr\/#website"},"primaryImageOfPage":{"@id":"https:\/\/www.densityfrance.fr\/nos-atouts\/respectueux-de-l-environnement\/#primaryimage"},"image":{"@id":"https:\/\/www.densityfrance.fr\/nos-atouts\/respectueux-de-l-environnement\/#primaryimage"},"thumbnailUrl":"https:\/\/www.densityfrance.fr\/wp-content\/uploads\/2021\/02\/luxe-picto-bleu.png","datePublished":"2021-03-02T14:14:37+00:00","dateModified":"2024-09-12T13:32:39+00:00","description":"Density France erbjuder milj\u00f6v\u00e4nliga l\u00f6sningar f\u00f6r inbrottsskydd med milj\u00f6ansvariga dimgeneratorer","breadcrumb":{"@id":"https:\/\/www.densityfrance.fr\/nos-atouts\/respectueux-de-l-environnement\/#breadcrumb"},"inLanguage":"sv-SE","potentialAction":[{"@type":"ReadAction","target":["https:\/\/www.densityfrance.fr\/nos-atouts\/respectueux-de-l-environnement\/"]}]},{"@type":"ImageObject","inLanguage":"sv-SE","@id":"https:\/\/www.densityfrance.fr\/nos-atouts\/respectueux-de-l-environnement\/#primaryimage","url":"https:\/\/www.densityfrance.fr\/wp-content\/uploads\/2021\/02\/luxe-picto-bleu.png","contentUrl":"https:\/\/www.densityfrance.fr\/wp-content\/uploads\/2021\/02\/luxe-picto-bleu.png","width":130,"height":130},{"@type":"BreadcrumbList","@id":"https:\/\/www.densityfrance.fr\/nos-atouts\/respectueux-de-l-environnement\/#breadcrumb","itemListElement":[{"@type":"ListItem","position":1,"name":"Accueil","item":"https:\/\/www.densityfrance.fr\/"},{"@type":"ListItem","position":2,"name":"Nos atouts","item":"https:\/\/www.densityfrance.fr\/nos-atouts\/"},{"@type":"ListItem","position":3,"name":"Respectueux de l\u2019environnement"}]},{"@type":"WebSite","@id":"https:\/\/www.densityfrance.fr\/#website","url":"https:\/\/www.densityfrance.fr\/","name":"Densitet Frankrike","description":"Dimgeneratorer f\u00f6r skydd mot intr\u00e5ng","publisher":{"@id":"https:\/\/www.densityfrance.fr\/#organization"},"potentialAction":[{"@type":"SearchAction","target":{"@type":"EntryPoint","urlTemplate":"https:\/\/www.densityfrance.fr\/?s={search_term_string}"},"query-input":{"@type":"PropertyValueSpecification","valueRequired":true,"valueName":"search_term_string"}}],"inLanguage":"sv-SE"},{"@type":"Organization","@id":"https:\/\/www.densityfrance.fr\/#organization","name":"T\u00e4thet","url":"https:\/\/www.densityfrance.fr\/","logo":{"@type":"ImageObject","inLanguage":"sv-SE","@id":"https:\/\/www.densityfrance.fr\/#\/schema\/logo\/image\/","url":"https:\/\/www.densityfrance.fr\/wp-content\/uploads\/2021\/07\/Density-logo-couleur-transp-M.png","contentUrl":"https:\/\/www.densityfrance.fr\/wp-content\/uploads\/2021\/07\/Density-logo-couleur-transp-M.png","width":404,"height":89,"caption":"Density"},"image":{"@id":"https:\/\/www.densityfrance.fr\/#\/schema\/logo\/image\/"}}]}},"_links":{"self":[{"href":"https:\/\/www.densityfrance.fr\/sv\/wp-json\/wp\/v2\/pages\/5072","targetHints":{"allow":["GET"]}}],"collection":[{"href":"https:\/\/www.densityfrance.fr\/sv\/wp-json\/wp\/v2\/pages"}],"about":[{"href":"https:\/\/www.densityfrance.fr\/sv\/wp-json\/wp\/v2\/types\/page"}],"author":[{"embeddable":true,"href":"https:\/\/www.densityfrance.fr\/sv\/wp-json\/wp\/v2\/users\/1"}],"replies":[{"embeddable":true,"href":"https:\/\/www.densityfrance.fr\/sv\/wp-json\/wp\/v2\/comments?post=5072"}],"version-history":[{"count":26,"href":"https:\/\/www.densityfrance.fr\/sv\/wp-json\/wp\/v2\/pages\/5072\/revisions"}],"predecessor-version":[{"id":7608,"href":"https:\/\/www.densityfrance.fr\/sv\/wp-json\/wp\/v2\/pages\/5072\/revisions\/7608"}],"up":[{"embeddable":true,"href":"https:\/\/www.densityfrance.fr\/sv\/wp-json\/wp\/v2\/pages\/3098"}],"wp:featuredmedia":[{"embeddable":true,"href":"https:\/\/www.densityfrance.fr\/sv\/wp-json\/wp\/v2\/media\/4297"}],"wp:attachment":[{"href":"https:\/\/www.densityfrance.fr\/sv\/wp-json\/wp\/v2\/media?parent=5072"}],"curies":[{"name":"wp","href":"https:\/\/api.w.org\/{rel}","templated":true}]}}