{"id":5071,"date":"2021-03-02T14:14:32","date_gmt":"2021-03-02T14:14:32","guid":{"rendered":"https:\/\/www.densityfrance.fr\/?page_id=5071"},"modified":"2024-09-12T14:31:30","modified_gmt":"2024-09-12T13:31:30","slug":"utbildning-online","status":"publish","type":"page","link":"https:\/\/www.densityfrance.fr\/sv\/nos-atouts\/formation-en-ligne\/","title":{"rendered":"Online-utbildning"},"content":{"rendered":"<div data-elementor-type=\"wp-page\" data-elementor-id=\"5071\" class=\"elementor elementor-5071\" data-elementor-post-type=\"page\">\n\t\t\t\t\t\t<section class=\"elementor-section elementor-top-section elementor-element elementor-element-3817e75 gp_section_contexte ot-traditional elementor-section-boxed elementor-section-height-default elementor-section-height-default\" data-id=\"3817e75\" data-element_type=\"section\" data-e-type=\"section\">\n\t\t\t\t\t\t<div class=\"elementor-container elementor-column-gap-extended\">\n\t\t\t\t\t<div class=\"elementor-column elementor-col-50 elementor-top-column elementor-element elementor-element-618f7035 elementor-hidden-tablet elementor-hidden-phone ot-flex-column-vertical\" data-id=\"618f7035\" data-element_type=\"column\" data-e-type=\"column\" data-settings=\"{&quot;background_background&quot;:&quot;classic&quot;}\">\n\t\t\t<div class=\"elementor-widget-wrap elementor-element-populated\">\n\t\t\t\t\t\t\t<\/div>\n\t\t<\/div>\n\t\t\t\t<div class=\"elementor-column elementor-col-50 elementor-top-column elementor-element elementor-element-4f32bec7 ot-column-items-center gp_col-right gp_text ot-flex-column-vertical\" data-id=\"4f32bec7\" data-element_type=\"column\" data-e-type=\"column\">\n\t\t\t<div class=\"elementor-widget-wrap elementor-element-populated\">\n\t\t\t\t\t\t<div class=\"elementor-element elementor-element-4e15071f elementor-widget elementor-widget-iheading\" data-id=\"4e15071f\" data-element_type=\"widget\" data-e-type=\"widget\" data-widget_type=\"iheading.default\">\n\t\t\t\t<div class=\"elementor-widget-container\">\n\t\t\t\t\t\t\t<div class=\"ot-heading\">\r\n\t        \t            <span>\/\/ Praktisk<\/span>\r\n\t        <h2 class=\"main-heading\">Utbildning f\u00f6r yrkesverksamma skr\u00e4ddarsydd efter dina f\u00f6ruts\u00e4ttningar<\/h2>\t    <\/div>\r\n\t    \t\t\t\t<\/div>\n\t\t\t\t<\/div>\n\t\t\t\t<div class=\"elementor-element elementor-element-47906a85 elementor-widget elementor-widget-text-editor\" data-id=\"47906a85\" data-element_type=\"widget\" data-e-type=\"widget\" data-widget_type=\"text-editor.default\">\n\t\t\t\t<div class=\"elementor-widget-container\">\n\t\t\t\t\t\t\t\t\t<p>Utbildning f\u00f6r all s\u00e4kerhetspersonal f\u00f6r att l\u00e4ra sig hur man dimensionerar, placerar, kopplar och installerar generatorer f\u00f6r t\u00e4thetsfog<sup class=\"tm\">\u00ae<\/sup>.<\/p><p>Med dimgeneratorer med h\u00f6g densitet<sup class=\"tm\">\u00ae<\/sup> du kan v\u00e4lja din utbildning. Boka en fysikkurs med en Density-expert<sup class=\"tm\">\u00ae<\/sup>\u00a0eller registrera dig direkt p\u00e5 utbildningssidan p\u00e5 v\u00e5r webbplats.<\/p><p>Var du \u00e4n befinner dig, p\u00e5 kontoret eller hemma, kan du logga in p\u00e5 ditt konto f\u00f6r att se eller titta p\u00e5 utbildningsvideor om Density-installationen.<sup class=\"tm\">\u00ae<\/sup>.<\/p><p>Har du n\u00e5gon fr\u00e5ga? Tveka inte att skicka ett e-postmeddelande till oss p\u00e5 : <a href=\"mailto:help@densityglobal.com\">help@densityglobal.com<\/a><\/p>\t\t\t\t\t\t\t\t<\/div>\n\t\t\t\t<\/div>\n\t\t\t\t\t<\/div>\n\t\t<\/div>\n\t\t\t\t\t<\/div>\n\t\t<\/section>\n\t\t\t\t<section class=\"elementor-section elementor-top-section elementor-element elementor-element-12e24554 gp_section_contexte ot-traditional elementor-section-boxed elementor-section-height-default elementor-section-height-default\" data-id=\"12e24554\" data-element_type=\"section\" data-e-type=\"section\" data-settings=\"{&quot;background_background&quot;:&quot;classic&quot;}\">\n\t\t\t\t\t\t<div class=\"elementor-container elementor-column-gap-extended\">\n\t\t\t\t\t<div class=\"elementor-column elementor-col-100 elementor-top-column elementor-element elementor-element-6866f177 ot-column-items-center ot-flex-column-vertical\" data-id=\"6866f177\" data-element_type=\"column\" data-e-type=\"column\">\n\t\t\t<div class=\"elementor-widget-wrap elementor-element-populated\">\n\t\t\t\t\t\t<div class=\"elementor-element elementor-element-be903cc elementor-widget elementor-widget-iheading\" data-id=\"be903cc\" data-element_type=\"widget\" data-e-type=\"widget\" data-widget_type=\"iheading.default\">\n\t\t\t\t<div class=\"elementor-widget-container\">\n\t\t\t\t\t\t\t<div class=\"ot-heading\">\r\n\t        \t            <span>\/\/ Formationens densitet<sup class=\"tm\">TM<\/sup><\/span>\r\n\t        <h2 class=\"main-heading\">T\u00e4thet e-learning<sup class=\"\u00ae\">\u00ae<\/sup>, Hur fungerar det?<\/h2>\t    <\/div>\r\n\t    \t\t\t\t<\/div>\n\t\t\t\t<\/div>\n\t\t\t\t<div class=\"elementor-element elementor-element-28684b1 elementor-widget elementor-widget-text-editor\" data-id=\"28684b1\" data-element_type=\"widget\" data-e-type=\"widget\" data-widget_type=\"text-editor.default\">\n\t\t\t\t<div class=\"elementor-widget-container\">\n\t\t\t\t\t\t\t\t\t<p>Logga in p\u00e5 ditt konto f\u00f6r Density-utbildning<sup class=\"tm\">\u00ae<\/sup>. Du kommer att ha tillg\u00e5ng till olika utbildningsmoduler om de olika produkterna i Density-sortimentet<sup class=\"tm\">\u00ae<\/sup>.<\/p><p>Varje modul best\u00e5r av steg-f\u00f6r-steg-kurser som t\u00e4cker installationen av en Density Fog Generator p\u00e5 plats.<sup class=\"tm\">\u00ae<\/sup>\u00a0Dessa omfattar: dimensionering, placering, kabeldragning, munstycket, de olika in- och utsignalerna, inst\u00e4llning av dimproduktionens tid beroende p\u00e5 det omr\u00e5de som ska skyddas och slutligen kontrolltester i slutet av installationen.<\/p><p>N\u00e4r du har slutf\u00f6rt den h\u00e4r utbildningen och tittat p\u00e5 alla lektioner i modulen kommer du att f\u00e5 g\u00f6ra ett kunskapstest som omfattar de grundl\u00e4ggande delarna av installation av densitetsutrustning.<sup class=\"tm\">\u00ae<\/sup>. N\u00e4r du har klarat detta test kommer du att tilldelas ett certifikat som intygar att du f\u00f6rst\u00e5r och beh\u00e4rskar installationen av generatorer f\u00f6r t\u00e4thetsdimma.<sup class=\"tm\">\u00ae<\/sup>.<\/p><p>Detta certifikat \u00e4r b\u00e5de en garanti f\u00f6r kvalitet och kunskap f\u00f6r dina installationer hos dina kunder och g\u00f6r det m\u00f6jligt f\u00f6r dig att sticka ut p\u00e5 marknaden.<\/p><p>\u00c4r du intresserad av att skydda ditt f\u00f6retag, din verksamhet eller ditt hem och letar efter en Density-certifierad installat\u00f6r?<sup class=\"tm\">\u00ae<\/sup>\u00a0?<\/p><p>Kontakta oss p\u00e5 f\u00f6ljande adress <a href=\"mailto:contact@densityfrance.fr\">contact@densityfrance.fr<\/a> och gl\u00f6m inte att ber\u00e4tta f\u00f6r oss om din avdelning. V\u00e5rt n\u00e4tverk av partnerinstallat\u00f6rer och integrat\u00f6rer i hela Frankrike g\u00f6r det m\u00f6jligt f\u00f6r oss att tillgodose dina behov genom att erbjuda dig den l\u00f6sning som ligger n\u00e4rmast hemmet.<\/p>\t\t\t\t\t\t\t\t<\/div>\n\t\t\t\t<\/div>\n\t\t\t\t\t<\/div>\n\t\t<\/div>\n\t\t\t\t\t<\/div>\n\t\t<\/section>\n\t\t\t\t<\/div>","protected":false},"excerpt":{"rendered":"<p>\/\/ Pratique Des formations pour les professionnels qui s\u2019adaptent \u00e0 vos contraintes Une formation adapt\u00e9e \u00e0 tous les professionnels de la s\u00e9curit\u00e9 pour apprendre \u00e0 dimensionner, positionner, c\u00e2bler et installer les G\u00e9n\u00e9rateurs de Brouillard Density\u00ae. Avec les G\u00e9n\u00e9rateurs de Brouillard Density\u00ae vous avez le choix de votre formation. R\u00e9servez une formation en physique avec un [&hellip;]<\/p>\n","protected":false},"author":1,"featured_media":4297,"parent":3098,"menu_order":0,"comment_status":"closed","ping_status":"closed","template":"","meta":{"footnotes":""},"class_list":["post-5071","page","type-page","status-publish","has-post-thumbnail","hentry"],"yoast_head":"<!-- This site is optimized with the Yoast SEO plugin v27.5 - https:\/\/yoast.com\/product\/yoast-seo-wordpress\/ -->\n<title>Formation en ligne - Density France<\/title>\n<meta name=\"description\" content=\"Une formation adapt\u00e9e \u00e0 tous les professionnels de la s\u00e9curit\u00e9 pour apprendre \u00e0 dimensionner, positionner, c\u00e2bler et installer les G\u00e9n\u00e9rateurs de Brouillard Density\" \/>\n<meta name=\"robots\" content=\"index, follow, max-snippet:-1, max-image-preview:large, max-video-preview:-1\" \/>\n<link rel=\"canonical\" href=\"https:\/\/www.densityfrance.fr\/sv\/vara-tillgangar\/utbildning-online\/\" \/>\n<meta property=\"og:locale\" content=\"sv_SE\" \/>\n<meta property=\"og:type\" content=\"article\" \/>\n<meta property=\"og:title\" content=\"Formation en ligne - Density France\" \/>\n<meta property=\"og:description\" content=\"Une formation adapt\u00e9e \u00e0 tous les professionnels de la s\u00e9curit\u00e9 pour apprendre \u00e0 dimensionner, positionner, c\u00e2bler et installer les G\u00e9n\u00e9rateurs de Brouillard Density\" \/>\n<meta property=\"og:url\" content=\"https:\/\/www.densityfrance.fr\/sv\/vara-tillgangar\/utbildning-online\/\" \/>\n<meta property=\"og:site_name\" content=\"Density France\" \/>\n<meta property=\"article:modified_time\" content=\"2024-09-12T13:31:30+00:00\" \/>\n<meta property=\"og:image\" content=\"https:\/\/www.densityfrance.fr\/wp-content\/uploads\/2021\/02\/luxe-picto-bleu.png\" \/>\n\t<meta property=\"og:image:width\" content=\"130\" \/>\n\t<meta property=\"og:image:height\" content=\"130\" \/>\n\t<meta property=\"og:image:type\" content=\"image\/png\" \/>\n<meta name=\"twitter:card\" content=\"summary_large_image\" \/>\n<meta name=\"twitter:label1\" content=\"Ber\u00e4knad l\u00e4stid\" \/>\n\t<meta name=\"twitter:data1\" content=\"2 minuter\" \/>\n<script type=\"application\/ld+json\" class=\"yoast-schema-graph\">{\"@context\":\"https:\\\/\\\/schema.org\",\"@graph\":[{\"@type\":\"WebPage\",\"@id\":\"https:\\\/\\\/www.densityfrance.fr\\\/nos-atouts\\\/formation-en-ligne\\\/\",\"url\":\"https:\\\/\\\/www.densityfrance.fr\\\/nos-atouts\\\/formation-en-ligne\\\/\",\"name\":\"Formation en ligne - Density France\",\"isPartOf\":{\"@id\":\"https:\\\/\\\/www.densityfrance.fr\\\/#website\"},\"primaryImageOfPage\":{\"@id\":\"https:\\\/\\\/www.densityfrance.fr\\\/nos-atouts\\\/formation-en-ligne\\\/#primaryimage\"},\"image\":{\"@id\":\"https:\\\/\\\/www.densityfrance.fr\\\/nos-atouts\\\/formation-en-ligne\\\/#primaryimage\"},\"thumbnailUrl\":\"https:\\\/\\\/www.densityfrance.fr\\\/wp-content\\\/uploads\\\/2021\\\/02\\\/luxe-picto-bleu.png\",\"datePublished\":\"2021-03-02T14:14:32+00:00\",\"dateModified\":\"2024-09-12T13:31:30+00:00\",\"description\":\"Une formation adapt\u00e9e \u00e0 tous les professionnels de la s\u00e9curit\u00e9 pour apprendre \u00e0 dimensionner, positionner, c\u00e2bler et installer les G\u00e9n\u00e9rateurs de Brouillard Density\",\"breadcrumb\":{\"@id\":\"https:\\\/\\\/www.densityfrance.fr\\\/nos-atouts\\\/formation-en-ligne\\\/#breadcrumb\"},\"inLanguage\":\"sv-SE\",\"potentialAction\":[{\"@type\":\"ReadAction\",\"target\":[\"https:\\\/\\\/www.densityfrance.fr\\\/nos-atouts\\\/formation-en-ligne\\\/\"]}]},{\"@type\":\"ImageObject\",\"inLanguage\":\"sv-SE\",\"@id\":\"https:\\\/\\\/www.densityfrance.fr\\\/nos-atouts\\\/formation-en-ligne\\\/#primaryimage\",\"url\":\"https:\\\/\\\/www.densityfrance.fr\\\/wp-content\\\/uploads\\\/2021\\\/02\\\/luxe-picto-bleu.png\",\"contentUrl\":\"https:\\\/\\\/www.densityfrance.fr\\\/wp-content\\\/uploads\\\/2021\\\/02\\\/luxe-picto-bleu.png\",\"width\":130,\"height\":130},{\"@type\":\"BreadcrumbList\",\"@id\":\"https:\\\/\\\/www.densityfrance.fr\\\/nos-atouts\\\/formation-en-ligne\\\/#breadcrumb\",\"itemListElement\":[{\"@type\":\"ListItem\",\"position\":1,\"name\":\"Accueil\",\"item\":\"https:\\\/\\\/www.densityfrance.fr\\\/\"},{\"@type\":\"ListItem\",\"position\":2,\"name\":\"Nos atouts\",\"item\":\"https:\\\/\\\/www.densityfrance.fr\\\/nos-atouts\\\/\"},{\"@type\":\"ListItem\",\"position\":3,\"name\":\"Formation en ligne\"}]},{\"@type\":\"WebSite\",\"@id\":\"https:\\\/\\\/www.densityfrance.fr\\\/#website\",\"url\":\"https:\\\/\\\/www.densityfrance.fr\\\/\",\"name\":\"Density France\",\"description\":\"G\u00e9n\u00e9rateurs de brouillard anti-intrusion\",\"publisher\":{\"@id\":\"https:\\\/\\\/www.densityfrance.fr\\\/#organization\"},\"potentialAction\":[{\"@type\":\"SearchAction\",\"target\":{\"@type\":\"EntryPoint\",\"urlTemplate\":\"https:\\\/\\\/www.densityfrance.fr\\\/?s={search_term_string}\"},\"query-input\":{\"@type\":\"PropertyValueSpecification\",\"valueRequired\":true,\"valueName\":\"search_term_string\"}}],\"inLanguage\":\"sv-SE\"},{\"@type\":\"Organization\",\"@id\":\"https:\\\/\\\/www.densityfrance.fr\\\/#organization\",\"name\":\"Density\",\"url\":\"https:\\\/\\\/www.densityfrance.fr\\\/\",\"logo\":{\"@type\":\"ImageObject\",\"inLanguage\":\"sv-SE\",\"@id\":\"https:\\\/\\\/www.densityfrance.fr\\\/#\\\/schema\\\/logo\\\/image\\\/\",\"url\":\"https:\\\/\\\/www.densityfrance.fr\\\/wp-content\\\/uploads\\\/2021\\\/07\\\/Density-logo-couleur-transp-M.png\",\"contentUrl\":\"https:\\\/\\\/www.densityfrance.fr\\\/wp-content\\\/uploads\\\/2021\\\/07\\\/Density-logo-couleur-transp-M.png\",\"width\":404,\"height\":89,\"caption\":\"Density\"},\"image\":{\"@id\":\"https:\\\/\\\/www.densityfrance.fr\\\/#\\\/schema\\\/logo\\\/image\\\/\"}}]}<\/script>\n<!-- \/ Yoast SEO plugin. -->","yoast_head_json":{"title":"Online-utbildning - Density France","description":"Utbildning f\u00f6r all s\u00e4kerhetspersonal f\u00f6r att l\u00e4ra sig hur man dimensionerar, placerar, kopplar och installerar generatorer f\u00f6r t\u00e4thetsfog","robots":{"index":"index","follow":"follow","max-snippet":"max-snippet:-1","max-image-preview":"max-image-preview:large","max-video-preview":"max-video-preview:-1"},"canonical":"https:\/\/www.densityfrance.fr\/sv\/vara-tillgangar\/utbildning-online\/","og_locale":"sv_SE","og_type":"article","og_title":"Formation en ligne - Density France","og_description":"Une formation adapt\u00e9e \u00e0 tous les professionnels de la s\u00e9curit\u00e9 pour apprendre \u00e0 dimensionner, positionner, c\u00e2bler et installer les G\u00e9n\u00e9rateurs de Brouillard Density","og_url":"https:\/\/www.densityfrance.fr\/sv\/vara-tillgangar\/utbildning-online\/","og_site_name":"Density France","article_modified_time":"2024-09-12T13:31:30+00:00","og_image":[{"width":130,"height":130,"url":"https:\/\/www.densityfrance.fr\/wp-content\/uploads\/2021\/02\/luxe-picto-bleu.png","type":"image\/png"}],"twitter_card":"summary_large_image","twitter_misc":{"Ber\u00e4knad l\u00e4stid":"2 minuter"},"schema":{"@context":"https:\/\/schema.org","@graph":[{"@type":"WebPage","@id":"https:\/\/www.densityfrance.fr\/nos-atouts\/formation-en-ligne\/","url":"https:\/\/www.densityfrance.fr\/nos-atouts\/formation-en-ligne\/","name":"Online-utbildning - Density France","isPartOf":{"@id":"https:\/\/www.densityfrance.fr\/#website"},"primaryImageOfPage":{"@id":"https:\/\/www.densityfrance.fr\/nos-atouts\/formation-en-ligne\/#primaryimage"},"image":{"@id":"https:\/\/www.densityfrance.fr\/nos-atouts\/formation-en-ligne\/#primaryimage"},"thumbnailUrl":"https:\/\/www.densityfrance.fr\/wp-content\/uploads\/2021\/02\/luxe-picto-bleu.png","datePublished":"2021-03-02T14:14:32+00:00","dateModified":"2024-09-12T13:31:30+00:00","description":"Utbildning f\u00f6r all s\u00e4kerhetspersonal f\u00f6r att l\u00e4ra sig hur man dimensionerar, placerar, kopplar och installerar generatorer f\u00f6r t\u00e4thetsfog","breadcrumb":{"@id":"https:\/\/www.densityfrance.fr\/nos-atouts\/formation-en-ligne\/#breadcrumb"},"inLanguage":"sv-SE","potentialAction":[{"@type":"ReadAction","target":["https:\/\/www.densityfrance.fr\/nos-atouts\/formation-en-ligne\/"]}]},{"@type":"ImageObject","inLanguage":"sv-SE","@id":"https:\/\/www.densityfrance.fr\/nos-atouts\/formation-en-ligne\/#primaryimage","url":"https:\/\/www.densityfrance.fr\/wp-content\/uploads\/2021\/02\/luxe-picto-bleu.png","contentUrl":"https:\/\/www.densityfrance.fr\/wp-content\/uploads\/2021\/02\/luxe-picto-bleu.png","width":130,"height":130},{"@type":"BreadcrumbList","@id":"https:\/\/www.densityfrance.fr\/nos-atouts\/formation-en-ligne\/#breadcrumb","itemListElement":[{"@type":"ListItem","position":1,"name":"Accueil","item":"https:\/\/www.densityfrance.fr\/"},{"@type":"ListItem","position":2,"name":"Nos atouts","item":"https:\/\/www.densityfrance.fr\/nos-atouts\/"},{"@type":"ListItem","position":3,"name":"Formation en ligne"}]},{"@type":"WebSite","@id":"https:\/\/www.densityfrance.fr\/#website","url":"https:\/\/www.densityfrance.fr\/","name":"Densitet Frankrike","description":"Dimgeneratorer f\u00f6r skydd mot intr\u00e5ng","publisher":{"@id":"https:\/\/www.densityfrance.fr\/#organization"},"potentialAction":[{"@type":"SearchAction","target":{"@type":"EntryPoint","urlTemplate":"https:\/\/www.densityfrance.fr\/?s={search_term_string}"},"query-input":{"@type":"PropertyValueSpecification","valueRequired":true,"valueName":"search_term_string"}}],"inLanguage":"sv-SE"},{"@type":"Organization","@id":"https:\/\/www.densityfrance.fr\/#organization","name":"T\u00e4thet","url":"https:\/\/www.densityfrance.fr\/","logo":{"@type":"ImageObject","inLanguage":"sv-SE","@id":"https:\/\/www.densityfrance.fr\/#\/schema\/logo\/image\/","url":"https:\/\/www.densityfrance.fr\/wp-content\/uploads\/2021\/07\/Density-logo-couleur-transp-M.png","contentUrl":"https:\/\/www.densityfrance.fr\/wp-content\/uploads\/2021\/07\/Density-logo-couleur-transp-M.png","width":404,"height":89,"caption":"Density"},"image":{"@id":"https:\/\/www.densityfrance.fr\/#\/schema\/logo\/image\/"}}]}},"_links":{"self":[{"href":"https:\/\/www.densityfrance.fr\/sv\/wp-json\/wp\/v2\/pages\/5071","targetHints":{"allow":["GET"]}}],"collection":[{"href":"https:\/\/www.densityfrance.fr\/sv\/wp-json\/wp\/v2\/pages"}],"about":[{"href":"https:\/\/www.densityfrance.fr\/sv\/wp-json\/wp\/v2\/types\/page"}],"author":[{"embeddable":true,"href":"https:\/\/www.densityfrance.fr\/sv\/wp-json\/wp\/v2\/users\/1"}],"replies":[{"embeddable":true,"href":"https:\/\/www.densityfrance.fr\/sv\/wp-json\/wp\/v2\/comments?post=5071"}],"version-history":[{"count":35,"href":"https:\/\/www.densityfrance.fr\/sv\/wp-json\/wp\/v2\/pages\/5071\/revisions"}],"predecessor-version":[{"id":7599,"href":"https:\/\/www.densityfrance.fr\/sv\/wp-json\/wp\/v2\/pages\/5071\/revisions\/7599"}],"up":[{"embeddable":true,"href":"https:\/\/www.densityfrance.fr\/sv\/wp-json\/wp\/v2\/pages\/3098"}],"wp:featuredmedia":[{"embeddable":true,"href":"https:\/\/www.densityfrance.fr\/sv\/wp-json\/wp\/v2\/media\/4297"}],"wp:attachment":[{"href":"https:\/\/www.densityfrance.fr\/sv\/wp-json\/wp\/v2\/media?parent=5071"}],"curies":[{"name":"wp","href":"https:\/\/api.w.org\/{rel}","templated":true}]}}