{"id":5075,"date":"2021-03-02T14:14:52","date_gmt":"2021-03-02T14:14:52","guid":{"rendered":"https:\/\/www.densityfrance.fr\/?page_id=5075"},"modified":"2024-09-12T14:33:30","modified_gmt":"2024-09-12T13:33:30","slug":"melhor-comunicacao","status":"publish","type":"page","link":"https:\/\/www.densityfrance.fr\/pt\/nos-atouts\/une-meilleure-communication\/","title":{"rendered":"Melhor comunica\u00e7\u00e3o"},"content":{"rendered":"<div data-elementor-type=\"wp-page\" data-elementor-id=\"5075\" class=\"elementor elementor-5075\" data-elementor-post-type=\"page\">\n\t\t\t\t\t\t<section class=\"elementor-section elementor-top-section elementor-element elementor-element-7774a489 gp_section_contexte ot-traditional elementor-section-boxed elementor-section-height-default elementor-section-height-default\" data-id=\"7774a489\" data-element_type=\"section\" data-e-type=\"section\">\n\t\t\t\t\t\t<div class=\"elementor-container elementor-column-gap-extended\">\n\t\t\t\t\t<div class=\"elementor-column elementor-col-50 elementor-top-column elementor-element elementor-element-62ddc6cf elementor-hidden-tablet elementor-hidden-phone ot-flex-column-vertical\" data-id=\"62ddc6cf\" data-element_type=\"column\" data-e-type=\"column\" data-settings=\"{&quot;background_background&quot;:&quot;classic&quot;}\">\n\t\t\t<div class=\"elementor-widget-wrap elementor-element-populated\">\n\t\t\t\t\t\t\t<\/div>\n\t\t<\/div>\n\t\t\t\t<div class=\"elementor-column elementor-col-50 elementor-top-column elementor-element elementor-element-1b77517c ot-column-items-center gp_col-right gp_text ot-flex-column-vertical\" data-id=\"1b77517c\" data-element_type=\"column\" data-e-type=\"column\">\n\t\t\t<div class=\"elementor-widget-wrap elementor-element-populated\">\n\t\t\t\t\t\t<div class=\"elementor-element elementor-element-4e15071f elementor-widget elementor-widget-iheading\" data-id=\"4e15071f\" data-element_type=\"widget\" data-e-type=\"widget\" data-widget_type=\"iheading.default\">\n\t\t\t\t<div class=\"elementor-widget-container\">\n\t\t\t\t\t\t\t<div class=\"ot-heading\">\r\n\t        \t            <span>\/\/ Pronto para amanh\u00e3<\/span>\r\n\t        <h2 class=\"main-heading\">Intercomunica\u00e7\u00e3o com todos os actores da vida do Gerador de Densidade<sup class=\"\u00ae\">\u00ae<\/sup><\/h2>\t    <\/div>\r\n\t    \t\t\t\t<\/div>\n\t\t\t\t<\/div>\n\t\t\t\t<div class=\"elementor-element elementor-element-47906a85 elementor-widget elementor-widget-text-editor\" data-id=\"47906a85\" data-element_type=\"widget\" data-e-type=\"widget\" data-widget_type=\"text-editor.default\">\n\t\t\t\t<div class=\"elementor-widget-container\">\n\t\t\t\t\t\t\t\t\t<p>A nossa necessidade atual de mobilidade implica que a comunica\u00e7\u00e3o entre todas as nossas ferramentas electr\u00f3nicas e inform\u00e1ticas \u00e9 essencial.<\/p><p>Geradores de densidade<sup class=\"tm\">\u00ae<\/sup> est\u00e3o preparados para esta nova era. Gra\u00e7as ao cart\u00e3o IP seguro, pode aceder \u00e0 Density CLOUD<sup class=\"tm\">\u00ae<\/sup> que lhe permite gerir o seu Gerador de Nevoeiro a partir de uma \u00fanica p\u00e1gina web segura (Login &amp; MdP). Pode iniciar, parar e testar a unidade remotamente, verificar o estado dos consum\u00edveis e obter um relat\u00f3rio de eventos. As informa\u00e7\u00f5es t\u00e9cnicas de auto-diagn\u00f3stico ser\u00e3o enviadas para a sua caixa de correio eletr\u00f3nico, de acordo com a sua escolha. A placa eletr\u00f3nica foi concebida para armazenar todos os eventos passados que ocorreram nos \u00faltimos dias, para que possa ter a certeza de que o aparelho est\u00e1 a funcionar corretamente. Um simples clique e est\u00e1 no seu tablet ou telem\u00f3vel.<\/p><p>A liga\u00e7\u00e3o sem fios da placa IP significa que pode ser discreta e facilmente instalada nos ambientes mais agrad\u00e1veis do ponto de vista est\u00e9tico.<\/p><p>Gra\u00e7as \u00e0 densidade das nuvens<sup class=\"tm\">\u00ae<\/sup>, O seu instalador de alarmes poder\u00e1 atualizar o gerador de nevoeiro \u00e0 dist\u00e2ncia e efetuar uma visita regular de pr\u00e9-manuten\u00e7\u00e3o para se certificar de que est\u00e1 a funcionar corretamente para o proteger em qualquer momento. O custo ser\u00e1 mais baixo porque a opera\u00e7\u00e3o ser\u00e1 efectuada sem que o t\u00e9cnico tenha de se deslocar ou estar presente.<\/p><p>A equipa Density<sup class=\"tm\">\u00ae<\/sup>\u00a0n\u00e3o s\u00f3 optimizou a sua comunica\u00e7\u00e3o com os Geradores de Nevoeiro remotos para melhorar a sua manuten\u00e7\u00e3o, como tamb\u00e9m desenvolveu uma API de nuvem para poder incluir os comandos e funcionalidades da nuvem de densidade na sua para procedimentos de seguran\u00e7a e prote\u00e7\u00e3o.<\/p><p>Podemos ir ainda mais longe, fornecendo-lhe a API do sistema que lhe permitir\u00e1 ligar e integrar o seu Density Fog Generator.<sup class=\"tm\">\u00ae<\/sup>\u00a0em todos os seus sistemas de controlo \u00e0 dist\u00e2ncia que integrem fun\u00e7\u00f5es de dom\u00f3tica, gest\u00e3o de edif\u00edcios ou videovigil\u00e2ncia.<\/p><p>Finalmente, com Densidade<sup class=\"tm\">\u00ae<\/sup>, Dispomos de engenheiros internos especializados que podem adaptar e personalizar as nossas comunica\u00e7\u00f5es para os seus grandes projectos. Estas compet\u00eancias internas permitem-nos reagir rapidamente \u00e0s suas necessidades, de modo a podermos fornecer-lhe a solu\u00e7\u00e3o de que necessita para grandes projectos espec\u00edficos da sua organiza\u00e7\u00e3o profissional.<\/p>\t\t\t\t\t\t\t\t<\/div>\n\t\t\t\t<\/div>\n\t\t\t\t\t<\/div>\n\t\t<\/div>\n\t\t\t\t\t<\/div>\n\t\t<\/section>\n\t\t\t\t<\/div>","protected":false},"excerpt":{"rendered":"<p>\/\/ Pr\u00eat pour demain Intercommunication avec chaque acteur de la vie du G\u00e9n\u00e9rateur Density\u00ae Notre besoin de mobilit\u00e9 actuel rend la communication de l\u2019ensemble de nos outils \u00e9lectroniques et informatiques essentielle. Les g\u00e9n\u00e9rateurs Density\u00ae sont pr\u00eats pour cette nouvelle \u00e8re.\u00a0Gr\u00e2ce \u00e0 la carte IP s\u00e9curis\u00e9e, vous pourrez acc\u00e9der au CLOUD Density\u00ae qui vous permettra de [&hellip;]<\/p>\n","protected":false},"author":1,"featured_media":4297,"parent":3098,"menu_order":0,"comment_status":"closed","ping_status":"closed","template":"","meta":{"footnotes":""},"class_list":["post-5075","page","type-page","status-publish","has-post-thumbnail","hentry"],"yoast_head":"<!-- This site is optimized with the Yoast SEO plugin v27.5 - https:\/\/yoast.com\/product\/yoast-seo-wordpress\/ -->\n<title>Une meilleure communication - Density France<\/title>\n<meta name=\"description\" content=\"Am\u00e9liorez la communication de vos syst\u00e8mes de s\u00e9curit\u00e9 avec les solutions de brouillard anti-intrusion de Density France, pour une protection accrue\" \/>\n<meta name=\"robots\" content=\"index, follow, max-snippet:-1, max-image-preview:large, max-video-preview:-1\" \/>\n<link rel=\"canonical\" href=\"https:\/\/www.densityfrance.fr\/pt\/os-nossos-activos\/melhor-comunicacao\/\" \/>\n<meta property=\"og:locale\" content=\"pt_PT\" \/>\n<meta property=\"og:type\" content=\"article\" \/>\n<meta property=\"og:title\" content=\"Une meilleure communication - Density France\" \/>\n<meta property=\"og:description\" content=\"Am\u00e9liorez la communication de vos syst\u00e8mes de s\u00e9curit\u00e9 avec les solutions de brouillard anti-intrusion de Density France, pour une protection accrue\" \/>\n<meta property=\"og:url\" content=\"https:\/\/www.densityfrance.fr\/pt\/os-nossos-activos\/melhor-comunicacao\/\" \/>\n<meta property=\"og:site_name\" content=\"Density France\" \/>\n<meta property=\"article:modified_time\" content=\"2024-09-12T13:33:30+00:00\" \/>\n<meta property=\"og:image\" content=\"https:\/\/www.densityfrance.fr\/wp-content\/uploads\/2021\/02\/luxe-picto-bleu.png\" \/>\n\t<meta property=\"og:image:width\" content=\"130\" \/>\n\t<meta property=\"og:image:height\" content=\"130\" \/>\n\t<meta property=\"og:image:type\" content=\"image\/png\" \/>\n<meta name=\"twitter:card\" content=\"summary_large_image\" \/>\n<meta name=\"twitter:label1\" content=\"Tempo estimado de leitura\" \/>\n\t<meta name=\"twitter:data1\" content=\"2 minutos\" \/>\n<script type=\"application\/ld+json\" class=\"yoast-schema-graph\">{\"@context\":\"https:\\\/\\\/schema.org\",\"@graph\":[{\"@type\":\"WebPage\",\"@id\":\"https:\\\/\\\/www.densityfrance.fr\\\/nos-atouts\\\/une-meilleure-communication\\\/\",\"url\":\"https:\\\/\\\/www.densityfrance.fr\\\/nos-atouts\\\/une-meilleure-communication\\\/\",\"name\":\"Une meilleure communication - Density France\",\"isPartOf\":{\"@id\":\"https:\\\/\\\/www.densityfrance.fr\\\/#website\"},\"primaryImageOfPage\":{\"@id\":\"https:\\\/\\\/www.densityfrance.fr\\\/nos-atouts\\\/une-meilleure-communication\\\/#primaryimage\"},\"image\":{\"@id\":\"https:\\\/\\\/www.densityfrance.fr\\\/nos-atouts\\\/une-meilleure-communication\\\/#primaryimage\"},\"thumbnailUrl\":\"https:\\\/\\\/www.densityfrance.fr\\\/wp-content\\\/uploads\\\/2021\\\/02\\\/luxe-picto-bleu.png\",\"datePublished\":\"2021-03-02T14:14:52+00:00\",\"dateModified\":\"2024-09-12T13:33:30+00:00\",\"description\":\"Am\u00e9liorez la communication de vos syst\u00e8mes de s\u00e9curit\u00e9 avec les solutions de brouillard anti-intrusion de Density France, pour une protection accrue\",\"breadcrumb\":{\"@id\":\"https:\\\/\\\/www.densityfrance.fr\\\/nos-atouts\\\/une-meilleure-communication\\\/#breadcrumb\"},\"inLanguage\":\"pt-PT\",\"potentialAction\":[{\"@type\":\"ReadAction\",\"target\":[\"https:\\\/\\\/www.densityfrance.fr\\\/nos-atouts\\\/une-meilleure-communication\\\/\"]}]},{\"@type\":\"ImageObject\",\"inLanguage\":\"pt-PT\",\"@id\":\"https:\\\/\\\/www.densityfrance.fr\\\/nos-atouts\\\/une-meilleure-communication\\\/#primaryimage\",\"url\":\"https:\\\/\\\/www.densityfrance.fr\\\/wp-content\\\/uploads\\\/2021\\\/02\\\/luxe-picto-bleu.png\",\"contentUrl\":\"https:\\\/\\\/www.densityfrance.fr\\\/wp-content\\\/uploads\\\/2021\\\/02\\\/luxe-picto-bleu.png\",\"width\":130,\"height\":130},{\"@type\":\"BreadcrumbList\",\"@id\":\"https:\\\/\\\/www.densityfrance.fr\\\/nos-atouts\\\/une-meilleure-communication\\\/#breadcrumb\",\"itemListElement\":[{\"@type\":\"ListItem\",\"position\":1,\"name\":\"Accueil\",\"item\":\"https:\\\/\\\/www.densityfrance.fr\\\/\"},{\"@type\":\"ListItem\",\"position\":2,\"name\":\"Nos atouts\",\"item\":\"https:\\\/\\\/www.densityfrance.fr\\\/nos-atouts\\\/\"},{\"@type\":\"ListItem\",\"position\":3,\"name\":\"Une meilleure communication\"}]},{\"@type\":\"WebSite\",\"@id\":\"https:\\\/\\\/www.densityfrance.fr\\\/#website\",\"url\":\"https:\\\/\\\/www.densityfrance.fr\\\/\",\"name\":\"Density France\",\"description\":\"G\u00e9n\u00e9rateurs de brouillard anti-intrusion\",\"publisher\":{\"@id\":\"https:\\\/\\\/www.densityfrance.fr\\\/#organization\"},\"potentialAction\":[{\"@type\":\"SearchAction\",\"target\":{\"@type\":\"EntryPoint\",\"urlTemplate\":\"https:\\\/\\\/www.densityfrance.fr\\\/?s={search_term_string}\"},\"query-input\":{\"@type\":\"PropertyValueSpecification\",\"valueRequired\":true,\"valueName\":\"search_term_string\"}}],\"inLanguage\":\"pt-PT\"},{\"@type\":\"Organization\",\"@id\":\"https:\\\/\\\/www.densityfrance.fr\\\/#organization\",\"name\":\"Density\",\"url\":\"https:\\\/\\\/www.densityfrance.fr\\\/\",\"logo\":{\"@type\":\"ImageObject\",\"inLanguage\":\"pt-PT\",\"@id\":\"https:\\\/\\\/www.densityfrance.fr\\\/#\\\/schema\\\/logo\\\/image\\\/\",\"url\":\"https:\\\/\\\/www.densityfrance.fr\\\/wp-content\\\/uploads\\\/2021\\\/07\\\/Density-logo-couleur-transp-M.png\",\"contentUrl\":\"https:\\\/\\\/www.densityfrance.fr\\\/wp-content\\\/uploads\\\/2021\\\/07\\\/Density-logo-couleur-transp-M.png\",\"width\":404,\"height\":89,\"caption\":\"Density\"},\"image\":{\"@id\":\"https:\\\/\\\/www.densityfrance.fr\\\/#\\\/schema\\\/logo\\\/image\\\/\"}}]}<\/script>\n<!-- \/ Yoast SEO plugin. -->","yoast_head_json":{"title":"Melhor comunica\u00e7\u00e3o - Densidade Fran\u00e7a","description":"Melhore a comunica\u00e7\u00e3o dos seus sistemas de seguran\u00e7a com as solu\u00e7\u00f5es de nevoeiro anti-intrus\u00e3o da Density France, para uma maior prote\u00e7\u00e3o","robots":{"index":"index","follow":"follow","max-snippet":"max-snippet:-1","max-image-preview":"max-image-preview:large","max-video-preview":"max-video-preview:-1"},"canonical":"https:\/\/www.densityfrance.fr\/pt\/os-nossos-activos\/melhor-comunicacao\/","og_locale":"pt_PT","og_type":"article","og_title":"Une meilleure communication - Density France","og_description":"Am\u00e9liorez la communication de vos syst\u00e8mes de s\u00e9curit\u00e9 avec les solutions de brouillard anti-intrusion de Density France, pour une protection accrue","og_url":"https:\/\/www.densityfrance.fr\/pt\/os-nossos-activos\/melhor-comunicacao\/","og_site_name":"Density France","article_modified_time":"2024-09-12T13:33:30+00:00","og_image":[{"width":130,"height":130,"url":"https:\/\/www.densityfrance.fr\/wp-content\/uploads\/2021\/02\/luxe-picto-bleu.png","type":"image\/png"}],"twitter_card":"summary_large_image","twitter_misc":{"Tempo estimado de leitura":"2 minutos"},"schema":{"@context":"https:\/\/schema.org","@graph":[{"@type":"WebPage","@id":"https:\/\/www.densityfrance.fr\/nos-atouts\/une-meilleure-communication\/","url":"https:\/\/www.densityfrance.fr\/nos-atouts\/une-meilleure-communication\/","name":"Melhor comunica\u00e7\u00e3o - Densidade Fran\u00e7a","isPartOf":{"@id":"https:\/\/www.densityfrance.fr\/#website"},"primaryImageOfPage":{"@id":"https:\/\/www.densityfrance.fr\/nos-atouts\/une-meilleure-communication\/#primaryimage"},"image":{"@id":"https:\/\/www.densityfrance.fr\/nos-atouts\/une-meilleure-communication\/#primaryimage"},"thumbnailUrl":"https:\/\/www.densityfrance.fr\/wp-content\/uploads\/2021\/02\/luxe-picto-bleu.png","datePublished":"2021-03-02T14:14:52+00:00","dateModified":"2024-09-12T13:33:30+00:00","description":"Melhore a comunica\u00e7\u00e3o dos seus sistemas de seguran\u00e7a com as solu\u00e7\u00f5es de nevoeiro anti-intrus\u00e3o da Density France, para uma maior prote\u00e7\u00e3o","breadcrumb":{"@id":"https:\/\/www.densityfrance.fr\/nos-atouts\/une-meilleure-communication\/#breadcrumb"},"inLanguage":"pt-PT","potentialAction":[{"@type":"ReadAction","target":["https:\/\/www.densityfrance.fr\/nos-atouts\/une-meilleure-communication\/"]}]},{"@type":"ImageObject","inLanguage":"pt-PT","@id":"https:\/\/www.densityfrance.fr\/nos-atouts\/une-meilleure-communication\/#primaryimage","url":"https:\/\/www.densityfrance.fr\/wp-content\/uploads\/2021\/02\/luxe-picto-bleu.png","contentUrl":"https:\/\/www.densityfrance.fr\/wp-content\/uploads\/2021\/02\/luxe-picto-bleu.png","width":130,"height":130},{"@type":"BreadcrumbList","@id":"https:\/\/www.densityfrance.fr\/nos-atouts\/une-meilleure-communication\/#breadcrumb","itemListElement":[{"@type":"ListItem","position":1,"name":"Accueil","item":"https:\/\/www.densityfrance.fr\/"},{"@type":"ListItem","position":2,"name":"Nos atouts","item":"https:\/\/www.densityfrance.fr\/nos-atouts\/"},{"@type":"ListItem","position":3,"name":"Une meilleure communication"}]},{"@type":"WebSite","@id":"https:\/\/www.densityfrance.fr\/#website","url":"https:\/\/www.densityfrance.fr\/","name":"Densidade Fran\u00e7a","description":"Geradores de nevoeiro anti-intrus\u00e3o","publisher":{"@id":"https:\/\/www.densityfrance.fr\/#organization"},"potentialAction":[{"@type":"SearchAction","target":{"@type":"EntryPoint","urlTemplate":"https:\/\/www.densityfrance.fr\/?s={search_term_string}"},"query-input":{"@type":"PropertyValueSpecification","valueRequired":true,"valueName":"search_term_string"}}],"inLanguage":"pt-PT"},{"@type":"Organization","@id":"https:\/\/www.densityfrance.fr\/#organization","name":"Densidade","url":"https:\/\/www.densityfrance.fr\/","logo":{"@type":"ImageObject","inLanguage":"pt-PT","@id":"https:\/\/www.densityfrance.fr\/#\/schema\/logo\/image\/","url":"https:\/\/www.densityfrance.fr\/wp-content\/uploads\/2021\/07\/Density-logo-couleur-transp-M.png","contentUrl":"https:\/\/www.densityfrance.fr\/wp-content\/uploads\/2021\/07\/Density-logo-couleur-transp-M.png","width":404,"height":89,"caption":"Density"},"image":{"@id":"https:\/\/www.densityfrance.fr\/#\/schema\/logo\/image\/"}}]}},"_links":{"self":[{"href":"https:\/\/www.densityfrance.fr\/pt\/wp-json\/wp\/v2\/pages\/5075","targetHints":{"allow":["GET"]}}],"collection":[{"href":"https:\/\/www.densityfrance.fr\/pt\/wp-json\/wp\/v2\/pages"}],"about":[{"href":"https:\/\/www.densityfrance.fr\/pt\/wp-json\/wp\/v2\/types\/page"}],"author":[{"embeddable":true,"href":"https:\/\/www.densityfrance.fr\/pt\/wp-json\/wp\/v2\/users\/1"}],"replies":[{"embeddable":true,"href":"https:\/\/www.densityfrance.fr\/pt\/wp-json\/wp\/v2\/comments?post=5075"}],"version-history":[{"count":35,"href":"https:\/\/www.densityfrance.fr\/pt\/wp-json\/wp\/v2\/pages\/5075\/revisions"}],"predecessor-version":[{"id":7590,"href":"https:\/\/www.densityfrance.fr\/pt\/wp-json\/wp\/v2\/pages\/5075\/revisions\/7590"}],"up":[{"embeddable":true,"href":"https:\/\/www.densityfrance.fr\/pt\/wp-json\/wp\/v2\/pages\/3098"}],"wp:featuredmedia":[{"embeddable":true,"href":"https:\/\/www.densityfrance.fr\/pt\/wp-json\/wp\/v2\/media\/4297"}],"wp:attachment":[{"href":"https:\/\/www.densityfrance.fr\/pt\/wp-json\/wp\/v2\/media?parent=5075"}],"curies":[{"name":"wp","href":"https:\/\/api.w.org\/{rel}","templated":true}]}}