{"id":5071,"date":"2021-03-02T14:14:32","date_gmt":"2021-03-02T14:14:32","guid":{"rendered":"https:\/\/www.densityfrance.fr\/?page_id=5071"},"modified":"2024-09-12T14:31:30","modified_gmt":"2024-09-12T13:31:30","slug":"formacao-em-linha","status":"publish","type":"page","link":"https:\/\/www.densityfrance.fr\/pt\/nos-atouts\/formation-en-ligne\/","title":{"rendered":"Forma\u00e7\u00e3o em linha"},"content":{"rendered":"<div data-elementor-type=\"wp-page\" data-elementor-id=\"5071\" class=\"elementor elementor-5071\" data-elementor-post-type=\"page\">\n\t\t\t\t\t\t<section class=\"elementor-section elementor-top-section elementor-element elementor-element-3817e75 gp_section_contexte ot-traditional elementor-section-boxed elementor-section-height-default elementor-section-height-default\" data-id=\"3817e75\" data-element_type=\"section\" data-e-type=\"section\">\n\t\t\t\t\t\t<div class=\"elementor-container elementor-column-gap-extended\">\n\t\t\t\t\t<div class=\"elementor-column elementor-col-50 elementor-top-column elementor-element elementor-element-618f7035 elementor-hidden-tablet elementor-hidden-phone ot-flex-column-vertical\" data-id=\"618f7035\" data-element_type=\"column\" data-e-type=\"column\" data-settings=\"{&quot;background_background&quot;:&quot;classic&quot;}\">\n\t\t\t<div class=\"elementor-widget-wrap elementor-element-populated\">\n\t\t\t\t\t\t\t<\/div>\n\t\t<\/div>\n\t\t\t\t<div class=\"elementor-column elementor-col-50 elementor-top-column elementor-element elementor-element-4f32bec7 ot-column-items-center gp_col-right gp_text ot-flex-column-vertical\" data-id=\"4f32bec7\" data-element_type=\"column\" data-e-type=\"column\">\n\t\t\t<div class=\"elementor-widget-wrap elementor-element-populated\">\n\t\t\t\t\t\t<div class=\"elementor-element elementor-element-4e15071f elementor-widget elementor-widget-iheading\" data-id=\"4e15071f\" data-element_type=\"widget\" data-e-type=\"widget\" data-widget_type=\"iheading.default\">\n\t\t\t\t<div class=\"elementor-widget-container\">\n\t\t\t\t\t\t\t<div class=\"ot-heading\">\r\n\t        \t            <span>\/\/ Pr\u00e1tico<\/span>\r\n\t        <h2 class=\"main-heading\">Forma\u00e7\u00e3o para profissionais adaptada \u00e0s suas necessidades<\/h2>\t    <\/div>\r\n\t    \t\t\t\t<\/div>\n\t\t\t\t<\/div>\n\t\t\t\t<div class=\"elementor-element elementor-element-47906a85 elementor-widget elementor-widget-text-editor\" data-id=\"47906a85\" data-element_type=\"widget\" data-e-type=\"widget\" data-widget_type=\"text-editor.default\">\n\t\t\t\t<div class=\"elementor-widget-container\">\n\t\t\t\t\t\t\t\t\t<p>Forma\u00e7\u00e3o adaptada a todos os profissionais de seguran\u00e7a para aprender a dimensionar, posicionar, cablar e instalar Geradores de Nevoeiro de Densidade.<sup class=\"tm\">\u00ae<\/sup>.<\/p><p>Com geradores de nevoeiro de densidade<sup class=\"tm\">\u00ae<\/sup> pode escolher a sua forma\u00e7\u00e3o. Marcar um curso de f\u00edsica com um especialista da Density<sup class=\"tm\">\u00ae<\/sup>\u00a0ou inscrever-se diretamente na p\u00e1gina de forma\u00e7\u00e3o do nosso s\u00edtio Web.<\/p><p>Onde quer que esteja, no escrit\u00f3rio ou em casa, pode iniciar sess\u00e3o na sua conta para ver ou assistir aos v\u00eddeos de forma\u00e7\u00e3o sobre a instala\u00e7\u00e3o do Density.<sup class=\"tm\">\u00ae<\/sup>.<\/p><p>Tem uma pergunta? N\u00e3o hesite em enviar-nos um e-mail para : <a href=\"mailto:help@densityglobal.com\">help@densityglobal.com<\/a><\/p>\t\t\t\t\t\t\t\t<\/div>\n\t\t\t\t<\/div>\n\t\t\t\t\t<\/div>\n\t\t<\/div>\n\t\t\t\t\t<\/div>\n\t\t<\/section>\n\t\t\t\t<section class=\"elementor-section elementor-top-section elementor-element elementor-element-12e24554 gp_section_contexte ot-traditional elementor-section-boxed elementor-section-height-default elementor-section-height-default\" data-id=\"12e24554\" data-element_type=\"section\" data-e-type=\"section\" data-settings=\"{&quot;background_background&quot;:&quot;classic&quot;}\">\n\t\t\t\t\t\t<div class=\"elementor-container elementor-column-gap-extended\">\n\t\t\t\t\t<div class=\"elementor-column elementor-col-100 elementor-top-column elementor-element elementor-element-6866f177 ot-column-items-center ot-flex-column-vertical\" data-id=\"6866f177\" data-element_type=\"column\" data-e-type=\"column\">\n\t\t\t<div class=\"elementor-widget-wrap elementor-element-populated\">\n\t\t\t\t\t\t<div class=\"elementor-element elementor-element-be903cc elementor-widget elementor-widget-iheading\" data-id=\"be903cc\" data-element_type=\"widget\" data-e-type=\"widget\" data-widget_type=\"iheading.default\">\n\t\t\t\t<div class=\"elementor-widget-container\">\n\t\t\t\t\t\t\t<div class=\"ot-heading\">\r\n\t        \t            <span>\/\/ Densidade de forma\u00e7\u00e3o<sup class=\"tm\">TM<\/sup><\/span>\r\n\t        <h2 class=\"main-heading\">Aprendizagem eletr\u00f3nica da densidade<sup class=\"\u00ae\">\u00ae<\/sup>, Como \u00e9 que funciona?<\/h2>\t    <\/div>\r\n\t    \t\t\t\t<\/div>\n\t\t\t\t<\/div>\n\t\t\t\t<div class=\"elementor-element elementor-element-28684b1 elementor-widget elementor-widget-text-editor\" data-id=\"28684b1\" data-element_type=\"widget\" data-e-type=\"widget\" data-widget_type=\"text-editor.default\">\n\t\t\t\t<div class=\"elementor-widget-container\">\n\t\t\t\t\t\t\t\t\t<p>Inicie sess\u00e3o na sua conta de forma\u00e7\u00e3o Density<sup class=\"tm\">\u00ae<\/sup>. Ter\u00e1 acesso a v\u00e1rios m\u00f3dulos de forma\u00e7\u00e3o sobre os diferentes produtos da gama Density<sup class=\"tm\">\u00ae<\/sup>.<\/p><p>Cada m\u00f3dulo \u00e9 composto por cursos passo a passo que abrangem a instala\u00e7\u00e3o de um gerador de nevoeiro de densidade no local.<sup class=\"tm\">\u00ae<\/sup>\u00a0Estas incluem: o dimensionamento, o posicionamento, a cablagem, o bocal, os v\u00e1rios sinais de entrada e sa\u00edda, a defini\u00e7\u00e3o do tempo de produ\u00e7\u00e3o do nevoeiro em fun\u00e7\u00e3o da \u00e1rea a proteger e, finalmente, os testes de controlo no final da instala\u00e7\u00e3o.<\/p><p>Depois de ter conclu\u00eddo este curso de forma\u00e7\u00e3o e de ter visto todas as li\u00e7\u00f5es do m\u00f3dulo, ser-lhe-\u00e1 feito um teste de conhecimentos sobre os elementos fundamentais da instala\u00e7\u00e3o do equipamento de Densidade.<sup class=\"tm\">\u00ae<\/sup>. Depois de ter passado este teste, ser-lhe-\u00e1 atribu\u00eddo um certificado que atesta a sua compreens\u00e3o e dom\u00ednio da instala\u00e7\u00e3o de Geradores de Nevoeiro de Densidade.<sup class=\"tm\">\u00ae<\/sup>.<\/p><p>Este certificado \u00e9 simultaneamente uma garantia de qualidade e de saber-fazer para as suas instala\u00e7\u00f5es nas instala\u00e7\u00f5es dos seus clientes e permitir-lhe-\u00e1 destacar-se no mercado.<\/p><p>Est\u00e1 interessado em proteger a sua empresa, neg\u00f3cio ou casa e est\u00e1 \u00e0 procura de um instalador certificado pela Density?<sup class=\"tm\">\u00ae<\/sup>\u00a0?<\/p><p>Contacte-nos para o seguinte endere\u00e7o <a href=\"mailto:contact@densityfrance.fr\">contact@densityfrance.fr<\/a> e n\u00e3o se esque\u00e7a de nos indicar o seu departamento. A nossa rede de parceiros instaladores e integradores em toda a Fran\u00e7a permitir-nos-\u00e1 responder \u00e0s suas necessidades, oferecendo-lhe a solu\u00e7\u00e3o mais pr\u00f3xima de si.<\/p>\t\t\t\t\t\t\t\t<\/div>\n\t\t\t\t<\/div>\n\t\t\t\t\t<\/div>\n\t\t<\/div>\n\t\t\t\t\t<\/div>\n\t\t<\/section>\n\t\t\t\t<\/div>","protected":false},"excerpt":{"rendered":"<p>\/\/ Pratique Des formations pour les professionnels qui s&#8217;adaptent \u00e0 vos contraintes Une formation adapt\u00e9e \u00e0 tous les professionnels de la s\u00e9curit\u00e9 pour apprendre \u00e0 dimensionner, positionner, c\u00e2bler et installer les G\u00e9n\u00e9rateurs de Brouillard Density\u00ae. Avec les G\u00e9n\u00e9rateurs de Brouillard Density\u00ae vous avez le choix de votre formation. R\u00e9servez une formation en physique avec un [&hellip;]<\/p>\n","protected":false},"author":1,"featured_media":4297,"parent":3098,"menu_order":0,"comment_status":"closed","ping_status":"closed","template":"","meta":{"footnotes":""},"class_list":["post-5071","page","type-page","status-publish","has-post-thumbnail","hentry"],"yoast_head":"<!-- This site is optimized with the Yoast SEO plugin v27.5 - https:\/\/yoast.com\/product\/yoast-seo-wordpress\/ -->\n<title>Formation en ligne - Density France<\/title>\n<meta name=\"description\" content=\"Une formation adapt\u00e9e \u00e0 tous les professionnels de la s\u00e9curit\u00e9 pour apprendre \u00e0 dimensionner, positionner, c\u00e2bler et installer les G\u00e9n\u00e9rateurs de Brouillard Density\" \/>\n<meta name=\"robots\" content=\"index, follow, max-snippet:-1, max-image-preview:large, max-video-preview:-1\" \/>\n<link rel=\"canonical\" href=\"https:\/\/www.densityfrance.fr\/pt\/os-nossos-activos\/formacao-em-linha\/\" \/>\n<meta property=\"og:locale\" content=\"pt_PT\" \/>\n<meta property=\"og:type\" content=\"article\" \/>\n<meta property=\"og:title\" content=\"Formation en ligne - Density France\" \/>\n<meta property=\"og:description\" content=\"Une formation adapt\u00e9e \u00e0 tous les professionnels de la s\u00e9curit\u00e9 pour apprendre \u00e0 dimensionner, positionner, c\u00e2bler et installer les G\u00e9n\u00e9rateurs de Brouillard Density\" \/>\n<meta property=\"og:url\" content=\"https:\/\/www.densityfrance.fr\/pt\/os-nossos-activos\/formacao-em-linha\/\" \/>\n<meta property=\"og:site_name\" content=\"Density France\" \/>\n<meta property=\"article:modified_time\" content=\"2024-09-12T13:31:30+00:00\" \/>\n<meta property=\"og:image\" content=\"https:\/\/www.densityfrance.fr\/wp-content\/uploads\/2021\/02\/luxe-picto-bleu.png\" \/>\n\t<meta property=\"og:image:width\" content=\"130\" \/>\n\t<meta property=\"og:image:height\" content=\"130\" \/>\n\t<meta property=\"og:image:type\" content=\"image\/png\" \/>\n<meta name=\"twitter:card\" content=\"summary_large_image\" \/>\n<meta name=\"twitter:label1\" content=\"Tempo estimado de leitura\" \/>\n\t<meta name=\"twitter:data1\" content=\"2 minutos\" \/>\n<script type=\"application\/ld+json\" class=\"yoast-schema-graph\">{\"@context\":\"https:\\\/\\\/schema.org\",\"@graph\":[{\"@type\":\"WebPage\",\"@id\":\"https:\\\/\\\/www.densityfrance.fr\\\/nos-atouts\\\/formation-en-ligne\\\/\",\"url\":\"https:\\\/\\\/www.densityfrance.fr\\\/nos-atouts\\\/formation-en-ligne\\\/\",\"name\":\"Formation en ligne - Density France\",\"isPartOf\":{\"@id\":\"https:\\\/\\\/www.densityfrance.fr\\\/#website\"},\"primaryImageOfPage\":{\"@id\":\"https:\\\/\\\/www.densityfrance.fr\\\/nos-atouts\\\/formation-en-ligne\\\/#primaryimage\"},\"image\":{\"@id\":\"https:\\\/\\\/www.densityfrance.fr\\\/nos-atouts\\\/formation-en-ligne\\\/#primaryimage\"},\"thumbnailUrl\":\"https:\\\/\\\/www.densityfrance.fr\\\/wp-content\\\/uploads\\\/2021\\\/02\\\/luxe-picto-bleu.png\",\"datePublished\":\"2021-03-02T14:14:32+00:00\",\"dateModified\":\"2024-09-12T13:31:30+00:00\",\"description\":\"Une formation adapt\u00e9e \u00e0 tous les professionnels de la s\u00e9curit\u00e9 pour apprendre \u00e0 dimensionner, positionner, c\u00e2bler et installer les G\u00e9n\u00e9rateurs de Brouillard Density\",\"breadcrumb\":{\"@id\":\"https:\\\/\\\/www.densityfrance.fr\\\/nos-atouts\\\/formation-en-ligne\\\/#breadcrumb\"},\"inLanguage\":\"pt-PT\",\"potentialAction\":[{\"@type\":\"ReadAction\",\"target\":[\"https:\\\/\\\/www.densityfrance.fr\\\/nos-atouts\\\/formation-en-ligne\\\/\"]}]},{\"@type\":\"ImageObject\",\"inLanguage\":\"pt-PT\",\"@id\":\"https:\\\/\\\/www.densityfrance.fr\\\/nos-atouts\\\/formation-en-ligne\\\/#primaryimage\",\"url\":\"https:\\\/\\\/www.densityfrance.fr\\\/wp-content\\\/uploads\\\/2021\\\/02\\\/luxe-picto-bleu.png\",\"contentUrl\":\"https:\\\/\\\/www.densityfrance.fr\\\/wp-content\\\/uploads\\\/2021\\\/02\\\/luxe-picto-bleu.png\",\"width\":130,\"height\":130},{\"@type\":\"BreadcrumbList\",\"@id\":\"https:\\\/\\\/www.densityfrance.fr\\\/nos-atouts\\\/formation-en-ligne\\\/#breadcrumb\",\"itemListElement\":[{\"@type\":\"ListItem\",\"position\":1,\"name\":\"Accueil\",\"item\":\"https:\\\/\\\/www.densityfrance.fr\\\/\"},{\"@type\":\"ListItem\",\"position\":2,\"name\":\"Nos atouts\",\"item\":\"https:\\\/\\\/www.densityfrance.fr\\\/nos-atouts\\\/\"},{\"@type\":\"ListItem\",\"position\":3,\"name\":\"Formation en ligne\"}]},{\"@type\":\"WebSite\",\"@id\":\"https:\\\/\\\/www.densityfrance.fr\\\/#website\",\"url\":\"https:\\\/\\\/www.densityfrance.fr\\\/\",\"name\":\"Density France\",\"description\":\"G\u00e9n\u00e9rateurs de brouillard anti-intrusion\",\"publisher\":{\"@id\":\"https:\\\/\\\/www.densityfrance.fr\\\/#organization\"},\"potentialAction\":[{\"@type\":\"SearchAction\",\"target\":{\"@type\":\"EntryPoint\",\"urlTemplate\":\"https:\\\/\\\/www.densityfrance.fr\\\/?s={search_term_string}\"},\"query-input\":{\"@type\":\"PropertyValueSpecification\",\"valueRequired\":true,\"valueName\":\"search_term_string\"}}],\"inLanguage\":\"pt-PT\"},{\"@type\":\"Organization\",\"@id\":\"https:\\\/\\\/www.densityfrance.fr\\\/#organization\",\"name\":\"Density\",\"url\":\"https:\\\/\\\/www.densityfrance.fr\\\/\",\"logo\":{\"@type\":\"ImageObject\",\"inLanguage\":\"pt-PT\",\"@id\":\"https:\\\/\\\/www.densityfrance.fr\\\/#\\\/schema\\\/logo\\\/image\\\/\",\"url\":\"https:\\\/\\\/www.densityfrance.fr\\\/wp-content\\\/uploads\\\/2021\\\/07\\\/Density-logo-couleur-transp-M.png\",\"contentUrl\":\"https:\\\/\\\/www.densityfrance.fr\\\/wp-content\\\/uploads\\\/2021\\\/07\\\/Density-logo-couleur-transp-M.png\",\"width\":404,\"height\":89,\"caption\":\"Density\"},\"image\":{\"@id\":\"https:\\\/\\\/www.densityfrance.fr\\\/#\\\/schema\\\/logo\\\/image\\\/\"}}]}<\/script>\n<!-- \/ Yoast SEO plugin. -->","yoast_head_json":{"title":"Forma\u00e7\u00e3o em linha - Densidade Fran\u00e7a","description":"Forma\u00e7\u00e3o adaptada a todos os profissionais de seguran\u00e7a para aprender a dimensionar, posicionar, cablar e instalar Geradores de Nevoeiro de Densidade.","robots":{"index":"index","follow":"follow","max-snippet":"max-snippet:-1","max-image-preview":"max-image-preview:large","max-video-preview":"max-video-preview:-1"},"canonical":"https:\/\/www.densityfrance.fr\/pt\/os-nossos-activos\/formacao-em-linha\/","og_locale":"pt_PT","og_type":"article","og_title":"Formation en ligne - Density France","og_description":"Une formation adapt\u00e9e \u00e0 tous les professionnels de la s\u00e9curit\u00e9 pour apprendre \u00e0 dimensionner, positionner, c\u00e2bler et installer les G\u00e9n\u00e9rateurs de Brouillard Density","og_url":"https:\/\/www.densityfrance.fr\/pt\/os-nossos-activos\/formacao-em-linha\/","og_site_name":"Density France","article_modified_time":"2024-09-12T13:31:30+00:00","og_image":[{"width":130,"height":130,"url":"https:\/\/www.densityfrance.fr\/wp-content\/uploads\/2021\/02\/luxe-picto-bleu.png","type":"image\/png"}],"twitter_card":"summary_large_image","twitter_misc":{"Tempo estimado de leitura":"2 minutos"},"schema":{"@context":"https:\/\/schema.org","@graph":[{"@type":"WebPage","@id":"https:\/\/www.densityfrance.fr\/nos-atouts\/formation-en-ligne\/","url":"https:\/\/www.densityfrance.fr\/nos-atouts\/formation-en-ligne\/","name":"Forma\u00e7\u00e3o em linha - Densidade Fran\u00e7a","isPartOf":{"@id":"https:\/\/www.densityfrance.fr\/#website"},"primaryImageOfPage":{"@id":"https:\/\/www.densityfrance.fr\/nos-atouts\/formation-en-ligne\/#primaryimage"},"image":{"@id":"https:\/\/www.densityfrance.fr\/nos-atouts\/formation-en-ligne\/#primaryimage"},"thumbnailUrl":"https:\/\/www.densityfrance.fr\/wp-content\/uploads\/2021\/02\/luxe-picto-bleu.png","datePublished":"2021-03-02T14:14:32+00:00","dateModified":"2024-09-12T13:31:30+00:00","description":"Forma\u00e7\u00e3o adaptada a todos os profissionais de seguran\u00e7a para aprender a dimensionar, posicionar, cablar e instalar Geradores de Nevoeiro de Densidade.","breadcrumb":{"@id":"https:\/\/www.densityfrance.fr\/nos-atouts\/formation-en-ligne\/#breadcrumb"},"inLanguage":"pt-PT","potentialAction":[{"@type":"ReadAction","target":["https:\/\/www.densityfrance.fr\/nos-atouts\/formation-en-ligne\/"]}]},{"@type":"ImageObject","inLanguage":"pt-PT","@id":"https:\/\/www.densityfrance.fr\/nos-atouts\/formation-en-ligne\/#primaryimage","url":"https:\/\/www.densityfrance.fr\/wp-content\/uploads\/2021\/02\/luxe-picto-bleu.png","contentUrl":"https:\/\/www.densityfrance.fr\/wp-content\/uploads\/2021\/02\/luxe-picto-bleu.png","width":130,"height":130},{"@type":"BreadcrumbList","@id":"https:\/\/www.densityfrance.fr\/nos-atouts\/formation-en-ligne\/#breadcrumb","itemListElement":[{"@type":"ListItem","position":1,"name":"Accueil","item":"https:\/\/www.densityfrance.fr\/"},{"@type":"ListItem","position":2,"name":"Nos atouts","item":"https:\/\/www.densityfrance.fr\/nos-atouts\/"},{"@type":"ListItem","position":3,"name":"Formation en ligne"}]},{"@type":"WebSite","@id":"https:\/\/www.densityfrance.fr\/#website","url":"https:\/\/www.densityfrance.fr\/","name":"Densidade Fran\u00e7a","description":"Geradores de nevoeiro anti-intrus\u00e3o","publisher":{"@id":"https:\/\/www.densityfrance.fr\/#organization"},"potentialAction":[{"@type":"SearchAction","target":{"@type":"EntryPoint","urlTemplate":"https:\/\/www.densityfrance.fr\/?s={search_term_string}"},"query-input":{"@type":"PropertyValueSpecification","valueRequired":true,"valueName":"search_term_string"}}],"inLanguage":"pt-PT"},{"@type":"Organization","@id":"https:\/\/www.densityfrance.fr\/#organization","name":"Densidade","url":"https:\/\/www.densityfrance.fr\/","logo":{"@type":"ImageObject","inLanguage":"pt-PT","@id":"https:\/\/www.densityfrance.fr\/#\/schema\/logo\/image\/","url":"https:\/\/www.densityfrance.fr\/wp-content\/uploads\/2021\/07\/Density-logo-couleur-transp-M.png","contentUrl":"https:\/\/www.densityfrance.fr\/wp-content\/uploads\/2021\/07\/Density-logo-couleur-transp-M.png","width":404,"height":89,"caption":"Density"},"image":{"@id":"https:\/\/www.densityfrance.fr\/#\/schema\/logo\/image\/"}}]}},"_links":{"self":[{"href":"https:\/\/www.densityfrance.fr\/pt\/wp-json\/wp\/v2\/pages\/5071","targetHints":{"allow":["GET"]}}],"collection":[{"href":"https:\/\/www.densityfrance.fr\/pt\/wp-json\/wp\/v2\/pages"}],"about":[{"href":"https:\/\/www.densityfrance.fr\/pt\/wp-json\/wp\/v2\/types\/page"}],"author":[{"embeddable":true,"href":"https:\/\/www.densityfrance.fr\/pt\/wp-json\/wp\/v2\/users\/1"}],"replies":[{"embeddable":true,"href":"https:\/\/www.densityfrance.fr\/pt\/wp-json\/wp\/v2\/comments?post=5071"}],"version-history":[{"count":35,"href":"https:\/\/www.densityfrance.fr\/pt\/wp-json\/wp\/v2\/pages\/5071\/revisions"}],"predecessor-version":[{"id":7599,"href":"https:\/\/www.densityfrance.fr\/pt\/wp-json\/wp\/v2\/pages\/5071\/revisions\/7599"}],"up":[{"embeddable":true,"href":"https:\/\/www.densityfrance.fr\/pt\/wp-json\/wp\/v2\/pages\/3098"}],"wp:featuredmedia":[{"embeddable":true,"href":"https:\/\/www.densityfrance.fr\/pt\/wp-json\/wp\/v2\/media\/4297"}],"wp:attachment":[{"href":"https:\/\/www.densityfrance.fr\/pt\/wp-json\/wp\/v2\/media?parent=5071"}],"curies":[{"name":"wp","href":"https:\/\/api.w.org\/{rel}","templated":true}]}}