{"id":5090,"date":"2021-03-02T14:19:41","date_gmt":"2021-03-02T14:19:41","guid":{"rendered":"https:\/\/www.densityfrance.fr\/?page_id=5090"},"modified":"2024-10-21T13:40:32","modified_gmt":"2024-10-21T12:40:32","slug":"chi-siamo","status":"publish","type":"page","link":"https:\/\/www.densityfrance.fr\/it\/qui-sommes-nous\/","title":{"rendered":"Chi siamo?"},"content":{"rendered":"<div data-elementor-type=\"wp-page\" data-elementor-id=\"5090\" class=\"elementor elementor-5090\" data-elementor-post-type=\"page\">\n\t\t\t\t\t\t<section class=\"elementor-section elementor-top-section elementor-element elementor-element-12e24554 gp_section_contexte ot-traditional elementor-section-boxed elementor-section-height-default elementor-section-height-default\" data-id=\"12e24554\" data-element_type=\"section\" data-e-type=\"section\">\n\t\t\t\t\t\t<div class=\"elementor-container elementor-column-gap-extended\">\n\t\t\t\t\t<div class=\"elementor-column elementor-col-100 elementor-top-column elementor-element elementor-element-6866f177 ot-column-items-center ot-flex-column-vertical\" data-id=\"6866f177\" data-element_type=\"column\" data-e-type=\"column\">\n\t\t\t<div class=\"elementor-widget-wrap elementor-element-populated\">\n\t\t\t\t\t\t<div class=\"elementor-element elementor-element-4e15071f elementor-widget elementor-widget-iheading\" data-id=\"4e15071f\" data-element_type=\"widget\" data-e-type=\"widget\" data-widget_type=\"iheading.default\">\n\t\t\t\t<div class=\"elementor-widget-container\">\n\t\t\t\t\t\t\t<div class=\"ot-heading\">\r\n\t        \t            <span>\/\/ Competenza<\/span>\r\n\t        <h2 class=\"main-heading\">La nostra esperienza, la vostra sicurezza!<\/h2>\t    <\/div>\r\n\t    \t\t\t\t<\/div>\n\t\t\t\t<\/div>\n\t\t\t\t<div class=\"elementor-element elementor-element-47906a85 elementor-widget elementor-widget-text-editor\" data-id=\"47906a85\" data-element_type=\"widget\" data-e-type=\"widget\" data-widget_type=\"text-editor.default\">\n\t\t\t\t<div class=\"elementor-widget-container\">\n\t\t\t\t\t\t\t\t\t<p>Dopo 20 anni di lavoro per sviluppare la reputazione della tecnologia antinebbia in Francia, e in mancanza di innovazioni tecnologiche per soddisfare le nuove richieste dei clienti, abbiamo deciso di mettere insieme un team per una nuova avventura: creare nuovi prodotti antinebbia. <a href=\"https:\/\/www.densityfrance.fr\/it\/generatori-di-nebbia\/\">Generatori di nebbia<\/a> pi\u00f9 efficiente, pi\u00f9 connesso, che si adatter\u00e0 alle esigenze di tutti.<\/p><p>Dai quattro angoli d'Europa, abbiamo acquisito l'esperienza necessaria per comprendere le vostre esigenze e le competenze tecniche e tecnologiche per soddisfarle. Questa tecnologia anti-intrusione nebbiogena \u00e8 ancora troppo poco conosciuta e siamo consapevoli della strada che dobbiamo ancora percorrere prima che tutti possano beneficiare di questa protezione definitiva.<\/p><p>All'inizio di questa avventura eravamo tre persone con caratteri e competenze molto diverse ma complementari. Ci siamo rivolti a un produttore del sud Europa con esperienza nel mercato aerospaziale e militare, abituato quindi a sviluppare prodotti con elevati standard qualitativi e che richiedono un alto livello di sicurezza e affidabilit\u00e0.<\/p><p>La nostra esperienza nel mercato della sicurezza nebbiogena ci ha permesso di identificare le lacune del mercato attuale. Insieme, abbiamo sviluppato generatori di nebbia che soddisfano meglio queste esigenze. Pi\u00f9 prestazioni, maggiore densit\u00e0 di nebbia e connettivit\u00e0 che si adattano meglio alla mobilit\u00e0 richiesta dagli stili di vita odierni.<\/p>\t\t\t\t\t\t\t\t<\/div>\n\t\t\t\t<\/div>\n\t\t\t\t\t<\/div>\n\t\t<\/div>\n\t\t\t\t\t<\/div>\n\t\t<\/section>\n\t\t\t\t<section class=\"elementor-section elementor-top-section elementor-element elementor-element-9d9840c gp_section_contexte ot-traditional elementor-section-boxed elementor-section-height-default elementor-section-height-default\" data-id=\"9d9840c\" data-element_type=\"section\" data-e-type=\"section\" data-settings=\"{&quot;background_background&quot;:&quot;classic&quot;}\">\n\t\t\t\t\t\t<div class=\"elementor-container elementor-column-gap-extended\">\n\t\t\t\t\t<div class=\"elementor-column elementor-col-100 elementor-top-column elementor-element elementor-element-81deadc ot-column-items-center ot-flex-column-vertical\" data-id=\"81deadc\" data-element_type=\"column\" data-e-type=\"column\">\n\t\t\t<div class=\"elementor-widget-wrap elementor-element-populated\">\n\t\t\t\t\t\t<div class=\"elementor-element elementor-element-a18dfaf elementor-widget elementor-widget-iheading\" data-id=\"a18dfaf\" data-element_type=\"widget\" data-e-type=\"widget\" data-widget_type=\"iheading.default\">\n\t\t\t\t<div class=\"elementor-widget-container\">\n\t\t\t\t\t\t\t<div class=\"ot-heading\">\r\n\t        \t            <span>\/\/ Missione<\/span>\r\n\t        <h2 class=\"main-heading\">Per voi: sicurezza duratura!<\/h2>\t    <\/div>\r\n\t    \t\t\t\t<\/div>\n\t\t\t\t<\/div>\n\t\t\t\t<div class=\"elementor-element elementor-element-d3e3c49 elementor-widget elementor-widget-text-editor\" data-id=\"d3e3c49\" data-element_type=\"widget\" data-e-type=\"widget\" data-widget_type=\"text-editor.default\">\n\t\t\t\t<div class=\"elementor-widget-container\">\n\t\t\t\t\t\t\t\t\t<p>Il nostro mondo e la nostra vita quotidiana stanno accelerando, rendendoci sempre pi\u00f9 esigenti e creando fratture sociali nella societ\u00e0 moderna. I sorprendenti sviluppi tecnologici degli ultimi 10 anni hanno creato nuovi bisogni. Le crisi economiche e sanitarie stanno accentuando il senso di disuguaglianza, creando fonti di frustrazione e insicurezza di ogni tipo.<\/p><p>Questo sentimento di disuguaglianza e ingiustizia sta contribuendo all'aumento della violenza contro le persone e, soprattutto, contro la propriet\u00e0. Al giorno d'oggi, nessuno \u00e8 immune dall'essere vittima di uno scippo in casa propria o di un'effrazione con furto e danni alla propria abitazione o al proprio posto di lavoro. I dati parlano chiaro:<\/p>\t\t\t\t\t\t\t\t<\/div>\n\t\t\t\t<\/div>\n\t\t\t\t<section class=\"elementor-section elementor-inner-section elementor-element elementor-element-d4b449a ot-traditional elementor-section-boxed elementor-section-height-default elementor-section-height-default\" data-id=\"d4b449a\" data-element_type=\"section\" data-e-type=\"section\">\n\t\t\t\t\t\t<div class=\"elementor-container elementor-column-gap-wider\">\n\t\t\t\t\t<div class=\"elementor-column elementor-col-50 elementor-inner-column elementor-element elementor-element-664151e ot-flex-column-vertical\" data-id=\"664151e\" data-element_type=\"column\" data-e-type=\"column\">\n\t\t\t<div class=\"elementor-widget-wrap elementor-element-populated\">\n\t\t\t\t\t\t<div class=\"elementor-element elementor-element-5eb55a7 elementor-widget elementor-widget-heading\" data-id=\"5eb55a7\" data-element_type=\"widget\" data-e-type=\"widget\" data-widget_type=\"heading.default\">\n\t\t\t\t<div class=\"elementor-widget-container\">\n\t\t\t\t\t<h4 class=\"elementor-heading-title elementor-size-default\">Aumentano i furti professionali<\/h4>\t\t\t\t<\/div>\n\t\t\t\t<\/div>\n\t\t\t\t<div class=\"elementor-element elementor-element-011bf7f elementor-widget elementor-widget-image\" data-id=\"011bf7f\" data-element_type=\"widget\" data-e-type=\"widget\" data-settings=\"{&quot;motion_fx_motion_fx_mouse&quot;:&quot;yes&quot;,&quot;motion_fx_tilt_effect&quot;:&quot;yes&quot;,&quot;motion_fx_tilt_speed&quot;:{&quot;unit&quot;:&quot;px&quot;,&quot;size&quot;:2,&quot;sizes&quot;:[]}}\" data-widget_type=\"image.default\">\n\t\t\t\t<div class=\"elementor-widget-container\">\n\t\t\t\t\t\t\t\t\t\t\t\t\t\t\t<img decoding=\"async\" data-src=\"https:\/\/www.densityfrance.fr\/wp-content\/uploads\/elementor\/thumbs\/tableau-evolution-cambriolages-professionnels-ri7y23ltiglkzh54mik8mriwnpmt3upb3r3ur4svsw.jpg\" title=\"tabella-evoluzione-professionale-furti\" alt=\"tabella-evoluzione-professionale-furti\" width=\"502\" class=\"smush-dimensions lazyload\" style=\"--smush-image-width: 502px; --smush-image-aspect-ratio: 502\/230;\" src=\"data:image\/svg+xml;base64,PHN2ZyB3aWR0aD0iMSIgaGVpZ2h0PSIxIiB4bWxucz0iaHR0cDovL3d3dy53My5vcmcvMjAwMC9zdmciPjwvc3ZnPg==\" \/>\t\t\t\t\t\t\t\t\t\t\t\t\t\t\t<\/div>\n\t\t\t\t<\/div>\n\t\t\t\t<div class=\"elementor-element elementor-element-66601b4 elementor-widget elementor-widget-text-editor\" data-id=\"66601b4\" data-element_type=\"widget\" data-e-type=\"widget\" data-widget_type=\"text-editor.default\">\n\t\t\t\t<div class=\"elementor-widget-container\">\n\t\t\t\t\t\t\t\t\t<p>Tra i professionisti, il numero annuale di furti \u00e8 in costante aumento dal 2012 (fonte: info.gouv.fr).<\/p>\t\t\t\t\t\t\t\t<\/div>\n\t\t\t\t<\/div>\n\t\t\t\t\t<\/div>\n\t\t<\/div>\n\t\t\t\t<div class=\"elementor-column elementor-col-50 elementor-inner-column elementor-element elementor-element-6e84532 ot-flex-column-vertical\" data-id=\"6e84532\" data-element_type=\"column\" data-e-type=\"column\">\n\t\t\t<div class=\"elementor-widget-wrap elementor-element-populated\">\n\t\t\t\t\t\t<div class=\"elementor-element elementor-element-55ed60c elementor-widget elementor-widget-heading\" data-id=\"55ed60c\" data-element_type=\"widget\" data-e-type=\"widget\" data-widget_type=\"heading.default\">\n\t\t\t\t<div class=\"elementor-widget-container\">\n\t\t\t\t\t<h4 class=\"elementor-heading-title elementor-size-default\">I furti nelle case private sono ancora in aumento<\/h4>\t\t\t\t<\/div>\n\t\t\t\t<\/div>\n\t\t\t\t<div class=\"elementor-element elementor-element-640676d elementor-widget elementor-widget-image\" data-id=\"640676d\" data-element_type=\"widget\" data-e-type=\"widget\" data-settings=\"{&quot;motion_fx_motion_fx_mouse&quot;:&quot;yes&quot;,&quot;motion_fx_tilt_effect&quot;:&quot;yes&quot;,&quot;motion_fx_tilt_speed&quot;:{&quot;unit&quot;:&quot;px&quot;,&quot;size&quot;:2,&quot;sizes&quot;:[]}}\" data-widget_type=\"image.default\">\n\t\t\t\t<div class=\"elementor-widget-container\">\n\t\t\t\t\t\t\t\t\t\t\t\t\t\t\t<img decoding=\"async\" data-src=\"https:\/\/www.densityfrance.fr\/wp-content\/uploads\/elementor\/thumbs\/tableau-evolution-cambriolages-personnels-ri7y27d69sqq9wzo0k6qwqkr1949yn48g9pso8nb40.jpg\" title=\"tabella-evoluzione-furti-personale\" alt=\"tabella-evoluzione-furti-personale\" width=\"471\" class=\"smush-dimensions lazyload\" style=\"--smush-image-width: 471px; --smush-image-aspect-ratio: 471\/230;\" src=\"data:image\/svg+xml;base64,PHN2ZyB3aWR0aD0iMSIgaGVpZ2h0PSIxIiB4bWxucz0iaHR0cDovL3d3dy53My5vcmcvMjAwMC9zdmciPjwvc3ZnPg==\" \/>\t\t\t\t\t\t\t\t\t\t\t\t\t\t\t<\/div>\n\t\t\t\t<\/div>\n\t\t\t\t<div class=\"elementor-element elementor-element-6bdc3ed elementor-widget elementor-widget-text-editor\" data-id=\"6bdc3ed\" data-element_type=\"widget\" data-e-type=\"widget\" data-widget_type=\"text-editor.default\">\n\t\t\t\t<div class=\"elementor-widget-container\">\n\t\t\t\t\t\t\t\t\t<p>Tra i privati, anche se il numero annuale di furti \u00e8 rimasto relativamente stabile dal 2013, \u00e8 ancora molto alto (fonte: info.gouv.fr).<\/p>\t\t\t\t\t\t\t\t<\/div>\n\t\t\t\t<\/div>\n\t\t\t\t\t<\/div>\n\t\t<\/div>\n\t\t\t\t\t<\/div>\n\t\t<\/section>\n\t\t\t\t<div class=\"elementor-element elementor-element-91b7321 elementor-widget elementor-widget-heading\" data-id=\"91b7321\" data-element_type=\"widget\" data-e-type=\"widget\" data-widget_type=\"heading.default\">\n\t\t\t\t<div class=\"elementor-widget-container\">\n\t\t\t\t\t<h4 class=\"elementor-heading-title elementor-size-default\">Con questo obiettivo, abbiamo lavorato per sviluppare un marchio che permetta a voi, privati e professionisti, di prendere in mano la situazione!<\/h4>\t\t\t\t<\/div>\n\t\t\t\t<\/div>\n\t\t\t\t<div class=\"elementor-element elementor-element-980c2d8 elementor-widget elementor-widget-text-editor\" data-id=\"980c2d8\" data-element_type=\"widget\" data-e-type=\"widget\" data-widget_type=\"text-editor.default\">\n\t\t\t\t<div class=\"elementor-widget-container\">\n\t\t\t\t\t\t\t\t\t<p>Che ne dite di una soluzione che vi protegga da tutto questo? Una soluzione che vi semplifichi la vita, permettendovi di godervi la vostra famiglia senza preoccuparvi di intrusi mentre dormite.<\/p><p>Che ne dite di una soluzione che protegga i vostri strumenti di lavoro? Una soluzione che vi permetta di aprire la vostra attivit\u00e0 o il vostro negozio al mattino senza dovervi preoccupare di scoprire un furto avvenuto durante la notte o nel fine settimana?<\/p><p>Che ne dite di una soluzione che vi eviti di essere svegliati nel cuore della notte dall'allarme che segnala un intruso notturno nel vostro negozio? Per tutti questi motivi, Density<sup class=\"tm\">\u00ae<\/sup> \u00e8 la soluzione!<\/p><p>Scoprite il Generatore di Nebbia pi\u00f9 adatto alle vostre esigenze nelle \u00abnostre soluzioni\u00bb e venite a condividere la nostra visione di un mondo migliore senza lo stress del furto o dello scippo!<\/p>\t\t\t\t\t\t\t\t<\/div>\n\t\t\t\t<\/div>\n\t\t\t\t\t<\/div>\n\t\t<\/div>\n\t\t\t\t\t<\/div>\n\t\t<\/section>\n\t\t\t\t<section class=\"elementor-section elementor-top-section elementor-element elementor-element-ac5ddcd gp_section_contexte ot-traditional elementor-section-boxed elementor-section-height-default elementor-section-height-default\" data-id=\"ac5ddcd\" data-element_type=\"section\" data-e-type=\"section\">\n\t\t\t\t\t\t<div class=\"elementor-container elementor-column-gap-extended\">\n\t\t\t\t\t<div class=\"elementor-column elementor-col-100 elementor-top-column elementor-element elementor-element-18748f0 ot-column-items-center ot-flex-column-vertical\" data-id=\"18748f0\" data-element_type=\"column\" data-e-type=\"column\">\n\t\t\t<div class=\"elementor-widget-wrap elementor-element-populated\">\n\t\t\t\t\t\t<div class=\"elementor-element elementor-element-52284cd elementor-widget elementor-widget-iheading\" data-id=\"52284cd\" data-element_type=\"widget\" data-e-type=\"widget\" data-widget_type=\"iheading.default\">\n\t\t\t\t<div class=\"elementor-widget-container\">\n\t\t\t\t\t\t\t<div class=\"ot-heading\">\r\n\t        \t            <span>\/\/ Visione<\/span>\r\n\t        <h2 class=\"main-heading\">Sicurezza personalizzata e sempre pi\u00f9 connessa<\/h2>\t    <\/div>\r\n\t    \t\t\t\t<\/div>\n\t\t\t\t<\/div>\n\t\t\t\t<div class=\"elementor-element elementor-element-9d283ef elementor-widget elementor-widget-text-editor\" data-id=\"9d283ef\" data-element_type=\"widget\" data-e-type=\"widget\" data-widget_type=\"text-editor.default\">\n\t\t\t\t<div class=\"elementor-widget-container\">\n\t\t\t\t\t\t\t\t\t<p>Il nostro modo di lavorare cambier\u00e0 notevolmente nei prossimi anni, passando da una modalit\u00e0 sedentaria a una nomade, che ci permetter\u00e0 di dematerializzare le nostre attivit\u00e0 professionali e la nostra vita quotidiana.<\/p><p>La necessit\u00e0 di accedere ai nostri beni da qualsiasi luogo senza essere sul posto diventer\u00e0 una vera e propria norma, e per questo \u00e8 essenziale che il mercato della sicurezza si evolva pensando \u00abconnesso\u00bb e pensando \u00aball'azione a distanza\u00bb.<\/p><p>I nostri telefoni cellulari stanno diventando parte integrante della nostra vita quotidiana, anzi, di noi stessi. Dobbiamo quindi sapere come proteggere i nostri beni quando non ci siamo ed essere connessi per monitorarli a distanza.<\/p><p>Per una vita quotidiana migliore, sta diventando necessario lasciare che i sistemi e i prodotti tecnologici gestiscano i nostri strumenti di lavoro e i nostri beni senza che sia necessario intervenire fisicamente. L'intelligenza artificiale e l'apprendimento automatico ci aiuteranno a risparmiare tempo, sollevandoci dal peso di compiti semplici ma ripetitivi. La sicurezza e le attrezzature devono essere pronte per questi cambiamenti della societ\u00e0.<\/p><p>I nostri team di ingegneri informatici ed elettronici stanno gi\u00e0 sviluppando numerosi nuovi progetti per i nostri generatori di nebbia, per renderne ancora pi\u00f9 semplice l'installazione e la manutenzione e per aggiungere nuove modalit\u00e0 di comunicazione che consentano di collegare in rete i nostri sistemi di nebbia Density.<sup class=\"tm\">\u00ae<\/sup> nelle vostre case grazie alla domotica. Ma anche nei vostri negozi o locali commerciali, per garantirvi un'installazione, una gestione e una manutenzione semplici che vi aiutino a ottimizzare i costi.<\/p><p>Il team Density<sup class=\"tm\">\u00ae<\/sup>\u00a0\u00e8 in missione per portare una rivoluzione nella protezione dagli intrusi, distribuendo facilmente i generatori in tutti gli ambienti per fermare le azioni dannose di individui malintenzionati e rendere il mondo un posto migliore!<\/p><p>Venite a partecipare all'avventura della densit\u00e0<sup class=\"tm\">\u00ae<\/sup>\u00a0!<\/p>\t\t\t\t\t\t\t\t<\/div>\n\t\t\t\t<\/div>\n\t\t\t\t\t<\/div>\n\t\t<\/div>\n\t\t\t\t\t<\/div>\n\t\t<\/section>\n\t\t\t\t<\/div>","protected":false},"excerpt":{"rendered":"<p>\/\/ Expertise Notre exp\u00e9rience, votre s\u00e9curit\u00e9 ! Apr\u00e8s 20 ans de travail au d\u00e9veloppement de la notori\u00e9t\u00e9 de la technologie de protection par le Brouillard sur le territoire national et manquant d\u2019innovations technologiques capables de r\u00e9pondre aux nouvelles demandes des clients, nous avons d\u00e9cid\u00e9 de constituer une \u00e9quipe pour une nouvelle aventure\u00a0: cr\u00e9er des G\u00e9n\u00e9rateurs [&hellip;]<\/p>\n","protected":false},"author":1,"featured_media":4297,"parent":0,"menu_order":0,"comment_status":"closed","ping_status":"closed","template":"","meta":{"footnotes":""},"class_list":["post-5090","page","type-page","status-publish","has-post-thumbnail","hentry"],"yoast_head":"<!-- This site is optimized with the Yoast SEO plugin v27.4 - https:\/\/yoast.com\/product\/yoast-seo-wordpress\/ -->\n<title>Qui sommes-nous ? - Density France<\/title>\n<meta name=\"description\" content=\"D\u00e9couvrez Density France, sp\u00e9cialiste des solutions anti-intrusion pour professionnels et particuliers avec des g\u00e9n\u00e9rateurs de brouillard performants\" \/>\n<meta name=\"robots\" content=\"index, follow, max-snippet:-1, max-image-preview:large, max-video-preview:-1\" \/>\n<link rel=\"canonical\" href=\"https:\/\/www.densityfrance.fr\/it\/chi-siamo\/\" \/>\n<meta property=\"og:locale\" content=\"it_IT\" \/>\n<meta property=\"og:type\" content=\"article\" \/>\n<meta property=\"og:title\" content=\"Qui sommes-nous ? - Density France\" \/>\n<meta property=\"og:description\" content=\"D\u00e9couvrez Density France, sp\u00e9cialiste des solutions anti-intrusion pour professionnels et particuliers avec des g\u00e9n\u00e9rateurs de brouillard performants\" \/>\n<meta property=\"og:url\" content=\"https:\/\/www.densityfrance.fr\/it\/chi-siamo\/\" \/>\n<meta property=\"og:site_name\" content=\"Density France\" \/>\n<meta property=\"article:modified_time\" content=\"2024-10-21T12:40:32+00:00\" \/>\n<meta property=\"og:image\" content=\"https:\/\/www.densityfrance.fr\/wp-content\/uploads\/2021\/02\/luxe-picto-bleu.png\" \/>\n\t<meta property=\"og:image:width\" content=\"130\" \/>\n\t<meta property=\"og:image:height\" content=\"130\" \/>\n\t<meta property=\"og:image:type\" content=\"image\/png\" \/>\n<meta name=\"twitter:card\" content=\"summary_large_image\" \/>\n<meta name=\"twitter:label1\" content=\"Tempo di lettura stimato\" \/>\n\t<meta name=\"twitter:data1\" content=\"5 minuti\" \/>\n<script type=\"application\/ld+json\" class=\"yoast-schema-graph\">{\"@context\":\"https:\\\/\\\/schema.org\",\"@graph\":[{\"@type\":\"WebPage\",\"@id\":\"https:\\\/\\\/www.densityfrance.fr\\\/qui-sommes-nous\\\/\",\"url\":\"https:\\\/\\\/www.densityfrance.fr\\\/qui-sommes-nous\\\/\",\"name\":\"Qui sommes-nous ? - Density France\",\"isPartOf\":{\"@id\":\"https:\\\/\\\/www.densityfrance.fr\\\/#website\"},\"primaryImageOfPage\":{\"@id\":\"https:\\\/\\\/www.densityfrance.fr\\\/qui-sommes-nous\\\/#primaryimage\"},\"image\":{\"@id\":\"https:\\\/\\\/www.densityfrance.fr\\\/qui-sommes-nous\\\/#primaryimage\"},\"thumbnailUrl\":\"https:\\\/\\\/www.densityfrance.fr\\\/wp-content\\\/uploads\\\/2021\\\/02\\\/luxe-picto-bleu.png\",\"datePublished\":\"2021-03-02T14:19:41+00:00\",\"dateModified\":\"2024-10-21T12:40:32+00:00\",\"description\":\"D\u00e9couvrez Density France, sp\u00e9cialiste des solutions anti-intrusion pour professionnels et particuliers avec des g\u00e9n\u00e9rateurs de brouillard performants\",\"breadcrumb\":{\"@id\":\"https:\\\/\\\/www.densityfrance.fr\\\/qui-sommes-nous\\\/#breadcrumb\"},\"inLanguage\":\"it-IT\",\"potentialAction\":[{\"@type\":\"ReadAction\",\"target\":[\"https:\\\/\\\/www.densityfrance.fr\\\/qui-sommes-nous\\\/\"]}]},{\"@type\":\"ImageObject\",\"inLanguage\":\"it-IT\",\"@id\":\"https:\\\/\\\/www.densityfrance.fr\\\/qui-sommes-nous\\\/#primaryimage\",\"url\":\"https:\\\/\\\/www.densityfrance.fr\\\/wp-content\\\/uploads\\\/2021\\\/02\\\/luxe-picto-bleu.png\",\"contentUrl\":\"https:\\\/\\\/www.densityfrance.fr\\\/wp-content\\\/uploads\\\/2021\\\/02\\\/luxe-picto-bleu.png\",\"width\":130,\"height\":130},{\"@type\":\"BreadcrumbList\",\"@id\":\"https:\\\/\\\/www.densityfrance.fr\\\/qui-sommes-nous\\\/#breadcrumb\",\"itemListElement\":[{\"@type\":\"ListItem\",\"position\":1,\"name\":\"Accueil\",\"item\":\"https:\\\/\\\/www.densityfrance.fr\\\/\"},{\"@type\":\"ListItem\",\"position\":2,\"name\":\"Qui sommes-nous ?\"}]},{\"@type\":\"WebSite\",\"@id\":\"https:\\\/\\\/www.densityfrance.fr\\\/#website\",\"url\":\"https:\\\/\\\/www.densityfrance.fr\\\/\",\"name\":\"Density France\",\"description\":\"G\u00e9n\u00e9rateurs de brouillard anti-intrusion\",\"publisher\":{\"@id\":\"https:\\\/\\\/www.densityfrance.fr\\\/#organization\"},\"potentialAction\":[{\"@type\":\"SearchAction\",\"target\":{\"@type\":\"EntryPoint\",\"urlTemplate\":\"https:\\\/\\\/www.densityfrance.fr\\\/?s={search_term_string}\"},\"query-input\":{\"@type\":\"PropertyValueSpecification\",\"valueRequired\":true,\"valueName\":\"search_term_string\"}}],\"inLanguage\":\"it-IT\"},{\"@type\":\"Organization\",\"@id\":\"https:\\\/\\\/www.densityfrance.fr\\\/#organization\",\"name\":\"Density\",\"url\":\"https:\\\/\\\/www.densityfrance.fr\\\/\",\"logo\":{\"@type\":\"ImageObject\",\"inLanguage\":\"it-IT\",\"@id\":\"https:\\\/\\\/www.densityfrance.fr\\\/#\\\/schema\\\/logo\\\/image\\\/\",\"url\":\"https:\\\/\\\/www.densityfrance.fr\\\/wp-content\\\/uploads\\\/2021\\\/07\\\/Density-logo-couleur-transp-M.png\",\"contentUrl\":\"https:\\\/\\\/www.densityfrance.fr\\\/wp-content\\\/uploads\\\/2021\\\/07\\\/Density-logo-couleur-transp-M.png\",\"width\":404,\"height\":89,\"caption\":\"Density\"},\"image\":{\"@id\":\"https:\\\/\\\/www.densityfrance.fr\\\/#\\\/schema\\\/logo\\\/image\\\/\"}}]}<\/script>\n<!-- \/ Yoast SEO plugin. -->","yoast_head_json":{"title":"Informazioni su Density - Densit\u00e0 Francia","description":"Scoprite Density France, specialista in soluzioni anti-intrusione per professionisti e privati con generatori di nebbia ad alte prestazioni.","robots":{"index":"index","follow":"follow","max-snippet":"max-snippet:-1","max-image-preview":"max-image-preview:large","max-video-preview":"max-video-preview:-1"},"canonical":"https:\/\/www.densityfrance.fr\/it\/chi-siamo\/","og_locale":"it_IT","og_type":"article","og_title":"Qui sommes-nous ? - Density France","og_description":"D\u00e9couvrez Density France, sp\u00e9cialiste des solutions anti-intrusion pour professionnels et particuliers avec des g\u00e9n\u00e9rateurs de brouillard performants","og_url":"https:\/\/www.densityfrance.fr\/it\/chi-siamo\/","og_site_name":"Density France","article_modified_time":"2024-10-21T12:40:32+00:00","og_image":[{"width":130,"height":130,"url":"https:\/\/www.densityfrance.fr\/wp-content\/uploads\/2021\/02\/luxe-picto-bleu.png","type":"image\/png"}],"twitter_card":"summary_large_image","twitter_misc":{"Tempo di lettura stimato":"5 minuti"},"schema":{"@context":"https:\/\/schema.org","@graph":[{"@type":"WebPage","@id":"https:\/\/www.densityfrance.fr\/qui-sommes-nous\/","url":"https:\/\/www.densityfrance.fr\/qui-sommes-nous\/","name":"Informazioni su Density - Densit\u00e0 Francia","isPartOf":{"@id":"https:\/\/www.densityfrance.fr\/#website"},"primaryImageOfPage":{"@id":"https:\/\/www.densityfrance.fr\/qui-sommes-nous\/#primaryimage"},"image":{"@id":"https:\/\/www.densityfrance.fr\/qui-sommes-nous\/#primaryimage"},"thumbnailUrl":"https:\/\/www.densityfrance.fr\/wp-content\/uploads\/2021\/02\/luxe-picto-bleu.png","datePublished":"2021-03-02T14:19:41+00:00","dateModified":"2024-10-21T12:40:32+00:00","description":"Scoprite Density France, specialista in soluzioni anti-intrusione per professionisti e privati con generatori di nebbia ad alte prestazioni.","breadcrumb":{"@id":"https:\/\/www.densityfrance.fr\/qui-sommes-nous\/#breadcrumb"},"inLanguage":"it-IT","potentialAction":[{"@type":"ReadAction","target":["https:\/\/www.densityfrance.fr\/qui-sommes-nous\/"]}]},{"@type":"ImageObject","inLanguage":"it-IT","@id":"https:\/\/www.densityfrance.fr\/qui-sommes-nous\/#primaryimage","url":"https:\/\/www.densityfrance.fr\/wp-content\/uploads\/2021\/02\/luxe-picto-bleu.png","contentUrl":"https:\/\/www.densityfrance.fr\/wp-content\/uploads\/2021\/02\/luxe-picto-bleu.png","width":130,"height":130},{"@type":"BreadcrumbList","@id":"https:\/\/www.densityfrance.fr\/qui-sommes-nous\/#breadcrumb","itemListElement":[{"@type":"ListItem","position":1,"name":"Accueil","item":"https:\/\/www.densityfrance.fr\/"},{"@type":"ListItem","position":2,"name":"Qui sommes-nous ?"}]},{"@type":"WebSite","@id":"https:\/\/www.densityfrance.fr\/#website","url":"https:\/\/www.densityfrance.fr\/","name":"Densit\u00e0 Francia","description":"Generatori di nebbia anti-intrusione","publisher":{"@id":"https:\/\/www.densityfrance.fr\/#organization"},"potentialAction":[{"@type":"SearchAction","target":{"@type":"EntryPoint","urlTemplate":"https:\/\/www.densityfrance.fr\/?s={search_term_string}"},"query-input":{"@type":"PropertyValueSpecification","valueRequired":true,"valueName":"search_term_string"}}],"inLanguage":"it-IT"},{"@type":"Organization","@id":"https:\/\/www.densityfrance.fr\/#organization","name":"Densit\u00e0","url":"https:\/\/www.densityfrance.fr\/","logo":{"@type":"ImageObject","inLanguage":"it-IT","@id":"https:\/\/www.densityfrance.fr\/#\/schema\/logo\/image\/","url":"https:\/\/www.densityfrance.fr\/wp-content\/uploads\/2021\/07\/Density-logo-couleur-transp-M.png","contentUrl":"https:\/\/www.densityfrance.fr\/wp-content\/uploads\/2021\/07\/Density-logo-couleur-transp-M.png","width":404,"height":89,"caption":"Density"},"image":{"@id":"https:\/\/www.densityfrance.fr\/#\/schema\/logo\/image\/"}}]}},"_links":{"self":[{"href":"https:\/\/www.densityfrance.fr\/it\/wp-json\/wp\/v2\/pages\/5090","targetHints":{"allow":["GET"]}}],"collection":[{"href":"https:\/\/www.densityfrance.fr\/it\/wp-json\/wp\/v2\/pages"}],"about":[{"href":"https:\/\/www.densityfrance.fr\/it\/wp-json\/wp\/v2\/types\/page"}],"author":[{"embeddable":true,"href":"https:\/\/www.densityfrance.fr\/it\/wp-json\/wp\/v2\/users\/1"}],"replies":[{"embeddable":true,"href":"https:\/\/www.densityfrance.fr\/it\/wp-json\/wp\/v2\/comments?post=5090"}],"version-history":[{"count":62,"href":"https:\/\/www.densityfrance.fr\/it\/wp-json\/wp\/v2\/pages\/5090\/revisions"}],"predecessor-version":[{"id":11260,"href":"https:\/\/www.densityfrance.fr\/it\/wp-json\/wp\/v2\/pages\/5090\/revisions\/11260"}],"wp:featuredmedia":[{"embeddable":true,"href":"https:\/\/www.densityfrance.fr\/it\/wp-json\/wp\/v2\/media\/4297"}],"wp:attachment":[{"href":"https:\/\/www.densityfrance.fr\/it\/wp-json\/wp\/v2\/media?parent=5090"}],"curies":[{"name":"wp","href":"https:\/\/api.w.org\/{rel}","templated":true}]}}