{"id":5072,"date":"2021-03-02T14:14:37","date_gmt":"2021-03-02T14:14:37","guid":{"rendered":"https:\/\/www.densityfrance.fr\/?page_id=5072"},"modified":"2024-09-12T14:32:39","modified_gmt":"2024-09-12T13:32:39","slug":"rispettoso-dellambiente","status":"publish","type":"page","link":"https:\/\/www.densityfrance.fr\/it\/nos-atouts\/respectueux-de-l-environnement\/","title":{"rendered":"Rispettoso dell'ambiente"},"content":{"rendered":"<div data-elementor-type=\"wp-page\" data-elementor-id=\"5072\" class=\"elementor elementor-5072\" data-elementor-post-type=\"page\">\n\t\t\t\t\t\t<section class=\"elementor-section elementor-top-section elementor-element elementor-element-5413a1ab gp_section_contexte ot-traditional elementor-section-boxed elementor-section-height-default elementor-section-height-default\" data-id=\"5413a1ab\" data-element_type=\"section\" data-e-type=\"section\">\n\t\t\t\t\t\t<div class=\"elementor-container elementor-column-gap-extended\">\n\t\t\t\t\t<div class=\"elementor-column elementor-col-50 elementor-top-column elementor-element elementor-element-5a48ecaa elementor-hidden-tablet elementor-hidden-phone ot-flex-column-vertical\" data-id=\"5a48ecaa\" data-element_type=\"column\" data-e-type=\"column\" data-settings=\"{&quot;background_background&quot;:&quot;classic&quot;}\">\n\t\t\t<div class=\"elementor-widget-wrap elementor-element-populated\">\n\t\t\t\t\t\t\t<\/div>\n\t\t<\/div>\n\t\t\t\t<div class=\"elementor-column elementor-col-50 elementor-top-column elementor-element elementor-element-450f389c ot-column-items-center gp_col-right gp_text ot-flex-column-vertical\" data-id=\"450f389c\" data-element_type=\"column\" data-e-type=\"column\">\n\t\t\t<div class=\"elementor-widget-wrap elementor-element-populated\">\n\t\t\t\t\t\t<div class=\"elementor-element elementor-element-4e15071f elementor-widget elementor-widget-iheading\" data-id=\"4e15071f\" data-element_type=\"widget\" data-e-type=\"widget\" data-widget_type=\"iheading.default\">\n\t\t\t\t<div class=\"elementor-widget-container\">\n\t\t\t\t\t\t\t<div class=\"ot-heading\">\r\n\t        \t            <span>\/\/ Luce<\/span>\r\n\t        <h2 class=\"main-heading\">Generatori di nebbia sostenibili<\/h2>\t    <\/div>\r\n\t    \t\t\t\t<\/div>\n\t\t\t\t<\/div>\n\t\t\t\t<div class=\"elementor-element elementor-element-47906a85 elementor-widget elementor-widget-text-editor\" data-id=\"47906a85\" data-element_type=\"widget\" data-e-type=\"widget\" data-widget_type=\"text-editor.default\">\n\t\t\t\t<div class=\"elementor-widget-container\">\n\t\t\t\t\t\t\t\t\t<p>Generatori di nebbia a densit\u00e0<sup class=\"tm\">\u00ae<\/sup>\u00a0sono stati immaginati, progettati e concepiti per integrarsi pi\u00f9 facilmente in tutti i locali, sia professionali che privati, e nei negozi.<\/p><p>Siamo sensibili e attribuiamo particolare importanza al loro consumo energetico, per questo abbiamo sviluppato la gamma pi\u00f9 efficiente dal punto di vista energetico in relazione alle sue prestazioni.<\/p><p>Questa riduzione dei consumi \u00e8 dovuta in parte al design del nuovo elemento riscaldante, che aumenta l'efficienza dello scambio termico tra i vari elementi che lo compongono e migliora l'efficienza di conversione del liquido nelle ricariche Density\u00ae.<sup class=\"tm\">\u00ae<\/sup>\u00a0in particelle fini (da 0,3 a 3 micron), che gli conferiscono la pi\u00f9 alta densit\u00e0 sul mercato.<\/p><p>Ma anche grazie al PyroGel, che garantisce il massimo isolamento, limitando la dispersione di calore e il consumo di energia, in modo da mantenere il generatore sempre in funzione durante la cottura.<\/p><p>Utilizziamo solo materiali riciclabili, con la minor quantit\u00e0 possibile di plastica, in modo che i nostri apparecchi possano essere riciclati attraverso i canali convenzionali.<\/p><p>Le ricariche monouso che possono essere riciclate (con le bottiglie di plastica nei bidoni gialli) saranno un vero passo avanti rispetto ai prodotti presenti sul mercato che possono essere ricaricati ma lasciano un'impronta di carbonio molto grande a causa del trasporto di andata e ritorno.<\/p><p>Infine, la nostra ricerca si \u00e8 concentrata sulla miniaturizzazione dei componenti dei nostri generatori per ridurne le dimensioni e il peso. La riduzione delle dimensioni e del peso facilita l'installazione e la manutenzione, ma l'impronta di carbonio del generatore Density \u00e8 pi\u00f9 elevata.<sup class=\"tm\">\u00ae<\/sup>\u00a0si riduce anche durante il trasporto.<\/p><p>Con densit\u00e0<sup class=\"tm\">\u00ae<\/sup>, Anche il pianeta \u00e8 protetto!<\/p>\t\t\t\t\t\t\t\t<\/div>\n\t\t\t\t<\/div>\n\t\t\t\t\t<\/div>\n\t\t<\/div>\n\t\t\t\t\t<\/div>\n\t\t<\/section>\n\t\t\t\t<\/div>","protected":false},"excerpt":{"rendered":"<p>\/\/ L\u00e9ger Des G\u00e9n\u00e9rateurs de Brouillard pens\u00e9s durable Les G\u00e9n\u00e9rateurs de Brouillard Density\u00ae\u00a0ont \u00e9t\u00e9 imagin\u00e9s, dessin\u00e9s et con\u00e7u pour s\u2019int\u00e9grer plus facilement dans tous les locaux, professionnels comme particuliers ainsi que dans les magasins. Nous sommes sensibles et accordons une importance particuli\u00e8re \u00e0 leur consommation \u00e9lectrique, c\u2019est pourquoi nous avons d\u00e9velopp\u00e9 la gamme la plus [&hellip;]<\/p>\n","protected":false},"author":1,"featured_media":4297,"parent":3098,"menu_order":0,"comment_status":"closed","ping_status":"closed","template":"","meta":{"footnotes":""},"class_list":["post-5072","page","type-page","status-publish","has-post-thumbnail","hentry"],"yoast_head":"<!-- This site is optimized with the Yoast SEO plugin v27.5 - https:\/\/yoast.com\/product\/yoast-seo-wordpress\/ -->\n<title>Respectueux de l\u2019environnement - Density France<\/title>\n<meta name=\"description\" content=\"Density France propose des solutions anti-intrusion respectueuses de l&#039;environnement avec des g\u00e9n\u00e9rateurs de brouillard \u00e9co-responsables\" \/>\n<meta name=\"robots\" content=\"index, follow, max-snippet:-1, max-image-preview:large, max-video-preview:-1\" \/>\n<link rel=\"canonical\" href=\"https:\/\/www.densityfrance.fr\/it\/il-nostro-patrimonio\/rispettoso-dellambiente\/\" \/>\n<meta property=\"og:locale\" content=\"it_IT\" \/>\n<meta property=\"og:type\" content=\"article\" \/>\n<meta property=\"og:title\" content=\"Respectueux de l\u2019environnement - Density France\" \/>\n<meta property=\"og:description\" content=\"Density France propose des solutions anti-intrusion respectueuses de l&#039;environnement avec des g\u00e9n\u00e9rateurs de brouillard \u00e9co-responsables\" \/>\n<meta property=\"og:url\" content=\"https:\/\/www.densityfrance.fr\/it\/il-nostro-patrimonio\/rispettoso-dellambiente\/\" \/>\n<meta property=\"og:site_name\" content=\"Density France\" \/>\n<meta property=\"article:modified_time\" content=\"2024-09-12T13:32:39+00:00\" \/>\n<meta property=\"og:image\" content=\"https:\/\/www.densityfrance.fr\/wp-content\/uploads\/2021\/02\/luxe-picto-bleu.png\" \/>\n\t<meta property=\"og:image:width\" content=\"130\" \/>\n\t<meta property=\"og:image:height\" content=\"130\" \/>\n\t<meta property=\"og:image:type\" content=\"image\/png\" \/>\n<meta name=\"twitter:card\" content=\"summary_large_image\" \/>\n<meta name=\"twitter:label1\" content=\"Tempo di lettura stimato\" \/>\n\t<meta name=\"twitter:data1\" content=\"2 minuti\" \/>\n<script type=\"application\/ld+json\" class=\"yoast-schema-graph\">{\"@context\":\"https:\\\/\\\/schema.org\",\"@graph\":[{\"@type\":\"WebPage\",\"@id\":\"https:\\\/\\\/www.densityfrance.fr\\\/nos-atouts\\\/respectueux-de-l-environnement\\\/\",\"url\":\"https:\\\/\\\/www.densityfrance.fr\\\/nos-atouts\\\/respectueux-de-l-environnement\\\/\",\"name\":\"Respectueux de l\u2019environnement - Density France\",\"isPartOf\":{\"@id\":\"https:\\\/\\\/www.densityfrance.fr\\\/#website\"},\"primaryImageOfPage\":{\"@id\":\"https:\\\/\\\/www.densityfrance.fr\\\/nos-atouts\\\/respectueux-de-l-environnement\\\/#primaryimage\"},\"image\":{\"@id\":\"https:\\\/\\\/www.densityfrance.fr\\\/nos-atouts\\\/respectueux-de-l-environnement\\\/#primaryimage\"},\"thumbnailUrl\":\"https:\\\/\\\/www.densityfrance.fr\\\/wp-content\\\/uploads\\\/2021\\\/02\\\/luxe-picto-bleu.png\",\"datePublished\":\"2021-03-02T14:14:37+00:00\",\"dateModified\":\"2024-09-12T13:32:39+00:00\",\"description\":\"Density France propose des solutions anti-intrusion respectueuses de l'environnement avec des g\u00e9n\u00e9rateurs de brouillard \u00e9co-responsables\",\"breadcrumb\":{\"@id\":\"https:\\\/\\\/www.densityfrance.fr\\\/nos-atouts\\\/respectueux-de-l-environnement\\\/#breadcrumb\"},\"inLanguage\":\"it-IT\",\"potentialAction\":[{\"@type\":\"ReadAction\",\"target\":[\"https:\\\/\\\/www.densityfrance.fr\\\/nos-atouts\\\/respectueux-de-l-environnement\\\/\"]}]},{\"@type\":\"ImageObject\",\"inLanguage\":\"it-IT\",\"@id\":\"https:\\\/\\\/www.densityfrance.fr\\\/nos-atouts\\\/respectueux-de-l-environnement\\\/#primaryimage\",\"url\":\"https:\\\/\\\/www.densityfrance.fr\\\/wp-content\\\/uploads\\\/2021\\\/02\\\/luxe-picto-bleu.png\",\"contentUrl\":\"https:\\\/\\\/www.densityfrance.fr\\\/wp-content\\\/uploads\\\/2021\\\/02\\\/luxe-picto-bleu.png\",\"width\":130,\"height\":130},{\"@type\":\"BreadcrumbList\",\"@id\":\"https:\\\/\\\/www.densityfrance.fr\\\/nos-atouts\\\/respectueux-de-l-environnement\\\/#breadcrumb\",\"itemListElement\":[{\"@type\":\"ListItem\",\"position\":1,\"name\":\"Accueil\",\"item\":\"https:\\\/\\\/www.densityfrance.fr\\\/\"},{\"@type\":\"ListItem\",\"position\":2,\"name\":\"Nos atouts\",\"item\":\"https:\\\/\\\/www.densityfrance.fr\\\/nos-atouts\\\/\"},{\"@type\":\"ListItem\",\"position\":3,\"name\":\"Respectueux de l\u2019environnement\"}]},{\"@type\":\"WebSite\",\"@id\":\"https:\\\/\\\/www.densityfrance.fr\\\/#website\",\"url\":\"https:\\\/\\\/www.densityfrance.fr\\\/\",\"name\":\"Density France\",\"description\":\"G\u00e9n\u00e9rateurs de brouillard anti-intrusion\",\"publisher\":{\"@id\":\"https:\\\/\\\/www.densityfrance.fr\\\/#organization\"},\"potentialAction\":[{\"@type\":\"SearchAction\",\"target\":{\"@type\":\"EntryPoint\",\"urlTemplate\":\"https:\\\/\\\/www.densityfrance.fr\\\/?s={search_term_string}\"},\"query-input\":{\"@type\":\"PropertyValueSpecification\",\"valueRequired\":true,\"valueName\":\"search_term_string\"}}],\"inLanguage\":\"it-IT\"},{\"@type\":\"Organization\",\"@id\":\"https:\\\/\\\/www.densityfrance.fr\\\/#organization\",\"name\":\"Density\",\"url\":\"https:\\\/\\\/www.densityfrance.fr\\\/\",\"logo\":{\"@type\":\"ImageObject\",\"inLanguage\":\"it-IT\",\"@id\":\"https:\\\/\\\/www.densityfrance.fr\\\/#\\\/schema\\\/logo\\\/image\\\/\",\"url\":\"https:\\\/\\\/www.densityfrance.fr\\\/wp-content\\\/uploads\\\/2021\\\/07\\\/Density-logo-couleur-transp-M.png\",\"contentUrl\":\"https:\\\/\\\/www.densityfrance.fr\\\/wp-content\\\/uploads\\\/2021\\\/07\\\/Density-logo-couleur-transp-M.png\",\"width\":404,\"height\":89,\"caption\":\"Density\"},\"image\":{\"@id\":\"https:\\\/\\\/www.densityfrance.fr\\\/#\\\/schema\\\/logo\\\/image\\\/\"}}]}<\/script>\n<!-- \/ Yoast SEO plugin. -->","yoast_head_json":{"title":"Rispettoso dell'ambiente - Densit\u00e0 Francia","description":"Density France offre soluzioni anti-intrusione rispettose dell'ambiente con generatori di nebbia eco-responsabili","robots":{"index":"index","follow":"follow","max-snippet":"max-snippet:-1","max-image-preview":"max-image-preview:large","max-video-preview":"max-video-preview:-1"},"canonical":"https:\/\/www.densityfrance.fr\/it\/il-nostro-patrimonio\/rispettoso-dellambiente\/","og_locale":"it_IT","og_type":"article","og_title":"Respectueux de l\u2019environnement - Density France","og_description":"Density France propose des solutions anti-intrusion respectueuses de l'environnement avec des g\u00e9n\u00e9rateurs de brouillard \u00e9co-responsables","og_url":"https:\/\/www.densityfrance.fr\/it\/il-nostro-patrimonio\/rispettoso-dellambiente\/","og_site_name":"Density France","article_modified_time":"2024-09-12T13:32:39+00:00","og_image":[{"width":130,"height":130,"url":"https:\/\/www.densityfrance.fr\/wp-content\/uploads\/2021\/02\/luxe-picto-bleu.png","type":"image\/png"}],"twitter_card":"summary_large_image","twitter_misc":{"Tempo di lettura stimato":"2 minuti"},"schema":{"@context":"https:\/\/schema.org","@graph":[{"@type":"WebPage","@id":"https:\/\/www.densityfrance.fr\/nos-atouts\/respectueux-de-l-environnement\/","url":"https:\/\/www.densityfrance.fr\/nos-atouts\/respectueux-de-l-environnement\/","name":"Rispettoso dell'ambiente - Densit\u00e0 Francia","isPartOf":{"@id":"https:\/\/www.densityfrance.fr\/#website"},"primaryImageOfPage":{"@id":"https:\/\/www.densityfrance.fr\/nos-atouts\/respectueux-de-l-environnement\/#primaryimage"},"image":{"@id":"https:\/\/www.densityfrance.fr\/nos-atouts\/respectueux-de-l-environnement\/#primaryimage"},"thumbnailUrl":"https:\/\/www.densityfrance.fr\/wp-content\/uploads\/2021\/02\/luxe-picto-bleu.png","datePublished":"2021-03-02T14:14:37+00:00","dateModified":"2024-09-12T13:32:39+00:00","description":"Density France offre soluzioni anti-intrusione rispettose dell'ambiente con generatori di nebbia eco-responsabili","breadcrumb":{"@id":"https:\/\/www.densityfrance.fr\/nos-atouts\/respectueux-de-l-environnement\/#breadcrumb"},"inLanguage":"it-IT","potentialAction":[{"@type":"ReadAction","target":["https:\/\/www.densityfrance.fr\/nos-atouts\/respectueux-de-l-environnement\/"]}]},{"@type":"ImageObject","inLanguage":"it-IT","@id":"https:\/\/www.densityfrance.fr\/nos-atouts\/respectueux-de-l-environnement\/#primaryimage","url":"https:\/\/www.densityfrance.fr\/wp-content\/uploads\/2021\/02\/luxe-picto-bleu.png","contentUrl":"https:\/\/www.densityfrance.fr\/wp-content\/uploads\/2021\/02\/luxe-picto-bleu.png","width":130,"height":130},{"@type":"BreadcrumbList","@id":"https:\/\/www.densityfrance.fr\/nos-atouts\/respectueux-de-l-environnement\/#breadcrumb","itemListElement":[{"@type":"ListItem","position":1,"name":"Accueil","item":"https:\/\/www.densityfrance.fr\/"},{"@type":"ListItem","position":2,"name":"Nos atouts","item":"https:\/\/www.densityfrance.fr\/nos-atouts\/"},{"@type":"ListItem","position":3,"name":"Respectueux de l\u2019environnement"}]},{"@type":"WebSite","@id":"https:\/\/www.densityfrance.fr\/#website","url":"https:\/\/www.densityfrance.fr\/","name":"Densit\u00e0 Francia","description":"Generatori di nebbia anti-intrusione","publisher":{"@id":"https:\/\/www.densityfrance.fr\/#organization"},"potentialAction":[{"@type":"SearchAction","target":{"@type":"EntryPoint","urlTemplate":"https:\/\/www.densityfrance.fr\/?s={search_term_string}"},"query-input":{"@type":"PropertyValueSpecification","valueRequired":true,"valueName":"search_term_string"}}],"inLanguage":"it-IT"},{"@type":"Organization","@id":"https:\/\/www.densityfrance.fr\/#organization","name":"Densit\u00e0","url":"https:\/\/www.densityfrance.fr\/","logo":{"@type":"ImageObject","inLanguage":"it-IT","@id":"https:\/\/www.densityfrance.fr\/#\/schema\/logo\/image\/","url":"https:\/\/www.densityfrance.fr\/wp-content\/uploads\/2021\/07\/Density-logo-couleur-transp-M.png","contentUrl":"https:\/\/www.densityfrance.fr\/wp-content\/uploads\/2021\/07\/Density-logo-couleur-transp-M.png","width":404,"height":89,"caption":"Density"},"image":{"@id":"https:\/\/www.densityfrance.fr\/#\/schema\/logo\/image\/"}}]}},"_links":{"self":[{"href":"https:\/\/www.densityfrance.fr\/it\/wp-json\/wp\/v2\/pages\/5072","targetHints":{"allow":["GET"]}}],"collection":[{"href":"https:\/\/www.densityfrance.fr\/it\/wp-json\/wp\/v2\/pages"}],"about":[{"href":"https:\/\/www.densityfrance.fr\/it\/wp-json\/wp\/v2\/types\/page"}],"author":[{"embeddable":true,"href":"https:\/\/www.densityfrance.fr\/it\/wp-json\/wp\/v2\/users\/1"}],"replies":[{"embeddable":true,"href":"https:\/\/www.densityfrance.fr\/it\/wp-json\/wp\/v2\/comments?post=5072"}],"version-history":[{"count":26,"href":"https:\/\/www.densityfrance.fr\/it\/wp-json\/wp\/v2\/pages\/5072\/revisions"}],"predecessor-version":[{"id":7608,"href":"https:\/\/www.densityfrance.fr\/it\/wp-json\/wp\/v2\/pages\/5072\/revisions\/7608"}],"up":[{"embeddable":true,"href":"https:\/\/www.densityfrance.fr\/it\/wp-json\/wp\/v2\/pages\/3098"}],"wp:featuredmedia":[{"embeddable":true,"href":"https:\/\/www.densityfrance.fr\/it\/wp-json\/wp\/v2\/media\/4297"}],"wp:attachment":[{"href":"https:\/\/www.densityfrance.fr\/it\/wp-json\/wp\/v2\/media?parent=5072"}],"curies":[{"name":"wp","href":"https:\/\/api.w.org\/{rel}","templated":true}]}}