{"id":5075,"date":"2021-03-02T14:14:52","date_gmt":"2021-03-02T14:14:52","guid":{"rendered":"https:\/\/www.densityfrance.fr\/?page_id=5075"},"modified":"2024-09-12T14:33:30","modified_gmt":"2024-09-12T13:33:30","slug":"mejor-comunicacion","status":"publish","type":"page","link":"https:\/\/www.densityfrance.fr\/es\/nos-atouts\/une-meilleure-communication\/","title":{"rendered":"Mejor comunicaci\u00f3n"},"content":{"rendered":"<div data-elementor-type=\"wp-page\" data-elementor-id=\"5075\" class=\"elementor elementor-5075\" data-elementor-post-type=\"page\">\n\t\t\t\t\t\t<section class=\"elementor-section elementor-top-section elementor-element elementor-element-7774a489 gp_section_contexte ot-traditional elementor-section-boxed elementor-section-height-default elementor-section-height-default\" data-id=\"7774a489\" data-element_type=\"section\" data-e-type=\"section\">\n\t\t\t\t\t\t<div class=\"elementor-container elementor-column-gap-extended\">\n\t\t\t\t\t<div class=\"elementor-column elementor-col-50 elementor-top-column elementor-element elementor-element-62ddc6cf elementor-hidden-tablet elementor-hidden-phone ot-flex-column-vertical\" data-id=\"62ddc6cf\" data-element_type=\"column\" data-e-type=\"column\" data-settings=\"{&quot;background_background&quot;:&quot;classic&quot;}\">\n\t\t\t<div class=\"elementor-widget-wrap elementor-element-populated\">\n\t\t\t\t\t\t\t<\/div>\n\t\t<\/div>\n\t\t\t\t<div class=\"elementor-column elementor-col-50 elementor-top-column elementor-element elementor-element-1b77517c ot-column-items-center gp_col-right gp_text ot-flex-column-vertical\" data-id=\"1b77517c\" data-element_type=\"column\" data-e-type=\"column\">\n\t\t\t<div class=\"elementor-widget-wrap elementor-element-populated\">\n\t\t\t\t\t\t<div class=\"elementor-element elementor-element-4e15071f elementor-widget elementor-widget-iheading\" data-id=\"4e15071f\" data-element_type=\"widget\" data-e-type=\"widget\" data-widget_type=\"iheading.default\">\n\t\t\t\t<div class=\"elementor-widget-container\">\n\t\t\t\t\t\t\t<div class=\"ot-heading\">\r\n\t        \t            <span>\/\/ Preparados para ma\u00f1ana<\/span>\r\n\t        <h2 class=\"main-heading\">Intercomunicaci\u00f3n con todos los actores de la vida del Generador de Densidad<sup class=\"\u00ae\">\u00ae<\/sup><\/h2>\t    <\/div>\r\n\t    \t\t\t\t<\/div>\n\t\t\t\t<\/div>\n\t\t\t\t<div class=\"elementor-element elementor-element-47906a85 elementor-widget elementor-widget-text-editor\" data-id=\"47906a85\" data-element_type=\"widget\" data-e-type=\"widget\" data-widget_type=\"text-editor.default\">\n\t\t\t\t<div class=\"elementor-widget-container\">\n\t\t\t\t\t\t\t\t\t<p>Nuestra actual necesidad de movilidad hace imprescindible la comunicaci\u00f3n entre todas nuestras herramientas electr\u00f3nicas e inform\u00e1ticas.<\/p><p>Generadores de densidad<sup class=\"tm\">\u00ae<\/sup> est\u00e1n preparados para esta nueva era. Gracias a la tarjeta IP segura, puede acceder al Density CLOUD<sup class=\"tm\">\u00ae<\/sup> que le permite gestionar su generador de niebla desde una \u00fanica p\u00e1gina web segura (inicio de sesi\u00f3n y MdP). Puede arrancar, parar y probar la unidad a distancia, comprobar el estado de los consumibles y obtener un informe de eventos. La informaci\u00f3n t\u00e9cnica de autodiagn\u00f3stico se enviar\u00e1 a su buz\u00f3n de correo electr\u00f3nico seg\u00fan su elecci\u00f3n. La placa electr\u00f3nica se ha dise\u00f1ado para almacenar todos los eventos pasados que se han producido en los \u00faltimos d\u00edas, de modo que puede estar seguro de que el aparato funciona correctamente. Un simple clic y lo tendr\u00e1 en su tableta o tel\u00e9fono.<\/p><p>La conexi\u00f3n inal\u00e1mbrica de la tarjeta IP permite instalarla de forma discreta y sencilla en los entornos m\u00e1s est\u00e9ticos.<\/p><p>Gracias a la densidad de nubes<sup class=\"tm\">\u00ae<\/sup>, Su instalador de alarmas podr\u00e1 actualizar el generador de niebla a distancia y realizar una visita peri\u00f3dica de mantenimiento previo para asegurarse de que funciona correctamente para protegerle en todo momento. El coste ser\u00e1 menor porque la operaci\u00f3n se realizar\u00e1 sin que el t\u00e9cnico tenga que desplazarse ni estar presente.<\/p><p>El equipo de Densidad<sup class=\"tm\">\u00ae<\/sup>\u00a0no s\u00f3lo ha optimizado su comunicaci\u00f3n con los Generadores de Niebla remotos para mejorar su mantenimiento, tambi\u00e9n hemos desarrollado una API en la nube para poder incluir los comandos y funcionalidades de la nube de densidad en la suya por seguridad y procedimientos de seguridad.<\/p><p>Podemos ir a\u00fan m\u00e1s lejos proporcion\u00e1ndole la API del sistema que le permitir\u00e1 conectar e integrar su generador de niebla densa.<sup class=\"tm\">\u00ae<\/sup>\u00a0en todos sus sistemas de control remoto que incorporen funciones de dom\u00f3tica, gesti\u00f3n de edificios o videovigilancia.<\/p><p>Por \u00faltimo, con Densidad<sup class=\"tm\">\u00ae<\/sup>, Disponemos de ingenieros internos especializados que pueden adaptar y personalizar nuestras comunicaciones para sus grandes proyectos. Estas competencias internas nos permiten reaccionar r\u00e1pidamente a sus necesidades, de modo que podemos ofrecerle la soluci\u00f3n que necesita para proyectos de gran envergadura espec\u00edficos de su organizaci\u00f3n profesional.<\/p>\t\t\t\t\t\t\t\t<\/div>\n\t\t\t\t<\/div>\n\t\t\t\t\t<\/div>\n\t\t<\/div>\n\t\t\t\t\t<\/div>\n\t\t<\/section>\n\t\t\t\t<\/div>","protected":false},"excerpt":{"rendered":"<p>\/\/ Pr\u00eat pour demain Intercommunication avec chaque acteur de la vie du G\u00e9n\u00e9rateur Density\u00ae Notre besoin de mobilit\u00e9 actuel rend la communication de l\u2019ensemble de nos outils \u00e9lectroniques et informatiques essentielle. Les g\u00e9n\u00e9rateurs Density\u00ae sont pr\u00eats pour cette nouvelle \u00e8re.\u00a0Gr\u00e2ce \u00e0 la carte IP s\u00e9curis\u00e9e, vous pourrez acc\u00e9der au CLOUD Density\u00ae qui vous permettra de [&hellip;]<\/p>\n","protected":false},"author":1,"featured_media":4297,"parent":3098,"menu_order":0,"comment_status":"closed","ping_status":"closed","template":"","meta":{"footnotes":""},"class_list":["post-5075","page","type-page","status-publish","has-post-thumbnail","hentry"],"yoast_head":"<!-- This site is optimized with the Yoast SEO plugin v27.4 - https:\/\/yoast.com\/product\/yoast-seo-wordpress\/ -->\n<title>Une meilleure communication - Density France<\/title>\n<meta name=\"description\" content=\"Am\u00e9liorez la communication de vos syst\u00e8mes de s\u00e9curit\u00e9 avec les solutions de brouillard anti-intrusion de Density France, pour une protection accrue\" \/>\n<meta name=\"robots\" content=\"index, follow, max-snippet:-1, max-image-preview:large, max-video-preview:-1\" \/>\n<link rel=\"canonical\" href=\"https:\/\/www.densityfrance.fr\/es\/nuestros-activos\/mejor-comunicacion\/\" \/>\n<meta property=\"og:locale\" content=\"es_ES\" \/>\n<meta property=\"og:type\" content=\"article\" \/>\n<meta property=\"og:title\" content=\"Une meilleure communication - Density France\" \/>\n<meta property=\"og:description\" content=\"Am\u00e9liorez la communication de vos syst\u00e8mes de s\u00e9curit\u00e9 avec les solutions de brouillard anti-intrusion de Density France, pour une protection accrue\" \/>\n<meta property=\"og:url\" content=\"https:\/\/www.densityfrance.fr\/es\/nuestros-activos\/mejor-comunicacion\/\" \/>\n<meta property=\"og:site_name\" content=\"Density France\" \/>\n<meta property=\"article:modified_time\" content=\"2024-09-12T13:33:30+00:00\" \/>\n<meta property=\"og:image\" content=\"https:\/\/www.densityfrance.fr\/wp-content\/uploads\/2021\/02\/luxe-picto-bleu.png\" \/>\n\t<meta property=\"og:image:width\" content=\"130\" \/>\n\t<meta property=\"og:image:height\" content=\"130\" \/>\n\t<meta property=\"og:image:type\" content=\"image\/png\" \/>\n<meta name=\"twitter:card\" content=\"summary_large_image\" \/>\n<meta name=\"twitter:label1\" content=\"Tiempo de lectura\" \/>\n\t<meta name=\"twitter:data1\" content=\"2 minutos\" \/>\n<script type=\"application\/ld+json\" class=\"yoast-schema-graph\">{\"@context\":\"https:\\\/\\\/schema.org\",\"@graph\":[{\"@type\":\"WebPage\",\"@id\":\"https:\\\/\\\/www.densityfrance.fr\\\/nos-atouts\\\/une-meilleure-communication\\\/\",\"url\":\"https:\\\/\\\/www.densityfrance.fr\\\/nos-atouts\\\/une-meilleure-communication\\\/\",\"name\":\"Une meilleure communication - Density France\",\"isPartOf\":{\"@id\":\"https:\\\/\\\/www.densityfrance.fr\\\/#website\"},\"primaryImageOfPage\":{\"@id\":\"https:\\\/\\\/www.densityfrance.fr\\\/nos-atouts\\\/une-meilleure-communication\\\/#primaryimage\"},\"image\":{\"@id\":\"https:\\\/\\\/www.densityfrance.fr\\\/nos-atouts\\\/une-meilleure-communication\\\/#primaryimage\"},\"thumbnailUrl\":\"https:\\\/\\\/www.densityfrance.fr\\\/wp-content\\\/uploads\\\/2021\\\/02\\\/luxe-picto-bleu.png\",\"datePublished\":\"2021-03-02T14:14:52+00:00\",\"dateModified\":\"2024-09-12T13:33:30+00:00\",\"description\":\"Am\u00e9liorez la communication de vos syst\u00e8mes de s\u00e9curit\u00e9 avec les solutions de brouillard anti-intrusion de Density France, pour une protection accrue\",\"breadcrumb\":{\"@id\":\"https:\\\/\\\/www.densityfrance.fr\\\/nos-atouts\\\/une-meilleure-communication\\\/#breadcrumb\"},\"inLanguage\":\"es\",\"potentialAction\":[{\"@type\":\"ReadAction\",\"target\":[\"https:\\\/\\\/www.densityfrance.fr\\\/nos-atouts\\\/une-meilleure-communication\\\/\"]}]},{\"@type\":\"ImageObject\",\"inLanguage\":\"es\",\"@id\":\"https:\\\/\\\/www.densityfrance.fr\\\/nos-atouts\\\/une-meilleure-communication\\\/#primaryimage\",\"url\":\"https:\\\/\\\/www.densityfrance.fr\\\/wp-content\\\/uploads\\\/2021\\\/02\\\/luxe-picto-bleu.png\",\"contentUrl\":\"https:\\\/\\\/www.densityfrance.fr\\\/wp-content\\\/uploads\\\/2021\\\/02\\\/luxe-picto-bleu.png\",\"width\":130,\"height\":130},{\"@type\":\"BreadcrumbList\",\"@id\":\"https:\\\/\\\/www.densityfrance.fr\\\/nos-atouts\\\/une-meilleure-communication\\\/#breadcrumb\",\"itemListElement\":[{\"@type\":\"ListItem\",\"position\":1,\"name\":\"Accueil\",\"item\":\"https:\\\/\\\/www.densityfrance.fr\\\/\"},{\"@type\":\"ListItem\",\"position\":2,\"name\":\"Nos atouts\",\"item\":\"https:\\\/\\\/www.densityfrance.fr\\\/nos-atouts\\\/\"},{\"@type\":\"ListItem\",\"position\":3,\"name\":\"Une meilleure communication\"}]},{\"@type\":\"WebSite\",\"@id\":\"https:\\\/\\\/www.densityfrance.fr\\\/#website\",\"url\":\"https:\\\/\\\/www.densityfrance.fr\\\/\",\"name\":\"Density France\",\"description\":\"G\u00e9n\u00e9rateurs de brouillard anti-intrusion\",\"publisher\":{\"@id\":\"https:\\\/\\\/www.densityfrance.fr\\\/#organization\"},\"potentialAction\":[{\"@type\":\"SearchAction\",\"target\":{\"@type\":\"EntryPoint\",\"urlTemplate\":\"https:\\\/\\\/www.densityfrance.fr\\\/?s={search_term_string}\"},\"query-input\":{\"@type\":\"PropertyValueSpecification\",\"valueRequired\":true,\"valueName\":\"search_term_string\"}}],\"inLanguage\":\"es\"},{\"@type\":\"Organization\",\"@id\":\"https:\\\/\\\/www.densityfrance.fr\\\/#organization\",\"name\":\"Density\",\"url\":\"https:\\\/\\\/www.densityfrance.fr\\\/\",\"logo\":{\"@type\":\"ImageObject\",\"inLanguage\":\"es\",\"@id\":\"https:\\\/\\\/www.densityfrance.fr\\\/#\\\/schema\\\/logo\\\/image\\\/\",\"url\":\"https:\\\/\\\/www.densityfrance.fr\\\/wp-content\\\/uploads\\\/2021\\\/07\\\/Density-logo-couleur-transp-M.png\",\"contentUrl\":\"https:\\\/\\\/www.densityfrance.fr\\\/wp-content\\\/uploads\\\/2021\\\/07\\\/Density-logo-couleur-transp-M.png\",\"width\":404,\"height\":89,\"caption\":\"Density\"},\"image\":{\"@id\":\"https:\\\/\\\/www.densityfrance.fr\\\/#\\\/schema\\\/logo\\\/image\\\/\"}}]}<\/script>\n<!-- \/ Yoast SEO plugin. -->","yoast_head_json":{"title":"Mejor comunicaci\u00f3n - Densidad Francia","description":"Mejore la comunicaci\u00f3n de sus sistemas de seguridad con las soluciones de niebla anti-intrusi\u00f3n de Density France, para una mayor protecci\u00f3n","robots":{"index":"index","follow":"follow","max-snippet":"max-snippet:-1","max-image-preview":"max-image-preview:large","max-video-preview":"max-video-preview:-1"},"canonical":"https:\/\/www.densityfrance.fr\/es\/nuestros-activos\/mejor-comunicacion\/","og_locale":"es_ES","og_type":"article","og_title":"Une meilleure communication - Density France","og_description":"Am\u00e9liorez la communication de vos syst\u00e8mes de s\u00e9curit\u00e9 avec les solutions de brouillard anti-intrusion de Density France, pour une protection accrue","og_url":"https:\/\/www.densityfrance.fr\/es\/nuestros-activos\/mejor-comunicacion\/","og_site_name":"Density France","article_modified_time":"2024-09-12T13:33:30+00:00","og_image":[{"width":130,"height":130,"url":"https:\/\/www.densityfrance.fr\/wp-content\/uploads\/2021\/02\/luxe-picto-bleu.png","type":"image\/png"}],"twitter_card":"summary_large_image","twitter_misc":{"Tiempo de lectura":"2 minutos"},"schema":{"@context":"https:\/\/schema.org","@graph":[{"@type":"WebPage","@id":"https:\/\/www.densityfrance.fr\/nos-atouts\/une-meilleure-communication\/","url":"https:\/\/www.densityfrance.fr\/nos-atouts\/une-meilleure-communication\/","name":"Mejor comunicaci\u00f3n - Densidad Francia","isPartOf":{"@id":"https:\/\/www.densityfrance.fr\/#website"},"primaryImageOfPage":{"@id":"https:\/\/www.densityfrance.fr\/nos-atouts\/une-meilleure-communication\/#primaryimage"},"image":{"@id":"https:\/\/www.densityfrance.fr\/nos-atouts\/une-meilleure-communication\/#primaryimage"},"thumbnailUrl":"https:\/\/www.densityfrance.fr\/wp-content\/uploads\/2021\/02\/luxe-picto-bleu.png","datePublished":"2021-03-02T14:14:52+00:00","dateModified":"2024-09-12T13:33:30+00:00","description":"Mejore la comunicaci\u00f3n de sus sistemas de seguridad con las soluciones de niebla anti-intrusi\u00f3n de Density France, para una mayor protecci\u00f3n","breadcrumb":{"@id":"https:\/\/www.densityfrance.fr\/nos-atouts\/une-meilleure-communication\/#breadcrumb"},"inLanguage":"es","potentialAction":[{"@type":"ReadAction","target":["https:\/\/www.densityfrance.fr\/nos-atouts\/une-meilleure-communication\/"]}]},{"@type":"ImageObject","inLanguage":"es","@id":"https:\/\/www.densityfrance.fr\/nos-atouts\/une-meilleure-communication\/#primaryimage","url":"https:\/\/www.densityfrance.fr\/wp-content\/uploads\/2021\/02\/luxe-picto-bleu.png","contentUrl":"https:\/\/www.densityfrance.fr\/wp-content\/uploads\/2021\/02\/luxe-picto-bleu.png","width":130,"height":130},{"@type":"BreadcrumbList","@id":"https:\/\/www.densityfrance.fr\/nos-atouts\/une-meilleure-communication\/#breadcrumb","itemListElement":[{"@type":"ListItem","position":1,"name":"Accueil","item":"https:\/\/www.densityfrance.fr\/"},{"@type":"ListItem","position":2,"name":"Nos atouts","item":"https:\/\/www.densityfrance.fr\/nos-atouts\/"},{"@type":"ListItem","position":3,"name":"Une meilleure communication"}]},{"@type":"WebSite","@id":"https:\/\/www.densityfrance.fr\/#website","url":"https:\/\/www.densityfrance.fr\/","name":"Densidad Francia","description":"Generadores de niebla anti-intrusi\u00f3n","publisher":{"@id":"https:\/\/www.densityfrance.fr\/#organization"},"potentialAction":[{"@type":"SearchAction","target":{"@type":"EntryPoint","urlTemplate":"https:\/\/www.densityfrance.fr\/?s={search_term_string}"},"query-input":{"@type":"PropertyValueSpecification","valueRequired":true,"valueName":"search_term_string"}}],"inLanguage":"es"},{"@type":"Organization","@id":"https:\/\/www.densityfrance.fr\/#organization","name":"Densidad","url":"https:\/\/www.densityfrance.fr\/","logo":{"@type":"ImageObject","inLanguage":"es","@id":"https:\/\/www.densityfrance.fr\/#\/schema\/logo\/image\/","url":"https:\/\/www.densityfrance.fr\/wp-content\/uploads\/2021\/07\/Density-logo-couleur-transp-M.png","contentUrl":"https:\/\/www.densityfrance.fr\/wp-content\/uploads\/2021\/07\/Density-logo-couleur-transp-M.png","width":404,"height":89,"caption":"Density"},"image":{"@id":"https:\/\/www.densityfrance.fr\/#\/schema\/logo\/image\/"}}]}},"_links":{"self":[{"href":"https:\/\/www.densityfrance.fr\/es\/wp-json\/wp\/v2\/pages\/5075","targetHints":{"allow":["GET"]}}],"collection":[{"href":"https:\/\/www.densityfrance.fr\/es\/wp-json\/wp\/v2\/pages"}],"about":[{"href":"https:\/\/www.densityfrance.fr\/es\/wp-json\/wp\/v2\/types\/page"}],"author":[{"embeddable":true,"href":"https:\/\/www.densityfrance.fr\/es\/wp-json\/wp\/v2\/users\/1"}],"replies":[{"embeddable":true,"href":"https:\/\/www.densityfrance.fr\/es\/wp-json\/wp\/v2\/comments?post=5075"}],"version-history":[{"count":35,"href":"https:\/\/www.densityfrance.fr\/es\/wp-json\/wp\/v2\/pages\/5075\/revisions"}],"predecessor-version":[{"id":7590,"href":"https:\/\/www.densityfrance.fr\/es\/wp-json\/wp\/v2\/pages\/5075\/revisions\/7590"}],"up":[{"embeddable":true,"href":"https:\/\/www.densityfrance.fr\/es\/wp-json\/wp\/v2\/pages\/3098"}],"wp:featuredmedia":[{"embeddable":true,"href":"https:\/\/www.densityfrance.fr\/es\/wp-json\/wp\/v2\/media\/4297"}],"wp:attachment":[{"href":"https:\/\/www.densityfrance.fr\/es\/wp-json\/wp\/v2\/media?parent=5075"}],"curies":[{"name":"wp","href":"https:\/\/api.w.org\/{rel}","templated":true}]}}