{"id":5074,"date":"2021-03-02T14:14:46","date_gmt":"2021-03-02T14:14:46","guid":{"rendered":"https:\/\/www.densityfrance.fr\/?page_id=5074"},"modified":"2024-09-12T14:32:02","modified_gmt":"2024-09-12T13:32:02","slug":"proteccion-de-datos","status":"publish","type":"page","link":"https:\/\/www.densityfrance.fr\/es\/nos-atouts\/protection-des-donnees\/","title":{"rendered":"Protecci\u00f3n de datos"},"content":{"rendered":"<div data-elementor-type=\"wp-page\" data-elementor-id=\"5074\" class=\"elementor elementor-5074\" data-elementor-post-type=\"page\">\n\t\t\t\t\t\t<section class=\"elementor-section elementor-top-section elementor-element elementor-element-1ba27656 gp_section_contexte ot-traditional elementor-section-boxed elementor-section-height-default elementor-section-height-default\" data-id=\"1ba27656\" data-element_type=\"section\" data-e-type=\"section\">\n\t\t\t\t\t\t<div class=\"elementor-container elementor-column-gap-extended\">\n\t\t\t\t\t<div class=\"elementor-column elementor-col-50 elementor-top-column elementor-element elementor-element-617ca0d5 elementor-hidden-tablet elementor-hidden-phone ot-flex-column-vertical\" data-id=\"617ca0d5\" data-element_type=\"column\" data-e-type=\"column\" data-settings=\"{&quot;background_background&quot;:&quot;classic&quot;}\">\n\t\t\t<div class=\"elementor-widget-wrap elementor-element-populated\">\n\t\t\t\t\t\t\t<\/div>\n\t\t<\/div>\n\t\t\t\t<div class=\"elementor-column elementor-col-50 elementor-top-column elementor-element elementor-element-2d711be0 ot-column-items-center gp_col-right gp_text ot-flex-column-vertical\" data-id=\"2d711be0\" data-element_type=\"column\" data-e-type=\"column\">\n\t\t\t<div class=\"elementor-widget-wrap elementor-element-populated\">\n\t\t\t\t\t\t<div class=\"elementor-element elementor-element-4e15071f elementor-widget elementor-widget-iheading\" data-id=\"4e15071f\" data-element_type=\"widget\" data-e-type=\"widget\" data-widget_type=\"iheading.default\">\n\t\t\t\t<div class=\"elementor-widget-container\">\n\t\t\t\t\t\t\t<div class=\"ot-heading\">\r\n\t        \t            <span>\/\/ Seguridad adicional<\/span>\r\n\t        <h2 class=\"main-heading\">Generadores que le protegen a usted y a sus datos<\/h2>\t    <\/div>\r\n\t    \t\t\t\t<\/div>\n\t\t\t\t<\/div>\n\t\t\t\t<div class=\"elementor-element elementor-element-47906a85 elementor-widget elementor-widget-text-editor\" data-id=\"47906a85\" data-element_type=\"widget\" data-e-type=\"widget\" data-widget_type=\"text-editor.default\">\n\t\t\t\t<div class=\"elementor-widget-container\">\n\t\t\t\t\t\t\t\t\t<p>En Densidad<sup class=\"tm\">\u00ae<\/sup>, La protecci\u00f3n de sus datos es muy importante para nosotros. Por eso hemos equipado nuestros generadores de niebla con una tarjeta IP segura.<\/p><p>\u00bfC\u00f3mo funciona una tarjeta IP segura?<\/p><p>La informaci\u00f3n intercambiada entre la Densidad<sup class=\"tm\">\u00ae<\/sup>\u00a0y un dispositivo de control del generador se cifran en esta tarjeta IP en 2x128 bits para que pueda acceder a la nube, que a su vez est\u00e1 protegida por una conexi\u00f3n cifrada HTTPS de extremo a extremo.<\/p><p>Gracias al nombre de usuario y contrase\u00f1a necesarios para todas las conexiones, usted y sus datos de usuario est\u00e1n protegidos contra acciones malintencionadas (opcional en Density\u00ae).<sup class=\"tm\">\u00ae<\/sup> 390 & 900, inclus sur les Density<sup class=\"tm\">\u00ae<\/sup>\u00a01500 & 2400).<\/p>\t\t\t\t\t\t\t\t<\/div>\n\t\t\t\t<\/div>\n\t\t\t\t\t<\/div>\n\t\t<\/div>\n\t\t\t\t\t<\/div>\n\t\t<\/section>\n\t\t\t\t<\/div>","protected":false},"excerpt":{"rendered":"<p>\/\/ S\u00e9curit\u00e9 suppl\u00e9mentaire Des G\u00e9n\u00e9rateurs qui vous prot\u00e8gent et prot\u00e8gent vos donn\u00e9es Chez Density\u00ae, nous accordons une grande importance \u00e0 la protection de vos donn\u00e9es. C\u2019est pourquoi nous avons dot\u00e9 nos G\u00e9n\u00e9rateurs de Brouillard d\u2019une carte IP s\u00e9curis\u00e9e. Une carte IP s\u00e9curis\u00e9e comment \u00e7a marche\u00a0? Les informations qui sont \u00e9chang\u00e9es entre l\u2019appareil Density\u00ae\u00a0et un appareil [&hellip;]<\/p>\n","protected":false},"author":1,"featured_media":4297,"parent":3098,"menu_order":0,"comment_status":"closed","ping_status":"closed","template":"","meta":{"footnotes":""},"class_list":["post-5074","page","type-page","status-publish","has-post-thumbnail","hentry"],"yoast_head":"<!-- This site is optimized with the Yoast SEO plugin v27.5 - https:\/\/yoast.com\/product\/yoast-seo-wordpress\/ -->\n<title>Protection des donn\u00e9es - Density France<\/title>\n<meta name=\"description\" content=\"Density France prot\u00e8ge vos donn\u00e9es et vous garantit des solutions anti-intrusion fiables avec nos g\u00e9n\u00e9rateurs de brouillard.\" \/>\n<meta name=\"robots\" content=\"index, follow, max-snippet:-1, max-image-preview:large, max-video-preview:-1\" \/>\n<link rel=\"canonical\" href=\"https:\/\/www.densityfrance.fr\/es\/nuestros-activos\/proteccion-de-datos\/\" \/>\n<meta property=\"og:locale\" content=\"es_ES\" \/>\n<meta property=\"og:type\" content=\"article\" \/>\n<meta property=\"og:title\" content=\"Protection des donn\u00e9es - Density France\" \/>\n<meta property=\"og:description\" content=\"Density France prot\u00e8ge vos donn\u00e9es et vous garantit des solutions anti-intrusion fiables avec nos g\u00e9n\u00e9rateurs de brouillard.\" \/>\n<meta property=\"og:url\" content=\"https:\/\/www.densityfrance.fr\/es\/nuestros-activos\/proteccion-de-datos\/\" \/>\n<meta property=\"og:site_name\" content=\"Density France\" \/>\n<meta property=\"article:modified_time\" content=\"2024-09-12T13:32:02+00:00\" \/>\n<meta property=\"og:image\" content=\"https:\/\/www.densityfrance.fr\/wp-content\/uploads\/2021\/02\/luxe-picto-bleu.png\" \/>\n\t<meta property=\"og:image:width\" content=\"130\" \/>\n\t<meta property=\"og:image:height\" content=\"130\" \/>\n\t<meta property=\"og:image:type\" content=\"image\/png\" \/>\n<meta name=\"twitter:card\" content=\"summary_large_image\" \/>\n<meta name=\"twitter:label1\" content=\"Tiempo de lectura\" \/>\n\t<meta name=\"twitter:data1\" content=\"1 minuto\" \/>\n<script type=\"application\/ld+json\" class=\"yoast-schema-graph\">{\"@context\":\"https:\\\/\\\/schema.org\",\"@graph\":[{\"@type\":\"WebPage\",\"@id\":\"https:\\\/\\\/www.densityfrance.fr\\\/nos-atouts\\\/protection-des-donnees\\\/\",\"url\":\"https:\\\/\\\/www.densityfrance.fr\\\/nos-atouts\\\/protection-des-donnees\\\/\",\"name\":\"Protection des donn\u00e9es - Density France\",\"isPartOf\":{\"@id\":\"https:\\\/\\\/www.densityfrance.fr\\\/#website\"},\"primaryImageOfPage\":{\"@id\":\"https:\\\/\\\/www.densityfrance.fr\\\/nos-atouts\\\/protection-des-donnees\\\/#primaryimage\"},\"image\":{\"@id\":\"https:\\\/\\\/www.densityfrance.fr\\\/nos-atouts\\\/protection-des-donnees\\\/#primaryimage\"},\"thumbnailUrl\":\"https:\\\/\\\/www.densityfrance.fr\\\/wp-content\\\/uploads\\\/2021\\\/02\\\/luxe-picto-bleu.png\",\"datePublished\":\"2021-03-02T14:14:46+00:00\",\"dateModified\":\"2024-09-12T13:32:02+00:00\",\"description\":\"Density France prot\u00e8ge vos donn\u00e9es et vous garantit des solutions anti-intrusion fiables avec nos g\u00e9n\u00e9rateurs de brouillard.\",\"breadcrumb\":{\"@id\":\"https:\\\/\\\/www.densityfrance.fr\\\/nos-atouts\\\/protection-des-donnees\\\/#breadcrumb\"},\"inLanguage\":\"es\",\"potentialAction\":[{\"@type\":\"ReadAction\",\"target\":[\"https:\\\/\\\/www.densityfrance.fr\\\/nos-atouts\\\/protection-des-donnees\\\/\"]}]},{\"@type\":\"ImageObject\",\"inLanguage\":\"es\",\"@id\":\"https:\\\/\\\/www.densityfrance.fr\\\/nos-atouts\\\/protection-des-donnees\\\/#primaryimage\",\"url\":\"https:\\\/\\\/www.densityfrance.fr\\\/wp-content\\\/uploads\\\/2021\\\/02\\\/luxe-picto-bleu.png\",\"contentUrl\":\"https:\\\/\\\/www.densityfrance.fr\\\/wp-content\\\/uploads\\\/2021\\\/02\\\/luxe-picto-bleu.png\",\"width\":130,\"height\":130},{\"@type\":\"BreadcrumbList\",\"@id\":\"https:\\\/\\\/www.densityfrance.fr\\\/nos-atouts\\\/protection-des-donnees\\\/#breadcrumb\",\"itemListElement\":[{\"@type\":\"ListItem\",\"position\":1,\"name\":\"Accueil\",\"item\":\"https:\\\/\\\/www.densityfrance.fr\\\/\"},{\"@type\":\"ListItem\",\"position\":2,\"name\":\"Nos atouts\",\"item\":\"https:\\\/\\\/www.densityfrance.fr\\\/nos-atouts\\\/\"},{\"@type\":\"ListItem\",\"position\":3,\"name\":\"Protection des donn\u00e9es\"}]},{\"@type\":\"WebSite\",\"@id\":\"https:\\\/\\\/www.densityfrance.fr\\\/#website\",\"url\":\"https:\\\/\\\/www.densityfrance.fr\\\/\",\"name\":\"Density France\",\"description\":\"G\u00e9n\u00e9rateurs de brouillard anti-intrusion\",\"publisher\":{\"@id\":\"https:\\\/\\\/www.densityfrance.fr\\\/#organization\"},\"potentialAction\":[{\"@type\":\"SearchAction\",\"target\":{\"@type\":\"EntryPoint\",\"urlTemplate\":\"https:\\\/\\\/www.densityfrance.fr\\\/?s={search_term_string}\"},\"query-input\":{\"@type\":\"PropertyValueSpecification\",\"valueRequired\":true,\"valueName\":\"search_term_string\"}}],\"inLanguage\":\"es\"},{\"@type\":\"Organization\",\"@id\":\"https:\\\/\\\/www.densityfrance.fr\\\/#organization\",\"name\":\"Density\",\"url\":\"https:\\\/\\\/www.densityfrance.fr\\\/\",\"logo\":{\"@type\":\"ImageObject\",\"inLanguage\":\"es\",\"@id\":\"https:\\\/\\\/www.densityfrance.fr\\\/#\\\/schema\\\/logo\\\/image\\\/\",\"url\":\"https:\\\/\\\/www.densityfrance.fr\\\/wp-content\\\/uploads\\\/2021\\\/07\\\/Density-logo-couleur-transp-M.png\",\"contentUrl\":\"https:\\\/\\\/www.densityfrance.fr\\\/wp-content\\\/uploads\\\/2021\\\/07\\\/Density-logo-couleur-transp-M.png\",\"width\":404,\"height\":89,\"caption\":\"Density\"},\"image\":{\"@id\":\"https:\\\/\\\/www.densityfrance.fr\\\/#\\\/schema\\\/logo\\\/image\\\/\"}}]}<\/script>\n<!-- \/ Yoast SEO plugin. -->","yoast_head_json":{"title":"Protecci\u00f3n de datos - Densidad Francia","description":"Density France protege sus datos y garantiza soluciones anti-intrusi\u00f3n fiables con nuestros generadores de niebla.","robots":{"index":"index","follow":"follow","max-snippet":"max-snippet:-1","max-image-preview":"max-image-preview:large","max-video-preview":"max-video-preview:-1"},"canonical":"https:\/\/www.densityfrance.fr\/es\/nuestros-activos\/proteccion-de-datos\/","og_locale":"es_ES","og_type":"article","og_title":"Protection des donn\u00e9es - Density France","og_description":"Density France prot\u00e8ge vos donn\u00e9es et vous garantit des solutions anti-intrusion fiables avec nos g\u00e9n\u00e9rateurs de brouillard.","og_url":"https:\/\/www.densityfrance.fr\/es\/nuestros-activos\/proteccion-de-datos\/","og_site_name":"Density France","article_modified_time":"2024-09-12T13:32:02+00:00","og_image":[{"width":130,"height":130,"url":"https:\/\/www.densityfrance.fr\/wp-content\/uploads\/2021\/02\/luxe-picto-bleu.png","type":"image\/png"}],"twitter_card":"summary_large_image","twitter_misc":{"Tiempo de lectura":"1 minuto"},"schema":{"@context":"https:\/\/schema.org","@graph":[{"@type":"WebPage","@id":"https:\/\/www.densityfrance.fr\/nos-atouts\/protection-des-donnees\/","url":"https:\/\/www.densityfrance.fr\/nos-atouts\/protection-des-donnees\/","name":"Protecci\u00f3n de datos - Densidad Francia","isPartOf":{"@id":"https:\/\/www.densityfrance.fr\/#website"},"primaryImageOfPage":{"@id":"https:\/\/www.densityfrance.fr\/nos-atouts\/protection-des-donnees\/#primaryimage"},"image":{"@id":"https:\/\/www.densityfrance.fr\/nos-atouts\/protection-des-donnees\/#primaryimage"},"thumbnailUrl":"https:\/\/www.densityfrance.fr\/wp-content\/uploads\/2021\/02\/luxe-picto-bleu.png","datePublished":"2021-03-02T14:14:46+00:00","dateModified":"2024-09-12T13:32:02+00:00","description":"Density France protege sus datos y garantiza soluciones anti-intrusi\u00f3n fiables con nuestros generadores de niebla.","breadcrumb":{"@id":"https:\/\/www.densityfrance.fr\/nos-atouts\/protection-des-donnees\/#breadcrumb"},"inLanguage":"es","potentialAction":[{"@type":"ReadAction","target":["https:\/\/www.densityfrance.fr\/nos-atouts\/protection-des-donnees\/"]}]},{"@type":"ImageObject","inLanguage":"es","@id":"https:\/\/www.densityfrance.fr\/nos-atouts\/protection-des-donnees\/#primaryimage","url":"https:\/\/www.densityfrance.fr\/wp-content\/uploads\/2021\/02\/luxe-picto-bleu.png","contentUrl":"https:\/\/www.densityfrance.fr\/wp-content\/uploads\/2021\/02\/luxe-picto-bleu.png","width":130,"height":130},{"@type":"BreadcrumbList","@id":"https:\/\/www.densityfrance.fr\/nos-atouts\/protection-des-donnees\/#breadcrumb","itemListElement":[{"@type":"ListItem","position":1,"name":"Accueil","item":"https:\/\/www.densityfrance.fr\/"},{"@type":"ListItem","position":2,"name":"Nos atouts","item":"https:\/\/www.densityfrance.fr\/nos-atouts\/"},{"@type":"ListItem","position":3,"name":"Protection des donn\u00e9es"}]},{"@type":"WebSite","@id":"https:\/\/www.densityfrance.fr\/#website","url":"https:\/\/www.densityfrance.fr\/","name":"Densidad Francia","description":"Generadores de niebla anti-intrusi\u00f3n","publisher":{"@id":"https:\/\/www.densityfrance.fr\/#organization"},"potentialAction":[{"@type":"SearchAction","target":{"@type":"EntryPoint","urlTemplate":"https:\/\/www.densityfrance.fr\/?s={search_term_string}"},"query-input":{"@type":"PropertyValueSpecification","valueRequired":true,"valueName":"search_term_string"}}],"inLanguage":"es"},{"@type":"Organization","@id":"https:\/\/www.densityfrance.fr\/#organization","name":"Densidad","url":"https:\/\/www.densityfrance.fr\/","logo":{"@type":"ImageObject","inLanguage":"es","@id":"https:\/\/www.densityfrance.fr\/#\/schema\/logo\/image\/","url":"https:\/\/www.densityfrance.fr\/wp-content\/uploads\/2021\/07\/Density-logo-couleur-transp-M.png","contentUrl":"https:\/\/www.densityfrance.fr\/wp-content\/uploads\/2021\/07\/Density-logo-couleur-transp-M.png","width":404,"height":89,"caption":"Density"},"image":{"@id":"https:\/\/www.densityfrance.fr\/#\/schema\/logo\/image\/"}}]}},"_links":{"self":[{"href":"https:\/\/www.densityfrance.fr\/es\/wp-json\/wp\/v2\/pages\/5074","targetHints":{"allow":["GET"]}}],"collection":[{"href":"https:\/\/www.densityfrance.fr\/es\/wp-json\/wp\/v2\/pages"}],"about":[{"href":"https:\/\/www.densityfrance.fr\/es\/wp-json\/wp\/v2\/types\/page"}],"author":[{"embeddable":true,"href":"https:\/\/www.densityfrance.fr\/es\/wp-json\/wp\/v2\/users\/1"}],"replies":[{"embeddable":true,"href":"https:\/\/www.densityfrance.fr\/es\/wp-json\/wp\/v2\/comments?post=5074"}],"version-history":[{"count":26,"href":"https:\/\/www.densityfrance.fr\/es\/wp-json\/wp\/v2\/pages\/5074\/revisions"}],"predecessor-version":[{"id":7605,"href":"https:\/\/www.densityfrance.fr\/es\/wp-json\/wp\/v2\/pages\/5074\/revisions\/7605"}],"up":[{"embeddable":true,"href":"https:\/\/www.densityfrance.fr\/es\/wp-json\/wp\/v2\/pages\/3098"}],"wp:featuredmedia":[{"embeddable":true,"href":"https:\/\/www.densityfrance.fr\/es\/wp-json\/wp\/v2\/media\/4297"}],"wp:attachment":[{"href":"https:\/\/www.densityfrance.fr\/es\/wp-json\/wp\/v2\/media?parent=5074"}],"curies":[{"name":"wp","href":"https:\/\/api.w.org\/{rel}","templated":true}]}}