{"id":5090,"date":"2021-03-02T14:19:41","date_gmt":"2021-03-02T14:19:41","guid":{"rendered":"https:\/\/www.densityfrance.fr\/?page_id=5090"},"modified":"2024-10-21T13:40:32","modified_gmt":"2024-10-21T12:40:32","slug":"who-we-are","status":"publish","type":"page","link":"https:\/\/www.densityfrance.fr\/en\/qui-sommes-nous\/","title":{"rendered":"Who are we?"},"content":{"rendered":"<div data-elementor-type=\"wp-page\" data-elementor-id=\"5090\" class=\"elementor elementor-5090\" data-elementor-post-type=\"page\">\n\t\t\t\t\t\t<section class=\"elementor-section elementor-top-section elementor-element elementor-element-12e24554 gp_section_contexte ot-traditional elementor-section-boxed elementor-section-height-default elementor-section-height-default\" data-id=\"12e24554\" data-element_type=\"section\" data-e-type=\"section\">\n\t\t\t\t\t\t<div class=\"elementor-container elementor-column-gap-extended\">\n\t\t\t\t\t<div class=\"elementor-column elementor-col-100 elementor-top-column elementor-element elementor-element-6866f177 ot-column-items-center ot-flex-column-vertical\" data-id=\"6866f177\" data-element_type=\"column\" data-e-type=\"column\">\n\t\t\t<div class=\"elementor-widget-wrap elementor-element-populated\">\n\t\t\t\t\t\t<div class=\"elementor-element elementor-element-4e15071f elementor-widget elementor-widget-iheading\" data-id=\"4e15071f\" data-element_type=\"widget\" data-e-type=\"widget\" data-widget_type=\"iheading.default\">\n\t\t\t\t<div class=\"elementor-widget-container\">\n\t\t\t\t\t\t\t<div class=\"ot-heading\">\r\n\t        \t            <span>\/\/ Expertise<\/span>\r\n\t        <h2 class=\"main-heading\">Our experience, your safety!<\/h2>\t    <\/div>\r\n\t    \t\t\t\t<\/div>\n\t\t\t\t<\/div>\n\t\t\t\t<div class=\"elementor-element elementor-element-47906a85 elementor-widget elementor-widget-text-editor\" data-id=\"47906a85\" data-element_type=\"widget\" data-e-type=\"widget\" data-widget_type=\"text-editor.default\">\n\t\t\t\t<div class=\"elementor-widget-container\">\n\t\t\t\t\t\t\t\t\t<p>After 20 years' work developing the reputation of fog protection technology in France, and lacking the technological innovations to meet new customer demands, we decided to put together a team for a new adventure: creating new fog protection products. <a href=\"https:\/\/www.densityfrance.fr\/en\/fog-generators\/\">Fog Generators<\/a> more efficient, more connected, that will adapt to everyone's needs.<\/p><p>Des quatre coins de l\u2019Europe, nous avons acquis l\u2019exp\u00e9rience n\u00e9cessaire \u00e0 la compr\u00e9hension de vos besoins et les comp\u00e9tences techniques & technologiques pour y r\u00e9pondre. Cette technologie du Brouillard anti-intrusion est encore trop m\u00e9connue et nous sommes conscient du chemin qu\u2019il reste \u00e0 parcourir pour que chacun d\u2019entre nous puisse b\u00e9n\u00e9ficier de cette protection ultime.<\/p><p>At the start of this adventure, we were 3 people with very different but complementary characters and skills. We approached a manufacturer in southern Europe with experience in the aerospace and military markets, and who was therefore used to developing products with high quality standards and requiring a high level of safety and reliability.<\/p><p>Our experience of the fog security market has enabled us to identify gaps in the current market. Together, we have developed Fog Generators that better meet these needs. More performance, better fog density and connectivity more in line with the mobility required by today's lifestyles.<\/p>\t\t\t\t\t\t\t\t<\/div>\n\t\t\t\t<\/div>\n\t\t\t\t\t<\/div>\n\t\t<\/div>\n\t\t\t\t\t<\/div>\n\t\t<\/section>\n\t\t\t\t<section class=\"elementor-section elementor-top-section elementor-element elementor-element-9d9840c gp_section_contexte ot-traditional elementor-section-boxed elementor-section-height-default elementor-section-height-default\" data-id=\"9d9840c\" data-element_type=\"section\" data-e-type=\"section\" data-settings=\"{&quot;background_background&quot;:&quot;classic&quot;}\">\n\t\t\t\t\t\t<div class=\"elementor-container elementor-column-gap-extended\">\n\t\t\t\t\t<div class=\"elementor-column elementor-col-100 elementor-top-column elementor-element elementor-element-81deadc ot-column-items-center ot-flex-column-vertical\" data-id=\"81deadc\" data-element_type=\"column\" data-e-type=\"column\">\n\t\t\t<div class=\"elementor-widget-wrap elementor-element-populated\">\n\t\t\t\t\t\t<div class=\"elementor-element elementor-element-a18dfaf elementor-widget elementor-widget-iheading\" data-id=\"a18dfaf\" data-element_type=\"widget\" data-e-type=\"widget\" data-widget_type=\"iheading.default\">\n\t\t\t\t<div class=\"elementor-widget-container\">\n\t\t\t\t\t\t\t<div class=\"ot-heading\">\r\n\t        \t            <span>\/\/ Mission<\/span>\r\n\t        <h2 class=\"main-heading\">For you: lasting safety!<\/h2>\t    <\/div>\r\n\t    \t\t\t\t<\/div>\n\t\t\t\t<\/div>\n\t\t\t\t<div class=\"elementor-element elementor-element-d3e3c49 elementor-widget elementor-widget-text-editor\" data-id=\"d3e3c49\" data-element_type=\"widget\" data-e-type=\"widget\" data-widget_type=\"text-editor.default\">\n\t\t\t\t<div class=\"elementor-widget-container\">\n\t\t\t\t\t\t\t\t\t<p>Our world and our daily lives are accelerating, making us increasingly demanding and creating social fractures in modern society. The dazzling technological developments of the last 10 years have created new needs. Economic and health crises are heightening the sense of inequality, creating sources of frustration and insecurity of all kinds.<\/p><p>This feeling of inequality and injustice is contributing to an increase in violence against people and, above all, property. These days, no-one is immune from being the victim of a mugging in their own home, or of a break-in involving theft and damage to their home or workplace. The figures speak for themselves:<\/p>\t\t\t\t\t\t\t\t<\/div>\n\t\t\t\t<\/div>\n\t\t\t\t<section class=\"elementor-section elementor-inner-section elementor-element elementor-element-d4b449a ot-traditional elementor-section-boxed elementor-section-height-default elementor-section-height-default\" data-id=\"d4b449a\" data-element_type=\"section\" data-e-type=\"section\">\n\t\t\t\t\t\t<div class=\"elementor-container elementor-column-gap-wider\">\n\t\t\t\t\t<div class=\"elementor-column elementor-col-50 elementor-inner-column elementor-element elementor-element-664151e ot-flex-column-vertical\" data-id=\"664151e\" data-element_type=\"column\" data-e-type=\"column\">\n\t\t\t<div class=\"elementor-widget-wrap elementor-element-populated\">\n\t\t\t\t\t\t<div class=\"elementor-element elementor-element-5eb55a7 elementor-widget elementor-widget-heading\" data-id=\"5eb55a7\" data-element_type=\"widget\" data-e-type=\"widget\" data-widget_type=\"heading.default\">\n\t\t\t\t<div class=\"elementor-widget-container\">\n\t\t\t\t\t<h4 class=\"elementor-heading-title elementor-size-default\">Professional burglaries on the rise<\/h4>\t\t\t\t<\/div>\n\t\t\t\t<\/div>\n\t\t\t\t<div class=\"elementor-element elementor-element-011bf7f elementor-widget elementor-widget-image\" data-id=\"011bf7f\" data-element_type=\"widget\" data-e-type=\"widget\" data-settings=\"{&quot;motion_fx_motion_fx_mouse&quot;:&quot;yes&quot;,&quot;motion_fx_tilt_effect&quot;:&quot;yes&quot;,&quot;motion_fx_tilt_speed&quot;:{&quot;unit&quot;:&quot;px&quot;,&quot;size&quot;:2,&quot;sizes&quot;:[]}}\" data-widget_type=\"image.default\">\n\t\t\t\t<div class=\"elementor-widget-container\">\n\t\t\t\t\t\t\t\t\t\t\t\t\t\t\t<img decoding=\"async\" data-src=\"https:\/\/www.densityfrance.fr\/wp-content\/uploads\/elementor\/thumbs\/tableau-evolution-cambriolages-professionnels-ri7y23ltiglkzh54mik8mriwnpmt3upb3r3ur4svsw.jpg\" title=\"table-evolution-professional-burglaries\" alt=\"table-evolution-professional-burglaries\" width=\"502\" class=\"smush-dimensions lazyload\" style=\"--smush-image-width: 502px; --smush-image-aspect-ratio: 502\/230;\" src=\"data:image\/svg+xml;base64,PHN2ZyB3aWR0aD0iMSIgaGVpZ2h0PSIxIiB4bWxucz0iaHR0cDovL3d3dy53My5vcmcvMjAwMC9zdmciPjwvc3ZnPg==\" \/>\t\t\t\t\t\t\t\t\t\t\t\t\t\t\t<\/div>\n\t\t\t\t<\/div>\n\t\t\t\t<div class=\"elementor-element elementor-element-66601b4 elementor-widget elementor-widget-text-editor\" data-id=\"66601b4\" data-element_type=\"widget\" data-e-type=\"widget\" data-widget_type=\"text-editor.default\">\n\t\t\t\t<div class=\"elementor-widget-container\">\n\t\t\t\t\t\t\t\t\t<p>Among professionals, the annual number of burglaries has been rising steadily since 2012 (source: info.gouv.fr).<\/p>\t\t\t\t\t\t\t\t<\/div>\n\t\t\t\t<\/div>\n\t\t\t\t\t<\/div>\n\t\t<\/div>\n\t\t\t\t<div class=\"elementor-column elementor-col-50 elementor-inner-column elementor-element elementor-element-6e84532 ot-flex-column-vertical\" data-id=\"6e84532\" data-element_type=\"column\" data-e-type=\"column\">\n\t\t\t<div class=\"elementor-widget-wrap elementor-element-populated\">\n\t\t\t\t\t\t<div class=\"elementor-element elementor-element-55ed60c elementor-widget elementor-widget-heading\" data-id=\"55ed60c\" data-element_type=\"widget\" data-e-type=\"widget\" data-widget_type=\"heading.default\">\n\t\t\t\t<div class=\"elementor-widget-container\">\n\t\t\t\t\t<h4 class=\"elementor-heading-title elementor-size-default\">Burglaries among private homes still on the increase<\/h4>\t\t\t\t<\/div>\n\t\t\t\t<\/div>\n\t\t\t\t<div class=\"elementor-element elementor-element-640676d elementor-widget elementor-widget-image\" data-id=\"640676d\" data-element_type=\"widget\" data-e-type=\"widget\" data-settings=\"{&quot;motion_fx_motion_fx_mouse&quot;:&quot;yes&quot;,&quot;motion_fx_tilt_effect&quot;:&quot;yes&quot;,&quot;motion_fx_tilt_speed&quot;:{&quot;unit&quot;:&quot;px&quot;,&quot;size&quot;:2,&quot;sizes&quot;:[]}}\" data-widget_type=\"image.default\">\n\t\t\t\t<div class=\"elementor-widget-container\">\n\t\t\t\t\t\t\t\t\t\t\t\t\t\t\t<img decoding=\"async\" data-src=\"https:\/\/www.densityfrance.fr\/wp-content\/uploads\/elementor\/thumbs\/tableau-evolution-cambriolages-personnels-ri7y27d69sqq9wzo0k6qwqkr1949yn48g9pso8nb40.jpg\" title=\"table-evolution-burglaries-personnel\" alt=\"table-evolution-burglaries-personnel\" width=\"471\" class=\"smush-dimensions lazyload\" style=\"--smush-image-width: 471px; --smush-image-aspect-ratio: 471\/230;\" src=\"data:image\/svg+xml;base64,PHN2ZyB3aWR0aD0iMSIgaGVpZ2h0PSIxIiB4bWxucz0iaHR0cDovL3d3dy53My5vcmcvMjAwMC9zdmciPjwvc3ZnPg==\" \/>\t\t\t\t\t\t\t\t\t\t\t\t\t\t\t<\/div>\n\t\t\t\t<\/div>\n\t\t\t\t<div class=\"elementor-element elementor-element-6bdc3ed elementor-widget elementor-widget-text-editor\" data-id=\"6bdc3ed\" data-element_type=\"widget\" data-e-type=\"widget\" data-widget_type=\"text-editor.default\">\n\t\t\t\t<div class=\"elementor-widget-container\">\n\t\t\t\t\t\t\t\t\t<p>Among private individuals, even though the annual number of burglaries has remained relatively stable since 2013, it is still very high (source: info.gouv.fr).<\/p>\t\t\t\t\t\t\t\t<\/div>\n\t\t\t\t<\/div>\n\t\t\t\t\t<\/div>\n\t\t<\/div>\n\t\t\t\t\t<\/div>\n\t\t<\/section>\n\t\t\t\t<div class=\"elementor-element elementor-element-91b7321 elementor-widget elementor-widget-heading\" data-id=\"91b7321\" data-element_type=\"widget\" data-e-type=\"widget\" data-widget_type=\"heading.default\">\n\t\t\t\t<div class=\"elementor-widget-container\">\n\t\t\t\t\t<h4 class=\"elementor-heading-title elementor-size-default\">With this in mind, we've been working to develop a brand that will enable you, both private individuals and professionals, to take matters into your own hands!<\/h4>\t\t\t\t<\/div>\n\t\t\t\t<\/div>\n\t\t\t\t<div class=\"elementor-element elementor-element-980c2d8 elementor-widget elementor-widget-text-editor\" data-id=\"980c2d8\" data-element_type=\"widget\" data-e-type=\"widget\" data-widget_type=\"text-editor.default\">\n\t\t\t\t<div class=\"elementor-widget-container\">\n\t\t\t\t\t\t\t\t\t<p>How about a solution that protects you from all that? A solution that makes your life easier, letting you enjoy your family without worrying about intruders while you sleep.<\/p><p>How about a solution that protects your work tools? A solution that allows you to open your business or shop in the morning without having to worry about discovering a burglary that took place during the night or at the weekend?<\/p><p>How about a solution that prevents you from being woken up in the middle of the night by your alarm indicating a nocturnal intruder in the shop or boutique? For all these reasons, Density<sup class=\"tm\">\u00ae<\/sup> is the solution!<\/p><p>Discover the Fog Generator best suited to your needs in \u00abour solutions\u00bb and come and share our vision of a better world without the stress of theft or mugging!<\/p>\t\t\t\t\t\t\t\t<\/div>\n\t\t\t\t<\/div>\n\t\t\t\t\t<\/div>\n\t\t<\/div>\n\t\t\t\t\t<\/div>\n\t\t<\/section>\n\t\t\t\t<section class=\"elementor-section elementor-top-section elementor-element elementor-element-ac5ddcd gp_section_contexte ot-traditional elementor-section-boxed elementor-section-height-default elementor-section-height-default\" data-id=\"ac5ddcd\" data-element_type=\"section\" data-e-type=\"section\">\n\t\t\t\t\t\t<div class=\"elementor-container elementor-column-gap-extended\">\n\t\t\t\t\t<div class=\"elementor-column elementor-col-100 elementor-top-column elementor-element elementor-element-18748f0 ot-column-items-center ot-flex-column-vertical\" data-id=\"18748f0\" data-element_type=\"column\" data-e-type=\"column\">\n\t\t\t<div class=\"elementor-widget-wrap elementor-element-populated\">\n\t\t\t\t\t\t<div class=\"elementor-element elementor-element-52284cd elementor-widget elementor-widget-iheading\" data-id=\"52284cd\" data-element_type=\"widget\" data-e-type=\"widget\" data-widget_type=\"iheading.default\">\n\t\t\t\t<div class=\"elementor-widget-container\">\n\t\t\t\t\t\t\t<div class=\"ot-heading\">\r\n\t        \t            <span>\/\/ Vision<\/span>\r\n\t        <h2 class=\"main-heading\">Personalised, increasingly connected security<\/h2>\t    <\/div>\r\n\t    \t\t\t\t<\/div>\n\t\t\t\t<\/div>\n\t\t\t\t<div class=\"elementor-element elementor-element-9d283ef elementor-widget elementor-widget-text-editor\" data-id=\"9d283ef\" data-element_type=\"widget\" data-e-type=\"widget\" data-widget_type=\"text-editor.default\">\n\t\t\t\t<div class=\"elementor-widget-container\">\n\t\t\t\t\t\t\t\t\t<p>Our way of working will change considerably over the next few years, moving from a sedentary to a nomadic mode, allowing us to dematerialise our professional activities and our daily lives.<\/p><p>The need to access our possessions from any location without having to be on site will become a real norm, and for this to happen it is essential that the security market evolves by thinking \u00abconnected\u00bb and thinking \u00abremote action\u00bb.<\/p><p>Our mobile phones are becoming an integral part of our daily lives - indeed, of ourselves. So we need to know how to protect our assets when we're not around, and be connected to monitor them remotely.<\/p><p>For a better everyday life, it is becoming necessary to let our technological systems and products manage our work tools and our possessions without us needing to take any physical action. Artificial intelligence and machine learning will help us save time by relieving us of the burden of simple but repetitive tasks. Safety and equipment must be ready for these changes in society.<\/p><p>Our teams of computer and electronics engineers are already developing numerous new projects on our fog generators to make them even easier to install and maintain, and to add new communication modes to enable our Density fog systems to be networked.<sup class=\"tm\">\u00ae<\/sup> in your homes thanks to your home automation. But also in your shops or business premises to ensure simple installation, management and maintenance to help you optimise costs.<\/p><p>The Density team<sup class=\"tm\">\u00ae<\/sup>\u00a0is on a mission to bring about a revolution in intruder protection by easily deploying generators in all environments to stop the harmful actions of malicious individuals and make the world a better place!<\/p><p>Come and take part in the Density Adventure<sup class=\"tm\">\u00ae<\/sup>\u00a0!<\/p>\t\t\t\t\t\t\t\t<\/div>\n\t\t\t\t<\/div>\n\t\t\t\t\t<\/div>\n\t\t<\/div>\n\t\t\t\t\t<\/div>\n\t\t<\/section>\n\t\t\t\t<\/div>","protected":false},"excerpt":{"rendered":"<p>\/\/ Expertise Notre exp\u00e9rience, votre s\u00e9curit\u00e9 ! Apr\u00e8s 20 ans de travail au d\u00e9veloppement de la notori\u00e9t\u00e9 de la technologie de protection par le Brouillard sur le territoire national et manquant d\u2019innovations technologiques capables de r\u00e9pondre aux nouvelles demandes des clients, nous avons d\u00e9cid\u00e9 de constituer une \u00e9quipe pour une nouvelle aventure\u00a0: cr\u00e9er des G\u00e9n\u00e9rateurs [&hellip;]<\/p>\n","protected":false},"author":1,"featured_media":4297,"parent":0,"menu_order":0,"comment_status":"closed","ping_status":"closed","template":"","meta":{"footnotes":""},"class_list":["post-5090","page","type-page","status-publish","has-post-thumbnail","hentry"],"yoast_head":"<!-- This site is optimized with the Yoast SEO plugin v27.5 - https:\/\/yoast.com\/product\/yoast-seo-wordpress\/ -->\n<title>Qui sommes-nous ? - Density France<\/title>\n<meta name=\"description\" content=\"D\u00e9couvrez Density France, sp\u00e9cialiste des solutions anti-intrusion pour professionnels et particuliers avec des g\u00e9n\u00e9rateurs de brouillard performants\" \/>\n<meta name=\"robots\" content=\"index, follow, max-snippet:-1, max-image-preview:large, max-video-preview:-1\" \/>\n<link rel=\"canonical\" href=\"https:\/\/www.densityfrance.fr\/en\/who-we-are\/\" \/>\n<meta property=\"og:locale\" content=\"en_GB\" \/>\n<meta property=\"og:type\" content=\"article\" \/>\n<meta property=\"og:title\" content=\"Qui sommes-nous ? - Density France\" \/>\n<meta property=\"og:description\" content=\"D\u00e9couvrez Density France, sp\u00e9cialiste des solutions anti-intrusion pour professionnels et particuliers avec des g\u00e9n\u00e9rateurs de brouillard performants\" \/>\n<meta property=\"og:url\" content=\"https:\/\/www.densityfrance.fr\/en\/who-we-are\/\" \/>\n<meta property=\"og:site_name\" content=\"Density France\" \/>\n<meta property=\"article:modified_time\" content=\"2024-10-21T12:40:32+00:00\" \/>\n<meta property=\"og:image\" content=\"https:\/\/www.densityfrance.fr\/wp-content\/uploads\/2021\/02\/luxe-picto-bleu.png\" \/>\n\t<meta property=\"og:image:width\" content=\"130\" \/>\n\t<meta property=\"og:image:height\" content=\"130\" \/>\n\t<meta property=\"og:image:type\" content=\"image\/png\" \/>\n<meta name=\"twitter:card\" content=\"summary_large_image\" \/>\n<meta name=\"twitter:label1\" content=\"Estimated reading time\" \/>\n\t<meta name=\"twitter:data1\" content=\"5 minutes\" \/>\n<script type=\"application\/ld+json\" class=\"yoast-schema-graph\">{\"@context\":\"https:\\\/\\\/schema.org\",\"@graph\":[{\"@type\":\"WebPage\",\"@id\":\"https:\\\/\\\/www.densityfrance.fr\\\/qui-sommes-nous\\\/\",\"url\":\"https:\\\/\\\/www.densityfrance.fr\\\/qui-sommes-nous\\\/\",\"name\":\"Qui sommes-nous ? - Density France\",\"isPartOf\":{\"@id\":\"https:\\\/\\\/www.densityfrance.fr\\\/#website\"},\"primaryImageOfPage\":{\"@id\":\"https:\\\/\\\/www.densityfrance.fr\\\/qui-sommes-nous\\\/#primaryimage\"},\"image\":{\"@id\":\"https:\\\/\\\/www.densityfrance.fr\\\/qui-sommes-nous\\\/#primaryimage\"},\"thumbnailUrl\":\"https:\\\/\\\/www.densityfrance.fr\\\/wp-content\\\/uploads\\\/2021\\\/02\\\/luxe-picto-bleu.png\",\"datePublished\":\"2021-03-02T14:19:41+00:00\",\"dateModified\":\"2024-10-21T12:40:32+00:00\",\"description\":\"D\u00e9couvrez Density France, sp\u00e9cialiste des solutions anti-intrusion pour professionnels et particuliers avec des g\u00e9n\u00e9rateurs de brouillard performants\",\"breadcrumb\":{\"@id\":\"https:\\\/\\\/www.densityfrance.fr\\\/qui-sommes-nous\\\/#breadcrumb\"},\"inLanguage\":\"en-GB\",\"potentialAction\":[{\"@type\":\"ReadAction\",\"target\":[\"https:\\\/\\\/www.densityfrance.fr\\\/qui-sommes-nous\\\/\"]}]},{\"@type\":\"ImageObject\",\"inLanguage\":\"en-GB\",\"@id\":\"https:\\\/\\\/www.densityfrance.fr\\\/qui-sommes-nous\\\/#primaryimage\",\"url\":\"https:\\\/\\\/www.densityfrance.fr\\\/wp-content\\\/uploads\\\/2021\\\/02\\\/luxe-picto-bleu.png\",\"contentUrl\":\"https:\\\/\\\/www.densityfrance.fr\\\/wp-content\\\/uploads\\\/2021\\\/02\\\/luxe-picto-bleu.png\",\"width\":130,\"height\":130},{\"@type\":\"BreadcrumbList\",\"@id\":\"https:\\\/\\\/www.densityfrance.fr\\\/qui-sommes-nous\\\/#breadcrumb\",\"itemListElement\":[{\"@type\":\"ListItem\",\"position\":1,\"name\":\"Accueil\",\"item\":\"https:\\\/\\\/www.densityfrance.fr\\\/\"},{\"@type\":\"ListItem\",\"position\":2,\"name\":\"Qui sommes-nous ?\"}]},{\"@type\":\"WebSite\",\"@id\":\"https:\\\/\\\/www.densityfrance.fr\\\/#website\",\"url\":\"https:\\\/\\\/www.densityfrance.fr\\\/\",\"name\":\"Density France\",\"description\":\"G\u00e9n\u00e9rateurs de brouillard anti-intrusion\",\"publisher\":{\"@id\":\"https:\\\/\\\/www.densityfrance.fr\\\/#organization\"},\"potentialAction\":[{\"@type\":\"SearchAction\",\"target\":{\"@type\":\"EntryPoint\",\"urlTemplate\":\"https:\\\/\\\/www.densityfrance.fr\\\/?s={search_term_string}\"},\"query-input\":{\"@type\":\"PropertyValueSpecification\",\"valueRequired\":true,\"valueName\":\"search_term_string\"}}],\"inLanguage\":\"en-GB\"},{\"@type\":\"Organization\",\"@id\":\"https:\\\/\\\/www.densityfrance.fr\\\/#organization\",\"name\":\"Density\",\"url\":\"https:\\\/\\\/www.densityfrance.fr\\\/\",\"logo\":{\"@type\":\"ImageObject\",\"inLanguage\":\"en-GB\",\"@id\":\"https:\\\/\\\/www.densityfrance.fr\\\/#\\\/schema\\\/logo\\\/image\\\/\",\"url\":\"https:\\\/\\\/www.densityfrance.fr\\\/wp-content\\\/uploads\\\/2021\\\/07\\\/Density-logo-couleur-transp-M.png\",\"contentUrl\":\"https:\\\/\\\/www.densityfrance.fr\\\/wp-content\\\/uploads\\\/2021\\\/07\\\/Density-logo-couleur-transp-M.png\",\"width\":404,\"height\":89,\"caption\":\"Density\"},\"image\":{\"@id\":\"https:\\\/\\\/www.densityfrance.fr\\\/#\\\/schema\\\/logo\\\/image\\\/\"}}]}<\/script>\n<!-- \/ Yoast SEO plugin. -->","yoast_head_json":{"title":"About Density - Density France","description":"Discover Density France, specialist in anti-intrusion solutions for professionals and private individuals with high-performance fog generators.","robots":{"index":"index","follow":"follow","max-snippet":"max-snippet:-1","max-image-preview":"max-image-preview:large","max-video-preview":"max-video-preview:-1"},"canonical":"https:\/\/www.densityfrance.fr\/en\/who-we-are\/","og_locale":"en_GB","og_type":"article","og_title":"Qui sommes-nous ? - Density France","og_description":"D\u00e9couvrez Density France, sp\u00e9cialiste des solutions anti-intrusion pour professionnels et particuliers avec des g\u00e9n\u00e9rateurs de brouillard performants","og_url":"https:\/\/www.densityfrance.fr\/en\/who-we-are\/","og_site_name":"Density France","article_modified_time":"2024-10-21T12:40:32+00:00","og_image":[{"width":130,"height":130,"url":"https:\/\/www.densityfrance.fr\/wp-content\/uploads\/2021\/02\/luxe-picto-bleu.png","type":"image\/png"}],"twitter_card":"summary_large_image","twitter_misc":{"Estimated reading time":"5 minutes"},"schema":{"@context":"https:\/\/schema.org","@graph":[{"@type":"WebPage","@id":"https:\/\/www.densityfrance.fr\/qui-sommes-nous\/","url":"https:\/\/www.densityfrance.fr\/qui-sommes-nous\/","name":"About Density - Density France","isPartOf":{"@id":"https:\/\/www.densityfrance.fr\/#website"},"primaryImageOfPage":{"@id":"https:\/\/www.densityfrance.fr\/qui-sommes-nous\/#primaryimage"},"image":{"@id":"https:\/\/www.densityfrance.fr\/qui-sommes-nous\/#primaryimage"},"thumbnailUrl":"https:\/\/www.densityfrance.fr\/wp-content\/uploads\/2021\/02\/luxe-picto-bleu.png","datePublished":"2021-03-02T14:19:41+00:00","dateModified":"2024-10-21T12:40:32+00:00","description":"Discover Density France, specialist in anti-intrusion solutions for professionals and private individuals with high-performance fog generators.","breadcrumb":{"@id":"https:\/\/www.densityfrance.fr\/qui-sommes-nous\/#breadcrumb"},"inLanguage":"en-GB","potentialAction":[{"@type":"ReadAction","target":["https:\/\/www.densityfrance.fr\/qui-sommes-nous\/"]}]},{"@type":"ImageObject","inLanguage":"en-GB","@id":"https:\/\/www.densityfrance.fr\/qui-sommes-nous\/#primaryimage","url":"https:\/\/www.densityfrance.fr\/wp-content\/uploads\/2021\/02\/luxe-picto-bleu.png","contentUrl":"https:\/\/www.densityfrance.fr\/wp-content\/uploads\/2021\/02\/luxe-picto-bleu.png","width":130,"height":130},{"@type":"BreadcrumbList","@id":"https:\/\/www.densityfrance.fr\/qui-sommes-nous\/#breadcrumb","itemListElement":[{"@type":"ListItem","position":1,"name":"Accueil","item":"https:\/\/www.densityfrance.fr\/"},{"@type":"ListItem","position":2,"name":"Qui sommes-nous ?"}]},{"@type":"WebSite","@id":"https:\/\/www.densityfrance.fr\/#website","url":"https:\/\/www.densityfrance.fr\/","name":"Density France","description":"Anti-intrusion fog generators","publisher":{"@id":"https:\/\/www.densityfrance.fr\/#organization"},"potentialAction":[{"@type":"SearchAction","target":{"@type":"EntryPoint","urlTemplate":"https:\/\/www.densityfrance.fr\/?s={search_term_string}"},"query-input":{"@type":"PropertyValueSpecification","valueRequired":true,"valueName":"search_term_string"}}],"inLanguage":"en-GB"},{"@type":"Organization","@id":"https:\/\/www.densityfrance.fr\/#organization","name":"Density","url":"https:\/\/www.densityfrance.fr\/","logo":{"@type":"ImageObject","inLanguage":"en-GB","@id":"https:\/\/www.densityfrance.fr\/#\/schema\/logo\/image\/","url":"https:\/\/www.densityfrance.fr\/wp-content\/uploads\/2021\/07\/Density-logo-couleur-transp-M.png","contentUrl":"https:\/\/www.densityfrance.fr\/wp-content\/uploads\/2021\/07\/Density-logo-couleur-transp-M.png","width":404,"height":89,"caption":"Density"},"image":{"@id":"https:\/\/www.densityfrance.fr\/#\/schema\/logo\/image\/"}}]}},"_links":{"self":[{"href":"https:\/\/www.densityfrance.fr\/en\/wp-json\/wp\/v2\/pages\/5090","targetHints":{"allow":["GET"]}}],"collection":[{"href":"https:\/\/www.densityfrance.fr\/en\/wp-json\/wp\/v2\/pages"}],"about":[{"href":"https:\/\/www.densityfrance.fr\/en\/wp-json\/wp\/v2\/types\/page"}],"author":[{"embeddable":true,"href":"https:\/\/www.densityfrance.fr\/en\/wp-json\/wp\/v2\/users\/1"}],"replies":[{"embeddable":true,"href":"https:\/\/www.densityfrance.fr\/en\/wp-json\/wp\/v2\/comments?post=5090"}],"version-history":[{"count":62,"href":"https:\/\/www.densityfrance.fr\/en\/wp-json\/wp\/v2\/pages\/5090\/revisions"}],"predecessor-version":[{"id":11260,"href":"https:\/\/www.densityfrance.fr\/en\/wp-json\/wp\/v2\/pages\/5090\/revisions\/11260"}],"wp:featuredmedia":[{"embeddable":true,"href":"https:\/\/www.densityfrance.fr\/en\/wp-json\/wp\/v2\/media\/4297"}],"wp:attachment":[{"href":"https:\/\/www.densityfrance.fr\/en\/wp-json\/wp\/v2\/media?parent=5090"}],"curies":[{"name":"wp","href":"https:\/\/api.w.org\/{rel}","templated":true}]}}