{"id":5075,"date":"2021-03-02T14:14:52","date_gmt":"2021-03-02T14:14:52","guid":{"rendered":"https:\/\/www.densityfrance.fr\/?page_id=5075"},"modified":"2024-09-12T14:33:30","modified_gmt":"2024-09-12T13:33:30","slug":"better-communication","status":"publish","type":"page","link":"https:\/\/www.densityfrance.fr\/en\/nos-atouts\/une-meilleure-communication\/","title":{"rendered":"Better communication"},"content":{"rendered":"<div data-elementor-type=\"wp-page\" data-elementor-id=\"5075\" class=\"elementor elementor-5075\" data-elementor-post-type=\"page\">\n\t\t\t\t\t\t<section class=\"elementor-section elementor-top-section elementor-element elementor-element-7774a489 gp_section_contexte ot-traditional elementor-section-boxed elementor-section-height-default elementor-section-height-default\" data-id=\"7774a489\" data-element_type=\"section\" data-e-type=\"section\">\n\t\t\t\t\t\t<div class=\"elementor-container elementor-column-gap-extended\">\n\t\t\t\t\t<div class=\"elementor-column elementor-col-50 elementor-top-column elementor-element elementor-element-62ddc6cf elementor-hidden-tablet elementor-hidden-phone ot-flex-column-vertical\" data-id=\"62ddc6cf\" data-element_type=\"column\" data-e-type=\"column\" data-settings=\"{&quot;background_background&quot;:&quot;classic&quot;}\">\n\t\t\t<div class=\"elementor-widget-wrap elementor-element-populated\">\n\t\t\t\t\t\t\t<\/div>\n\t\t<\/div>\n\t\t\t\t<div class=\"elementor-column elementor-col-50 elementor-top-column elementor-element elementor-element-1b77517c ot-column-items-center gp_col-right gp_text ot-flex-column-vertical\" data-id=\"1b77517c\" data-element_type=\"column\" data-e-type=\"column\">\n\t\t\t<div class=\"elementor-widget-wrap elementor-element-populated\">\n\t\t\t\t\t\t<div class=\"elementor-element elementor-element-4e15071f elementor-widget elementor-widget-iheading\" data-id=\"4e15071f\" data-element_type=\"widget\" data-e-type=\"widget\" data-widget_type=\"iheading.default\">\n\t\t\t\t<div class=\"elementor-widget-container\">\n\t\t\t\t\t\t\t<div class=\"ot-heading\">\r\n\t        \t            <span>\/\/ Ready for tomorrow<\/span>\r\n\t        <h2 class=\"main-heading\">Intercommunication with every player in the life of the Density Generator<sup class=\"\u00ae\">\u00ae<\/sup><\/h2>\t    <\/div>\r\n\t    \t\t\t\t<\/div>\n\t\t\t\t<\/div>\n\t\t\t\t<div class=\"elementor-element elementor-element-47906a85 elementor-widget elementor-widget-text-editor\" data-id=\"47906a85\" data-element_type=\"widget\" data-e-type=\"widget\" data-widget_type=\"text-editor.default\">\n\t\t\t\t<div class=\"elementor-widget-container\">\n\t\t\t\t\t\t\t\t\t<p>Our current need for mobility means that communication between all our electronic and IT tools is essential.<\/p><p>Density generators<sup class=\"tm\">\u00ae<\/sup> are ready for this new era. Thanks to the secure IP card, you can access the Density CLOUD<sup class=\"tm\">\u00ae<\/sup> qui vous permettra de g\u00e9rer votre G\u00e9n\u00e9rateur de Brouillard depuis une simple page internet s\u00e9curis\u00e9e (Login & MdP). Vous pourrez mettre en marche, arr\u00eater et tester le bon fonctionnement \u00e0 distance, v\u00e9rifier l\u2019\u00e9tat des consommables et avoir un rapport des \u00e9v\u00e8nements. La remont\u00e9e des informations techniques d\u2019auto-diagnostique seront envoy\u00e9s sur votre boite mail selon votre choix. La carte \u00e9lectronique a \u00e9t\u00e9 pens\u00e9e pour conserver tous les \u00e9v\u00e8nements pass\u00e9s qui se sont produits sur les derniers jours, afin de pouvoir s\u2019assurer du bon fonctionnement de l\u2019appareil. Un simple clic et c\u2019est sur votre tablette ou votre t\u00e9l\u00e9phone.<\/p><p>The IP card's wireless connection means it can be discreetly and easily installed in the most aesthetically pleasing environments.<\/p><p>Thanks to Cloud Density<sup class=\"tm\">\u00ae<\/sup>, Your alarm installer will be able to update the fog generator remotely, and carry out a regular pre-maintenance visit to ensure that it is working properly to protect you at all times. The cost will be lower because the operation will be carried out without the technician having to travel or be present.<\/p><p>The Density team<sup class=\"tm\">\u00ae<\/sup>\u00a0has not only optimised your communication with the remote Fog Generators to improve your maintenance, we have also developed a cloud API to be able to include the commands and functionalities of the density cloud on yours for security and safety procedures.<\/p><p>We can go even further by providing you with the system API that will enable you to connect and integrate your Density Fog Generator.<sup class=\"tm\">\u00ae<\/sup>\u00a0in all your remote control systems incorporating home automation, building management or video surveillance functions.<\/p><p>Finally, with Density<sup class=\"tm\">\u00ae<\/sup>, We have specialised in-house engineers who can adapt and customise our communications for your major projects. These in-house skills enable us to react quickly to your needs, so that we can provide you with the solution you need for large-scale projects specific to your professional organisation.<\/p>\t\t\t\t\t\t\t\t<\/div>\n\t\t\t\t<\/div>\n\t\t\t\t\t<\/div>\n\t\t<\/div>\n\t\t\t\t\t<\/div>\n\t\t<\/section>\n\t\t\t\t<\/div>","protected":false},"excerpt":{"rendered":"<p>\/\/ Pr\u00eat pour demain Intercommunication avec chaque acteur de la vie du G\u00e9n\u00e9rateur Density\u00ae Notre besoin de mobilit\u00e9 actuel rend la communication de l\u2019ensemble de nos outils \u00e9lectroniques et informatiques essentielle. Les g\u00e9n\u00e9rateurs Density\u00ae sont pr\u00eats pour cette nouvelle \u00e8re.\u00a0Gr\u00e2ce \u00e0 la carte IP s\u00e9curis\u00e9e, vous pourrez acc\u00e9der au CLOUD Density\u00ae qui vous permettra de [&hellip;]<\/p>\n","protected":false},"author":1,"featured_media":4297,"parent":3098,"menu_order":0,"comment_status":"closed","ping_status":"closed","template":"","meta":{"footnotes":""},"class_list":["post-5075","page","type-page","status-publish","has-post-thumbnail","hentry"],"yoast_head":"<!-- This site is optimized with the Yoast SEO plugin v27.5 - https:\/\/yoast.com\/product\/yoast-seo-wordpress\/ -->\n<title>Une meilleure communication - Density France<\/title>\n<meta name=\"description\" content=\"Am\u00e9liorez la communication de vos syst\u00e8mes de s\u00e9curit\u00e9 avec les solutions de brouillard anti-intrusion de Density France, pour une protection accrue\" \/>\n<meta name=\"robots\" content=\"index, follow, max-snippet:-1, max-image-preview:large, max-video-preview:-1\" \/>\n<link rel=\"canonical\" href=\"https:\/\/www.densityfrance.fr\/en\/our-assets\/better-communication\/\" \/>\n<meta property=\"og:locale\" content=\"en_GB\" \/>\n<meta property=\"og:type\" content=\"article\" \/>\n<meta property=\"og:title\" content=\"Une meilleure communication - Density France\" \/>\n<meta property=\"og:description\" content=\"Am\u00e9liorez la communication de vos syst\u00e8mes de s\u00e9curit\u00e9 avec les solutions de brouillard anti-intrusion de Density France, pour une protection accrue\" \/>\n<meta property=\"og:url\" content=\"https:\/\/www.densityfrance.fr\/en\/our-assets\/better-communication\/\" \/>\n<meta property=\"og:site_name\" content=\"Density France\" \/>\n<meta property=\"article:modified_time\" content=\"2024-09-12T13:33:30+00:00\" \/>\n<meta property=\"og:image\" content=\"https:\/\/www.densityfrance.fr\/wp-content\/uploads\/2021\/02\/luxe-picto-bleu.png\" \/>\n\t<meta property=\"og:image:width\" content=\"130\" \/>\n\t<meta property=\"og:image:height\" content=\"130\" \/>\n\t<meta property=\"og:image:type\" content=\"image\/png\" \/>\n<meta name=\"twitter:card\" content=\"summary_large_image\" \/>\n<meta name=\"twitter:label1\" content=\"Estimated reading time\" \/>\n\t<meta name=\"twitter:data1\" content=\"2 minutes\" \/>\n<script type=\"application\/ld+json\" class=\"yoast-schema-graph\">{\"@context\":\"https:\\\/\\\/schema.org\",\"@graph\":[{\"@type\":\"WebPage\",\"@id\":\"https:\\\/\\\/www.densityfrance.fr\\\/nos-atouts\\\/une-meilleure-communication\\\/\",\"url\":\"https:\\\/\\\/www.densityfrance.fr\\\/nos-atouts\\\/une-meilleure-communication\\\/\",\"name\":\"Une meilleure communication - Density France\",\"isPartOf\":{\"@id\":\"https:\\\/\\\/www.densityfrance.fr\\\/#website\"},\"primaryImageOfPage\":{\"@id\":\"https:\\\/\\\/www.densityfrance.fr\\\/nos-atouts\\\/une-meilleure-communication\\\/#primaryimage\"},\"image\":{\"@id\":\"https:\\\/\\\/www.densityfrance.fr\\\/nos-atouts\\\/une-meilleure-communication\\\/#primaryimage\"},\"thumbnailUrl\":\"https:\\\/\\\/www.densityfrance.fr\\\/wp-content\\\/uploads\\\/2021\\\/02\\\/luxe-picto-bleu.png\",\"datePublished\":\"2021-03-02T14:14:52+00:00\",\"dateModified\":\"2024-09-12T13:33:30+00:00\",\"description\":\"Am\u00e9liorez la communication de vos syst\u00e8mes de s\u00e9curit\u00e9 avec les solutions de brouillard anti-intrusion de Density France, pour une protection accrue\",\"breadcrumb\":{\"@id\":\"https:\\\/\\\/www.densityfrance.fr\\\/nos-atouts\\\/une-meilleure-communication\\\/#breadcrumb\"},\"inLanguage\":\"en-GB\",\"potentialAction\":[{\"@type\":\"ReadAction\",\"target\":[\"https:\\\/\\\/www.densityfrance.fr\\\/nos-atouts\\\/une-meilleure-communication\\\/\"]}]},{\"@type\":\"ImageObject\",\"inLanguage\":\"en-GB\",\"@id\":\"https:\\\/\\\/www.densityfrance.fr\\\/nos-atouts\\\/une-meilleure-communication\\\/#primaryimage\",\"url\":\"https:\\\/\\\/www.densityfrance.fr\\\/wp-content\\\/uploads\\\/2021\\\/02\\\/luxe-picto-bleu.png\",\"contentUrl\":\"https:\\\/\\\/www.densityfrance.fr\\\/wp-content\\\/uploads\\\/2021\\\/02\\\/luxe-picto-bleu.png\",\"width\":130,\"height\":130},{\"@type\":\"BreadcrumbList\",\"@id\":\"https:\\\/\\\/www.densityfrance.fr\\\/nos-atouts\\\/une-meilleure-communication\\\/#breadcrumb\",\"itemListElement\":[{\"@type\":\"ListItem\",\"position\":1,\"name\":\"Accueil\",\"item\":\"https:\\\/\\\/www.densityfrance.fr\\\/\"},{\"@type\":\"ListItem\",\"position\":2,\"name\":\"Nos atouts\",\"item\":\"https:\\\/\\\/www.densityfrance.fr\\\/nos-atouts\\\/\"},{\"@type\":\"ListItem\",\"position\":3,\"name\":\"Une meilleure communication\"}]},{\"@type\":\"WebSite\",\"@id\":\"https:\\\/\\\/www.densityfrance.fr\\\/#website\",\"url\":\"https:\\\/\\\/www.densityfrance.fr\\\/\",\"name\":\"Density France\",\"description\":\"G\u00e9n\u00e9rateurs de brouillard anti-intrusion\",\"publisher\":{\"@id\":\"https:\\\/\\\/www.densityfrance.fr\\\/#organization\"},\"potentialAction\":[{\"@type\":\"SearchAction\",\"target\":{\"@type\":\"EntryPoint\",\"urlTemplate\":\"https:\\\/\\\/www.densityfrance.fr\\\/?s={search_term_string}\"},\"query-input\":{\"@type\":\"PropertyValueSpecification\",\"valueRequired\":true,\"valueName\":\"search_term_string\"}}],\"inLanguage\":\"en-GB\"},{\"@type\":\"Organization\",\"@id\":\"https:\\\/\\\/www.densityfrance.fr\\\/#organization\",\"name\":\"Density\",\"url\":\"https:\\\/\\\/www.densityfrance.fr\\\/\",\"logo\":{\"@type\":\"ImageObject\",\"inLanguage\":\"en-GB\",\"@id\":\"https:\\\/\\\/www.densityfrance.fr\\\/#\\\/schema\\\/logo\\\/image\\\/\",\"url\":\"https:\\\/\\\/www.densityfrance.fr\\\/wp-content\\\/uploads\\\/2021\\\/07\\\/Density-logo-couleur-transp-M.png\",\"contentUrl\":\"https:\\\/\\\/www.densityfrance.fr\\\/wp-content\\\/uploads\\\/2021\\\/07\\\/Density-logo-couleur-transp-M.png\",\"width\":404,\"height\":89,\"caption\":\"Density\"},\"image\":{\"@id\":\"https:\\\/\\\/www.densityfrance.fr\\\/#\\\/schema\\\/logo\\\/image\\\/\"}}]}<\/script>\n<!-- \/ Yoast SEO plugin. -->","yoast_head_json":{"title":"Better communication - Density France","description":"Improve the communication of your security systems with Density France's anti-intrusion fog solutions, for increased protection","robots":{"index":"index","follow":"follow","max-snippet":"max-snippet:-1","max-image-preview":"max-image-preview:large","max-video-preview":"max-video-preview:-1"},"canonical":"https:\/\/www.densityfrance.fr\/en\/our-assets\/better-communication\/","og_locale":"en_GB","og_type":"article","og_title":"Une meilleure communication - Density France","og_description":"Am\u00e9liorez la communication de vos syst\u00e8mes de s\u00e9curit\u00e9 avec les solutions de brouillard anti-intrusion de Density France, pour une protection accrue","og_url":"https:\/\/www.densityfrance.fr\/en\/our-assets\/better-communication\/","og_site_name":"Density France","article_modified_time":"2024-09-12T13:33:30+00:00","og_image":[{"width":130,"height":130,"url":"https:\/\/www.densityfrance.fr\/wp-content\/uploads\/2021\/02\/luxe-picto-bleu.png","type":"image\/png"}],"twitter_card":"summary_large_image","twitter_misc":{"Estimated reading time":"2 minutes"},"schema":{"@context":"https:\/\/schema.org","@graph":[{"@type":"WebPage","@id":"https:\/\/www.densityfrance.fr\/nos-atouts\/une-meilleure-communication\/","url":"https:\/\/www.densityfrance.fr\/nos-atouts\/une-meilleure-communication\/","name":"Better communication - Density France","isPartOf":{"@id":"https:\/\/www.densityfrance.fr\/#website"},"primaryImageOfPage":{"@id":"https:\/\/www.densityfrance.fr\/nos-atouts\/une-meilleure-communication\/#primaryimage"},"image":{"@id":"https:\/\/www.densityfrance.fr\/nos-atouts\/une-meilleure-communication\/#primaryimage"},"thumbnailUrl":"https:\/\/www.densityfrance.fr\/wp-content\/uploads\/2021\/02\/luxe-picto-bleu.png","datePublished":"2021-03-02T14:14:52+00:00","dateModified":"2024-09-12T13:33:30+00:00","description":"Improve the communication of your security systems with Density France's anti-intrusion fog solutions, for increased protection","breadcrumb":{"@id":"https:\/\/www.densityfrance.fr\/nos-atouts\/une-meilleure-communication\/#breadcrumb"},"inLanguage":"en-GB","potentialAction":[{"@type":"ReadAction","target":["https:\/\/www.densityfrance.fr\/nos-atouts\/une-meilleure-communication\/"]}]},{"@type":"ImageObject","inLanguage":"en-GB","@id":"https:\/\/www.densityfrance.fr\/nos-atouts\/une-meilleure-communication\/#primaryimage","url":"https:\/\/www.densityfrance.fr\/wp-content\/uploads\/2021\/02\/luxe-picto-bleu.png","contentUrl":"https:\/\/www.densityfrance.fr\/wp-content\/uploads\/2021\/02\/luxe-picto-bleu.png","width":130,"height":130},{"@type":"BreadcrumbList","@id":"https:\/\/www.densityfrance.fr\/nos-atouts\/une-meilleure-communication\/#breadcrumb","itemListElement":[{"@type":"ListItem","position":1,"name":"Accueil","item":"https:\/\/www.densityfrance.fr\/"},{"@type":"ListItem","position":2,"name":"Nos atouts","item":"https:\/\/www.densityfrance.fr\/nos-atouts\/"},{"@type":"ListItem","position":3,"name":"Une meilleure communication"}]},{"@type":"WebSite","@id":"https:\/\/www.densityfrance.fr\/#website","url":"https:\/\/www.densityfrance.fr\/","name":"Density France","description":"Anti-intrusion fog generators","publisher":{"@id":"https:\/\/www.densityfrance.fr\/#organization"},"potentialAction":[{"@type":"SearchAction","target":{"@type":"EntryPoint","urlTemplate":"https:\/\/www.densityfrance.fr\/?s={search_term_string}"},"query-input":{"@type":"PropertyValueSpecification","valueRequired":true,"valueName":"search_term_string"}}],"inLanguage":"en-GB"},{"@type":"Organization","@id":"https:\/\/www.densityfrance.fr\/#organization","name":"Density","url":"https:\/\/www.densityfrance.fr\/","logo":{"@type":"ImageObject","inLanguage":"en-GB","@id":"https:\/\/www.densityfrance.fr\/#\/schema\/logo\/image\/","url":"https:\/\/www.densityfrance.fr\/wp-content\/uploads\/2021\/07\/Density-logo-couleur-transp-M.png","contentUrl":"https:\/\/www.densityfrance.fr\/wp-content\/uploads\/2021\/07\/Density-logo-couleur-transp-M.png","width":404,"height":89,"caption":"Density"},"image":{"@id":"https:\/\/www.densityfrance.fr\/#\/schema\/logo\/image\/"}}]}},"_links":{"self":[{"href":"https:\/\/www.densityfrance.fr\/en\/wp-json\/wp\/v2\/pages\/5075","targetHints":{"allow":["GET"]}}],"collection":[{"href":"https:\/\/www.densityfrance.fr\/en\/wp-json\/wp\/v2\/pages"}],"about":[{"href":"https:\/\/www.densityfrance.fr\/en\/wp-json\/wp\/v2\/types\/page"}],"author":[{"embeddable":true,"href":"https:\/\/www.densityfrance.fr\/en\/wp-json\/wp\/v2\/users\/1"}],"replies":[{"embeddable":true,"href":"https:\/\/www.densityfrance.fr\/en\/wp-json\/wp\/v2\/comments?post=5075"}],"version-history":[{"count":35,"href":"https:\/\/www.densityfrance.fr\/en\/wp-json\/wp\/v2\/pages\/5075\/revisions"}],"predecessor-version":[{"id":7590,"href":"https:\/\/www.densityfrance.fr\/en\/wp-json\/wp\/v2\/pages\/5075\/revisions\/7590"}],"up":[{"embeddable":true,"href":"https:\/\/www.densityfrance.fr\/en\/wp-json\/wp\/v2\/pages\/3098"}],"wp:featuredmedia":[{"embeddable":true,"href":"https:\/\/www.densityfrance.fr\/en\/wp-json\/wp\/v2\/media\/4297"}],"wp:attachment":[{"href":"https:\/\/www.densityfrance.fr\/en\/wp-json\/wp\/v2\/media?parent=5075"}],"curies":[{"name":"wp","href":"https:\/\/api.w.org\/{rel}","templated":true}]}}