{"id":5072,"date":"2021-03-02T14:14:37","date_gmt":"2021-03-02T14:14:37","guid":{"rendered":"https:\/\/www.densityfrance.fr\/?page_id=5072"},"modified":"2024-09-12T14:32:39","modified_gmt":"2024-09-12T13:32:39","slug":"environmentally-friendly","status":"publish","type":"page","link":"https:\/\/www.densityfrance.fr\/en\/nos-atouts\/respectueux-de-l-environnement\/","title":{"rendered":"Environmentally friendly"},"content":{"rendered":"<div data-elementor-type=\"wp-page\" data-elementor-id=\"5072\" class=\"elementor elementor-5072\" data-elementor-post-type=\"page\">\n\t\t\t\t\t\t<section class=\"elementor-section elementor-top-section elementor-element elementor-element-5413a1ab gp_section_contexte ot-traditional elementor-section-boxed elementor-section-height-default elementor-section-height-default\" data-id=\"5413a1ab\" data-element_type=\"section\" data-e-type=\"section\">\n\t\t\t\t\t\t<div class=\"elementor-container elementor-column-gap-extended\">\n\t\t\t\t\t<div class=\"elementor-column elementor-col-50 elementor-top-column elementor-element elementor-element-5a48ecaa elementor-hidden-tablet elementor-hidden-phone ot-flex-column-vertical\" data-id=\"5a48ecaa\" data-element_type=\"column\" data-e-type=\"column\" data-settings=\"{&quot;background_background&quot;:&quot;classic&quot;}\">\n\t\t\t<div class=\"elementor-widget-wrap elementor-element-populated\">\n\t\t\t\t\t\t\t<\/div>\n\t\t<\/div>\n\t\t\t\t<div class=\"elementor-column elementor-col-50 elementor-top-column elementor-element elementor-element-450f389c ot-column-items-center gp_col-right gp_text ot-flex-column-vertical\" data-id=\"450f389c\" data-element_type=\"column\" data-e-type=\"column\">\n\t\t\t<div class=\"elementor-widget-wrap elementor-element-populated\">\n\t\t\t\t\t\t<div class=\"elementor-element elementor-element-4e15071f elementor-widget elementor-widget-iheading\" data-id=\"4e15071f\" data-element_type=\"widget\" data-e-type=\"widget\" data-widget_type=\"iheading.default\">\n\t\t\t\t<div class=\"elementor-widget-container\">\n\t\t\t\t\t\t\t<div class=\"ot-heading\">\r\n\t        \t            <span>\/\/ Light<\/span>\r\n\t        <h2 class=\"main-heading\">Sustainable fog generators<\/h2>\t    <\/div>\r\n\t    \t\t\t\t<\/div>\n\t\t\t\t<\/div>\n\t\t\t\t<div class=\"elementor-element elementor-element-47906a85 elementor-widget elementor-widget-text-editor\" data-id=\"47906a85\" data-element_type=\"widget\" data-e-type=\"widget\" data-widget_type=\"text-editor.default\">\n\t\t\t\t<div class=\"elementor-widget-container\">\n\t\t\t\t\t\t\t\t\t<p>Density Fog Generators<sup class=\"tm\">\u00ae<\/sup>\u00a0have been imagined, designed and conceived to integrate more easily into all premises, both professional and private, as well as shops.<\/p><p>We are sensitive to and attach particular importance to their power consumption, which is why we have developed the most energy-efficient range in relation to its performance.<\/p><p>This reduction in consumption is due in part to the design of the new heating element, which increases the heat exchange efficiency between the various elements making up the element and improves the conversion efficiency of the liquid in Density\u00ae refills.<sup class=\"tm\">\u00ae<\/sup>\u00a0in fine particles (0.3 to 3 microns), giving it the highest density on the market.<\/p><p>But also thanks to PyroGel, which ensures maximum insulation, limiting heat loss and power consumption, so that the generator can be kept running at all times when firing.<\/p><p>We use only recyclable materials, with as little plastic as possible, so that our appliances can be recycled through conventional channels.<\/p><p>Disposable refills that can be recycled (with the plastic bottles in the yellow bins) will be a real step forward compared with products on the market that can be refilled but leave a very large carbon footprint because of the round trip transport.<\/p><p>Finally, our research has focused on miniaturising the components of our generators to reduce both their size and their weight. With reduced size and weight, installation and maintenance are made easier, but the carbon footprint of Density<sup class=\"tm\">\u00ae<\/sup>\u00a0is also reduced during transport.<\/p><p>With Density<sup class=\"tm\">\u00ae<\/sup>, The planet is protected too!<\/p>\t\t\t\t\t\t\t\t<\/div>\n\t\t\t\t<\/div>\n\t\t\t\t\t<\/div>\n\t\t<\/div>\n\t\t\t\t\t<\/div>\n\t\t<\/section>\n\t\t\t\t<\/div>","protected":false},"excerpt":{"rendered":"<p>\/\/ L\u00e9ger Des G\u00e9n\u00e9rateurs de Brouillard pens\u00e9s durable Les G\u00e9n\u00e9rateurs de Brouillard Density\u00ae\u00a0ont \u00e9t\u00e9 imagin\u00e9s, dessin\u00e9s et con\u00e7u pour s\u2019int\u00e9grer plus facilement dans tous les locaux, professionnels comme particuliers ainsi que dans les magasins. Nous sommes sensibles et accordons une importance particuli\u00e8re \u00e0 leur consommation \u00e9lectrique, c\u2019est pourquoi nous avons d\u00e9velopp\u00e9 la gamme la plus [&hellip;]<\/p>\n","protected":false},"author":1,"featured_media":4297,"parent":3098,"menu_order":0,"comment_status":"closed","ping_status":"closed","template":"","meta":{"footnotes":""},"class_list":["post-5072","page","type-page","status-publish","has-post-thumbnail","hentry"],"yoast_head":"<!-- This site is optimized with the Yoast SEO plugin v27.4 - https:\/\/yoast.com\/product\/yoast-seo-wordpress\/ -->\n<title>Respectueux de l\u2019environnement - Density France<\/title>\n<meta name=\"description\" content=\"Density France propose des solutions anti-intrusion respectueuses de l&#039;environnement avec des g\u00e9n\u00e9rateurs de brouillard \u00e9co-responsables\" \/>\n<meta name=\"robots\" content=\"index, follow, max-snippet:-1, max-image-preview:large, max-video-preview:-1\" \/>\n<link rel=\"canonical\" href=\"https:\/\/www.densityfrance.fr\/en\/our-assets\/environmentally-friendly\/\" \/>\n<meta property=\"og:locale\" content=\"en_GB\" \/>\n<meta property=\"og:type\" content=\"article\" \/>\n<meta property=\"og:title\" content=\"Respectueux de l\u2019environnement - Density France\" \/>\n<meta property=\"og:description\" content=\"Density France propose des solutions anti-intrusion respectueuses de l&#039;environnement avec des g\u00e9n\u00e9rateurs de brouillard \u00e9co-responsables\" \/>\n<meta property=\"og:url\" content=\"https:\/\/www.densityfrance.fr\/en\/our-assets\/environmentally-friendly\/\" \/>\n<meta property=\"og:site_name\" content=\"Density France\" \/>\n<meta property=\"article:modified_time\" content=\"2024-09-12T13:32:39+00:00\" \/>\n<meta property=\"og:image\" content=\"https:\/\/www.densityfrance.fr\/wp-content\/uploads\/2021\/02\/luxe-picto-bleu.png\" \/>\n\t<meta property=\"og:image:width\" content=\"130\" \/>\n\t<meta property=\"og:image:height\" content=\"130\" \/>\n\t<meta property=\"og:image:type\" content=\"image\/png\" \/>\n<meta name=\"twitter:card\" content=\"summary_large_image\" \/>\n<meta name=\"twitter:label1\" content=\"Estimated reading time\" \/>\n\t<meta name=\"twitter:data1\" content=\"2 minutes\" \/>\n<script type=\"application\/ld+json\" class=\"yoast-schema-graph\">{\"@context\":\"https:\\\/\\\/schema.org\",\"@graph\":[{\"@type\":\"WebPage\",\"@id\":\"https:\\\/\\\/www.densityfrance.fr\\\/nos-atouts\\\/respectueux-de-l-environnement\\\/\",\"url\":\"https:\\\/\\\/www.densityfrance.fr\\\/nos-atouts\\\/respectueux-de-l-environnement\\\/\",\"name\":\"Respectueux de l\u2019environnement - Density France\",\"isPartOf\":{\"@id\":\"https:\\\/\\\/www.densityfrance.fr\\\/#website\"},\"primaryImageOfPage\":{\"@id\":\"https:\\\/\\\/www.densityfrance.fr\\\/nos-atouts\\\/respectueux-de-l-environnement\\\/#primaryimage\"},\"image\":{\"@id\":\"https:\\\/\\\/www.densityfrance.fr\\\/nos-atouts\\\/respectueux-de-l-environnement\\\/#primaryimage\"},\"thumbnailUrl\":\"https:\\\/\\\/www.densityfrance.fr\\\/wp-content\\\/uploads\\\/2021\\\/02\\\/luxe-picto-bleu.png\",\"datePublished\":\"2021-03-02T14:14:37+00:00\",\"dateModified\":\"2024-09-12T13:32:39+00:00\",\"description\":\"Density France propose des solutions anti-intrusion respectueuses de l'environnement avec des g\u00e9n\u00e9rateurs de brouillard \u00e9co-responsables\",\"breadcrumb\":{\"@id\":\"https:\\\/\\\/www.densityfrance.fr\\\/nos-atouts\\\/respectueux-de-l-environnement\\\/#breadcrumb\"},\"inLanguage\":\"en-GB\",\"potentialAction\":[{\"@type\":\"ReadAction\",\"target\":[\"https:\\\/\\\/www.densityfrance.fr\\\/nos-atouts\\\/respectueux-de-l-environnement\\\/\"]}]},{\"@type\":\"ImageObject\",\"inLanguage\":\"en-GB\",\"@id\":\"https:\\\/\\\/www.densityfrance.fr\\\/nos-atouts\\\/respectueux-de-l-environnement\\\/#primaryimage\",\"url\":\"https:\\\/\\\/www.densityfrance.fr\\\/wp-content\\\/uploads\\\/2021\\\/02\\\/luxe-picto-bleu.png\",\"contentUrl\":\"https:\\\/\\\/www.densityfrance.fr\\\/wp-content\\\/uploads\\\/2021\\\/02\\\/luxe-picto-bleu.png\",\"width\":130,\"height\":130},{\"@type\":\"BreadcrumbList\",\"@id\":\"https:\\\/\\\/www.densityfrance.fr\\\/nos-atouts\\\/respectueux-de-l-environnement\\\/#breadcrumb\",\"itemListElement\":[{\"@type\":\"ListItem\",\"position\":1,\"name\":\"Accueil\",\"item\":\"https:\\\/\\\/www.densityfrance.fr\\\/\"},{\"@type\":\"ListItem\",\"position\":2,\"name\":\"Nos atouts\",\"item\":\"https:\\\/\\\/www.densityfrance.fr\\\/nos-atouts\\\/\"},{\"@type\":\"ListItem\",\"position\":3,\"name\":\"Respectueux de l\u2019environnement\"}]},{\"@type\":\"WebSite\",\"@id\":\"https:\\\/\\\/www.densityfrance.fr\\\/#website\",\"url\":\"https:\\\/\\\/www.densityfrance.fr\\\/\",\"name\":\"Density France\",\"description\":\"G\u00e9n\u00e9rateurs de brouillard anti-intrusion\",\"publisher\":{\"@id\":\"https:\\\/\\\/www.densityfrance.fr\\\/#organization\"},\"potentialAction\":[{\"@type\":\"SearchAction\",\"target\":{\"@type\":\"EntryPoint\",\"urlTemplate\":\"https:\\\/\\\/www.densityfrance.fr\\\/?s={search_term_string}\"},\"query-input\":{\"@type\":\"PropertyValueSpecification\",\"valueRequired\":true,\"valueName\":\"search_term_string\"}}],\"inLanguage\":\"en-GB\"},{\"@type\":\"Organization\",\"@id\":\"https:\\\/\\\/www.densityfrance.fr\\\/#organization\",\"name\":\"Density\",\"url\":\"https:\\\/\\\/www.densityfrance.fr\\\/\",\"logo\":{\"@type\":\"ImageObject\",\"inLanguage\":\"en-GB\",\"@id\":\"https:\\\/\\\/www.densityfrance.fr\\\/#\\\/schema\\\/logo\\\/image\\\/\",\"url\":\"https:\\\/\\\/www.densityfrance.fr\\\/wp-content\\\/uploads\\\/2021\\\/07\\\/Density-logo-couleur-transp-M.png\",\"contentUrl\":\"https:\\\/\\\/www.densityfrance.fr\\\/wp-content\\\/uploads\\\/2021\\\/07\\\/Density-logo-couleur-transp-M.png\",\"width\":404,\"height\":89,\"caption\":\"Density\"},\"image\":{\"@id\":\"https:\\\/\\\/www.densityfrance.fr\\\/#\\\/schema\\\/logo\\\/image\\\/\"}}]}<\/script>\n<!-- \/ Yoast SEO plugin. -->","yoast_head_json":{"title":"Environmentally friendly - Density France","description":"Density France offers environmentally-friendly anti-intrusion solutions with eco-responsible fog generators","robots":{"index":"index","follow":"follow","max-snippet":"max-snippet:-1","max-image-preview":"max-image-preview:large","max-video-preview":"max-video-preview:-1"},"canonical":"https:\/\/www.densityfrance.fr\/en\/our-assets\/environmentally-friendly\/","og_locale":"en_GB","og_type":"article","og_title":"Respectueux de l\u2019environnement - Density France","og_description":"Density France propose des solutions anti-intrusion respectueuses de l'environnement avec des g\u00e9n\u00e9rateurs de brouillard \u00e9co-responsables","og_url":"https:\/\/www.densityfrance.fr\/en\/our-assets\/environmentally-friendly\/","og_site_name":"Density France","article_modified_time":"2024-09-12T13:32:39+00:00","og_image":[{"width":130,"height":130,"url":"https:\/\/www.densityfrance.fr\/wp-content\/uploads\/2021\/02\/luxe-picto-bleu.png","type":"image\/png"}],"twitter_card":"summary_large_image","twitter_misc":{"Estimated reading time":"2 minutes"},"schema":{"@context":"https:\/\/schema.org","@graph":[{"@type":"WebPage","@id":"https:\/\/www.densityfrance.fr\/nos-atouts\/respectueux-de-l-environnement\/","url":"https:\/\/www.densityfrance.fr\/nos-atouts\/respectueux-de-l-environnement\/","name":"Environmentally friendly - Density France","isPartOf":{"@id":"https:\/\/www.densityfrance.fr\/#website"},"primaryImageOfPage":{"@id":"https:\/\/www.densityfrance.fr\/nos-atouts\/respectueux-de-l-environnement\/#primaryimage"},"image":{"@id":"https:\/\/www.densityfrance.fr\/nos-atouts\/respectueux-de-l-environnement\/#primaryimage"},"thumbnailUrl":"https:\/\/www.densityfrance.fr\/wp-content\/uploads\/2021\/02\/luxe-picto-bleu.png","datePublished":"2021-03-02T14:14:37+00:00","dateModified":"2024-09-12T13:32:39+00:00","description":"Density France offers environmentally-friendly anti-intrusion solutions with eco-responsible fog generators","breadcrumb":{"@id":"https:\/\/www.densityfrance.fr\/nos-atouts\/respectueux-de-l-environnement\/#breadcrumb"},"inLanguage":"en-GB","potentialAction":[{"@type":"ReadAction","target":["https:\/\/www.densityfrance.fr\/nos-atouts\/respectueux-de-l-environnement\/"]}]},{"@type":"ImageObject","inLanguage":"en-GB","@id":"https:\/\/www.densityfrance.fr\/nos-atouts\/respectueux-de-l-environnement\/#primaryimage","url":"https:\/\/www.densityfrance.fr\/wp-content\/uploads\/2021\/02\/luxe-picto-bleu.png","contentUrl":"https:\/\/www.densityfrance.fr\/wp-content\/uploads\/2021\/02\/luxe-picto-bleu.png","width":130,"height":130},{"@type":"BreadcrumbList","@id":"https:\/\/www.densityfrance.fr\/nos-atouts\/respectueux-de-l-environnement\/#breadcrumb","itemListElement":[{"@type":"ListItem","position":1,"name":"Accueil","item":"https:\/\/www.densityfrance.fr\/"},{"@type":"ListItem","position":2,"name":"Nos atouts","item":"https:\/\/www.densityfrance.fr\/nos-atouts\/"},{"@type":"ListItem","position":3,"name":"Respectueux de l\u2019environnement"}]},{"@type":"WebSite","@id":"https:\/\/www.densityfrance.fr\/#website","url":"https:\/\/www.densityfrance.fr\/","name":"Density France","description":"Anti-intrusion fog generators","publisher":{"@id":"https:\/\/www.densityfrance.fr\/#organization"},"potentialAction":[{"@type":"SearchAction","target":{"@type":"EntryPoint","urlTemplate":"https:\/\/www.densityfrance.fr\/?s={search_term_string}"},"query-input":{"@type":"PropertyValueSpecification","valueRequired":true,"valueName":"search_term_string"}}],"inLanguage":"en-GB"},{"@type":"Organization","@id":"https:\/\/www.densityfrance.fr\/#organization","name":"Density","url":"https:\/\/www.densityfrance.fr\/","logo":{"@type":"ImageObject","inLanguage":"en-GB","@id":"https:\/\/www.densityfrance.fr\/#\/schema\/logo\/image\/","url":"https:\/\/www.densityfrance.fr\/wp-content\/uploads\/2021\/07\/Density-logo-couleur-transp-M.png","contentUrl":"https:\/\/www.densityfrance.fr\/wp-content\/uploads\/2021\/07\/Density-logo-couleur-transp-M.png","width":404,"height":89,"caption":"Density"},"image":{"@id":"https:\/\/www.densityfrance.fr\/#\/schema\/logo\/image\/"}}]}},"_links":{"self":[{"href":"https:\/\/www.densityfrance.fr\/en\/wp-json\/wp\/v2\/pages\/5072","targetHints":{"allow":["GET"]}}],"collection":[{"href":"https:\/\/www.densityfrance.fr\/en\/wp-json\/wp\/v2\/pages"}],"about":[{"href":"https:\/\/www.densityfrance.fr\/en\/wp-json\/wp\/v2\/types\/page"}],"author":[{"embeddable":true,"href":"https:\/\/www.densityfrance.fr\/en\/wp-json\/wp\/v2\/users\/1"}],"replies":[{"embeddable":true,"href":"https:\/\/www.densityfrance.fr\/en\/wp-json\/wp\/v2\/comments?post=5072"}],"version-history":[{"count":26,"href":"https:\/\/www.densityfrance.fr\/en\/wp-json\/wp\/v2\/pages\/5072\/revisions"}],"predecessor-version":[{"id":7608,"href":"https:\/\/www.densityfrance.fr\/en\/wp-json\/wp\/v2\/pages\/5072\/revisions\/7608"}],"up":[{"embeddable":true,"href":"https:\/\/www.densityfrance.fr\/en\/wp-json\/wp\/v2\/pages\/3098"}],"wp:featuredmedia":[{"embeddable":true,"href":"https:\/\/www.densityfrance.fr\/en\/wp-json\/wp\/v2\/media\/4297"}],"wp:attachment":[{"href":"https:\/\/www.densityfrance.fr\/en\/wp-json\/wp\/v2\/media?parent=5072"}],"curies":[{"name":"wp","href":"https:\/\/api.w.org\/{rel}","templated":true}]}}