{"id":5071,"date":"2021-03-02T14:14:32","date_gmt":"2021-03-02T14:14:32","guid":{"rendered":"https:\/\/www.densityfrance.fr\/?page_id=5071"},"modified":"2024-09-12T14:31:30","modified_gmt":"2024-09-12T13:31:30","slug":"online-training","status":"publish","type":"page","link":"https:\/\/www.densityfrance.fr\/en\/nos-atouts\/formation-en-ligne\/","title":{"rendered":"On-line training"},"content":{"rendered":"<div data-elementor-type=\"wp-page\" data-elementor-id=\"5071\" class=\"elementor elementor-5071\" data-elementor-post-type=\"page\">\n\t\t\t\t\t\t<section class=\"elementor-section elementor-top-section elementor-element elementor-element-3817e75 gp_section_contexte ot-traditional elementor-section-boxed elementor-section-height-default elementor-section-height-default\" data-id=\"3817e75\" data-element_type=\"section\" data-e-type=\"section\">\n\t\t\t\t\t\t<div class=\"elementor-container elementor-column-gap-extended\">\n\t\t\t\t\t<div class=\"elementor-column elementor-col-50 elementor-top-column elementor-element elementor-element-618f7035 elementor-hidden-tablet elementor-hidden-phone ot-flex-column-vertical\" data-id=\"618f7035\" data-element_type=\"column\" data-e-type=\"column\" data-settings=\"{&quot;background_background&quot;:&quot;classic&quot;}\">\n\t\t\t<div class=\"elementor-widget-wrap elementor-element-populated\">\n\t\t\t\t\t\t\t<\/div>\n\t\t<\/div>\n\t\t\t\t<div class=\"elementor-column elementor-col-50 elementor-top-column elementor-element elementor-element-4f32bec7 ot-column-items-center gp_col-right gp_text ot-flex-column-vertical\" data-id=\"4f32bec7\" data-element_type=\"column\" data-e-type=\"column\">\n\t\t\t<div class=\"elementor-widget-wrap elementor-element-populated\">\n\t\t\t\t\t\t<div class=\"elementor-element elementor-element-4e15071f elementor-widget elementor-widget-iheading\" data-id=\"4e15071f\" data-element_type=\"widget\" data-e-type=\"widget\" data-widget_type=\"iheading.default\">\n\t\t\t\t<div class=\"elementor-widget-container\">\n\t\t\t\t\t\t\t<div class=\"ot-heading\">\r\n\t        \t            <span>\/\/ Practical<\/span>\r\n\t        <h2 class=\"main-heading\">Training for professionals tailored to your constraints<\/h2>\t    <\/div>\r\n\t    \t\t\t\t<\/div>\n\t\t\t\t<\/div>\n\t\t\t\t<div class=\"elementor-element elementor-element-47906a85 elementor-widget elementor-widget-text-editor\" data-id=\"47906a85\" data-element_type=\"widget\" data-e-type=\"widget\" data-widget_type=\"text-editor.default\">\n\t\t\t\t<div class=\"elementor-widget-container\">\n\t\t\t\t\t\t\t\t\t<p>Training for all safety professionals to learn how to size, position, wire and install Density Fog Generators<sup class=\"tm\">\u00ae<\/sup>.<\/p><p>With Density Fog Generators<sup class=\"tm\">\u00ae<\/sup> you can choose your training. Book a physics course with a Density expert<sup class=\"tm\">\u00ae<\/sup>\u00a0or register directly on the training page of our website.<\/p><p>Wherever you are, in the office or at home, you can log in to your account to see or watch the Density installation training videos.<sup class=\"tm\">\u00ae<\/sup>.<\/p><p>Do you have a question? Don't hesitate to send us an e-mail to : <a href=\"mailto:help@densityglobal.com\">help@densityglobal.com<\/a><\/p>\t\t\t\t\t\t\t\t<\/div>\n\t\t\t\t<\/div>\n\t\t\t\t\t<\/div>\n\t\t<\/div>\n\t\t\t\t\t<\/div>\n\t\t<\/section>\n\t\t\t\t<section class=\"elementor-section elementor-top-section elementor-element elementor-element-12e24554 gp_section_contexte ot-traditional elementor-section-boxed elementor-section-height-default elementor-section-height-default\" data-id=\"12e24554\" data-element_type=\"section\" data-e-type=\"section\" data-settings=\"{&quot;background_background&quot;:&quot;classic&quot;}\">\n\t\t\t\t\t\t<div class=\"elementor-container elementor-column-gap-extended\">\n\t\t\t\t\t<div class=\"elementor-column elementor-col-100 elementor-top-column elementor-element elementor-element-6866f177 ot-column-items-center ot-flex-column-vertical\" data-id=\"6866f177\" data-element_type=\"column\" data-e-type=\"column\">\n\t\t\t<div class=\"elementor-widget-wrap elementor-element-populated\">\n\t\t\t\t\t\t<div class=\"elementor-element elementor-element-be903cc elementor-widget elementor-widget-iheading\" data-id=\"be903cc\" data-element_type=\"widget\" data-e-type=\"widget\" data-widget_type=\"iheading.default\">\n\t\t\t\t<div class=\"elementor-widget-container\">\n\t\t\t\t\t\t\t<div class=\"ot-heading\">\r\n\t        \t            <span>\/\/ Formation Density<sup class=\"tm\">TM<\/sup><\/span>\r\n\t        <h2 class=\"main-heading\">Density e-learning<sup class=\"\u00ae\">\u00ae<\/sup>, How does it work?<\/h2>\t    <\/div>\r\n\t    \t\t\t\t<\/div>\n\t\t\t\t<\/div>\n\t\t\t\t<div class=\"elementor-element elementor-element-28684b1 elementor-widget elementor-widget-text-editor\" data-id=\"28684b1\" data-element_type=\"widget\" data-e-type=\"widget\" data-widget_type=\"text-editor.default\">\n\t\t\t\t<div class=\"elementor-widget-container\">\n\t\t\t\t\t\t\t\t\t<p>Log in to your Density training account<sup class=\"tm\">\u00ae<\/sup>. You will have access to various training modules on the different products in the Density range<sup class=\"tm\">\u00ae<\/sup>.<\/p><p>Each module consists of step-by-step courses covering the installation of a Density Fog Generator on site.<sup class=\"tm\">\u00ae<\/sup>\u00a0These include: sizing, positioning, wiring, the nozzle, the various input and output signals, setting the fog production time according to the area to be protected and, finally, control tests at the end of the installation.<\/p><p>Once you have completed this training course and viewed all the lessons in the module, you will be given a knowledge test covering the fundamental elements of installing Density equipment.<sup class=\"tm\">\u00ae<\/sup>. Once you have passed this test, you will be awarded a certificate attesting to your understanding and mastery of the installation of Density Fog Generators.<sup class=\"tm\">\u00ae<\/sup>.<\/p><p>This certificate is both a guarantee of quality and know-how for your installations on your customers' premises, and will enable you to stand out in the market.<\/p><p>Are you interested in protecting your company, business or home and are looking for a Density certified installer?<sup class=\"tm\">\u00ae<\/sup>\u00a0?<\/p><p>Contact us at the following address <a href=\"mailto:contact@densityfrance.fr\">contact@densityfrance.fr<\/a> and don't forget to tell us your department. Our network of partner installers and integrators throughout France will enable us to meet your needs by offering you the solution closest to home.<\/p>\t\t\t\t\t\t\t\t<\/div>\n\t\t\t\t<\/div>\n\t\t\t\t\t<\/div>\n\t\t<\/div>\n\t\t\t\t\t<\/div>\n\t\t<\/section>\n\t\t\t\t<\/div>","protected":false},"excerpt":{"rendered":"<p>\/\/ Pratique Des formations pour les professionnels qui s&#8217;adaptent \u00e0 vos contraintes Une formation adapt\u00e9e \u00e0 tous les professionnels de la s\u00e9curit\u00e9 pour apprendre \u00e0 dimensionner, positionner, c\u00e2bler et installer les G\u00e9n\u00e9rateurs de Brouillard Density\u00ae. Avec les G\u00e9n\u00e9rateurs de Brouillard Density\u00ae vous avez le choix de votre formation. R\u00e9servez une formation en physique avec un [&hellip;]<\/p>\n","protected":false},"author":1,"featured_media":4297,"parent":3098,"menu_order":0,"comment_status":"closed","ping_status":"closed","template":"","meta":{"footnotes":""},"class_list":["post-5071","page","type-page","status-publish","has-post-thumbnail","hentry"],"yoast_head":"<!-- This site is optimized with the Yoast SEO plugin v27.4 - https:\/\/yoast.com\/product\/yoast-seo-wordpress\/ -->\n<title>Formation en ligne - Density France<\/title>\n<meta name=\"description\" content=\"Une formation adapt\u00e9e \u00e0 tous les professionnels de la s\u00e9curit\u00e9 pour apprendre \u00e0 dimensionner, positionner, c\u00e2bler et installer les G\u00e9n\u00e9rateurs de Brouillard Density\" \/>\n<meta name=\"robots\" content=\"index, follow, max-snippet:-1, max-image-preview:large, max-video-preview:-1\" \/>\n<link rel=\"canonical\" href=\"https:\/\/www.densityfrance.fr\/en\/our-assets\/online-training\/\" \/>\n<meta property=\"og:locale\" content=\"en_GB\" \/>\n<meta property=\"og:type\" content=\"article\" \/>\n<meta property=\"og:title\" content=\"Formation en ligne - Density France\" \/>\n<meta property=\"og:description\" content=\"Une formation adapt\u00e9e \u00e0 tous les professionnels de la s\u00e9curit\u00e9 pour apprendre \u00e0 dimensionner, positionner, c\u00e2bler et installer les G\u00e9n\u00e9rateurs de Brouillard Density\" \/>\n<meta property=\"og:url\" content=\"https:\/\/www.densityfrance.fr\/en\/our-assets\/online-training\/\" \/>\n<meta property=\"og:site_name\" content=\"Density France\" \/>\n<meta property=\"article:modified_time\" content=\"2024-09-12T13:31:30+00:00\" \/>\n<meta property=\"og:image\" content=\"https:\/\/www.densityfrance.fr\/wp-content\/uploads\/2021\/02\/luxe-picto-bleu.png\" \/>\n\t<meta property=\"og:image:width\" content=\"130\" \/>\n\t<meta property=\"og:image:height\" content=\"130\" \/>\n\t<meta property=\"og:image:type\" content=\"image\/png\" \/>\n<meta name=\"twitter:card\" content=\"summary_large_image\" \/>\n<meta name=\"twitter:label1\" content=\"Estimated reading time\" \/>\n\t<meta name=\"twitter:data1\" content=\"2 minutes\" \/>\n<script type=\"application\/ld+json\" class=\"yoast-schema-graph\">{\"@context\":\"https:\\\/\\\/schema.org\",\"@graph\":[{\"@type\":\"WebPage\",\"@id\":\"https:\\\/\\\/www.densityfrance.fr\\\/nos-atouts\\\/formation-en-ligne\\\/\",\"url\":\"https:\\\/\\\/www.densityfrance.fr\\\/nos-atouts\\\/formation-en-ligne\\\/\",\"name\":\"Formation en ligne - Density France\",\"isPartOf\":{\"@id\":\"https:\\\/\\\/www.densityfrance.fr\\\/#website\"},\"primaryImageOfPage\":{\"@id\":\"https:\\\/\\\/www.densityfrance.fr\\\/nos-atouts\\\/formation-en-ligne\\\/#primaryimage\"},\"image\":{\"@id\":\"https:\\\/\\\/www.densityfrance.fr\\\/nos-atouts\\\/formation-en-ligne\\\/#primaryimage\"},\"thumbnailUrl\":\"https:\\\/\\\/www.densityfrance.fr\\\/wp-content\\\/uploads\\\/2021\\\/02\\\/luxe-picto-bleu.png\",\"datePublished\":\"2021-03-02T14:14:32+00:00\",\"dateModified\":\"2024-09-12T13:31:30+00:00\",\"description\":\"Une formation adapt\u00e9e \u00e0 tous les professionnels de la s\u00e9curit\u00e9 pour apprendre \u00e0 dimensionner, positionner, c\u00e2bler et installer les G\u00e9n\u00e9rateurs de Brouillard Density\",\"breadcrumb\":{\"@id\":\"https:\\\/\\\/www.densityfrance.fr\\\/nos-atouts\\\/formation-en-ligne\\\/#breadcrumb\"},\"inLanguage\":\"en-GB\",\"potentialAction\":[{\"@type\":\"ReadAction\",\"target\":[\"https:\\\/\\\/www.densityfrance.fr\\\/nos-atouts\\\/formation-en-ligne\\\/\"]}]},{\"@type\":\"ImageObject\",\"inLanguage\":\"en-GB\",\"@id\":\"https:\\\/\\\/www.densityfrance.fr\\\/nos-atouts\\\/formation-en-ligne\\\/#primaryimage\",\"url\":\"https:\\\/\\\/www.densityfrance.fr\\\/wp-content\\\/uploads\\\/2021\\\/02\\\/luxe-picto-bleu.png\",\"contentUrl\":\"https:\\\/\\\/www.densityfrance.fr\\\/wp-content\\\/uploads\\\/2021\\\/02\\\/luxe-picto-bleu.png\",\"width\":130,\"height\":130},{\"@type\":\"BreadcrumbList\",\"@id\":\"https:\\\/\\\/www.densityfrance.fr\\\/nos-atouts\\\/formation-en-ligne\\\/#breadcrumb\",\"itemListElement\":[{\"@type\":\"ListItem\",\"position\":1,\"name\":\"Accueil\",\"item\":\"https:\\\/\\\/www.densityfrance.fr\\\/\"},{\"@type\":\"ListItem\",\"position\":2,\"name\":\"Nos atouts\",\"item\":\"https:\\\/\\\/www.densityfrance.fr\\\/nos-atouts\\\/\"},{\"@type\":\"ListItem\",\"position\":3,\"name\":\"Formation en ligne\"}]},{\"@type\":\"WebSite\",\"@id\":\"https:\\\/\\\/www.densityfrance.fr\\\/#website\",\"url\":\"https:\\\/\\\/www.densityfrance.fr\\\/\",\"name\":\"Density France\",\"description\":\"G\u00e9n\u00e9rateurs de brouillard anti-intrusion\",\"publisher\":{\"@id\":\"https:\\\/\\\/www.densityfrance.fr\\\/#organization\"},\"potentialAction\":[{\"@type\":\"SearchAction\",\"target\":{\"@type\":\"EntryPoint\",\"urlTemplate\":\"https:\\\/\\\/www.densityfrance.fr\\\/?s={search_term_string}\"},\"query-input\":{\"@type\":\"PropertyValueSpecification\",\"valueRequired\":true,\"valueName\":\"search_term_string\"}}],\"inLanguage\":\"en-GB\"},{\"@type\":\"Organization\",\"@id\":\"https:\\\/\\\/www.densityfrance.fr\\\/#organization\",\"name\":\"Density\",\"url\":\"https:\\\/\\\/www.densityfrance.fr\\\/\",\"logo\":{\"@type\":\"ImageObject\",\"inLanguage\":\"en-GB\",\"@id\":\"https:\\\/\\\/www.densityfrance.fr\\\/#\\\/schema\\\/logo\\\/image\\\/\",\"url\":\"https:\\\/\\\/www.densityfrance.fr\\\/wp-content\\\/uploads\\\/2021\\\/07\\\/Density-logo-couleur-transp-M.png\",\"contentUrl\":\"https:\\\/\\\/www.densityfrance.fr\\\/wp-content\\\/uploads\\\/2021\\\/07\\\/Density-logo-couleur-transp-M.png\",\"width\":404,\"height\":89,\"caption\":\"Density\"},\"image\":{\"@id\":\"https:\\\/\\\/www.densityfrance.fr\\\/#\\\/schema\\\/logo\\\/image\\\/\"}}]}<\/script>\n<!-- \/ Yoast SEO plugin. -->","yoast_head_json":{"title":"Online training - Density France","description":"Training for all safety professionals to learn how to size, position, wire and install Density Fog Generators","robots":{"index":"index","follow":"follow","max-snippet":"max-snippet:-1","max-image-preview":"max-image-preview:large","max-video-preview":"max-video-preview:-1"},"canonical":"https:\/\/www.densityfrance.fr\/en\/our-assets\/online-training\/","og_locale":"en_GB","og_type":"article","og_title":"Formation en ligne - Density France","og_description":"Une formation adapt\u00e9e \u00e0 tous les professionnels de la s\u00e9curit\u00e9 pour apprendre \u00e0 dimensionner, positionner, c\u00e2bler et installer les G\u00e9n\u00e9rateurs de Brouillard Density","og_url":"https:\/\/www.densityfrance.fr\/en\/our-assets\/online-training\/","og_site_name":"Density France","article_modified_time":"2024-09-12T13:31:30+00:00","og_image":[{"width":130,"height":130,"url":"https:\/\/www.densityfrance.fr\/wp-content\/uploads\/2021\/02\/luxe-picto-bleu.png","type":"image\/png"}],"twitter_card":"summary_large_image","twitter_misc":{"Estimated reading time":"2 minutes"},"schema":{"@context":"https:\/\/schema.org","@graph":[{"@type":"WebPage","@id":"https:\/\/www.densityfrance.fr\/nos-atouts\/formation-en-ligne\/","url":"https:\/\/www.densityfrance.fr\/nos-atouts\/formation-en-ligne\/","name":"Online training - Density France","isPartOf":{"@id":"https:\/\/www.densityfrance.fr\/#website"},"primaryImageOfPage":{"@id":"https:\/\/www.densityfrance.fr\/nos-atouts\/formation-en-ligne\/#primaryimage"},"image":{"@id":"https:\/\/www.densityfrance.fr\/nos-atouts\/formation-en-ligne\/#primaryimage"},"thumbnailUrl":"https:\/\/www.densityfrance.fr\/wp-content\/uploads\/2021\/02\/luxe-picto-bleu.png","datePublished":"2021-03-02T14:14:32+00:00","dateModified":"2024-09-12T13:31:30+00:00","description":"Training for all safety professionals to learn how to size, position, wire and install Density Fog Generators","breadcrumb":{"@id":"https:\/\/www.densityfrance.fr\/nos-atouts\/formation-en-ligne\/#breadcrumb"},"inLanguage":"en-GB","potentialAction":[{"@type":"ReadAction","target":["https:\/\/www.densityfrance.fr\/nos-atouts\/formation-en-ligne\/"]}]},{"@type":"ImageObject","inLanguage":"en-GB","@id":"https:\/\/www.densityfrance.fr\/nos-atouts\/formation-en-ligne\/#primaryimage","url":"https:\/\/www.densityfrance.fr\/wp-content\/uploads\/2021\/02\/luxe-picto-bleu.png","contentUrl":"https:\/\/www.densityfrance.fr\/wp-content\/uploads\/2021\/02\/luxe-picto-bleu.png","width":130,"height":130},{"@type":"BreadcrumbList","@id":"https:\/\/www.densityfrance.fr\/nos-atouts\/formation-en-ligne\/#breadcrumb","itemListElement":[{"@type":"ListItem","position":1,"name":"Accueil","item":"https:\/\/www.densityfrance.fr\/"},{"@type":"ListItem","position":2,"name":"Nos atouts","item":"https:\/\/www.densityfrance.fr\/nos-atouts\/"},{"@type":"ListItem","position":3,"name":"Formation en ligne"}]},{"@type":"WebSite","@id":"https:\/\/www.densityfrance.fr\/#website","url":"https:\/\/www.densityfrance.fr\/","name":"Density France","description":"Anti-intrusion fog generators","publisher":{"@id":"https:\/\/www.densityfrance.fr\/#organization"},"potentialAction":[{"@type":"SearchAction","target":{"@type":"EntryPoint","urlTemplate":"https:\/\/www.densityfrance.fr\/?s={search_term_string}"},"query-input":{"@type":"PropertyValueSpecification","valueRequired":true,"valueName":"search_term_string"}}],"inLanguage":"en-GB"},{"@type":"Organization","@id":"https:\/\/www.densityfrance.fr\/#organization","name":"Density","url":"https:\/\/www.densityfrance.fr\/","logo":{"@type":"ImageObject","inLanguage":"en-GB","@id":"https:\/\/www.densityfrance.fr\/#\/schema\/logo\/image\/","url":"https:\/\/www.densityfrance.fr\/wp-content\/uploads\/2021\/07\/Density-logo-couleur-transp-M.png","contentUrl":"https:\/\/www.densityfrance.fr\/wp-content\/uploads\/2021\/07\/Density-logo-couleur-transp-M.png","width":404,"height":89,"caption":"Density"},"image":{"@id":"https:\/\/www.densityfrance.fr\/#\/schema\/logo\/image\/"}}]}},"_links":{"self":[{"href":"https:\/\/www.densityfrance.fr\/en\/wp-json\/wp\/v2\/pages\/5071","targetHints":{"allow":["GET"]}}],"collection":[{"href":"https:\/\/www.densityfrance.fr\/en\/wp-json\/wp\/v2\/pages"}],"about":[{"href":"https:\/\/www.densityfrance.fr\/en\/wp-json\/wp\/v2\/types\/page"}],"author":[{"embeddable":true,"href":"https:\/\/www.densityfrance.fr\/en\/wp-json\/wp\/v2\/users\/1"}],"replies":[{"embeddable":true,"href":"https:\/\/www.densityfrance.fr\/en\/wp-json\/wp\/v2\/comments?post=5071"}],"version-history":[{"count":35,"href":"https:\/\/www.densityfrance.fr\/en\/wp-json\/wp\/v2\/pages\/5071\/revisions"}],"predecessor-version":[{"id":7599,"href":"https:\/\/www.densityfrance.fr\/en\/wp-json\/wp\/v2\/pages\/5071\/revisions\/7599"}],"up":[{"embeddable":true,"href":"https:\/\/www.densityfrance.fr\/en\/wp-json\/wp\/v2\/pages\/3098"}],"wp:featuredmedia":[{"embeddable":true,"href":"https:\/\/www.densityfrance.fr\/en\/wp-json\/wp\/v2\/media\/4297"}],"wp:attachment":[{"href":"https:\/\/www.densityfrance.fr\/en\/wp-json\/wp\/v2\/media?parent=5071"}],"curies":[{"name":"wp","href":"https:\/\/api.w.org\/{rel}","templated":true}]}}