{"id":5075,"date":"2021-03-02T14:14:52","date_gmt":"2021-03-02T14:14:52","guid":{"rendered":"https:\/\/www.densityfrance.fr\/?page_id=5075"},"modified":"2024-09-12T14:33:30","modified_gmt":"2024-09-12T13:33:30","slug":"eine-bessere-kommunikation","status":"publish","type":"page","link":"https:\/\/www.densityfrance.fr\/de\/nos-atouts\/une-meilleure-communication\/","title":{"rendered":"Bessere Kommunikation"},"content":{"rendered":"<div data-elementor-type=\"wp-page\" data-elementor-id=\"5075\" class=\"elementor elementor-5075\" data-elementor-post-type=\"page\">\n\t\t\t\t\t\t<section class=\"elementor-section elementor-top-section elementor-element elementor-element-7774a489 gp_section_contexte ot-traditional elementor-section-boxed elementor-section-height-default elementor-section-height-default\" data-id=\"7774a489\" data-element_type=\"section\" data-e-type=\"section\">\n\t\t\t\t\t\t<div class=\"elementor-container elementor-column-gap-extended\">\n\t\t\t\t\t<div class=\"elementor-column elementor-col-50 elementor-top-column elementor-element elementor-element-62ddc6cf elementor-hidden-tablet elementor-hidden-phone ot-flex-column-vertical\" data-id=\"62ddc6cf\" data-element_type=\"column\" data-e-type=\"column\" data-settings=\"{&quot;background_background&quot;:&quot;classic&quot;}\">\n\t\t\t<div class=\"elementor-widget-wrap elementor-element-populated\">\n\t\t\t\t\t\t\t<\/div>\n\t\t<\/div>\n\t\t\t\t<div class=\"elementor-column elementor-col-50 elementor-top-column elementor-element elementor-element-1b77517c ot-column-items-center gp_col-right gp_text ot-flex-column-vertical\" data-id=\"1b77517c\" data-element_type=\"column\" data-e-type=\"column\">\n\t\t\t<div class=\"elementor-widget-wrap elementor-element-populated\">\n\t\t\t\t\t\t<div class=\"elementor-element elementor-element-4e15071f elementor-widget elementor-widget-iheading\" data-id=\"4e15071f\" data-element_type=\"widget\" data-e-type=\"widget\" data-widget_type=\"iheading.default\">\n\t\t\t\t<div class=\"elementor-widget-container\">\n\t\t\t\t\t\t\t<div class=\"ot-heading\">\r\n\t        \t            <span>\/\/ Bereit f\u00fcr morgen<\/span>\r\n\t        <h2 class=\"main-heading\">Interkommunikation mit jedem Akteur im Leben des Density-Generators<sup class=\"\u00ae\">\u00ae<\/sup><\/h2>\t    <\/div>\r\n\t    \t\t\t\t<\/div>\n\t\t\t\t<\/div>\n\t\t\t\t<div class=\"elementor-element elementor-element-47906a85 elementor-widget elementor-widget-text-editor\" data-id=\"47906a85\" data-element_type=\"widget\" data-e-type=\"widget\" data-widget_type=\"text-editor.default\">\n\t\t\t\t<div class=\"elementor-widget-container\">\n\t\t\t\t\t\t\t\t\t<p>Unser heutiges Bed\u00fcrfnis nach Mobilit\u00e4t macht die Kommunikation all unserer elektronischen und computergest\u00fctzten Werkzeuge unerl\u00e4sslich.<\/p><p>Die Density-Generatoren<sup class=\"tm\">\u00ae<\/sup> sind bereit f\u00fcr das neue Zeitalter. Dank der sicheren IP-Karte k\u00f6nnen Sie auf die CLOUD Density<sup class=\"tm\">\u00ae<\/sup> qui vous permettra de g\u00e9rer votre G\u00e9n\u00e9rateur de Brouillard depuis une simple page internet s\u00e9curis\u00e9e (Login & MdP). Vous pourrez mettre en marche, arr\u00eater et tester le bon fonctionnement \u00e0 distance, v\u00e9rifier l\u2019\u00e9tat des consommables et avoir un rapport des \u00e9v\u00e8nements. La remont\u00e9e des informations techniques d\u2019auto-diagnostique seront envoy\u00e9s sur votre boite mail selon votre choix. La carte \u00e9lectronique a \u00e9t\u00e9 pens\u00e9e pour conserver tous les \u00e9v\u00e8nements pass\u00e9s qui se sont produits sur les derniers jours, afin de pouvoir s\u2019assurer du bon fonctionnement de l\u2019appareil. Un simple clic et c\u2019est sur votre tablette ou votre t\u00e9l\u00e9phone.<\/p><p>Die kabellose Verbindung der IP-Karte erm\u00f6glicht eine unauff\u00e4llige und einfache Installation in allen \u00e4sthetisch ansprechenden Umgebungen.<\/p><p>Dank der Cloud Density<sup class=\"tm\">\u00ae<\/sup>, In diesem Fall kann Ihr Alarmanlagenanbieter die Nebelmaschine aus der Ferne aktualisieren und regelm\u00e4\u00dfige Wartungsbesuche durchf\u00fchren, um sicherzustellen, dass die Nebelmaschine einwandfrei funktioniert und Sie jederzeit gesch\u00fctzt sind. Die Kosten sind geringer, da der Techniker nicht anreisen oder anwesend sein muss.<\/p><p>Das Density-Team<sup class=\"tm\">\u00ae<\/sup>\u00a0hat nicht nur Ihre Kommunikation mit den ferngesteuerten Nebelgeneratoren optimiert, um Ihre Wartungsarbeiten zu verbessern, wir haben auch eine Cloud-API entwickelt, um aus Gr\u00fcnden der Sicherheit und der Sicherheitsverfahren Befehle und Funktionen der Cloud density in Ihre Cloud einbinden zu k\u00f6nnen.<\/p><p>Wir k\u00f6nnen noch einen Schritt weiter gehen und stellen Ihnen die System-API zur Verf\u00fcgung, mit der Sie Ihren Density-Nebelgenerator verbinden und integrieren k\u00f6nnen.<sup class=\"tm\">\u00ae<\/sup>\u00a0in allen Ihren Fernsteuerungssystemen, die Funktionen der Heimautomatisierung oder des Geb\u00e4udemanagements oder der Video\u00fcberwachung integrieren.<\/p><p>Abschlie\u00dfend sollten Sie wissen, dass mit Density<sup class=\"tm\">\u00ae<\/sup>, Die Kommunikation kann f\u00fcr Ihre Gro\u00dfprojekte angepasst und personalisiert werden, da wir \u00fcber interne Fachingenieure verf\u00fcgen. Diese internen Kompetenzen erm\u00f6glichen es uns, schnell auf Ihre Bed\u00fcrfnisse zu reagieren, um Ihnen die L\u00f6sung zu bieten, die Sie f\u00fcr gro\u00dfe Projekte ben\u00f6tigen, die speziell auf Ihre Berufsorganisation zugeschnitten sind.<\/p>\t\t\t\t\t\t\t\t<\/div>\n\t\t\t\t<\/div>\n\t\t\t\t\t<\/div>\n\t\t<\/div>\n\t\t\t\t\t<\/div>\n\t\t<\/section>\n\t\t\t\t<\/div>","protected":false},"excerpt":{"rendered":"<p>\/\/ Pr\u00eat pour demain Intercommunication avec chaque acteur de la vie du G\u00e9n\u00e9rateur Density\u00ae Notre besoin de mobilit\u00e9 actuel rend la communication de l\u2019ensemble de nos outils \u00e9lectroniques et informatiques essentielle. Les g\u00e9n\u00e9rateurs Density\u00ae sont pr\u00eats pour cette nouvelle \u00e8re.\u00a0Gr\u00e2ce \u00e0 la carte IP s\u00e9curis\u00e9e, vous pourrez acc\u00e9der au CLOUD Density\u00ae qui vous permettra de [&hellip;]<\/p>\n","protected":false},"author":1,"featured_media":4297,"parent":3098,"menu_order":0,"comment_status":"closed","ping_status":"closed","template":"","meta":{"footnotes":""},"class_list":["post-5075","page","type-page","status-publish","has-post-thumbnail","hentry"],"yoast_head":"<!-- This site is optimized with the Yoast SEO plugin v27.5 - https:\/\/yoast.com\/product\/yoast-seo-wordpress\/ -->\n<title>Une meilleure communication - Density France<\/title>\n<meta name=\"description\" content=\"Am\u00e9liorez la communication de vos syst\u00e8mes de s\u00e9curit\u00e9 avec les solutions de brouillard anti-intrusion de Density France, pour une protection accrue\" \/>\n<meta name=\"robots\" content=\"index, follow, max-snippet:-1, max-image-preview:large, max-video-preview:-1\" \/>\n<link rel=\"canonical\" href=\"https:\/\/www.densityfrance.fr\/de\/unsere-starken\/eine-bessere-kommunikation\/\" \/>\n<meta property=\"og:locale\" content=\"de_DE\" \/>\n<meta property=\"og:type\" content=\"article\" \/>\n<meta property=\"og:title\" content=\"Une meilleure communication - Density France\" \/>\n<meta property=\"og:description\" content=\"Am\u00e9liorez la communication de vos syst\u00e8mes de s\u00e9curit\u00e9 avec les solutions de brouillard anti-intrusion de Density France, pour une protection accrue\" \/>\n<meta property=\"og:url\" content=\"https:\/\/www.densityfrance.fr\/de\/unsere-starken\/eine-bessere-kommunikation\/\" \/>\n<meta property=\"og:site_name\" content=\"Density France\" \/>\n<meta property=\"article:modified_time\" content=\"2024-09-12T13:33:30+00:00\" \/>\n<meta property=\"og:image\" content=\"https:\/\/www.densityfrance.fr\/wp-content\/uploads\/2021\/02\/luxe-picto-bleu.png\" \/>\n\t<meta property=\"og:image:width\" content=\"130\" \/>\n\t<meta property=\"og:image:height\" content=\"130\" \/>\n\t<meta property=\"og:image:type\" content=\"image\/png\" \/>\n<meta name=\"twitter:card\" content=\"summary_large_image\" \/>\n<meta name=\"twitter:label1\" content=\"Gesch\u00e4tzte Lesezeit\" \/>\n\t<meta name=\"twitter:data1\" content=\"2\u00a0Minuten\" \/>\n<script type=\"application\/ld+json\" class=\"yoast-schema-graph\">{\"@context\":\"https:\\\/\\\/schema.org\",\"@graph\":[{\"@type\":\"WebPage\",\"@id\":\"https:\\\/\\\/www.densityfrance.fr\\\/nos-atouts\\\/une-meilleure-communication\\\/\",\"url\":\"https:\\\/\\\/www.densityfrance.fr\\\/nos-atouts\\\/une-meilleure-communication\\\/\",\"name\":\"Une meilleure communication - Density France\",\"isPartOf\":{\"@id\":\"https:\\\/\\\/www.densityfrance.fr\\\/#website\"},\"primaryImageOfPage\":{\"@id\":\"https:\\\/\\\/www.densityfrance.fr\\\/nos-atouts\\\/une-meilleure-communication\\\/#primaryimage\"},\"image\":{\"@id\":\"https:\\\/\\\/www.densityfrance.fr\\\/nos-atouts\\\/une-meilleure-communication\\\/#primaryimage\"},\"thumbnailUrl\":\"https:\\\/\\\/www.densityfrance.fr\\\/wp-content\\\/uploads\\\/2021\\\/02\\\/luxe-picto-bleu.png\",\"datePublished\":\"2021-03-02T14:14:52+00:00\",\"dateModified\":\"2024-09-12T13:33:30+00:00\",\"description\":\"Am\u00e9liorez la communication de vos syst\u00e8mes de s\u00e9curit\u00e9 avec les solutions de brouillard anti-intrusion de Density France, pour une protection accrue\",\"breadcrumb\":{\"@id\":\"https:\\\/\\\/www.densityfrance.fr\\\/nos-atouts\\\/une-meilleure-communication\\\/#breadcrumb\"},\"inLanguage\":\"de\",\"potentialAction\":[{\"@type\":\"ReadAction\",\"target\":[\"https:\\\/\\\/www.densityfrance.fr\\\/nos-atouts\\\/une-meilleure-communication\\\/\"]}]},{\"@type\":\"ImageObject\",\"inLanguage\":\"de\",\"@id\":\"https:\\\/\\\/www.densityfrance.fr\\\/nos-atouts\\\/une-meilleure-communication\\\/#primaryimage\",\"url\":\"https:\\\/\\\/www.densityfrance.fr\\\/wp-content\\\/uploads\\\/2021\\\/02\\\/luxe-picto-bleu.png\",\"contentUrl\":\"https:\\\/\\\/www.densityfrance.fr\\\/wp-content\\\/uploads\\\/2021\\\/02\\\/luxe-picto-bleu.png\",\"width\":130,\"height\":130},{\"@type\":\"BreadcrumbList\",\"@id\":\"https:\\\/\\\/www.densityfrance.fr\\\/nos-atouts\\\/une-meilleure-communication\\\/#breadcrumb\",\"itemListElement\":[{\"@type\":\"ListItem\",\"position\":1,\"name\":\"Accueil\",\"item\":\"https:\\\/\\\/www.densityfrance.fr\\\/\"},{\"@type\":\"ListItem\",\"position\":2,\"name\":\"Nos atouts\",\"item\":\"https:\\\/\\\/www.densityfrance.fr\\\/nos-atouts\\\/\"},{\"@type\":\"ListItem\",\"position\":3,\"name\":\"Une meilleure communication\"}]},{\"@type\":\"WebSite\",\"@id\":\"https:\\\/\\\/www.densityfrance.fr\\\/#website\",\"url\":\"https:\\\/\\\/www.densityfrance.fr\\\/\",\"name\":\"Density France\",\"description\":\"G\u00e9n\u00e9rateurs de brouillard anti-intrusion\",\"publisher\":{\"@id\":\"https:\\\/\\\/www.densityfrance.fr\\\/#organization\"},\"potentialAction\":[{\"@type\":\"SearchAction\",\"target\":{\"@type\":\"EntryPoint\",\"urlTemplate\":\"https:\\\/\\\/www.densityfrance.fr\\\/?s={search_term_string}\"},\"query-input\":{\"@type\":\"PropertyValueSpecification\",\"valueRequired\":true,\"valueName\":\"search_term_string\"}}],\"inLanguage\":\"de\"},{\"@type\":\"Organization\",\"@id\":\"https:\\\/\\\/www.densityfrance.fr\\\/#organization\",\"name\":\"Density\",\"url\":\"https:\\\/\\\/www.densityfrance.fr\\\/\",\"logo\":{\"@type\":\"ImageObject\",\"inLanguage\":\"de\",\"@id\":\"https:\\\/\\\/www.densityfrance.fr\\\/#\\\/schema\\\/logo\\\/image\\\/\",\"url\":\"https:\\\/\\\/www.densityfrance.fr\\\/wp-content\\\/uploads\\\/2021\\\/07\\\/Density-logo-couleur-transp-M.png\",\"contentUrl\":\"https:\\\/\\\/www.densityfrance.fr\\\/wp-content\\\/uploads\\\/2021\\\/07\\\/Density-logo-couleur-transp-M.png\",\"width\":404,\"height\":89,\"caption\":\"Density\"},\"image\":{\"@id\":\"https:\\\/\\\/www.densityfrance.fr\\\/#\\\/schema\\\/logo\\\/image\\\/\"}}]}<\/script>\n<!-- \/ Yoast SEO plugin. -->","yoast_head_json":{"title":"Bessere Kommunikation - Density Deutschland","description":"Verbessern Sie die Kommunikation Ihrer Sicherheitssysteme mit den einbruchhemmenden Nebell\u00f6sungen von Density France, um einen besseren Schutz zu erreichen.","robots":{"index":"index","follow":"follow","max-snippet":"max-snippet:-1","max-image-preview":"max-image-preview:large","max-video-preview":"max-video-preview:-1"},"canonical":"https:\/\/www.densityfrance.fr\/de\/unsere-starken\/eine-bessere-kommunikation\/","og_locale":"de_DE","og_type":"article","og_title":"Une meilleure communication - Density France","og_description":"Am\u00e9liorez la communication de vos syst\u00e8mes de s\u00e9curit\u00e9 avec les solutions de brouillard anti-intrusion de Density France, pour une protection accrue","og_url":"https:\/\/www.densityfrance.fr\/de\/unsere-starken\/eine-bessere-kommunikation\/","og_site_name":"Density France","article_modified_time":"2024-09-12T13:33:30+00:00","og_image":[{"width":130,"height":130,"url":"https:\/\/www.densityfrance.fr\/wp-content\/uploads\/2021\/02\/luxe-picto-bleu.png","type":"image\/png"}],"twitter_card":"summary_large_image","twitter_misc":{"Gesch\u00e4tzte Lesezeit":"2\u00a0Minuten"},"schema":{"@context":"https:\/\/schema.org","@graph":[{"@type":"WebPage","@id":"https:\/\/www.densityfrance.fr\/nos-atouts\/une-meilleure-communication\/","url":"https:\/\/www.densityfrance.fr\/nos-atouts\/une-meilleure-communication\/","name":"Bessere Kommunikation - Density Deutschland","isPartOf":{"@id":"https:\/\/www.densityfrance.fr\/#website"},"primaryImageOfPage":{"@id":"https:\/\/www.densityfrance.fr\/nos-atouts\/une-meilleure-communication\/#primaryimage"},"image":{"@id":"https:\/\/www.densityfrance.fr\/nos-atouts\/une-meilleure-communication\/#primaryimage"},"thumbnailUrl":"https:\/\/www.densityfrance.fr\/wp-content\/uploads\/2021\/02\/luxe-picto-bleu.png","datePublished":"2021-03-02T14:14:52+00:00","dateModified":"2024-09-12T13:33:30+00:00","description":"Verbessern Sie die Kommunikation Ihrer Sicherheitssysteme mit den einbruchhemmenden Nebell\u00f6sungen von Density France, um einen besseren Schutz zu erreichen.","breadcrumb":{"@id":"https:\/\/www.densityfrance.fr\/nos-atouts\/une-meilleure-communication\/#breadcrumb"},"inLanguage":"de","potentialAction":[{"@type":"ReadAction","target":["https:\/\/www.densityfrance.fr\/nos-atouts\/une-meilleure-communication\/"]}]},{"@type":"ImageObject","inLanguage":"de","@id":"https:\/\/www.densityfrance.fr\/nos-atouts\/une-meilleure-communication\/#primaryimage","url":"https:\/\/www.densityfrance.fr\/wp-content\/uploads\/2021\/02\/luxe-picto-bleu.png","contentUrl":"https:\/\/www.densityfrance.fr\/wp-content\/uploads\/2021\/02\/luxe-picto-bleu.png","width":130,"height":130},{"@type":"BreadcrumbList","@id":"https:\/\/www.densityfrance.fr\/nos-atouts\/une-meilleure-communication\/#breadcrumb","itemListElement":[{"@type":"ListItem","position":1,"name":"Accueil","item":"https:\/\/www.densityfrance.fr\/"},{"@type":"ListItem","position":2,"name":"Nos atouts","item":"https:\/\/www.densityfrance.fr\/nos-atouts\/"},{"@type":"ListItem","position":3,"name":"Une meilleure communication"}]},{"@type":"WebSite","@id":"https:\/\/www.densityfrance.fr\/#website","url":"https:\/\/www.densityfrance.fr\/","name":"Density Frankreich","description":"Nebelgeneratoren gegen Eindringlinge","publisher":{"@id":"https:\/\/www.densityfrance.fr\/#organization"},"potentialAction":[{"@type":"SearchAction","target":{"@type":"EntryPoint","urlTemplate":"https:\/\/www.densityfrance.fr\/?s={search_term_string}"},"query-input":{"@type":"PropertyValueSpecification","valueRequired":true,"valueName":"search_term_string"}}],"inLanguage":"de"},{"@type":"Organization","@id":"https:\/\/www.densityfrance.fr\/#organization","name":"Dichte","url":"https:\/\/www.densityfrance.fr\/","logo":{"@type":"ImageObject","inLanguage":"de","@id":"https:\/\/www.densityfrance.fr\/#\/schema\/logo\/image\/","url":"https:\/\/www.densityfrance.fr\/wp-content\/uploads\/2021\/07\/Density-logo-couleur-transp-M.png","contentUrl":"https:\/\/www.densityfrance.fr\/wp-content\/uploads\/2021\/07\/Density-logo-couleur-transp-M.png","width":404,"height":89,"caption":"Density"},"image":{"@id":"https:\/\/www.densityfrance.fr\/#\/schema\/logo\/image\/"}}]}},"_links":{"self":[{"href":"https:\/\/www.densityfrance.fr\/de\/wp-json\/wp\/v2\/pages\/5075","targetHints":{"allow":["GET"]}}],"collection":[{"href":"https:\/\/www.densityfrance.fr\/de\/wp-json\/wp\/v2\/pages"}],"about":[{"href":"https:\/\/www.densityfrance.fr\/de\/wp-json\/wp\/v2\/types\/page"}],"author":[{"embeddable":true,"href":"https:\/\/www.densityfrance.fr\/de\/wp-json\/wp\/v2\/users\/1"}],"replies":[{"embeddable":true,"href":"https:\/\/www.densityfrance.fr\/de\/wp-json\/wp\/v2\/comments?post=5075"}],"version-history":[{"count":35,"href":"https:\/\/www.densityfrance.fr\/de\/wp-json\/wp\/v2\/pages\/5075\/revisions"}],"predecessor-version":[{"id":7590,"href":"https:\/\/www.densityfrance.fr\/de\/wp-json\/wp\/v2\/pages\/5075\/revisions\/7590"}],"up":[{"embeddable":true,"href":"https:\/\/www.densityfrance.fr\/de\/wp-json\/wp\/v2\/pages\/3098"}],"wp:featuredmedia":[{"embeddable":true,"href":"https:\/\/www.densityfrance.fr\/de\/wp-json\/wp\/v2\/media\/4297"}],"wp:attachment":[{"href":"https:\/\/www.densityfrance.fr\/de\/wp-json\/wp\/v2\/media?parent=5075"}],"curies":[{"name":"wp","href":"https:\/\/api.w.org\/{rel}","templated":true}]}}