{"id":5072,"date":"2021-03-02T14:14:37","date_gmt":"2021-03-02T14:14:37","guid":{"rendered":"https:\/\/www.densityfrance.fr\/?page_id=5072"},"modified":"2024-09-12T14:32:39","modified_gmt":"2024-09-12T13:32:39","slug":"umweltfreundlich","status":"publish","type":"page","link":"https:\/\/www.densityfrance.fr\/de\/nos-atouts\/respectueux-de-l-environnement\/","title":{"rendered":"Umweltfreundlich"},"content":{"rendered":"<div data-elementor-type=\"wp-page\" data-elementor-id=\"5072\" class=\"elementor elementor-5072\" data-elementor-post-type=\"page\">\n\t\t\t\t\t\t<section class=\"elementor-section elementor-top-section elementor-element elementor-element-5413a1ab gp_section_contexte ot-traditional elementor-section-boxed elementor-section-height-default elementor-section-height-default\" data-id=\"5413a1ab\" data-element_type=\"section\" data-e-type=\"section\">\n\t\t\t\t\t\t<div class=\"elementor-container elementor-column-gap-extended\">\n\t\t\t\t\t<div class=\"elementor-column elementor-col-50 elementor-top-column elementor-element elementor-element-5a48ecaa elementor-hidden-tablet elementor-hidden-phone ot-flex-column-vertical\" data-id=\"5a48ecaa\" data-element_type=\"column\" data-e-type=\"column\" data-settings=\"{&quot;background_background&quot;:&quot;classic&quot;}\">\n\t\t\t<div class=\"elementor-widget-wrap elementor-element-populated\">\n\t\t\t\t\t\t\t<\/div>\n\t\t<\/div>\n\t\t\t\t<div class=\"elementor-column elementor-col-50 elementor-top-column elementor-element elementor-element-450f389c ot-column-items-center gp_col-right gp_text ot-flex-column-vertical\" data-id=\"450f389c\" data-element_type=\"column\" data-e-type=\"column\">\n\t\t\t<div class=\"elementor-widget-wrap elementor-element-populated\">\n\t\t\t\t\t\t<div class=\"elementor-element elementor-element-4e15071f elementor-widget elementor-widget-iheading\" data-id=\"4e15071f\" data-element_type=\"widget\" data-e-type=\"widget\" data-widget_type=\"iheading.default\">\n\t\t\t\t<div class=\"elementor-widget-container\">\n\t\t\t\t\t\t\t<div class=\"ot-heading\">\r\n\t        \t            <span>\/\/ Leicht<\/span>\r\n\t        <h2 class=\"main-heading\">Nachhaltig konzipierte Nebelgeneratoren<\/h2>\t    <\/div>\r\n\t    \t\t\t\t<\/div>\n\t\t\t\t<\/div>\n\t\t\t\t<div class=\"elementor-element elementor-element-47906a85 elementor-widget elementor-widget-text-editor\" data-id=\"47906a85\" data-element_type=\"widget\" data-e-type=\"widget\" data-widget_type=\"text-editor.default\">\n\t\t\t\t<div class=\"elementor-widget-container\">\n\t\t\t\t\t\t\t\t\t<p>Die Density-Nebelgeneratoren<sup class=\"tm\">\u00ae<\/sup>\u00a0wurden so konzipiert, entworfen und gestaltet, dass sie sich leicht in alle Gesch\u00e4fts- und Privatr\u00e4ume sowie in Gesch\u00e4fte integrieren lassen.<\/p><p>Deshalb haben wir die energiesparendste Produktreihe im Verh\u00e4ltnis zu ihrer Leistung entwickelt.<\/p><p>Dieser geringere Verbrauch ist zum Teil auf das Design des neuen Heizk\u00f6rpers zur\u00fcckzuf\u00fchren, der die Effizienz des W\u00e4rmeaustauschs zwischen den verschiedenen Elementen, aus denen er besteht, erh\u00f6ht und eine bessere Effizienz bei der Umwandlung der Fl\u00fcssigkeit der Density-Nachf\u00fcllungen erm\u00f6glicht.<sup class=\"tm\">\u00ae<\/sup>\u00a0an feinen Partikeln (0,3 bis 3 Mikron), was gleichzeitig die h\u00f6chste Dichte auf dem Markt gew\u00e4hrleistet.<\/p><p>Aber auch dank PyroGel, das f\u00fcr eine maximale Isolierung sorgt, die W\u00e4rmeverluste und Verbrauchsverluste begrenzt, so dass der Generator auch in Schie\u00dfsituationen st\u00e4ndig in Betrieb bleibt.<\/p><p>Wir verwenden nur recycelbare Materialien, Plastik wird so weit wie m\u00f6glich reduziert, damit unsere Ger\u00e4te in die \u00fcblichen Recyclingkan\u00e4le gelangen k\u00f6nnen.<\/p><p>Das Einweg-Nachf\u00fcllpack, das aber recycelbar ist (mit Plastikflaschen in den gelben Tonnen), wird eine echte Weiterentwicklung gegen\u00fcber den Produkten auf dem Markt sein, die zwar nachgef\u00fcllt werden k\u00f6nnen, aber aufgrund des Hin- und R\u00fccktransports einen sehr gro\u00dfen CO2-Fu\u00dfabdruck hinterlassen.<\/p><p>Unsere Forschung konzentriert sich auf die Miniaturisierung der Komponenten unserer Generatoren, um sowohl die Gr\u00f6\u00dfe als auch das Gewicht zu reduzieren. Durch die geringere Gr\u00f6\u00dfe und das geringere Gewicht wird die Installation und Wartung vereinfacht, w\u00e4hrend der CO2-Fu\u00dfabdruck der Density<sup class=\"tm\">\u00ae<\/sup>\u00a0wird auch beim Transport verringert.<\/p><p>Mit Density<sup class=\"tm\">\u00ae<\/sup>, Der Planet ist auch gesch\u00fctzt!<\/p>\t\t\t\t\t\t\t\t<\/div>\n\t\t\t\t<\/div>\n\t\t\t\t\t<\/div>\n\t\t<\/div>\n\t\t\t\t\t<\/div>\n\t\t<\/section>\n\t\t\t\t<\/div>","protected":false},"excerpt":{"rendered":"<p>\/\/ L\u00e9ger Des G\u00e9n\u00e9rateurs de Brouillard pens\u00e9s durable Les G\u00e9n\u00e9rateurs de Brouillard Density\u00ae\u00a0ont \u00e9t\u00e9 imagin\u00e9s, dessin\u00e9s et con\u00e7u pour s\u2019int\u00e9grer plus facilement dans tous les locaux, professionnels comme particuliers ainsi que dans les magasins. Nous sommes sensibles et accordons une importance particuli\u00e8re \u00e0 leur consommation \u00e9lectrique, c\u2019est pourquoi nous avons d\u00e9velopp\u00e9 la gamme la plus [&hellip;]<\/p>\n","protected":false},"author":1,"featured_media":4297,"parent":3098,"menu_order":0,"comment_status":"closed","ping_status":"closed","template":"","meta":{"footnotes":""},"class_list":["post-5072","page","type-page","status-publish","has-post-thumbnail","hentry"],"yoast_head":"<!-- This site is optimized with the Yoast SEO plugin v27.5 - https:\/\/yoast.com\/product\/yoast-seo-wordpress\/ -->\n<title>Respectueux de l\u2019environnement - Density France<\/title>\n<meta name=\"description\" content=\"Density France propose des solutions anti-intrusion respectueuses de l&#039;environnement avec des g\u00e9n\u00e9rateurs de brouillard \u00e9co-responsables\" \/>\n<meta name=\"robots\" content=\"index, follow, max-snippet:-1, max-image-preview:large, max-video-preview:-1\" \/>\n<link rel=\"canonical\" href=\"https:\/\/www.densityfrance.fr\/de\/unsere-starken\/umweltfreundlich\/\" \/>\n<meta property=\"og:locale\" content=\"de_DE\" \/>\n<meta property=\"og:type\" content=\"article\" \/>\n<meta property=\"og:title\" content=\"Respectueux de l\u2019environnement - Density France\" \/>\n<meta property=\"og:description\" content=\"Density France propose des solutions anti-intrusion respectueuses de l&#039;environnement avec des g\u00e9n\u00e9rateurs de brouillard \u00e9co-responsables\" \/>\n<meta property=\"og:url\" content=\"https:\/\/www.densityfrance.fr\/de\/unsere-starken\/umweltfreundlich\/\" \/>\n<meta property=\"og:site_name\" content=\"Density France\" \/>\n<meta property=\"article:modified_time\" content=\"2024-09-12T13:32:39+00:00\" \/>\n<meta property=\"og:image\" content=\"https:\/\/www.densityfrance.fr\/wp-content\/uploads\/2021\/02\/luxe-picto-bleu.png\" \/>\n\t<meta property=\"og:image:width\" content=\"130\" \/>\n\t<meta property=\"og:image:height\" content=\"130\" \/>\n\t<meta property=\"og:image:type\" content=\"image\/png\" \/>\n<meta name=\"twitter:card\" content=\"summary_large_image\" \/>\n<meta name=\"twitter:label1\" content=\"Gesch\u00e4tzte Lesezeit\" \/>\n\t<meta name=\"twitter:data1\" content=\"2\u00a0Minuten\" \/>\n<script type=\"application\/ld+json\" class=\"yoast-schema-graph\">{\"@context\":\"https:\\\/\\\/schema.org\",\"@graph\":[{\"@type\":\"WebPage\",\"@id\":\"https:\\\/\\\/www.densityfrance.fr\\\/nos-atouts\\\/respectueux-de-l-environnement\\\/\",\"url\":\"https:\\\/\\\/www.densityfrance.fr\\\/nos-atouts\\\/respectueux-de-l-environnement\\\/\",\"name\":\"Respectueux de l\u2019environnement - Density France\",\"isPartOf\":{\"@id\":\"https:\\\/\\\/www.densityfrance.fr\\\/#website\"},\"primaryImageOfPage\":{\"@id\":\"https:\\\/\\\/www.densityfrance.fr\\\/nos-atouts\\\/respectueux-de-l-environnement\\\/#primaryimage\"},\"image\":{\"@id\":\"https:\\\/\\\/www.densityfrance.fr\\\/nos-atouts\\\/respectueux-de-l-environnement\\\/#primaryimage\"},\"thumbnailUrl\":\"https:\\\/\\\/www.densityfrance.fr\\\/wp-content\\\/uploads\\\/2021\\\/02\\\/luxe-picto-bleu.png\",\"datePublished\":\"2021-03-02T14:14:37+00:00\",\"dateModified\":\"2024-09-12T13:32:39+00:00\",\"description\":\"Density France propose des solutions anti-intrusion respectueuses de l'environnement avec des g\u00e9n\u00e9rateurs de brouillard \u00e9co-responsables\",\"breadcrumb\":{\"@id\":\"https:\\\/\\\/www.densityfrance.fr\\\/nos-atouts\\\/respectueux-de-l-environnement\\\/#breadcrumb\"},\"inLanguage\":\"de\",\"potentialAction\":[{\"@type\":\"ReadAction\",\"target\":[\"https:\\\/\\\/www.densityfrance.fr\\\/nos-atouts\\\/respectueux-de-l-environnement\\\/\"]}]},{\"@type\":\"ImageObject\",\"inLanguage\":\"de\",\"@id\":\"https:\\\/\\\/www.densityfrance.fr\\\/nos-atouts\\\/respectueux-de-l-environnement\\\/#primaryimage\",\"url\":\"https:\\\/\\\/www.densityfrance.fr\\\/wp-content\\\/uploads\\\/2021\\\/02\\\/luxe-picto-bleu.png\",\"contentUrl\":\"https:\\\/\\\/www.densityfrance.fr\\\/wp-content\\\/uploads\\\/2021\\\/02\\\/luxe-picto-bleu.png\",\"width\":130,\"height\":130},{\"@type\":\"BreadcrumbList\",\"@id\":\"https:\\\/\\\/www.densityfrance.fr\\\/nos-atouts\\\/respectueux-de-l-environnement\\\/#breadcrumb\",\"itemListElement\":[{\"@type\":\"ListItem\",\"position\":1,\"name\":\"Accueil\",\"item\":\"https:\\\/\\\/www.densityfrance.fr\\\/\"},{\"@type\":\"ListItem\",\"position\":2,\"name\":\"Nos atouts\",\"item\":\"https:\\\/\\\/www.densityfrance.fr\\\/nos-atouts\\\/\"},{\"@type\":\"ListItem\",\"position\":3,\"name\":\"Respectueux de l\u2019environnement\"}]},{\"@type\":\"WebSite\",\"@id\":\"https:\\\/\\\/www.densityfrance.fr\\\/#website\",\"url\":\"https:\\\/\\\/www.densityfrance.fr\\\/\",\"name\":\"Density France\",\"description\":\"G\u00e9n\u00e9rateurs de brouillard anti-intrusion\",\"publisher\":{\"@id\":\"https:\\\/\\\/www.densityfrance.fr\\\/#organization\"},\"potentialAction\":[{\"@type\":\"SearchAction\",\"target\":{\"@type\":\"EntryPoint\",\"urlTemplate\":\"https:\\\/\\\/www.densityfrance.fr\\\/?s={search_term_string}\"},\"query-input\":{\"@type\":\"PropertyValueSpecification\",\"valueRequired\":true,\"valueName\":\"search_term_string\"}}],\"inLanguage\":\"de\"},{\"@type\":\"Organization\",\"@id\":\"https:\\\/\\\/www.densityfrance.fr\\\/#organization\",\"name\":\"Density\",\"url\":\"https:\\\/\\\/www.densityfrance.fr\\\/\",\"logo\":{\"@type\":\"ImageObject\",\"inLanguage\":\"de\",\"@id\":\"https:\\\/\\\/www.densityfrance.fr\\\/#\\\/schema\\\/logo\\\/image\\\/\",\"url\":\"https:\\\/\\\/www.densityfrance.fr\\\/wp-content\\\/uploads\\\/2021\\\/07\\\/Density-logo-couleur-transp-M.png\",\"contentUrl\":\"https:\\\/\\\/www.densityfrance.fr\\\/wp-content\\\/uploads\\\/2021\\\/07\\\/Density-logo-couleur-transp-M.png\",\"width\":404,\"height\":89,\"caption\":\"Density\"},\"image\":{\"@id\":\"https:\\\/\\\/www.densityfrance.fr\\\/#\\\/schema\\\/logo\\\/image\\\/\"}}]}<\/script>\n<!-- \/ Yoast SEO plugin. -->","yoast_head_json":{"title":"Umweltfreundlich - Density Deutschland","description":"Density France bietet umweltfreundliche Anti-Einbruch-L\u00f6sungen mit umweltfreundlichen Nebelgeneratoren an","robots":{"index":"index","follow":"follow","max-snippet":"max-snippet:-1","max-image-preview":"max-image-preview:large","max-video-preview":"max-video-preview:-1"},"canonical":"https:\/\/www.densityfrance.fr\/de\/unsere-starken\/umweltfreundlich\/","og_locale":"de_DE","og_type":"article","og_title":"Respectueux de l\u2019environnement - Density France","og_description":"Density France propose des solutions anti-intrusion respectueuses de l'environnement avec des g\u00e9n\u00e9rateurs de brouillard \u00e9co-responsables","og_url":"https:\/\/www.densityfrance.fr\/de\/unsere-starken\/umweltfreundlich\/","og_site_name":"Density France","article_modified_time":"2024-09-12T13:32:39+00:00","og_image":[{"width":130,"height":130,"url":"https:\/\/www.densityfrance.fr\/wp-content\/uploads\/2021\/02\/luxe-picto-bleu.png","type":"image\/png"}],"twitter_card":"summary_large_image","twitter_misc":{"Gesch\u00e4tzte Lesezeit":"2\u00a0Minuten"},"schema":{"@context":"https:\/\/schema.org","@graph":[{"@type":"WebPage","@id":"https:\/\/www.densityfrance.fr\/nos-atouts\/respectueux-de-l-environnement\/","url":"https:\/\/www.densityfrance.fr\/nos-atouts\/respectueux-de-l-environnement\/","name":"Umweltfreundlich - Density Deutschland","isPartOf":{"@id":"https:\/\/www.densityfrance.fr\/#website"},"primaryImageOfPage":{"@id":"https:\/\/www.densityfrance.fr\/nos-atouts\/respectueux-de-l-environnement\/#primaryimage"},"image":{"@id":"https:\/\/www.densityfrance.fr\/nos-atouts\/respectueux-de-l-environnement\/#primaryimage"},"thumbnailUrl":"https:\/\/www.densityfrance.fr\/wp-content\/uploads\/2021\/02\/luxe-picto-bleu.png","datePublished":"2021-03-02T14:14:37+00:00","dateModified":"2024-09-12T13:32:39+00:00","description":"Density France bietet umweltfreundliche Anti-Einbruch-L\u00f6sungen mit umweltfreundlichen Nebelgeneratoren an","breadcrumb":{"@id":"https:\/\/www.densityfrance.fr\/nos-atouts\/respectueux-de-l-environnement\/#breadcrumb"},"inLanguage":"de","potentialAction":[{"@type":"ReadAction","target":["https:\/\/www.densityfrance.fr\/nos-atouts\/respectueux-de-l-environnement\/"]}]},{"@type":"ImageObject","inLanguage":"de","@id":"https:\/\/www.densityfrance.fr\/nos-atouts\/respectueux-de-l-environnement\/#primaryimage","url":"https:\/\/www.densityfrance.fr\/wp-content\/uploads\/2021\/02\/luxe-picto-bleu.png","contentUrl":"https:\/\/www.densityfrance.fr\/wp-content\/uploads\/2021\/02\/luxe-picto-bleu.png","width":130,"height":130},{"@type":"BreadcrumbList","@id":"https:\/\/www.densityfrance.fr\/nos-atouts\/respectueux-de-l-environnement\/#breadcrumb","itemListElement":[{"@type":"ListItem","position":1,"name":"Accueil","item":"https:\/\/www.densityfrance.fr\/"},{"@type":"ListItem","position":2,"name":"Nos atouts","item":"https:\/\/www.densityfrance.fr\/nos-atouts\/"},{"@type":"ListItem","position":3,"name":"Respectueux de l\u2019environnement"}]},{"@type":"WebSite","@id":"https:\/\/www.densityfrance.fr\/#website","url":"https:\/\/www.densityfrance.fr\/","name":"Density Frankreich","description":"Nebelgeneratoren gegen Eindringlinge","publisher":{"@id":"https:\/\/www.densityfrance.fr\/#organization"},"potentialAction":[{"@type":"SearchAction","target":{"@type":"EntryPoint","urlTemplate":"https:\/\/www.densityfrance.fr\/?s={search_term_string}"},"query-input":{"@type":"PropertyValueSpecification","valueRequired":true,"valueName":"search_term_string"}}],"inLanguage":"de"},{"@type":"Organization","@id":"https:\/\/www.densityfrance.fr\/#organization","name":"Dichte","url":"https:\/\/www.densityfrance.fr\/","logo":{"@type":"ImageObject","inLanguage":"de","@id":"https:\/\/www.densityfrance.fr\/#\/schema\/logo\/image\/","url":"https:\/\/www.densityfrance.fr\/wp-content\/uploads\/2021\/07\/Density-logo-couleur-transp-M.png","contentUrl":"https:\/\/www.densityfrance.fr\/wp-content\/uploads\/2021\/07\/Density-logo-couleur-transp-M.png","width":404,"height":89,"caption":"Density"},"image":{"@id":"https:\/\/www.densityfrance.fr\/#\/schema\/logo\/image\/"}}]}},"_links":{"self":[{"href":"https:\/\/www.densityfrance.fr\/de\/wp-json\/wp\/v2\/pages\/5072","targetHints":{"allow":["GET"]}}],"collection":[{"href":"https:\/\/www.densityfrance.fr\/de\/wp-json\/wp\/v2\/pages"}],"about":[{"href":"https:\/\/www.densityfrance.fr\/de\/wp-json\/wp\/v2\/types\/page"}],"author":[{"embeddable":true,"href":"https:\/\/www.densityfrance.fr\/de\/wp-json\/wp\/v2\/users\/1"}],"replies":[{"embeddable":true,"href":"https:\/\/www.densityfrance.fr\/de\/wp-json\/wp\/v2\/comments?post=5072"}],"version-history":[{"count":26,"href":"https:\/\/www.densityfrance.fr\/de\/wp-json\/wp\/v2\/pages\/5072\/revisions"}],"predecessor-version":[{"id":7608,"href":"https:\/\/www.densityfrance.fr\/de\/wp-json\/wp\/v2\/pages\/5072\/revisions\/7608"}],"up":[{"embeddable":true,"href":"https:\/\/www.densityfrance.fr\/de\/wp-json\/wp\/v2\/pages\/3098"}],"wp:featuredmedia":[{"embeddable":true,"href":"https:\/\/www.densityfrance.fr\/de\/wp-json\/wp\/v2\/media\/4297"}],"wp:attachment":[{"href":"https:\/\/www.densityfrance.fr\/de\/wp-json\/wp\/v2\/media?parent=5072"}],"curies":[{"name":"wp","href":"https:\/\/api.w.org\/{rel}","templated":true}]}}