{"id":5071,"date":"2021-03-02T14:14:32","date_gmt":"2021-03-02T14:14:32","guid":{"rendered":"https:\/\/www.densityfrance.fr\/?page_id=5071"},"modified":"2024-09-12T14:31:30","modified_gmt":"2024-09-12T13:31:30","slug":"online-schulung","status":"publish","type":"page","link":"https:\/\/www.densityfrance.fr\/de\/nos-atouts\/formation-en-ligne\/","title":{"rendered":"Online-Schulung"},"content":{"rendered":"<div data-elementor-type=\"wp-page\" data-elementor-id=\"5071\" class=\"elementor elementor-5071\" data-elementor-post-type=\"page\">\n\t\t\t\t\t\t<section class=\"elementor-section elementor-top-section elementor-element elementor-element-3817e75 gp_section_contexte ot-traditional elementor-section-boxed elementor-section-height-default elementor-section-height-default\" data-id=\"3817e75\" data-element_type=\"section\" data-e-type=\"section\">\n\t\t\t\t\t\t<div class=\"elementor-container elementor-column-gap-extended\">\n\t\t\t\t\t<div class=\"elementor-column elementor-col-50 elementor-top-column elementor-element elementor-element-618f7035 elementor-hidden-tablet elementor-hidden-phone ot-flex-column-vertical\" data-id=\"618f7035\" data-element_type=\"column\" data-e-type=\"column\" data-settings=\"{&quot;background_background&quot;:&quot;classic&quot;}\">\n\t\t\t<div class=\"elementor-widget-wrap elementor-element-populated\">\n\t\t\t\t\t\t\t<\/div>\n\t\t<\/div>\n\t\t\t\t<div class=\"elementor-column elementor-col-50 elementor-top-column elementor-element elementor-element-4f32bec7 ot-column-items-center gp_col-right gp_text ot-flex-column-vertical\" data-id=\"4f32bec7\" data-element_type=\"column\" data-e-type=\"column\">\n\t\t\t<div class=\"elementor-widget-wrap elementor-element-populated\">\n\t\t\t\t\t\t<div class=\"elementor-element elementor-element-4e15071f elementor-widget elementor-widget-iheading\" data-id=\"4e15071f\" data-element_type=\"widget\" data-e-type=\"widget\" data-widget_type=\"iheading.default\">\n\t\t\t\t<div class=\"elementor-widget-container\">\n\t\t\t\t\t\t\t<div class=\"ot-heading\">\r\n\t        \t            <span>\/\/ Praktisch<\/span>\r\n\t        <h2 class=\"main-heading\">Schulungen f\u00fcr Berufst\u00e4tige, die sich an Ihre Einschr\u00e4nkungen anpassen<\/h2>\t    <\/div>\r\n\t    \t\t\t\t<\/div>\n\t\t\t\t<\/div>\n\t\t\t\t<div class=\"elementor-element elementor-element-47906a85 elementor-widget elementor-widget-text-editor\" data-id=\"47906a85\" data-element_type=\"widget\" data-e-type=\"widget\" data-widget_type=\"text-editor.default\">\n\t\t\t\t<div class=\"elementor-widget-container\">\n\t\t\t\t\t\t\t\t\t<p>Ein Kurs, der f\u00fcr alle Sicherheitsexperten geeignet ist, um zu lernen, wie man Density-Nebelgeneratoren dimensioniert, positioniert, verdrahtet und installiert.<sup class=\"tm\">\u00ae<\/sup>.<\/p><p>Mit den Density-Nebelgeneratoren<sup class=\"tm\">\u00ae<\/sup> haben Sie die Wahl, wie Sie Ihre Ausbildung gestalten m\u00f6chten. Buchen Sie eine Physikschulung mit einem Density-Experten<sup class=\"tm\">\u00ae<\/sup>\u00a0oder melden Sie sich direkt auf unserer Website auf der Seite Ausbildung an, um Zugang zu erhalten.<\/p><p>Wo auch immer Sie sich befinden, ob im B\u00fcro oder zu Hause, Sie haben die M\u00f6glichkeit, sich in Ihr Konto einzuloggen, um sich die Schulungsvideos zur Installation der Density-Ger\u00e4te anzusehen oder anzuschauen.<sup class=\"tm\">\u00ae<\/sup>.<\/p><p>Haben Sie eine Frage? Z\u00f6gern Sie nicht, uns eine E-Mail an die Adresse : <a href=\"mailto:help@densityglobal.com\">help@densityglobal.com<\/a><\/p>\t\t\t\t\t\t\t\t<\/div>\n\t\t\t\t<\/div>\n\t\t\t\t\t<\/div>\n\t\t<\/div>\n\t\t\t\t\t<\/div>\n\t\t<\/section>\n\t\t\t\t<section class=\"elementor-section elementor-top-section elementor-element elementor-element-12e24554 gp_section_contexte ot-traditional elementor-section-boxed elementor-section-height-default elementor-section-height-default\" data-id=\"12e24554\" data-element_type=\"section\" data-e-type=\"section\" data-settings=\"{&quot;background_background&quot;:&quot;classic&quot;}\">\n\t\t\t\t\t\t<div class=\"elementor-container elementor-column-gap-extended\">\n\t\t\t\t\t<div class=\"elementor-column elementor-col-100 elementor-top-column elementor-element elementor-element-6866f177 ot-column-items-center ot-flex-column-vertical\" data-id=\"6866f177\" data-element_type=\"column\" data-e-type=\"column\">\n\t\t\t<div class=\"elementor-widget-wrap elementor-element-populated\">\n\t\t\t\t\t\t<div class=\"elementor-element elementor-element-be903cc elementor-widget elementor-widget-iheading\" data-id=\"be903cc\" data-element_type=\"widget\" data-e-type=\"widget\" data-widget_type=\"iheading.default\">\n\t\t\t\t<div class=\"elementor-widget-container\">\n\t\t\t\t\t\t\t<div class=\"ot-heading\">\r\n\t        \t            <span>\/\/ Formation Density<sup class=\"tm\">TM<\/sup><\/span>\r\n\t        <h2 class=\"main-heading\">Das Density E-Learning<sup class=\"\u00ae\">\u00ae<\/sup>, Wie funktioniert das?<\/h2>\t    <\/div>\r\n\t    \t\t\t\t<\/div>\n\t\t\t\t<\/div>\n\t\t\t\t<div class=\"elementor-element elementor-element-28684b1 elementor-widget elementor-widget-text-editor\" data-id=\"28684b1\" data-element_type=\"widget\" data-e-type=\"widget\" data-widget_type=\"text-editor.default\">\n\t\t\t\t<div class=\"elementor-widget-container\">\n\t\t\t\t\t\t\t\t\t<p>Loggen Sie sich in Ihr Density-Lernkonto ein<sup class=\"tm\">\u00ae<\/sup>. So haben Sie Zugang zu verschiedenen Schulungsmodulen \u00fcber die verschiedenen Produkte der Density-Reihe<sup class=\"tm\">\u00ae<\/sup>.<\/p><p>Jedes Modul besteht aus Kursen, die Schritt f\u00fcr Schritt den Ablauf einer Vor-Ort-Installation eines Density-Nebelgenerators wiedergeben.<sup class=\"tm\">\u00ae<\/sup>\u00a0: die Dimensionierung, Positionierung, Verkabelung, die D\u00fcse, die verschiedenen Ein- und Ausgangssignale, die Einstellungen der Nebelproduktionszeit in Abh\u00e4ngigkeit von dem zu sch\u00fctzenden Raum und schlie\u00dflich die Kontrolltests am Ende der Installation.<\/p><p>Wenn Sie diese Schulung abgeschlossen haben und alle Lektionen des Moduls gesehen haben, erhalten Sie einen Wissenstest, der die grundlegenden Elemente bei der Installation von Density-Hardware wiederholt.<sup class=\"tm\">\u00ae<\/sup>. Wenn Sie diesen Test erfolgreich absolviert haben, erhalten Sie ein Zertifikat, das Ihnen bescheinigt, dass Sie die Installation von Density-Nebelgeneratoren verstanden haben und beherrschen.<sup class=\"tm\">\u00ae<\/sup>.<\/p><p>Dieses Zertifikat steht sowohl f\u00fcr Qualit\u00e4t und Know-how bei Ihren Installationen bei Ihren Kunden als auch daf\u00fcr, dass Sie sich auf dem Markt von der Masse abheben k\u00f6nnen.<\/p><p>Sie sind daran interessiert, Ihr Unternehmen, Gesch\u00e4ft oder Ihr Zuhause zu sch\u00fctzen und suchen einen Density-zertifizierten Installateur.<sup class=\"tm\">\u00ae<\/sup>\u00a0?<\/p><p>Kontaktieren Sie uns unter folgender Adresse: <a href=\"mailto:contact@densityfrance.fr\">contact@densityfrance.fr<\/a> und vergessen Sie nicht, uns Ihr Departement anzugeben. Unser Netzwerk von Partnerinstallateuren und -integratoren in ganz Frankreich erm\u00f6glicht es uns, auf Ihre Bed\u00fcrfnisse einzugehen und Ihnen die n\u00e4chstgelegene L\u00f6sung anzubieten.<\/p>\t\t\t\t\t\t\t\t<\/div>\n\t\t\t\t<\/div>\n\t\t\t\t\t<\/div>\n\t\t<\/div>\n\t\t\t\t\t<\/div>\n\t\t<\/section>\n\t\t\t\t<\/div>","protected":false},"excerpt":{"rendered":"<p>\/\/ Pratique Des formations pour les professionnels qui s&#8217;adaptent \u00e0 vos contraintes Une formation adapt\u00e9e \u00e0 tous les professionnels de la s\u00e9curit\u00e9 pour apprendre \u00e0 dimensionner, positionner, c\u00e2bler et installer les G\u00e9n\u00e9rateurs de Brouillard Density\u00ae. Avec les G\u00e9n\u00e9rateurs de Brouillard Density\u00ae vous avez le choix de votre formation. R\u00e9servez une formation en physique avec un [&hellip;]<\/p>\n","protected":false},"author":1,"featured_media":4297,"parent":3098,"menu_order":0,"comment_status":"closed","ping_status":"closed","template":"","meta":{"footnotes":""},"class_list":["post-5071","page","type-page","status-publish","has-post-thumbnail","hentry"],"yoast_head":"<!-- This site is optimized with the Yoast SEO plugin v27.5 - https:\/\/yoast.com\/product\/yoast-seo-wordpress\/ -->\n<title>Formation en ligne - Density France<\/title>\n<meta name=\"description\" content=\"Une formation adapt\u00e9e \u00e0 tous les professionnels de la s\u00e9curit\u00e9 pour apprendre \u00e0 dimensionner, positionner, c\u00e2bler et installer les G\u00e9n\u00e9rateurs de Brouillard Density\" \/>\n<meta name=\"robots\" content=\"index, follow, max-snippet:-1, max-image-preview:large, max-video-preview:-1\" \/>\n<link rel=\"canonical\" href=\"https:\/\/www.densityfrance.fr\/de\/unsere-starken\/online-schulung\/\" \/>\n<meta property=\"og:locale\" content=\"de_DE\" \/>\n<meta property=\"og:type\" content=\"article\" \/>\n<meta property=\"og:title\" content=\"Formation en ligne - Density France\" \/>\n<meta property=\"og:description\" content=\"Une formation adapt\u00e9e \u00e0 tous les professionnels de la s\u00e9curit\u00e9 pour apprendre \u00e0 dimensionner, positionner, c\u00e2bler et installer les G\u00e9n\u00e9rateurs de Brouillard Density\" \/>\n<meta property=\"og:url\" content=\"https:\/\/www.densityfrance.fr\/de\/unsere-starken\/online-schulung\/\" \/>\n<meta property=\"og:site_name\" content=\"Density France\" \/>\n<meta property=\"article:modified_time\" content=\"2024-09-12T13:31:30+00:00\" \/>\n<meta property=\"og:image\" content=\"https:\/\/www.densityfrance.fr\/wp-content\/uploads\/2021\/02\/luxe-picto-bleu.png\" \/>\n\t<meta property=\"og:image:width\" content=\"130\" \/>\n\t<meta property=\"og:image:height\" content=\"130\" \/>\n\t<meta property=\"og:image:type\" content=\"image\/png\" \/>\n<meta name=\"twitter:card\" content=\"summary_large_image\" \/>\n<meta name=\"twitter:label1\" content=\"Gesch\u00e4tzte Lesezeit\" \/>\n\t<meta name=\"twitter:data1\" content=\"2\u00a0Minuten\" \/>\n<script type=\"application\/ld+json\" class=\"yoast-schema-graph\">{\"@context\":\"https:\\\/\\\/schema.org\",\"@graph\":[{\"@type\":\"WebPage\",\"@id\":\"https:\\\/\\\/www.densityfrance.fr\\\/nos-atouts\\\/formation-en-ligne\\\/\",\"url\":\"https:\\\/\\\/www.densityfrance.fr\\\/nos-atouts\\\/formation-en-ligne\\\/\",\"name\":\"Formation en ligne - Density France\",\"isPartOf\":{\"@id\":\"https:\\\/\\\/www.densityfrance.fr\\\/#website\"},\"primaryImageOfPage\":{\"@id\":\"https:\\\/\\\/www.densityfrance.fr\\\/nos-atouts\\\/formation-en-ligne\\\/#primaryimage\"},\"image\":{\"@id\":\"https:\\\/\\\/www.densityfrance.fr\\\/nos-atouts\\\/formation-en-ligne\\\/#primaryimage\"},\"thumbnailUrl\":\"https:\\\/\\\/www.densityfrance.fr\\\/wp-content\\\/uploads\\\/2021\\\/02\\\/luxe-picto-bleu.png\",\"datePublished\":\"2021-03-02T14:14:32+00:00\",\"dateModified\":\"2024-09-12T13:31:30+00:00\",\"description\":\"Une formation adapt\u00e9e \u00e0 tous les professionnels de la s\u00e9curit\u00e9 pour apprendre \u00e0 dimensionner, positionner, c\u00e2bler et installer les G\u00e9n\u00e9rateurs de Brouillard Density\",\"breadcrumb\":{\"@id\":\"https:\\\/\\\/www.densityfrance.fr\\\/nos-atouts\\\/formation-en-ligne\\\/#breadcrumb\"},\"inLanguage\":\"de\",\"potentialAction\":[{\"@type\":\"ReadAction\",\"target\":[\"https:\\\/\\\/www.densityfrance.fr\\\/nos-atouts\\\/formation-en-ligne\\\/\"]}]},{\"@type\":\"ImageObject\",\"inLanguage\":\"de\",\"@id\":\"https:\\\/\\\/www.densityfrance.fr\\\/nos-atouts\\\/formation-en-ligne\\\/#primaryimage\",\"url\":\"https:\\\/\\\/www.densityfrance.fr\\\/wp-content\\\/uploads\\\/2021\\\/02\\\/luxe-picto-bleu.png\",\"contentUrl\":\"https:\\\/\\\/www.densityfrance.fr\\\/wp-content\\\/uploads\\\/2021\\\/02\\\/luxe-picto-bleu.png\",\"width\":130,\"height\":130},{\"@type\":\"BreadcrumbList\",\"@id\":\"https:\\\/\\\/www.densityfrance.fr\\\/nos-atouts\\\/formation-en-ligne\\\/#breadcrumb\",\"itemListElement\":[{\"@type\":\"ListItem\",\"position\":1,\"name\":\"Accueil\",\"item\":\"https:\\\/\\\/www.densityfrance.fr\\\/\"},{\"@type\":\"ListItem\",\"position\":2,\"name\":\"Nos atouts\",\"item\":\"https:\\\/\\\/www.densityfrance.fr\\\/nos-atouts\\\/\"},{\"@type\":\"ListItem\",\"position\":3,\"name\":\"Formation en ligne\"}]},{\"@type\":\"WebSite\",\"@id\":\"https:\\\/\\\/www.densityfrance.fr\\\/#website\",\"url\":\"https:\\\/\\\/www.densityfrance.fr\\\/\",\"name\":\"Density France\",\"description\":\"G\u00e9n\u00e9rateurs de brouillard anti-intrusion\",\"publisher\":{\"@id\":\"https:\\\/\\\/www.densityfrance.fr\\\/#organization\"},\"potentialAction\":[{\"@type\":\"SearchAction\",\"target\":{\"@type\":\"EntryPoint\",\"urlTemplate\":\"https:\\\/\\\/www.densityfrance.fr\\\/?s={search_term_string}\"},\"query-input\":{\"@type\":\"PropertyValueSpecification\",\"valueRequired\":true,\"valueName\":\"search_term_string\"}}],\"inLanguage\":\"de\"},{\"@type\":\"Organization\",\"@id\":\"https:\\\/\\\/www.densityfrance.fr\\\/#organization\",\"name\":\"Density\",\"url\":\"https:\\\/\\\/www.densityfrance.fr\\\/\",\"logo\":{\"@type\":\"ImageObject\",\"inLanguage\":\"de\",\"@id\":\"https:\\\/\\\/www.densityfrance.fr\\\/#\\\/schema\\\/logo\\\/image\\\/\",\"url\":\"https:\\\/\\\/www.densityfrance.fr\\\/wp-content\\\/uploads\\\/2021\\\/07\\\/Density-logo-couleur-transp-M.png\",\"contentUrl\":\"https:\\\/\\\/www.densityfrance.fr\\\/wp-content\\\/uploads\\\/2021\\\/07\\\/Density-logo-couleur-transp-M.png\",\"width\":404,\"height\":89,\"caption\":\"Density\"},\"image\":{\"@id\":\"https:\\\/\\\/www.densityfrance.fr\\\/#\\\/schema\\\/logo\\\/image\\\/\"}}]}<\/script>\n<!-- \/ Yoast SEO plugin. -->","yoast_head_json":{"title":"Online-Training - Density Deutschland","description":"Ein Kurs, der f\u00fcr alle Sicherheitsexperten geeignet ist, um zu lernen, wie man Density-Nebelgeneratoren dimensioniert, positioniert, verdrahtet und installiert.","robots":{"index":"index","follow":"follow","max-snippet":"max-snippet:-1","max-image-preview":"max-image-preview:large","max-video-preview":"max-video-preview:-1"},"canonical":"https:\/\/www.densityfrance.fr\/de\/unsere-starken\/online-schulung\/","og_locale":"de_DE","og_type":"article","og_title":"Formation en ligne - Density France","og_description":"Une formation adapt\u00e9e \u00e0 tous les professionnels de la s\u00e9curit\u00e9 pour apprendre \u00e0 dimensionner, positionner, c\u00e2bler et installer les G\u00e9n\u00e9rateurs de Brouillard Density","og_url":"https:\/\/www.densityfrance.fr\/de\/unsere-starken\/online-schulung\/","og_site_name":"Density France","article_modified_time":"2024-09-12T13:31:30+00:00","og_image":[{"width":130,"height":130,"url":"https:\/\/www.densityfrance.fr\/wp-content\/uploads\/2021\/02\/luxe-picto-bleu.png","type":"image\/png"}],"twitter_card":"summary_large_image","twitter_misc":{"Gesch\u00e4tzte Lesezeit":"2\u00a0Minuten"},"schema":{"@context":"https:\/\/schema.org","@graph":[{"@type":"WebPage","@id":"https:\/\/www.densityfrance.fr\/nos-atouts\/formation-en-ligne\/","url":"https:\/\/www.densityfrance.fr\/nos-atouts\/formation-en-ligne\/","name":"Online-Training - Density Deutschland","isPartOf":{"@id":"https:\/\/www.densityfrance.fr\/#website"},"primaryImageOfPage":{"@id":"https:\/\/www.densityfrance.fr\/nos-atouts\/formation-en-ligne\/#primaryimage"},"image":{"@id":"https:\/\/www.densityfrance.fr\/nos-atouts\/formation-en-ligne\/#primaryimage"},"thumbnailUrl":"https:\/\/www.densityfrance.fr\/wp-content\/uploads\/2021\/02\/luxe-picto-bleu.png","datePublished":"2021-03-02T14:14:32+00:00","dateModified":"2024-09-12T13:31:30+00:00","description":"Ein Kurs, der f\u00fcr alle Sicherheitsexperten geeignet ist, um zu lernen, wie man Density-Nebelgeneratoren dimensioniert, positioniert, verdrahtet und installiert.","breadcrumb":{"@id":"https:\/\/www.densityfrance.fr\/nos-atouts\/formation-en-ligne\/#breadcrumb"},"inLanguage":"de","potentialAction":[{"@type":"ReadAction","target":["https:\/\/www.densityfrance.fr\/nos-atouts\/formation-en-ligne\/"]}]},{"@type":"ImageObject","inLanguage":"de","@id":"https:\/\/www.densityfrance.fr\/nos-atouts\/formation-en-ligne\/#primaryimage","url":"https:\/\/www.densityfrance.fr\/wp-content\/uploads\/2021\/02\/luxe-picto-bleu.png","contentUrl":"https:\/\/www.densityfrance.fr\/wp-content\/uploads\/2021\/02\/luxe-picto-bleu.png","width":130,"height":130},{"@type":"BreadcrumbList","@id":"https:\/\/www.densityfrance.fr\/nos-atouts\/formation-en-ligne\/#breadcrumb","itemListElement":[{"@type":"ListItem","position":1,"name":"Accueil","item":"https:\/\/www.densityfrance.fr\/"},{"@type":"ListItem","position":2,"name":"Nos atouts","item":"https:\/\/www.densityfrance.fr\/nos-atouts\/"},{"@type":"ListItem","position":3,"name":"Formation en ligne"}]},{"@type":"WebSite","@id":"https:\/\/www.densityfrance.fr\/#website","url":"https:\/\/www.densityfrance.fr\/","name":"Density Frankreich","description":"Nebelgeneratoren gegen Eindringlinge","publisher":{"@id":"https:\/\/www.densityfrance.fr\/#organization"},"potentialAction":[{"@type":"SearchAction","target":{"@type":"EntryPoint","urlTemplate":"https:\/\/www.densityfrance.fr\/?s={search_term_string}"},"query-input":{"@type":"PropertyValueSpecification","valueRequired":true,"valueName":"search_term_string"}}],"inLanguage":"de"},{"@type":"Organization","@id":"https:\/\/www.densityfrance.fr\/#organization","name":"Dichte","url":"https:\/\/www.densityfrance.fr\/","logo":{"@type":"ImageObject","inLanguage":"de","@id":"https:\/\/www.densityfrance.fr\/#\/schema\/logo\/image\/","url":"https:\/\/www.densityfrance.fr\/wp-content\/uploads\/2021\/07\/Density-logo-couleur-transp-M.png","contentUrl":"https:\/\/www.densityfrance.fr\/wp-content\/uploads\/2021\/07\/Density-logo-couleur-transp-M.png","width":404,"height":89,"caption":"Density"},"image":{"@id":"https:\/\/www.densityfrance.fr\/#\/schema\/logo\/image\/"}}]}},"_links":{"self":[{"href":"https:\/\/www.densityfrance.fr\/de\/wp-json\/wp\/v2\/pages\/5071","targetHints":{"allow":["GET"]}}],"collection":[{"href":"https:\/\/www.densityfrance.fr\/de\/wp-json\/wp\/v2\/pages"}],"about":[{"href":"https:\/\/www.densityfrance.fr\/de\/wp-json\/wp\/v2\/types\/page"}],"author":[{"embeddable":true,"href":"https:\/\/www.densityfrance.fr\/de\/wp-json\/wp\/v2\/users\/1"}],"replies":[{"embeddable":true,"href":"https:\/\/www.densityfrance.fr\/de\/wp-json\/wp\/v2\/comments?post=5071"}],"version-history":[{"count":35,"href":"https:\/\/www.densityfrance.fr\/de\/wp-json\/wp\/v2\/pages\/5071\/revisions"}],"predecessor-version":[{"id":7599,"href":"https:\/\/www.densityfrance.fr\/de\/wp-json\/wp\/v2\/pages\/5071\/revisions\/7599"}],"up":[{"embeddable":true,"href":"https:\/\/www.densityfrance.fr\/de\/wp-json\/wp\/v2\/pages\/3098"}],"wp:featuredmedia":[{"embeddable":true,"href":"https:\/\/www.densityfrance.fr\/de\/wp-json\/wp\/v2\/media\/4297"}],"wp:attachment":[{"href":"https:\/\/www.densityfrance.fr\/de\/wp-json\/wp\/v2\/media?parent=5071"}],"curies":[{"name":"wp","href":"https:\/\/api.w.org\/{rel}","templated":true}]}}