{"id":11891,"date":"2025-04-16T12:22:29","date_gmt":"2025-04-16T11:22:29","guid":{"rendered":"https:\/\/www.densityfrance.fr\/?page_id=11891"},"modified":"2025-04-29T12:40:39","modified_gmt":"2025-04-29T11:40:39","slug":"danke","status":"publish","type":"page","link":"https:\/\/www.densityfrance.fr\/de\/landing\/merci\/","title":{"rendered":"Danke"},"content":{"rendered":"\t\t<div data-elementor-type=\"wp-page\" data-elementor-id=\"11891\" class=\"elementor elementor-11891\" data-elementor-post-type=\"page\">\n\t\t\t\t<div class=\"elementor-element elementor-element-65daff9 elementor-hidden-desktop elementor-hidden-tablet e-flex e-con-boxed e-con e-parent\" data-id=\"65daff9\" data-element_type=\"container\" data-e-type=\"container\" data-settings=\"{&quot;background_background&quot;:&quot;classic&quot;,&quot;motion_fx_motion_fx_scrolling&quot;:&quot;yes&quot;,&quot;motion_fx_devices&quot;:[&quot;mobile&quot;],&quot;sticky&quot;:&quot;top&quot;,&quot;sticky_on&quot;:[&quot;desktop&quot;,&quot;tablet&quot;,&quot;mobile&quot;],&quot;sticky_offset&quot;:0,&quot;sticky_effects_offset&quot;:0,&quot;sticky_anchor_link_offset&quot;:0}\">\n\t\t\t\t\t<div class=\"e-con-inner\">\n\t\t\t\t<div class=\"elementor-element elementor-element-e3b8e7f elementor-widget elementor-widget-image\" data-id=\"e3b8e7f\" data-element_type=\"widget\" data-e-type=\"widget\" data-widget_type=\"image.default\">\n\t\t\t\t<div class=\"elementor-widget-container\">\n\t\t\t\t\t\t\t\t\t\t\t\t\t\t\t<img decoding=\"async\" width=\"368\" height=\"109\" data-src=\"https:\/\/www.densityfrance.fr\/wp-content\/smush-avif\/2025\/04\/Logo-Header-300-89-pxls_Plan-de-travail-1-2.png.avif\" class=\"attachment-full size-full wp-image-11862 lazyload\" alt=\"\" data-srcset=\"https:\/\/www.densityfrance.fr\/wp-content\/smush-avif\/2025\/04\/Logo-Header-300-89-pxls_Plan-de-travail-1-2.png.avif 368w, https:\/\/www.densityfrance.fr\/wp-content\/smush-avif\/2025\/04\/Logo-Header-300-89-pxls_Plan-de-travail-1-2-300x89.png.avif 300w\" data-sizes=\"(max-width: 368px) 100vw, 368px\" src=\"data:image\/svg+xml;base64,PHN2ZyB3aWR0aD0iMSIgaGVpZ2h0PSIxIiB4bWxucz0iaHR0cDovL3d3dy53My5vcmcvMjAwMC9zdmciPjwvc3ZnPg==\" style=\"--smush-placeholder-width: 368px; --smush-placeholder-aspect-ratio: 368\/109;\" \/>\t\t\t\t\t\t\t\t\t\t\t\t\t\t\t<\/div>\n\t\t\t\t<\/div>\n\t\t\t\t\t<\/div>\n\t\t\t\t<\/div>\n\t\t<div class=\"elementor-element elementor-element-ea4e223 e-con-full e-flex e-con e-parent\" data-id=\"ea4e223\" data-element_type=\"container\" data-e-type=\"container\" data-settings=\"{&quot;background_background&quot;:&quot;classic&quot;}\">\n\t\t<div class=\"elementor-element elementor-element-c079f27 e-con-full dlpro-custom-height-first e-flex e-con e-child\" data-id=\"c079f27\" data-element_type=\"container\" data-e-type=\"container\" data-settings=\"{&quot;background_background&quot;:&quot;classic&quot;}\">\n\t\t<div class=\"elementor-element elementor-element-91df717 e-con-full e-flex e-con e-child\" data-id=\"91df717\" data-element_type=\"container\" data-e-type=\"container\">\n\t\t\t\t<div class=\"elementor-element elementor-element-19bd3e9 elementor-hidden-mobile elementor-widget elementor-widget-image\" data-id=\"19bd3e9\" data-element_type=\"widget\" data-e-type=\"widget\" data-widget_type=\"image.default\">\n\t\t\t\t<div class=\"elementor-widget-container\">\n\t\t\t\t\t\t\t\t\t\t\t\t\t\t\t<img decoding=\"async\" width=\"368\" height=\"109\" data-src=\"https:\/\/www.densityfrance.fr\/wp-content\/smush-avif\/2025\/04\/Logo-Header-300-89-pxls_Plan-de-travail-1-2.png.avif\" class=\"attachment-full size-full wp-image-11862 lazyload\" alt=\"\" data-srcset=\"https:\/\/www.densityfrance.fr\/wp-content\/smush-avif\/2025\/04\/Logo-Header-300-89-pxls_Plan-de-travail-1-2.png.avif 368w, https:\/\/www.densityfrance.fr\/wp-content\/smush-avif\/2025\/04\/Logo-Header-300-89-pxls_Plan-de-travail-1-2-300x89.png.avif 300w\" data-sizes=\"(max-width: 368px) 100vw, 368px\" src=\"data:image\/svg+xml;base64,PHN2ZyB3aWR0aD0iMSIgaGVpZ2h0PSIxIiB4bWxucz0iaHR0cDovL3d3dy53My5vcmcvMjAwMC9zdmciPjwvc3ZnPg==\" style=\"--smush-placeholder-width: 368px; --smush-placeholder-aspect-ratio: 368\/109;\" \/>\t\t\t\t\t\t\t\t\t\t\t\t\t\t\t<\/div>\n\t\t\t\t<\/div>\n\t\t<div class=\"elementor-element elementor-element-23b6b95 e-con-full e-flex e-con e-child\" data-id=\"23b6b95\" data-element_type=\"container\" data-e-type=\"container\">\n\t\t\t\t<div class=\"elementor-element elementor-element-68b6d8a elementor-widget__width-initial elementor-widget elementor-widget-heading\" data-id=\"68b6d8a\" data-element_type=\"widget\" data-e-type=\"widget\" data-widget_type=\"heading.default\">\n\t\t\t\t<div class=\"elementor-widget-container\">\n\t\t\t\t\t<h1 class=\"elementor-heading-title elementor-size-default\">Merci ! <\/h1>\t\t\t\t<\/div>\n\t\t\t\t<\/div>\n\t\t\t\t<div class=\"elementor-element elementor-element-9ac575a elementor-widget__width-initial elementor-widget elementor-widget-text-editor\" data-id=\"9ac575a\" data-element_type=\"widget\" data-e-type=\"widget\" data-widget_type=\"text-editor.default\">\n\t\t\t\t<div class=\"elementor-widget-container\">\n\t\t\t\t\t\t\t\t\t<p>Nous avons bien re\u00e7u votre demande. Nous vous remercions pour votre prise de contact avec l\u2019\u00e9quipe et nous revenons vers vous au plus vite.<\/p><p>L\u2019\u00e9quipe de Density<\/p>\t\t\t\t\t\t\t\t<\/div>\n\t\t\t\t<\/div>\n\t\t\t\t<\/div>\n\t\t\t\t<\/div>\n\t\t<div class=\"elementor-element elementor-element-43a14f6 e-con-full dlpro-sticky-form e-flex e-con e-child\" data-id=\"43a14f6\" data-element_type=\"container\" data-e-type=\"container\" data-settings=\"{&quot;motion_fx_motion_fx_scrolling&quot;:&quot;yes&quot;,&quot;motion_fx_range&quot;:&quot;viewport&quot;,&quot;motion_fx_devices&quot;:[&quot;desktop&quot;,&quot;tablet&quot;,&quot;mobile&quot;]}\">\n\t\t\t\t<\/div>\n\t\t\t\t<\/div>\n\t\t<div class=\"elementor-element elementor-element-9b61fa1 e-con-full e-flex e-con e-child\" data-id=\"9b61fa1\" data-element_type=\"container\" data-e-type=\"container\" data-settings=\"{&quot;background_background&quot;:&quot;classic&quot;}\">\n\t\t<div class=\"elementor-element elementor-element-bd884a6 e-con-full e-flex e-con e-child\" data-id=\"bd884a6\" data-element_type=\"container\" data-e-type=\"container\">\n\t\t\t\t<div class=\"elementor-element elementor-element-a8a4fb1 elementor-widget elementor-widget-image\" data-id=\"a8a4fb1\" data-element_type=\"widget\" data-e-type=\"widget\" data-widget_type=\"image.default\">\n\t\t\t\t<div class=\"elementor-widget-container\">\n\t\t\t\t\t\t\t\t\t\t\t\t\t\t\t<img decoding=\"async\" width=\"132\" height=\"39\" data-src=\"https:\/\/www.densityfrance.fr\/wp-content\/smush-avif\/2025\/04\/Logo-Header-300-89-pxls_Plan-de-travail-1-3.png.avif\" class=\"attachment-large size-large wp-image-11816 lazyload\" alt=\"\" src=\"data:image\/svg+xml;base64,PHN2ZyB3aWR0aD0iMSIgaGVpZ2h0PSIxIiB4bWxucz0iaHR0cDovL3d3dy53My5vcmcvMjAwMC9zdmciPjwvc3ZnPg==\" style=\"--smush-placeholder-width: 132px; --smush-placeholder-aspect-ratio: 132\/39;\" \/>\t\t\t\t\t\t\t\t\t\t\t\t\t\t\t<\/div>\n\t\t\t\t<\/div>\n\t\t\t\t<div class=\"elementor-element elementor-element-8266dd2 elementor-widget elementor-widget-text-editor\" data-id=\"8266dd2\" data-element_type=\"widget\" data-e-type=\"widget\" data-widget_type=\"text-editor.default\">\n\t\t\t\t<div class=\"elementor-widget-container\">\n\t\t\t\t\t\t\t\t\t<p>\u00a9 2025 Density\u00ae \u00a0|\u00a0 Tous droits r\u00e9serv\u00e9s<\/p>\t\t\t\t\t\t\t\t<\/div>\n\t\t\t\t<\/div>\n\t\t\t\t<\/div>\n\t\t<div class=\"elementor-element elementor-element-5bcfcae e-con-full elementor-hidden-mobile e-flex e-con e-child\" data-id=\"5bcfcae\" data-element_type=\"container\" data-e-type=\"container\">\n\t\t\t\t<\/div>\n\t\t\t\t<\/div>\n\t\t\t\t<\/div>\n\t\t\t\t<\/div>\n\t\t","protected":false},"excerpt":{"rendered":"<p>Vielen Dank! Wir haben Ihre Anfrage erhalten. Wir danken Ihnen f\u00fcr Ihre Kontaktaufnahme mit dem Team und kommen so bald wie m\u00f6glich auf Sie zur\u00fcck. Das Density-Team \u00a9 2025 Density\u00ae | Alle Rechte vorbehalten<\/p>","protected":false},"author":826,"featured_media":0,"parent":11767,"menu_order":0,"comment_status":"closed","ping_status":"closed","template":"elementor_header_footer","meta":{"footnotes":""},"class_list":["post-11891","page","type-page","status-publish","hentry"],"yoast_head":"<!-- This site is optimized with the Yoast SEO plugin v27.5 - https:\/\/yoast.com\/product\/yoast-seo-wordpress\/ -->\n<title>Merci - Density France<\/title>\n<meta name=\"robots\" content=\"index, follow, max-snippet:-1, max-image-preview:large, max-video-preview:-1\" \/>\n<link rel=\"canonical\" href=\"https:\/\/www.densityfrance.fr\/de\/landung\/danke\/\" \/>\n<meta property=\"og:locale\" content=\"de_DE\" \/>\n<meta property=\"og:type\" content=\"article\" \/>\n<meta property=\"og:title\" content=\"Merci - Density France\" \/>\n<meta property=\"og:description\" content=\"Merci ! Nous avons bien re\u00e7u votre demande. Nous vous remercions pour votre prise de contact avec l\u2019\u00e9quipe et nous revenons vers vous au plus vite. L\u2019\u00e9quipe de Density \u00a9 2025 Density\u00ae \u00a0|\u00a0 Tous droits r\u00e9serv\u00e9s\" \/>\n<meta property=\"og:url\" content=\"https:\/\/www.densityfrance.fr\/de\/landung\/danke\/\" \/>\n<meta property=\"og:site_name\" content=\"Density France\" \/>\n<meta property=\"article:modified_time\" content=\"2025-04-29T11:40:39+00:00\" \/>\n<meta property=\"og:image\" content=\"https:\/\/www.densityfrance.fr\/wp-content\/uploads\/2025\/04\/Logo-Header-300-89-pxls_Plan-de-travail-1-2.png\" \/>\n\t<meta property=\"og:image:width\" content=\"368\" \/>\n\t<meta property=\"og:image:height\" content=\"109\" \/>\n\t<meta property=\"og:image:type\" content=\"image\/png\" \/>\n<meta name=\"twitter:card\" content=\"summary_large_image\" \/>\n<script type=\"application\/ld+json\" class=\"yoast-schema-graph\">{\"@context\":\"https:\\\/\\\/schema.org\",\"@graph\":[{\"@type\":\"WebPage\",\"@id\":\"https:\\\/\\\/www.densityfrance.fr\\\/landing\\\/merci\\\/\",\"url\":\"https:\\\/\\\/www.densityfrance.fr\\\/landing\\\/merci\\\/\",\"name\":\"Merci - Density France\",\"isPartOf\":{\"@id\":\"https:\\\/\\\/www.densityfrance.fr\\\/#website\"},\"primaryImageOfPage\":{\"@id\":\"https:\\\/\\\/www.densityfrance.fr\\\/landing\\\/merci\\\/#primaryimage\"},\"image\":{\"@id\":\"https:\\\/\\\/www.densityfrance.fr\\\/landing\\\/merci\\\/#primaryimage\"},\"thumbnailUrl\":\"https:\\\/\\\/www.densityfrance.fr\\\/wp-content\\\/uploads\\\/2025\\\/04\\\/Logo-Header-300-89-pxls_Plan-de-travail-1-2.png\",\"datePublished\":\"2025-04-16T11:22:29+00:00\",\"dateModified\":\"2025-04-29T11:40:39+00:00\",\"breadcrumb\":{\"@id\":\"https:\\\/\\\/www.densityfrance.fr\\\/landing\\\/merci\\\/#breadcrumb\"},\"inLanguage\":\"de\",\"potentialAction\":[{\"@type\":\"ReadAction\",\"target\":[\"https:\\\/\\\/www.densityfrance.fr\\\/landing\\\/merci\\\/\"]}]},{\"@type\":\"ImageObject\",\"inLanguage\":\"de\",\"@id\":\"https:\\\/\\\/www.densityfrance.fr\\\/landing\\\/merci\\\/#primaryimage\",\"url\":\"https:\\\/\\\/www.densityfrance.fr\\\/wp-content\\\/uploads\\\/2025\\\/04\\\/Logo-Header-300-89-pxls_Plan-de-travail-1-2.png\",\"contentUrl\":\"https:\\\/\\\/www.densityfrance.fr\\\/wp-content\\\/uploads\\\/2025\\\/04\\\/Logo-Header-300-89-pxls_Plan-de-travail-1-2.png\"},{\"@type\":\"BreadcrumbList\",\"@id\":\"https:\\\/\\\/www.densityfrance.fr\\\/landing\\\/merci\\\/#breadcrumb\",\"itemListElement\":[{\"@type\":\"ListItem\",\"position\":1,\"name\":\"Accueil\",\"item\":\"https:\\\/\\\/www.densityfrance.fr\\\/\"},{\"@type\":\"ListItem\",\"position\":2,\"name\":\"Landing\",\"item\":\"https:\\\/\\\/www.densityfrance.fr\\\/landing\\\/\"},{\"@type\":\"ListItem\",\"position\":3,\"name\":\"Merci\"}]},{\"@type\":\"WebSite\",\"@id\":\"https:\\\/\\\/www.densityfrance.fr\\\/#website\",\"url\":\"https:\\\/\\\/www.densityfrance.fr\\\/\",\"name\":\"Density France\",\"description\":\"G\u00e9n\u00e9rateurs de brouillard anti-intrusion\",\"publisher\":{\"@id\":\"https:\\\/\\\/www.densityfrance.fr\\\/#organization\"},\"potentialAction\":[{\"@type\":\"SearchAction\",\"target\":{\"@type\":\"EntryPoint\",\"urlTemplate\":\"https:\\\/\\\/www.densityfrance.fr\\\/?s={search_term_string}\"},\"query-input\":{\"@type\":\"PropertyValueSpecification\",\"valueRequired\":true,\"valueName\":\"search_term_string\"}}],\"inLanguage\":\"de\"},{\"@type\":\"Organization\",\"@id\":\"https:\\\/\\\/www.densityfrance.fr\\\/#organization\",\"name\":\"Density\",\"url\":\"https:\\\/\\\/www.densityfrance.fr\\\/\",\"logo\":{\"@type\":\"ImageObject\",\"inLanguage\":\"de\",\"@id\":\"https:\\\/\\\/www.densityfrance.fr\\\/#\\\/schema\\\/logo\\\/image\\\/\",\"url\":\"https:\\\/\\\/www.densityfrance.fr\\\/wp-content\\\/uploads\\\/2021\\\/07\\\/Density-logo-couleur-transp-M.png\",\"contentUrl\":\"https:\\\/\\\/www.densityfrance.fr\\\/wp-content\\\/uploads\\\/2021\\\/07\\\/Density-logo-couleur-transp-M.png\",\"width\":404,\"height\":89,\"caption\":\"Density\"},\"image\":{\"@id\":\"https:\\\/\\\/www.densityfrance.fr\\\/#\\\/schema\\\/logo\\\/image\\\/\"}}]}<\/script>\n<!-- \/ Yoast SEO plugin. -->","yoast_head_json":{"title":"Danke - Density Deutschland","robots":{"index":"index","follow":"follow","max-snippet":"max-snippet:-1","max-image-preview":"max-image-preview:large","max-video-preview":"max-video-preview:-1"},"canonical":"https:\/\/www.densityfrance.fr\/de\/landung\/danke\/","og_locale":"de_DE","og_type":"article","og_title":"Merci - Density France","og_description":"Merci ! Nous avons bien re\u00e7u votre demande. Nous vous remercions pour votre prise de contact avec l\u2019\u00e9quipe et nous revenons vers vous au plus vite. L\u2019\u00e9quipe de Density \u00a9 2025 Density\u00ae \u00a0|\u00a0 Tous droits r\u00e9serv\u00e9s","og_url":"https:\/\/www.densityfrance.fr\/de\/landung\/danke\/","og_site_name":"Density France","article_modified_time":"2025-04-29T11:40:39+00:00","og_image":[{"width":368,"height":109,"url":"https:\/\/www.densityfrance.fr\/wp-content\/uploads\/2025\/04\/Logo-Header-300-89-pxls_Plan-de-travail-1-2.png","type":"image\/png"}],"twitter_card":"summary_large_image","schema":{"@context":"https:\/\/schema.org","@graph":[{"@type":"WebPage","@id":"https:\/\/www.densityfrance.fr\/landing\/merci\/","url":"https:\/\/www.densityfrance.fr\/landing\/merci\/","name":"Danke - Density Deutschland","isPartOf":{"@id":"https:\/\/www.densityfrance.fr\/#website"},"primaryImageOfPage":{"@id":"https:\/\/www.densityfrance.fr\/landing\/merci\/#primaryimage"},"image":{"@id":"https:\/\/www.densityfrance.fr\/landing\/merci\/#primaryimage"},"thumbnailUrl":"https:\/\/www.densityfrance.fr\/wp-content\/uploads\/2025\/04\/Logo-Header-300-89-pxls_Plan-de-travail-1-2.png","datePublished":"2025-04-16T11:22:29+00:00","dateModified":"2025-04-29T11:40:39+00:00","breadcrumb":{"@id":"https:\/\/www.densityfrance.fr\/landing\/merci\/#breadcrumb"},"inLanguage":"de","potentialAction":[{"@type":"ReadAction","target":["https:\/\/www.densityfrance.fr\/landing\/merci\/"]}]},{"@type":"ImageObject","inLanguage":"de","@id":"https:\/\/www.densityfrance.fr\/landing\/merci\/#primaryimage","url":"https:\/\/www.densityfrance.fr\/wp-content\/uploads\/2025\/04\/Logo-Header-300-89-pxls_Plan-de-travail-1-2.png","contentUrl":"https:\/\/www.densityfrance.fr\/wp-content\/uploads\/2025\/04\/Logo-Header-300-89-pxls_Plan-de-travail-1-2.png"},{"@type":"BreadcrumbList","@id":"https:\/\/www.densityfrance.fr\/landing\/merci\/#breadcrumb","itemListElement":[{"@type":"ListItem","position":1,"name":"Accueil","item":"https:\/\/www.densityfrance.fr\/"},{"@type":"ListItem","position":2,"name":"Landing","item":"https:\/\/www.densityfrance.fr\/landing\/"},{"@type":"ListItem","position":3,"name":"Merci"}]},{"@type":"WebSite","@id":"https:\/\/www.densityfrance.fr\/#website","url":"https:\/\/www.densityfrance.fr\/","name":"Density Frankreich","description":"Nebelgeneratoren gegen Eindringlinge","publisher":{"@id":"https:\/\/www.densityfrance.fr\/#organization"},"potentialAction":[{"@type":"SearchAction","target":{"@type":"EntryPoint","urlTemplate":"https:\/\/www.densityfrance.fr\/?s={search_term_string}"},"query-input":{"@type":"PropertyValueSpecification","valueRequired":true,"valueName":"search_term_string"}}],"inLanguage":"de"},{"@type":"Organization","@id":"https:\/\/www.densityfrance.fr\/#organization","name":"Dichte","url":"https:\/\/www.densityfrance.fr\/","logo":{"@type":"ImageObject","inLanguage":"de","@id":"https:\/\/www.densityfrance.fr\/#\/schema\/logo\/image\/","url":"https:\/\/www.densityfrance.fr\/wp-content\/uploads\/2021\/07\/Density-logo-couleur-transp-M.png","contentUrl":"https:\/\/www.densityfrance.fr\/wp-content\/uploads\/2021\/07\/Density-logo-couleur-transp-M.png","width":404,"height":89,"caption":"Density"},"image":{"@id":"https:\/\/www.densityfrance.fr\/#\/schema\/logo\/image\/"}}]}},"_links":{"self":[{"href":"https:\/\/www.densityfrance.fr\/de\/wp-json\/wp\/v2\/pages\/11891","targetHints":{"allow":["GET"]}}],"collection":[{"href":"https:\/\/www.densityfrance.fr\/de\/wp-json\/wp\/v2\/pages"}],"about":[{"href":"https:\/\/www.densityfrance.fr\/de\/wp-json\/wp\/v2\/types\/page"}],"author":[{"embeddable":true,"href":"https:\/\/www.densityfrance.fr\/de\/wp-json\/wp\/v2\/users\/826"}],"replies":[{"embeddable":true,"href":"https:\/\/www.densityfrance.fr\/de\/wp-json\/wp\/v2\/comments?post=11891"}],"version-history":[{"count":46,"href":"https:\/\/www.densityfrance.fr\/de\/wp-json\/wp\/v2\/pages\/11891\/revisions"}],"predecessor-version":[{"id":12833,"href":"https:\/\/www.densityfrance.fr\/de\/wp-json\/wp\/v2\/pages\/11891\/revisions\/12833"}],"up":[{"embeddable":true,"href":"https:\/\/www.densityfrance.fr\/de\/wp-json\/wp\/v2\/pages\/11767"}],"wp:attachment":[{"href":"https:\/\/www.densityfrance.fr\/de\/wp-json\/wp\/v2\/media?parent=11891"}],"curies":[{"name":"wp","href":"https:\/\/api.w.org\/{rel}","templated":true}]}}