{"id":5090,"date":"2021-03-02T14:19:41","date_gmt":"2021-03-02T14:19:41","guid":{"rendered":"https:\/\/www.densityfrance.fr\/?page_id=5090"},"modified":"2024-10-21T13:40:32","modified_gmt":"2024-10-21T12:40:32","slug":"hvem-vi-er","status":"publish","type":"page","link":"https:\/\/www.densityfrance.fr\/da\/qui-sommes-nous\/","title":{"rendered":"Hvem er vi?"},"content":{"rendered":"<div data-elementor-type=\"wp-page\" data-elementor-id=\"5090\" class=\"elementor elementor-5090\" data-elementor-post-type=\"page\">\n\t\t\t\t\t\t<section class=\"elementor-section elementor-top-section elementor-element elementor-element-12e24554 gp_section_contexte ot-traditional elementor-section-boxed elementor-section-height-default elementor-section-height-default\" data-id=\"12e24554\" data-element_type=\"section\" data-e-type=\"section\">\n\t\t\t\t\t\t<div class=\"elementor-container elementor-column-gap-extended\">\n\t\t\t\t\t<div class=\"elementor-column elementor-col-100 elementor-top-column elementor-element elementor-element-6866f177 ot-column-items-center ot-flex-column-vertical\" data-id=\"6866f177\" data-element_type=\"column\" data-e-type=\"column\">\n\t\t\t<div class=\"elementor-widget-wrap elementor-element-populated\">\n\t\t\t\t\t\t<div class=\"elementor-element elementor-element-4e15071f elementor-widget elementor-widget-iheading\" data-id=\"4e15071f\" data-element_type=\"widget\" data-e-type=\"widget\" data-widget_type=\"iheading.default\">\n\t\t\t\t<div class=\"elementor-widget-container\">\n\t\t\t\t\t\t\t<div class=\"ot-heading\">\r\n\t        \t            <span>\/\/ Ekspertise<\/span>\r\n\t        <h2 class=\"main-heading\">Vores erfaring, din sikkerhed!<\/h2>\t    <\/div>\r\n\t    \t\t\t\t<\/div>\n\t\t\t\t<\/div>\n\t\t\t\t<div class=\"elementor-element elementor-element-47906a85 elementor-widget elementor-widget-text-editor\" data-id=\"47906a85\" data-element_type=\"widget\" data-e-type=\"widget\" data-widget_type=\"text-editor.default\">\n\t\t\t\t<div class=\"elementor-widget-container\">\n\t\t\t\t\t\t\t\t\t<p>Efter 20 \u00e5rs arbejde med at udvikle t\u00e5gebeskyttelsesteknologiens omd\u00f8mme i Frankrig, og da vi manglede teknologiske innovationer til at im\u00f8dekomme nye kundekrav, besluttede vi at samle et team til et nyt eventyr: at skabe nye t\u00e5gebeskyttelsesprodukter. <a href=\"https:\/\/www.densityfrance.fr\/da\/tagegeneratorer\/\">T\u00e5gegeneratorer<\/a> mere effektiv, mere forbundet, og som tilpasser sig alles behov.<\/p><p>Des quatre coins de l\u2019Europe, nous avons acquis l\u2019exp\u00e9rience n\u00e9cessaire \u00e0 la compr\u00e9hension de vos besoins et les comp\u00e9tences techniques & technologiques pour y r\u00e9pondre. Cette technologie du Brouillard anti-intrusion est encore trop m\u00e9connue et nous sommes conscient du chemin qu\u2019il reste \u00e0 parcourir pour que chacun d\u2019entre nous puisse b\u00e9n\u00e9ficier de cette protection ultime.<\/p><p>Ved starten af dette eventyr var vi 3 personer med meget forskellige, men komplement\u00e6re personligheder og f\u00e6rdigheder. Vi henvendte os til en producent i Sydeuropa med erfaring fra luftfarts- og milit\u00e6rmarkedet, og som derfor var vant til at udvikle produkter med h\u00f8je kvalitetsstandarder og krav om et h\u00f8jt niveau af sikkerhed og p\u00e5lidelighed.<\/p><p>Vores erfaring med markedet for t\u00e5gesikkerhed har gjort os i stand til at identificere huller i det nuv\u00e6rende marked. Sammen har vi udviklet t\u00e5gegeneratorer, der bedre opfylder disse behov. Mere ydeevne, st\u00f8rre t\u00e5get\u00e6thed og tilslutningsmuligheder, der bedre matcher den mobilitet, der kr\u00e6ves i dagens livsstil.<\/p>\t\t\t\t\t\t\t\t<\/div>\n\t\t\t\t<\/div>\n\t\t\t\t\t<\/div>\n\t\t<\/div>\n\t\t\t\t\t<\/div>\n\t\t<\/section>\n\t\t\t\t<section class=\"elementor-section elementor-top-section elementor-element elementor-element-9d9840c gp_section_contexte ot-traditional elementor-section-boxed elementor-section-height-default elementor-section-height-default\" data-id=\"9d9840c\" data-element_type=\"section\" data-e-type=\"section\" data-settings=\"{&quot;background_background&quot;:&quot;classic&quot;}\">\n\t\t\t\t\t\t<div class=\"elementor-container elementor-column-gap-extended\">\n\t\t\t\t\t<div class=\"elementor-column elementor-col-100 elementor-top-column elementor-element elementor-element-81deadc ot-column-items-center ot-flex-column-vertical\" data-id=\"81deadc\" data-element_type=\"column\" data-e-type=\"column\">\n\t\t\t<div class=\"elementor-widget-wrap elementor-element-populated\">\n\t\t\t\t\t\t<div class=\"elementor-element elementor-element-a18dfaf elementor-widget elementor-widget-iheading\" data-id=\"a18dfaf\" data-element_type=\"widget\" data-e-type=\"widget\" data-widget_type=\"iheading.default\">\n\t\t\t\t<div class=\"elementor-widget-container\">\n\t\t\t\t\t\t\t<div class=\"ot-heading\">\r\n\t        \t            <span>\/\/ Mission<\/span>\r\n\t        <h2 class=\"main-heading\">For dig: varig sikkerhed!<\/h2>\t    <\/div>\r\n\t    \t\t\t\t<\/div>\n\t\t\t\t<\/div>\n\t\t\t\t<div class=\"elementor-element elementor-element-d3e3c49 elementor-widget elementor-widget-text-editor\" data-id=\"d3e3c49\" data-element_type=\"widget\" data-e-type=\"widget\" data-widget_type=\"text-editor.default\">\n\t\t\t\t<div class=\"elementor-widget-container\">\n\t\t\t\t\t\t\t\t\t<p>Vores verden og hverdag accelererer, hvilket g\u00f8r os stadig mere kr\u00e6vende og skaber sociale brud i det moderne samfund. Den bl\u00e6ndende teknologiske udvikling i de sidste 10 \u00e5r har skabt nye behov. \u00d8konomiske og sundhedsm\u00e6ssige kriser \u00f8ger f\u00f8lelsen af ulighed og skaber kilder til frustration og usikkerhed af enhver art.<\/p><p>Denne f\u00f8lelse af ulighed og uretf\u00e6rdighed bidrager til en stigning i vold mod mennesker og frem for alt mod ejendom. I dag er ingen i sikkerhed for at blive udsat for et overfald i deres eget hjem eller for et indbrud med tyveri og skade p\u00e5 deres hjem eller arbejdsplads. Tallene taler for sig selv:<\/p>\t\t\t\t\t\t\t\t<\/div>\n\t\t\t\t<\/div>\n\t\t\t\t<section class=\"elementor-section elementor-inner-section elementor-element elementor-element-d4b449a ot-traditional elementor-section-boxed elementor-section-height-default elementor-section-height-default\" data-id=\"d4b449a\" data-element_type=\"section\" data-e-type=\"section\">\n\t\t\t\t\t\t<div class=\"elementor-container elementor-column-gap-wider\">\n\t\t\t\t\t<div class=\"elementor-column elementor-col-50 elementor-inner-column elementor-element elementor-element-664151e ot-flex-column-vertical\" data-id=\"664151e\" data-element_type=\"column\" data-e-type=\"column\">\n\t\t\t<div class=\"elementor-widget-wrap elementor-element-populated\">\n\t\t\t\t\t\t<div class=\"elementor-element elementor-element-5eb55a7 elementor-widget elementor-widget-heading\" data-id=\"5eb55a7\" data-element_type=\"widget\" data-e-type=\"widget\" data-widget_type=\"heading.default\">\n\t\t\t\t<div class=\"elementor-widget-container\">\n\t\t\t\t\t<h4 class=\"elementor-heading-title elementor-size-default\">Professionelle indbrud er i stigning<\/h4>\t\t\t\t<\/div>\n\t\t\t\t<\/div>\n\t\t\t\t<div class=\"elementor-element elementor-element-011bf7f elementor-widget elementor-widget-image\" data-id=\"011bf7f\" data-element_type=\"widget\" data-e-type=\"widget\" data-settings=\"{&quot;motion_fx_motion_fx_mouse&quot;:&quot;yes&quot;,&quot;motion_fx_tilt_effect&quot;:&quot;yes&quot;,&quot;motion_fx_tilt_speed&quot;:{&quot;unit&quot;:&quot;px&quot;,&quot;size&quot;:2,&quot;sizes&quot;:[]}}\" data-widget_type=\"image.default\">\n\t\t\t\t<div class=\"elementor-widget-container\">\n\t\t\t\t\t\t\t\t\t\t\t\t\t\t\t<img decoding=\"async\" data-src=\"https:\/\/www.densityfrance.fr\/wp-content\/uploads\/elementor\/thumbs\/tableau-evolution-cambriolages-professionnels-ri7y23ltiglkzh54mik8mriwnpmt3upb3r3ur4svsw.jpg\" title=\"tabel-evolution-professionelle-indbrud\" alt=\"tabel-evolution-professionelle-indbrud\" width=\"502\" class=\"smush-dimensions lazyload\" style=\"--smush-image-width: 502px; --smush-image-aspect-ratio: 502\/230;\" src=\"data:image\/svg+xml;base64,PHN2ZyB3aWR0aD0iMSIgaGVpZ2h0PSIxIiB4bWxucz0iaHR0cDovL3d3dy53My5vcmcvMjAwMC9zdmciPjwvc3ZnPg==\" \/>\t\t\t\t\t\t\t\t\t\t\t\t\t\t\t<\/div>\n\t\t\t\t<\/div>\n\t\t\t\t<div class=\"elementor-element elementor-element-66601b4 elementor-widget elementor-widget-text-editor\" data-id=\"66601b4\" data-element_type=\"widget\" data-e-type=\"widget\" data-widget_type=\"text-editor.default\">\n\t\t\t\t<div class=\"elementor-widget-container\">\n\t\t\t\t\t\t\t\t\t<p>Blandt professionelle har det \u00e5rlige antal indbrud v\u00e6ret st\u00f8t stigende siden 2012 (kilde: info.gouv.fr).<\/p>\t\t\t\t\t\t\t\t<\/div>\n\t\t\t\t<\/div>\n\t\t\t\t\t<\/div>\n\t\t<\/div>\n\t\t\t\t<div class=\"elementor-column elementor-col-50 elementor-inner-column elementor-element elementor-element-6e84532 ot-flex-column-vertical\" data-id=\"6e84532\" data-element_type=\"column\" data-e-type=\"column\">\n\t\t\t<div class=\"elementor-widget-wrap elementor-element-populated\">\n\t\t\t\t\t\t<div class=\"elementor-element elementor-element-55ed60c elementor-widget elementor-widget-heading\" data-id=\"55ed60c\" data-element_type=\"widget\" data-e-type=\"widget\" data-widget_type=\"heading.default\">\n\t\t\t\t<div class=\"elementor-widget-container\">\n\t\t\t\t\t<h4 class=\"elementor-heading-title elementor-size-default\">Indbrud i private hjem er stadig stigende<\/h4>\t\t\t\t<\/div>\n\t\t\t\t<\/div>\n\t\t\t\t<div class=\"elementor-element elementor-element-640676d elementor-widget elementor-widget-image\" data-id=\"640676d\" data-element_type=\"widget\" data-e-type=\"widget\" data-settings=\"{&quot;motion_fx_motion_fx_mouse&quot;:&quot;yes&quot;,&quot;motion_fx_tilt_effect&quot;:&quot;yes&quot;,&quot;motion_fx_tilt_speed&quot;:{&quot;unit&quot;:&quot;px&quot;,&quot;size&quot;:2,&quot;sizes&quot;:[]}}\" data-widget_type=\"image.default\">\n\t\t\t\t<div class=\"elementor-widget-container\">\n\t\t\t\t\t\t\t\t\t\t\t\t\t\t\t<img decoding=\"async\" data-src=\"https:\/\/www.densityfrance.fr\/wp-content\/uploads\/elementor\/thumbs\/tableau-evolution-cambriolages-personnels-ri7y27d69sqq9wzo0k6qwqkr1949yn48g9pso8nb40.jpg\" title=\"tabel-evolution-indbrud-personale\" alt=\"tabel-evolution-indbrud-personale\" width=\"471\" class=\"smush-dimensions lazyload\" style=\"--smush-image-width: 471px; --smush-image-aspect-ratio: 471\/230;\" src=\"data:image\/svg+xml;base64,PHN2ZyB3aWR0aD0iMSIgaGVpZ2h0PSIxIiB4bWxucz0iaHR0cDovL3d3dy53My5vcmcvMjAwMC9zdmciPjwvc3ZnPg==\" \/>\t\t\t\t\t\t\t\t\t\t\t\t\t\t\t<\/div>\n\t\t\t\t<\/div>\n\t\t\t\t<div class=\"elementor-element elementor-element-6bdc3ed elementor-widget elementor-widget-text-editor\" data-id=\"6bdc3ed\" data-element_type=\"widget\" data-e-type=\"widget\" data-widget_type=\"text-editor.default\">\n\t\t\t\t<div class=\"elementor-widget-container\">\n\t\t\t\t\t\t\t\t\t<p>Selv om det \u00e5rlige antal indbrud blandt privatpersoner har v\u00e6ret relativt stabilt siden 2013, er det stadig meget h\u00f8jt (kilde: info.gouv.fr).<\/p>\t\t\t\t\t\t\t\t<\/div>\n\t\t\t\t<\/div>\n\t\t\t\t\t<\/div>\n\t\t<\/div>\n\t\t\t\t\t<\/div>\n\t\t<\/section>\n\t\t\t\t<div class=\"elementor-element elementor-element-91b7321 elementor-widget elementor-widget-heading\" data-id=\"91b7321\" data-element_type=\"widget\" data-e-type=\"widget\" data-widget_type=\"heading.default\">\n\t\t\t\t<div class=\"elementor-widget-container\">\n\t\t\t\t\t<h4 class=\"elementor-heading-title elementor-size-default\">Med dette i tankerne har vi arbejdet p\u00e5 at udvikle et brand, der g\u00f8r det muligt for dig, b\u00e5de privatpersoner og professionelle, at tage sagen i egen h\u00e5nd!<\/h4>\t\t\t\t<\/div>\n\t\t\t\t<\/div>\n\t\t\t\t<div class=\"elementor-element elementor-element-980c2d8 elementor-widget elementor-widget-text-editor\" data-id=\"980c2d8\" data-element_type=\"widget\" data-e-type=\"widget\" data-widget_type=\"text-editor.default\">\n\t\t\t\t<div class=\"elementor-widget-container\">\n\t\t\t\t\t\t\t\t\t<p>Hvad med en l\u00f8sning, der beskytter dig mod alt det? En l\u00f8sning, der g\u00f8r dit liv lettere, s\u00e5 du kan nyde din familie uden at bekymre dig om ubudne g\u00e6ster, mens du sover.<\/p><p>Hvad med en l\u00f8sning, der beskytter dine arbejdsredskaber? En l\u00f8sning, der giver dig mulighed for at \u00e5bne din virksomhed eller butik om morgenen uden at skulle bekymre dig om at opdage et indbrud, der fandt sted om natten eller i weekenden?<\/p><p>Hvad med en l\u00f8sning, der forhindrer dig i at blive v\u00e6kket midt om natten af din alarm, der indikerer en natlig ubuden g\u00e6st i din butik? Af alle disse grunde er Density<sup class=\"tm\">\u00ae<\/sup> er l\u00f8sningen!<\/p><p>Find den Fog Generator, der passer bedst til dine behov i \u00abvores l\u00f8sninger\u00bb, og kom og del vores vision om en bedre verden uden stress fra tyveri eller r\u00f8veri!<\/p>\t\t\t\t\t\t\t\t<\/div>\n\t\t\t\t<\/div>\n\t\t\t\t\t<\/div>\n\t\t<\/div>\n\t\t\t\t\t<\/div>\n\t\t<\/section>\n\t\t\t\t<section class=\"elementor-section elementor-top-section elementor-element elementor-element-ac5ddcd gp_section_contexte ot-traditional elementor-section-boxed elementor-section-height-default elementor-section-height-default\" data-id=\"ac5ddcd\" data-element_type=\"section\" data-e-type=\"section\">\n\t\t\t\t\t\t<div class=\"elementor-container elementor-column-gap-extended\">\n\t\t\t\t\t<div class=\"elementor-column elementor-col-100 elementor-top-column elementor-element elementor-element-18748f0 ot-column-items-center ot-flex-column-vertical\" data-id=\"18748f0\" data-element_type=\"column\" data-e-type=\"column\">\n\t\t\t<div class=\"elementor-widget-wrap elementor-element-populated\">\n\t\t\t\t\t\t<div class=\"elementor-element elementor-element-52284cd elementor-widget elementor-widget-iheading\" data-id=\"52284cd\" data-element_type=\"widget\" data-e-type=\"widget\" data-widget_type=\"iheading.default\">\n\t\t\t\t<div class=\"elementor-widget-container\">\n\t\t\t\t\t\t\t<div class=\"ot-heading\">\r\n\t        \t            <span>\/\/ Vision<\/span>\r\n\t        <h2 class=\"main-heading\">Personaliseret, stadig mere forbundet sikkerhed<\/h2>\t    <\/div>\r\n\t    \t\t\t\t<\/div>\n\t\t\t\t<\/div>\n\t\t\t\t<div class=\"elementor-element elementor-element-9d283ef elementor-widget elementor-widget-text-editor\" data-id=\"9d283ef\" data-element_type=\"widget\" data-e-type=\"widget\" data-widget_type=\"text-editor.default\">\n\t\t\t\t<div class=\"elementor-widget-container\">\n\t\t\t\t\t\t\t\t\t<p>Vores m\u00e5de at arbejde p\u00e5 vil \u00e6ndre sig betydeligt i l\u00f8bet af de n\u00e6ste par \u00e5r og bev\u00e6ge sig fra en stillesiddende til en nomadisk tilstand, s\u00e5 vi kan dematerialisere vores professionelle aktiviteter og vores dagligdag.<\/p><p>Behovet for at f\u00e5 adgang til vores ejendom fra et hvilket som helst sted uden at v\u00e6re p\u00e5 stedet vil blive en reel norm, og for at det kan ske, er det vigtigt at udvikle sikkerhedsmarkedet ved at t\u00e6nke \u00abforbundet\u00bb og t\u00e6nke \u00abfjernhandling\u00bb.<\/p><p>Vores mobiltelefoner er ved at blive en integreret del af vores hverdag - ja, af os selv. S\u00e5 vi er n\u00f8dt til at vide, hvordan vi beskytter vores aktiver, n\u00e5r vi ikke er til stede, og v\u00e6re forbundet til at overv\u00e5ge dem p\u00e5 afstand.<\/p><p>For at f\u00e5 en bedre hverdag bliver det n\u00f8dvendigt at lade vores teknologiske systemer og produkter styre vores arbejdsredskaber og ejendele, uden at vi beh\u00f8ver at foretage os noget fysisk. Kunstig intelligens og maskinl\u00e6ring vil hj\u00e6lpe os med at spare tid ved at aflaste os for enkle, men gentagne opgaver. Sikkerhed og udstyr skal v\u00e6re klar til disse \u00e6ndringer i samfundet.<\/p><p>Vores hold af computer- og elektronikingeni\u00f8rer er allerede i gang med at udvikle adskillige nye projekter til vores t\u00e5gegeneratorer for at g\u00f8re dem endnu nemmere at installere og vedligeholde og for at tilf\u00f8je nye kommunikationsformer, s\u00e5 vores Density-t\u00e5gesystemer kan kobles sammen i netv\u00e6rk.<sup class=\"tm\">\u00ae<\/sup> i dine hjem takket v\u00e6re din hjemmeautomatisering. Men ogs\u00e5 i dine butikker eller forretningslokaler for at sikre enkel installation, styring og vedligeholdelse og hj\u00e6lpe dig med at optimere omkostningerne.<\/p><p>T\u00e6thedsteamet<sup class=\"tm\">\u00ae<\/sup>\u00a0er p\u00e5 en mission for at skabe en revolution inden for indbrudsbeskyttelse ved nemt at installere generatorer i alle milj\u00f8er for at stoppe skadelige handlinger fra ondsindede personer og g\u00f8re verden til et bedre sted!<\/p><p>Kom og deltag i t\u00e6thedseventyret<sup class=\"tm\">\u00ae<\/sup>\u00a0!<\/p>\t\t\t\t\t\t\t\t<\/div>\n\t\t\t\t<\/div>\n\t\t\t\t\t<\/div>\n\t\t<\/div>\n\t\t\t\t\t<\/div>\n\t\t<\/section>\n\t\t\t\t<\/div>","protected":false},"excerpt":{"rendered":"<p>\/\/ Expertise Notre exp\u00e9rience, votre s\u00e9curit\u00e9 ! Apr\u00e8s 20 ans de travail au d\u00e9veloppement de la notori\u00e9t\u00e9 de la technologie de protection par le Brouillard sur le territoire national et manquant d\u2019innovations technologiques capables de r\u00e9pondre aux nouvelles demandes des clients, nous avons d\u00e9cid\u00e9 de constituer une \u00e9quipe pour une nouvelle aventure\u00a0: cr\u00e9er des G\u00e9n\u00e9rateurs [&hellip;]<\/p>\n","protected":false},"author":1,"featured_media":4297,"parent":0,"menu_order":0,"comment_status":"closed","ping_status":"closed","template":"","meta":{"footnotes":""},"class_list":["post-5090","page","type-page","status-publish","has-post-thumbnail","hentry"],"yoast_head":"<!-- This site is optimized with the Yoast SEO plugin v27.5 - https:\/\/yoast.com\/product\/yoast-seo-wordpress\/ -->\n<title>Qui sommes-nous ? - Density France<\/title>\n<meta name=\"description\" content=\"D\u00e9couvrez Density France, sp\u00e9cialiste des solutions anti-intrusion pour professionnels et particuliers avec des g\u00e9n\u00e9rateurs de brouillard performants\" \/>\n<meta name=\"robots\" content=\"index, follow, max-snippet:-1, max-image-preview:large, max-video-preview:-1\" \/>\n<link rel=\"canonical\" href=\"https:\/\/www.densityfrance.fr\/da\/hvem-vi-er\/\" \/>\n<meta property=\"og:locale\" content=\"da_DK\" \/>\n<meta property=\"og:type\" content=\"article\" \/>\n<meta property=\"og:title\" content=\"Qui sommes-nous ? - Density France\" \/>\n<meta property=\"og:description\" content=\"D\u00e9couvrez Density France, sp\u00e9cialiste des solutions anti-intrusion pour professionnels et particuliers avec des g\u00e9n\u00e9rateurs de brouillard performants\" \/>\n<meta property=\"og:url\" content=\"https:\/\/www.densityfrance.fr\/da\/hvem-vi-er\/\" \/>\n<meta property=\"og:site_name\" content=\"Density France\" \/>\n<meta property=\"article:modified_time\" content=\"2024-10-21T12:40:32+00:00\" \/>\n<meta property=\"og:image\" content=\"https:\/\/www.densityfrance.fr\/wp-content\/uploads\/2021\/02\/luxe-picto-bleu.png\" \/>\n\t<meta property=\"og:image:width\" content=\"130\" \/>\n\t<meta property=\"og:image:height\" content=\"130\" \/>\n\t<meta property=\"og:image:type\" content=\"image\/png\" \/>\n<meta name=\"twitter:card\" content=\"summary_large_image\" \/>\n<meta name=\"twitter:label1\" content=\"Estimeret l\u00e6setid\" \/>\n\t<meta name=\"twitter:data1\" content=\"5 minutter\" \/>\n<script type=\"application\/ld+json\" class=\"yoast-schema-graph\">{\"@context\":\"https:\\\/\\\/schema.org\",\"@graph\":[{\"@type\":\"WebPage\",\"@id\":\"https:\\\/\\\/www.densityfrance.fr\\\/qui-sommes-nous\\\/\",\"url\":\"https:\\\/\\\/www.densityfrance.fr\\\/qui-sommes-nous\\\/\",\"name\":\"Qui sommes-nous ? - Density France\",\"isPartOf\":{\"@id\":\"https:\\\/\\\/www.densityfrance.fr\\\/#website\"},\"primaryImageOfPage\":{\"@id\":\"https:\\\/\\\/www.densityfrance.fr\\\/qui-sommes-nous\\\/#primaryimage\"},\"image\":{\"@id\":\"https:\\\/\\\/www.densityfrance.fr\\\/qui-sommes-nous\\\/#primaryimage\"},\"thumbnailUrl\":\"https:\\\/\\\/www.densityfrance.fr\\\/wp-content\\\/uploads\\\/2021\\\/02\\\/luxe-picto-bleu.png\",\"datePublished\":\"2021-03-02T14:19:41+00:00\",\"dateModified\":\"2024-10-21T12:40:32+00:00\",\"description\":\"D\u00e9couvrez Density France, sp\u00e9cialiste des solutions anti-intrusion pour professionnels et particuliers avec des g\u00e9n\u00e9rateurs de brouillard performants\",\"breadcrumb\":{\"@id\":\"https:\\\/\\\/www.densityfrance.fr\\\/qui-sommes-nous\\\/#breadcrumb\"},\"inLanguage\":\"da-DK\",\"potentialAction\":[{\"@type\":\"ReadAction\",\"target\":[\"https:\\\/\\\/www.densityfrance.fr\\\/qui-sommes-nous\\\/\"]}]},{\"@type\":\"ImageObject\",\"inLanguage\":\"da-DK\",\"@id\":\"https:\\\/\\\/www.densityfrance.fr\\\/qui-sommes-nous\\\/#primaryimage\",\"url\":\"https:\\\/\\\/www.densityfrance.fr\\\/wp-content\\\/uploads\\\/2021\\\/02\\\/luxe-picto-bleu.png\",\"contentUrl\":\"https:\\\/\\\/www.densityfrance.fr\\\/wp-content\\\/uploads\\\/2021\\\/02\\\/luxe-picto-bleu.png\",\"width\":130,\"height\":130},{\"@type\":\"BreadcrumbList\",\"@id\":\"https:\\\/\\\/www.densityfrance.fr\\\/qui-sommes-nous\\\/#breadcrumb\",\"itemListElement\":[{\"@type\":\"ListItem\",\"position\":1,\"name\":\"Accueil\",\"item\":\"https:\\\/\\\/www.densityfrance.fr\\\/\"},{\"@type\":\"ListItem\",\"position\":2,\"name\":\"Qui sommes-nous ?\"}]},{\"@type\":\"WebSite\",\"@id\":\"https:\\\/\\\/www.densityfrance.fr\\\/#website\",\"url\":\"https:\\\/\\\/www.densityfrance.fr\\\/\",\"name\":\"Density France\",\"description\":\"G\u00e9n\u00e9rateurs de brouillard anti-intrusion\",\"publisher\":{\"@id\":\"https:\\\/\\\/www.densityfrance.fr\\\/#organization\"},\"potentialAction\":[{\"@type\":\"SearchAction\",\"target\":{\"@type\":\"EntryPoint\",\"urlTemplate\":\"https:\\\/\\\/www.densityfrance.fr\\\/?s={search_term_string}\"},\"query-input\":{\"@type\":\"PropertyValueSpecification\",\"valueRequired\":true,\"valueName\":\"search_term_string\"}}],\"inLanguage\":\"da-DK\"},{\"@type\":\"Organization\",\"@id\":\"https:\\\/\\\/www.densityfrance.fr\\\/#organization\",\"name\":\"Density\",\"url\":\"https:\\\/\\\/www.densityfrance.fr\\\/\",\"logo\":{\"@type\":\"ImageObject\",\"inLanguage\":\"da-DK\",\"@id\":\"https:\\\/\\\/www.densityfrance.fr\\\/#\\\/schema\\\/logo\\\/image\\\/\",\"url\":\"https:\\\/\\\/www.densityfrance.fr\\\/wp-content\\\/uploads\\\/2021\\\/07\\\/Density-logo-couleur-transp-M.png\",\"contentUrl\":\"https:\\\/\\\/www.densityfrance.fr\\\/wp-content\\\/uploads\\\/2021\\\/07\\\/Density-logo-couleur-transp-M.png\",\"width\":404,\"height\":89,\"caption\":\"Density\"},\"image\":{\"@id\":\"https:\\\/\\\/www.densityfrance.fr\\\/#\\\/schema\\\/logo\\\/image\\\/\"}}]}<\/script>\n<!-- \/ Yoast SEO plugin. -->","yoast_head_json":{"title":"Om Density - T\u00e6thed Frankrig","description":"Oplev Density France, specialist i anti-indbrudsl\u00f8sninger til professionelle og privatpersoner med h\u00f8jtydende t\u00e5gegeneratorer.","robots":{"index":"index","follow":"follow","max-snippet":"max-snippet:-1","max-image-preview":"max-image-preview:large","max-video-preview":"max-video-preview:-1"},"canonical":"https:\/\/www.densityfrance.fr\/da\/hvem-vi-er\/","og_locale":"da_DK","og_type":"article","og_title":"Qui sommes-nous ? - Density France","og_description":"D\u00e9couvrez Density France, sp\u00e9cialiste des solutions anti-intrusion pour professionnels et particuliers avec des g\u00e9n\u00e9rateurs de brouillard performants","og_url":"https:\/\/www.densityfrance.fr\/da\/hvem-vi-er\/","og_site_name":"Density France","article_modified_time":"2024-10-21T12:40:32+00:00","og_image":[{"width":130,"height":130,"url":"https:\/\/www.densityfrance.fr\/wp-content\/uploads\/2021\/02\/luxe-picto-bleu.png","type":"image\/png"}],"twitter_card":"summary_large_image","twitter_misc":{"Estimeret l\u00e6setid":"5 minutter"},"schema":{"@context":"https:\/\/schema.org","@graph":[{"@type":"WebPage","@id":"https:\/\/www.densityfrance.fr\/qui-sommes-nous\/","url":"https:\/\/www.densityfrance.fr\/qui-sommes-nous\/","name":"Om Density - T\u00e6thed Frankrig","isPartOf":{"@id":"https:\/\/www.densityfrance.fr\/#website"},"primaryImageOfPage":{"@id":"https:\/\/www.densityfrance.fr\/qui-sommes-nous\/#primaryimage"},"image":{"@id":"https:\/\/www.densityfrance.fr\/qui-sommes-nous\/#primaryimage"},"thumbnailUrl":"https:\/\/www.densityfrance.fr\/wp-content\/uploads\/2021\/02\/luxe-picto-bleu.png","datePublished":"2021-03-02T14:19:41+00:00","dateModified":"2024-10-21T12:40:32+00:00","description":"Oplev Density France, specialist i anti-indbrudsl\u00f8sninger til professionelle og privatpersoner med h\u00f8jtydende t\u00e5gegeneratorer.","breadcrumb":{"@id":"https:\/\/www.densityfrance.fr\/qui-sommes-nous\/#breadcrumb"},"inLanguage":"da-DK","potentialAction":[{"@type":"ReadAction","target":["https:\/\/www.densityfrance.fr\/qui-sommes-nous\/"]}]},{"@type":"ImageObject","inLanguage":"da-DK","@id":"https:\/\/www.densityfrance.fr\/qui-sommes-nous\/#primaryimage","url":"https:\/\/www.densityfrance.fr\/wp-content\/uploads\/2021\/02\/luxe-picto-bleu.png","contentUrl":"https:\/\/www.densityfrance.fr\/wp-content\/uploads\/2021\/02\/luxe-picto-bleu.png","width":130,"height":130},{"@type":"BreadcrumbList","@id":"https:\/\/www.densityfrance.fr\/qui-sommes-nous\/#breadcrumb","itemListElement":[{"@type":"ListItem","position":1,"name":"Accueil","item":"https:\/\/www.densityfrance.fr\/"},{"@type":"ListItem","position":2,"name":"Qui sommes-nous ?"}]},{"@type":"WebSite","@id":"https:\/\/www.densityfrance.fr\/#website","url":"https:\/\/www.densityfrance.fr\/","name":"T\u00e6thed Frankrig","description":"Anti-intrusion t\u00e5ge generatorer","publisher":{"@id":"https:\/\/www.densityfrance.fr\/#organization"},"potentialAction":[{"@type":"SearchAction","target":{"@type":"EntryPoint","urlTemplate":"https:\/\/www.densityfrance.fr\/?s={search_term_string}"},"query-input":{"@type":"PropertyValueSpecification","valueRequired":true,"valueName":"search_term_string"}}],"inLanguage":"da-DK"},{"@type":"Organization","@id":"https:\/\/www.densityfrance.fr\/#organization","name":"T\u00e6thed","url":"https:\/\/www.densityfrance.fr\/","logo":{"@type":"ImageObject","inLanguage":"da-DK","@id":"https:\/\/www.densityfrance.fr\/#\/schema\/logo\/image\/","url":"https:\/\/www.densityfrance.fr\/wp-content\/uploads\/2021\/07\/Density-logo-couleur-transp-M.png","contentUrl":"https:\/\/www.densityfrance.fr\/wp-content\/uploads\/2021\/07\/Density-logo-couleur-transp-M.png","width":404,"height":89,"caption":"Density"},"image":{"@id":"https:\/\/www.densityfrance.fr\/#\/schema\/logo\/image\/"}}]}},"_links":{"self":[{"href":"https:\/\/www.densityfrance.fr\/da\/wp-json\/wp\/v2\/pages\/5090","targetHints":{"allow":["GET"]}}],"collection":[{"href":"https:\/\/www.densityfrance.fr\/da\/wp-json\/wp\/v2\/pages"}],"about":[{"href":"https:\/\/www.densityfrance.fr\/da\/wp-json\/wp\/v2\/types\/page"}],"author":[{"embeddable":true,"href":"https:\/\/www.densityfrance.fr\/da\/wp-json\/wp\/v2\/users\/1"}],"replies":[{"embeddable":true,"href":"https:\/\/www.densityfrance.fr\/da\/wp-json\/wp\/v2\/comments?post=5090"}],"version-history":[{"count":62,"href":"https:\/\/www.densityfrance.fr\/da\/wp-json\/wp\/v2\/pages\/5090\/revisions"}],"predecessor-version":[{"id":11260,"href":"https:\/\/www.densityfrance.fr\/da\/wp-json\/wp\/v2\/pages\/5090\/revisions\/11260"}],"wp:featuredmedia":[{"embeddable":true,"href":"https:\/\/www.densityfrance.fr\/da\/wp-json\/wp\/v2\/media\/4297"}],"wp:attachment":[{"href":"https:\/\/www.densityfrance.fr\/da\/wp-json\/wp\/v2\/media?parent=5090"}],"curies":[{"name":"wp","href":"https:\/\/api.w.org\/{rel}","templated":true}]}}