{"id":5072,"date":"2021-03-02T14:14:37","date_gmt":"2021-03-02T14:14:37","guid":{"rendered":"https:\/\/www.densityfrance.fr\/?page_id=5072"},"modified":"2024-09-12T14:32:39","modified_gmt":"2024-09-12T13:32:39","slug":"miljovenlig","status":"publish","type":"page","link":"https:\/\/www.densityfrance.fr\/da\/nos-atouts\/respectueux-de-l-environnement\/","title":{"rendered":"Milj\u00f8venlig"},"content":{"rendered":"<div data-elementor-type=\"wp-page\" data-elementor-id=\"5072\" class=\"elementor elementor-5072\" data-elementor-post-type=\"page\">\n\t\t\t\t\t\t<section class=\"elementor-section elementor-top-section elementor-element elementor-element-5413a1ab gp_section_contexte ot-traditional elementor-section-boxed elementor-section-height-default elementor-section-height-default\" data-id=\"5413a1ab\" data-element_type=\"section\" data-e-type=\"section\">\n\t\t\t\t\t\t<div class=\"elementor-container elementor-column-gap-extended\">\n\t\t\t\t\t<div class=\"elementor-column elementor-col-50 elementor-top-column elementor-element elementor-element-5a48ecaa elementor-hidden-tablet elementor-hidden-phone ot-flex-column-vertical\" data-id=\"5a48ecaa\" data-element_type=\"column\" data-e-type=\"column\" data-settings=\"{&quot;background_background&quot;:&quot;classic&quot;}\">\n\t\t\t<div class=\"elementor-widget-wrap elementor-element-populated\">\n\t\t\t\t\t\t\t<\/div>\n\t\t<\/div>\n\t\t\t\t<div class=\"elementor-column elementor-col-50 elementor-top-column elementor-element elementor-element-450f389c ot-column-items-center gp_col-right gp_text ot-flex-column-vertical\" data-id=\"450f389c\" data-element_type=\"column\" data-e-type=\"column\">\n\t\t\t<div class=\"elementor-widget-wrap elementor-element-populated\">\n\t\t\t\t\t\t<div class=\"elementor-element elementor-element-4e15071f elementor-widget elementor-widget-iheading\" data-id=\"4e15071f\" data-element_type=\"widget\" data-e-type=\"widget\" data-widget_type=\"iheading.default\">\n\t\t\t\t<div class=\"elementor-widget-container\">\n\t\t\t\t\t\t\t<div class=\"ot-heading\">\r\n\t        \t            <span>\/\/ Lys<\/span>\r\n\t        <h2 class=\"main-heading\">B\u00e6redygtige t\u00e5gegeneratorer<\/h2>\t    <\/div>\r\n\t    \t\t\t\t<\/div>\n\t\t\t\t<\/div>\n\t\t\t\t<div class=\"elementor-element elementor-element-47906a85 elementor-widget elementor-widget-text-editor\" data-id=\"47906a85\" data-element_type=\"widget\" data-e-type=\"widget\" data-widget_type=\"text-editor.default\">\n\t\t\t\t<div class=\"elementor-widget-container\">\n\t\t\t\t\t\t\t\t\t<p>T\u00e6thedst\u00e5ge-generatorer<sup class=\"tm\">\u00ae<\/sup>\u00a0er t\u00e6nkt, designet og udt\u00e6nkt, s\u00e5 de lettere kan integreres i alle lokaler, b\u00e5de professionelle og private, samt i butikker.<\/p><p>Vi er opm\u00e6rksomme p\u00e5 og l\u00e6gger s\u00e6rlig v\u00e6gt p\u00e5 deres str\u00f8mforbrug, og derfor har vi udviklet den mest energieffektive serie i forhold til dens ydeevne.<\/p><p>Denne reduktion i forbruget skyldes til dels designet af det nye varmeelement, som \u00f8ger varmeudvekslingseffektiviteten mellem de forskellige elementer, der udg\u00f8r elementet, og forbedrer konverteringseffektiviteten af v\u00e6sken i Density\u00ae-refiller.<sup class=\"tm\">\u00ae<\/sup>\u00a0i fine partikler (0,3 til 3 mikrometer), hvilket giver den h\u00f8jeste t\u00e6thed p\u00e5 markedet.<\/p><p>Men ogs\u00e5 takket v\u00e6re PyroGel, som sikrer maksimal isolering og begr\u00e6nser varmetab og str\u00f8mforbrug, s\u00e5 generatoren altid kan holdes i gang, n\u00e5r der fyres.<\/p><p>Vi bruger kun genanvendelige materialer med s\u00e5 lidt plast som muligt, s\u00e5 vores apparater kan genbruges via konventionelle kanaler.<\/p><p>Engangsrefiller, der kan genbruges (sammen med plastflaskerne i de gule skraldespande), vil v\u00e6re et stort fremskridt i forhold til produkter p\u00e5 markedet, der kan genopfyldes, men som efterlader et meget stort CO2-fodaftryk p\u00e5 grund af transporten tur-retur.<\/p><p>Endelig har vores forskning fokuseret p\u00e5 at miniaturisere komponenterne i vores generatorer for at reducere b\u00e5de deres st\u00f8rrelse og v\u00e6gt. Med reduceret st\u00f8rrelse og v\u00e6gt bliver installation og vedligeholdelse lettere, men CO2-aftrykket fra Density<sup class=\"tm\">\u00ae<\/sup>\u00a0reduceres ogs\u00e5 under transport.<\/p><p>Med t\u00e6thed<sup class=\"tm\">\u00ae<\/sup>, Planeten er ogs\u00e5 beskyttet!<\/p>\t\t\t\t\t\t\t\t<\/div>\n\t\t\t\t<\/div>\n\t\t\t\t\t<\/div>\n\t\t<\/div>\n\t\t\t\t\t<\/div>\n\t\t<\/section>\n\t\t\t\t<\/div>","protected":false},"excerpt":{"rendered":"<p>\/\/ L\u00e9ger Des G\u00e9n\u00e9rateurs de Brouillard pens\u00e9s durable Les G\u00e9n\u00e9rateurs de Brouillard Density\u00ae\u00a0ont \u00e9t\u00e9 imagin\u00e9s, dessin\u00e9s et con\u00e7u pour s\u2019int\u00e9grer plus facilement dans tous les locaux, professionnels comme particuliers ainsi que dans les magasins. Nous sommes sensibles et accordons une importance particuli\u00e8re \u00e0 leur consommation \u00e9lectrique, c\u2019est pourquoi nous avons d\u00e9velopp\u00e9 la gamme la plus [&hellip;]<\/p>\n","protected":false},"author":1,"featured_media":4297,"parent":3098,"menu_order":0,"comment_status":"closed","ping_status":"closed","template":"","meta":{"footnotes":""},"class_list":["post-5072","page","type-page","status-publish","has-post-thumbnail","hentry"],"yoast_head":"<!-- This site is optimized with the Yoast SEO plugin v27.5 - https:\/\/yoast.com\/product\/yoast-seo-wordpress\/ -->\n<title>Respectueux de l\u2019environnement - Density France<\/title>\n<meta name=\"description\" content=\"Density France propose des solutions anti-intrusion respectueuses de l&#039;environnement avec des g\u00e9n\u00e9rateurs de brouillard \u00e9co-responsables\" \/>\n<meta name=\"robots\" content=\"index, follow, max-snippet:-1, max-image-preview:large, max-video-preview:-1\" \/>\n<link rel=\"canonical\" href=\"https:\/\/www.densityfrance.fr\/da\/vores-aktiver\/miljovenlig\/\" \/>\n<meta property=\"og:locale\" content=\"da_DK\" \/>\n<meta property=\"og:type\" content=\"article\" \/>\n<meta property=\"og:title\" content=\"Respectueux de l\u2019environnement - Density France\" \/>\n<meta property=\"og:description\" content=\"Density France propose des solutions anti-intrusion respectueuses de l&#039;environnement avec des g\u00e9n\u00e9rateurs de brouillard \u00e9co-responsables\" \/>\n<meta property=\"og:url\" content=\"https:\/\/www.densityfrance.fr\/da\/vores-aktiver\/miljovenlig\/\" \/>\n<meta property=\"og:site_name\" content=\"Density France\" \/>\n<meta property=\"article:modified_time\" content=\"2024-09-12T13:32:39+00:00\" \/>\n<meta property=\"og:image\" content=\"https:\/\/www.densityfrance.fr\/wp-content\/uploads\/2021\/02\/luxe-picto-bleu.png\" \/>\n\t<meta property=\"og:image:width\" content=\"130\" \/>\n\t<meta property=\"og:image:height\" content=\"130\" \/>\n\t<meta property=\"og:image:type\" content=\"image\/png\" \/>\n<meta name=\"twitter:card\" content=\"summary_large_image\" \/>\n<meta name=\"twitter:label1\" content=\"Estimeret l\u00e6setid\" \/>\n\t<meta name=\"twitter:data1\" content=\"2 minutter\" \/>\n<script type=\"application\/ld+json\" class=\"yoast-schema-graph\">{\"@context\":\"https:\\\/\\\/schema.org\",\"@graph\":[{\"@type\":\"WebPage\",\"@id\":\"https:\\\/\\\/www.densityfrance.fr\\\/nos-atouts\\\/respectueux-de-l-environnement\\\/\",\"url\":\"https:\\\/\\\/www.densityfrance.fr\\\/nos-atouts\\\/respectueux-de-l-environnement\\\/\",\"name\":\"Respectueux de l\u2019environnement - Density France\",\"isPartOf\":{\"@id\":\"https:\\\/\\\/www.densityfrance.fr\\\/#website\"},\"primaryImageOfPage\":{\"@id\":\"https:\\\/\\\/www.densityfrance.fr\\\/nos-atouts\\\/respectueux-de-l-environnement\\\/#primaryimage\"},\"image\":{\"@id\":\"https:\\\/\\\/www.densityfrance.fr\\\/nos-atouts\\\/respectueux-de-l-environnement\\\/#primaryimage\"},\"thumbnailUrl\":\"https:\\\/\\\/www.densityfrance.fr\\\/wp-content\\\/uploads\\\/2021\\\/02\\\/luxe-picto-bleu.png\",\"datePublished\":\"2021-03-02T14:14:37+00:00\",\"dateModified\":\"2024-09-12T13:32:39+00:00\",\"description\":\"Density France propose des solutions anti-intrusion respectueuses de l'environnement avec des g\u00e9n\u00e9rateurs de brouillard \u00e9co-responsables\",\"breadcrumb\":{\"@id\":\"https:\\\/\\\/www.densityfrance.fr\\\/nos-atouts\\\/respectueux-de-l-environnement\\\/#breadcrumb\"},\"inLanguage\":\"da-DK\",\"potentialAction\":[{\"@type\":\"ReadAction\",\"target\":[\"https:\\\/\\\/www.densityfrance.fr\\\/nos-atouts\\\/respectueux-de-l-environnement\\\/\"]}]},{\"@type\":\"ImageObject\",\"inLanguage\":\"da-DK\",\"@id\":\"https:\\\/\\\/www.densityfrance.fr\\\/nos-atouts\\\/respectueux-de-l-environnement\\\/#primaryimage\",\"url\":\"https:\\\/\\\/www.densityfrance.fr\\\/wp-content\\\/uploads\\\/2021\\\/02\\\/luxe-picto-bleu.png\",\"contentUrl\":\"https:\\\/\\\/www.densityfrance.fr\\\/wp-content\\\/uploads\\\/2021\\\/02\\\/luxe-picto-bleu.png\",\"width\":130,\"height\":130},{\"@type\":\"BreadcrumbList\",\"@id\":\"https:\\\/\\\/www.densityfrance.fr\\\/nos-atouts\\\/respectueux-de-l-environnement\\\/#breadcrumb\",\"itemListElement\":[{\"@type\":\"ListItem\",\"position\":1,\"name\":\"Accueil\",\"item\":\"https:\\\/\\\/www.densityfrance.fr\\\/\"},{\"@type\":\"ListItem\",\"position\":2,\"name\":\"Nos atouts\",\"item\":\"https:\\\/\\\/www.densityfrance.fr\\\/nos-atouts\\\/\"},{\"@type\":\"ListItem\",\"position\":3,\"name\":\"Respectueux de l\u2019environnement\"}]},{\"@type\":\"WebSite\",\"@id\":\"https:\\\/\\\/www.densityfrance.fr\\\/#website\",\"url\":\"https:\\\/\\\/www.densityfrance.fr\\\/\",\"name\":\"Density France\",\"description\":\"G\u00e9n\u00e9rateurs de brouillard anti-intrusion\",\"publisher\":{\"@id\":\"https:\\\/\\\/www.densityfrance.fr\\\/#organization\"},\"potentialAction\":[{\"@type\":\"SearchAction\",\"target\":{\"@type\":\"EntryPoint\",\"urlTemplate\":\"https:\\\/\\\/www.densityfrance.fr\\\/?s={search_term_string}\"},\"query-input\":{\"@type\":\"PropertyValueSpecification\",\"valueRequired\":true,\"valueName\":\"search_term_string\"}}],\"inLanguage\":\"da-DK\"},{\"@type\":\"Organization\",\"@id\":\"https:\\\/\\\/www.densityfrance.fr\\\/#organization\",\"name\":\"Density\",\"url\":\"https:\\\/\\\/www.densityfrance.fr\\\/\",\"logo\":{\"@type\":\"ImageObject\",\"inLanguage\":\"da-DK\",\"@id\":\"https:\\\/\\\/www.densityfrance.fr\\\/#\\\/schema\\\/logo\\\/image\\\/\",\"url\":\"https:\\\/\\\/www.densityfrance.fr\\\/wp-content\\\/uploads\\\/2021\\\/07\\\/Density-logo-couleur-transp-M.png\",\"contentUrl\":\"https:\\\/\\\/www.densityfrance.fr\\\/wp-content\\\/uploads\\\/2021\\\/07\\\/Density-logo-couleur-transp-M.png\",\"width\":404,\"height\":89,\"caption\":\"Density\"},\"image\":{\"@id\":\"https:\\\/\\\/www.densityfrance.fr\\\/#\\\/schema\\\/logo\\\/image\\\/\"}}]}<\/script>\n<!-- \/ Yoast SEO plugin. -->","yoast_head_json":{"title":"Milj\u00f8venlig - T\u00e6thed Frankrig","description":"Density France tilbyder milj\u00f8venlige anti-indbrudsl\u00f8sninger med milj\u00f8ansvarlige t\u00e5gegeneratorer","robots":{"index":"index","follow":"follow","max-snippet":"max-snippet:-1","max-image-preview":"max-image-preview:large","max-video-preview":"max-video-preview:-1"},"canonical":"https:\/\/www.densityfrance.fr\/da\/vores-aktiver\/miljovenlig\/","og_locale":"da_DK","og_type":"article","og_title":"Respectueux de l\u2019environnement - Density France","og_description":"Density France propose des solutions anti-intrusion respectueuses de l'environnement avec des g\u00e9n\u00e9rateurs de brouillard \u00e9co-responsables","og_url":"https:\/\/www.densityfrance.fr\/da\/vores-aktiver\/miljovenlig\/","og_site_name":"Density France","article_modified_time":"2024-09-12T13:32:39+00:00","og_image":[{"width":130,"height":130,"url":"https:\/\/www.densityfrance.fr\/wp-content\/uploads\/2021\/02\/luxe-picto-bleu.png","type":"image\/png"}],"twitter_card":"summary_large_image","twitter_misc":{"Estimeret l\u00e6setid":"2 minutter"},"schema":{"@context":"https:\/\/schema.org","@graph":[{"@type":"WebPage","@id":"https:\/\/www.densityfrance.fr\/nos-atouts\/respectueux-de-l-environnement\/","url":"https:\/\/www.densityfrance.fr\/nos-atouts\/respectueux-de-l-environnement\/","name":"Milj\u00f8venlig - T\u00e6thed Frankrig","isPartOf":{"@id":"https:\/\/www.densityfrance.fr\/#website"},"primaryImageOfPage":{"@id":"https:\/\/www.densityfrance.fr\/nos-atouts\/respectueux-de-l-environnement\/#primaryimage"},"image":{"@id":"https:\/\/www.densityfrance.fr\/nos-atouts\/respectueux-de-l-environnement\/#primaryimage"},"thumbnailUrl":"https:\/\/www.densityfrance.fr\/wp-content\/uploads\/2021\/02\/luxe-picto-bleu.png","datePublished":"2021-03-02T14:14:37+00:00","dateModified":"2024-09-12T13:32:39+00:00","description":"Density France tilbyder milj\u00f8venlige anti-indbrudsl\u00f8sninger med milj\u00f8ansvarlige t\u00e5gegeneratorer","breadcrumb":{"@id":"https:\/\/www.densityfrance.fr\/nos-atouts\/respectueux-de-l-environnement\/#breadcrumb"},"inLanguage":"da-DK","potentialAction":[{"@type":"ReadAction","target":["https:\/\/www.densityfrance.fr\/nos-atouts\/respectueux-de-l-environnement\/"]}]},{"@type":"ImageObject","inLanguage":"da-DK","@id":"https:\/\/www.densityfrance.fr\/nos-atouts\/respectueux-de-l-environnement\/#primaryimage","url":"https:\/\/www.densityfrance.fr\/wp-content\/uploads\/2021\/02\/luxe-picto-bleu.png","contentUrl":"https:\/\/www.densityfrance.fr\/wp-content\/uploads\/2021\/02\/luxe-picto-bleu.png","width":130,"height":130},{"@type":"BreadcrumbList","@id":"https:\/\/www.densityfrance.fr\/nos-atouts\/respectueux-de-l-environnement\/#breadcrumb","itemListElement":[{"@type":"ListItem","position":1,"name":"Accueil","item":"https:\/\/www.densityfrance.fr\/"},{"@type":"ListItem","position":2,"name":"Nos atouts","item":"https:\/\/www.densityfrance.fr\/nos-atouts\/"},{"@type":"ListItem","position":3,"name":"Respectueux de l\u2019environnement"}]},{"@type":"WebSite","@id":"https:\/\/www.densityfrance.fr\/#website","url":"https:\/\/www.densityfrance.fr\/","name":"T\u00e6thed Frankrig","description":"Anti-intrusion t\u00e5ge generatorer","publisher":{"@id":"https:\/\/www.densityfrance.fr\/#organization"},"potentialAction":[{"@type":"SearchAction","target":{"@type":"EntryPoint","urlTemplate":"https:\/\/www.densityfrance.fr\/?s={search_term_string}"},"query-input":{"@type":"PropertyValueSpecification","valueRequired":true,"valueName":"search_term_string"}}],"inLanguage":"da-DK"},{"@type":"Organization","@id":"https:\/\/www.densityfrance.fr\/#organization","name":"T\u00e6thed","url":"https:\/\/www.densityfrance.fr\/","logo":{"@type":"ImageObject","inLanguage":"da-DK","@id":"https:\/\/www.densityfrance.fr\/#\/schema\/logo\/image\/","url":"https:\/\/www.densityfrance.fr\/wp-content\/uploads\/2021\/07\/Density-logo-couleur-transp-M.png","contentUrl":"https:\/\/www.densityfrance.fr\/wp-content\/uploads\/2021\/07\/Density-logo-couleur-transp-M.png","width":404,"height":89,"caption":"Density"},"image":{"@id":"https:\/\/www.densityfrance.fr\/#\/schema\/logo\/image\/"}}]}},"_links":{"self":[{"href":"https:\/\/www.densityfrance.fr\/da\/wp-json\/wp\/v2\/pages\/5072","targetHints":{"allow":["GET"]}}],"collection":[{"href":"https:\/\/www.densityfrance.fr\/da\/wp-json\/wp\/v2\/pages"}],"about":[{"href":"https:\/\/www.densityfrance.fr\/da\/wp-json\/wp\/v2\/types\/page"}],"author":[{"embeddable":true,"href":"https:\/\/www.densityfrance.fr\/da\/wp-json\/wp\/v2\/users\/1"}],"replies":[{"embeddable":true,"href":"https:\/\/www.densityfrance.fr\/da\/wp-json\/wp\/v2\/comments?post=5072"}],"version-history":[{"count":26,"href":"https:\/\/www.densityfrance.fr\/da\/wp-json\/wp\/v2\/pages\/5072\/revisions"}],"predecessor-version":[{"id":7608,"href":"https:\/\/www.densityfrance.fr\/da\/wp-json\/wp\/v2\/pages\/5072\/revisions\/7608"}],"up":[{"embeddable":true,"href":"https:\/\/www.densityfrance.fr\/da\/wp-json\/wp\/v2\/pages\/3098"}],"wp:featuredmedia":[{"embeddable":true,"href":"https:\/\/www.densityfrance.fr\/da\/wp-json\/wp\/v2\/media\/4297"}],"wp:attachment":[{"href":"https:\/\/www.densityfrance.fr\/da\/wp-json\/wp\/v2\/media?parent=5072"}],"curies":[{"name":"wp","href":"https:\/\/api.w.org\/{rel}","templated":true}]}}