{"id":5071,"date":"2021-03-02T14:14:32","date_gmt":"2021-03-02T14:14:32","guid":{"rendered":"https:\/\/www.densityfrance.fr\/?page_id=5071"},"modified":"2024-09-12T14:31:30","modified_gmt":"2024-09-12T13:31:30","slug":"online-traening","status":"publish","type":"page","link":"https:\/\/www.densityfrance.fr\/da\/nos-atouts\/formation-en-ligne\/","title":{"rendered":"On-line tr\u00e6ning"},"content":{"rendered":"<div data-elementor-type=\"wp-page\" data-elementor-id=\"5071\" class=\"elementor elementor-5071\" data-elementor-post-type=\"page\">\n\t\t\t\t\t\t<section class=\"elementor-section elementor-top-section elementor-element elementor-element-3817e75 gp_section_contexte ot-traditional elementor-section-boxed elementor-section-height-default elementor-section-height-default\" data-id=\"3817e75\" data-element_type=\"section\" data-e-type=\"section\">\n\t\t\t\t\t\t<div class=\"elementor-container elementor-column-gap-extended\">\n\t\t\t\t\t<div class=\"elementor-column elementor-col-50 elementor-top-column elementor-element elementor-element-618f7035 elementor-hidden-tablet elementor-hidden-phone ot-flex-column-vertical\" data-id=\"618f7035\" data-element_type=\"column\" data-e-type=\"column\" data-settings=\"{&quot;background_background&quot;:&quot;classic&quot;}\">\n\t\t\t<div class=\"elementor-widget-wrap elementor-element-populated\">\n\t\t\t\t\t\t\t<\/div>\n\t\t<\/div>\n\t\t\t\t<div class=\"elementor-column elementor-col-50 elementor-top-column elementor-element elementor-element-4f32bec7 ot-column-items-center gp_col-right gp_text ot-flex-column-vertical\" data-id=\"4f32bec7\" data-element_type=\"column\" data-e-type=\"column\">\n\t\t\t<div class=\"elementor-widget-wrap elementor-element-populated\">\n\t\t\t\t\t\t<div class=\"elementor-element elementor-element-4e15071f elementor-widget elementor-widget-iheading\" data-id=\"4e15071f\" data-element_type=\"widget\" data-e-type=\"widget\" data-widget_type=\"iheading.default\">\n\t\t\t\t<div class=\"elementor-widget-container\">\n\t\t\t\t\t\t\t<div class=\"ot-heading\">\r\n\t        \t            <span>\/\/ Praktisk<\/span>\r\n\t        <h2 class=\"main-heading\">Tr\u00e6ning for fagfolk skr\u00e6ddersyet til dine begr\u00e6nsninger<\/h2>\t    <\/div>\r\n\t    \t\t\t\t<\/div>\n\t\t\t\t<\/div>\n\t\t\t\t<div class=\"elementor-element elementor-element-47906a85 elementor-widget elementor-widget-text-editor\" data-id=\"47906a85\" data-element_type=\"widget\" data-e-type=\"widget\" data-widget_type=\"text-editor.default\">\n\t\t\t\t<div class=\"elementor-widget-container\">\n\t\t\t\t\t\t\t\t\t<p>Tr\u00e6ning skr\u00e6ddersyet til alle sikkerhedsprofessionelle for at l\u00e6re, hvordan man dimensionerer, placerer, kabler og installerer t\u00e6thedst\u00e5ge-generatorer.<sup class=\"tm\">\u00ae<\/sup>.<\/p><p>Med t\u00e6thedst\u00e5ge-generatorer<sup class=\"tm\">\u00ae<\/sup> Du kan v\u00e6lge din tr\u00e6ning. Book et fysikkursus med en Density-ekspert<sup class=\"tm\">\u00ae<\/sup>\u00a0eller tilmeld dig direkte p\u00e5 tr\u00e6ningssiden p\u00e5 vores hjemmeside.<\/p><p>Uanset hvor du er, p\u00e5 kontoret eller derhjemme, kan du logge ind p\u00e5 din konto for at se eller gense tr\u00e6ningsvideoerne om Density-installationen.<sup class=\"tm\">\u00ae<\/sup>.<\/p><p>Har du et sp\u00f8rgsm\u00e5l? T\u00f8v ikke med at sende os en e-mail til : <a href=\"mailto:help@densityglobal.com\">help@densityglobal.com<\/a><\/p>\t\t\t\t\t\t\t\t<\/div>\n\t\t\t\t<\/div>\n\t\t\t\t\t<\/div>\n\t\t<\/div>\n\t\t\t\t\t<\/div>\n\t\t<\/section>\n\t\t\t\t<section class=\"elementor-section elementor-top-section elementor-element elementor-element-12e24554 gp_section_contexte ot-traditional elementor-section-boxed elementor-section-height-default elementor-section-height-default\" data-id=\"12e24554\" data-element_type=\"section\" data-e-type=\"section\" data-settings=\"{&quot;background_background&quot;:&quot;classic&quot;}\">\n\t\t\t\t\t\t<div class=\"elementor-container elementor-column-gap-extended\">\n\t\t\t\t\t<div class=\"elementor-column elementor-col-100 elementor-top-column elementor-element elementor-element-6866f177 ot-column-items-center ot-flex-column-vertical\" data-id=\"6866f177\" data-element_type=\"column\" data-e-type=\"column\">\n\t\t\t<div class=\"elementor-widget-wrap elementor-element-populated\">\n\t\t\t\t\t\t<div class=\"elementor-element elementor-element-be903cc elementor-widget elementor-widget-iheading\" data-id=\"be903cc\" data-element_type=\"widget\" data-e-type=\"widget\" data-widget_type=\"iheading.default\">\n\t\t\t\t<div class=\"elementor-widget-container\">\n\t\t\t\t\t\t\t<div class=\"ot-heading\">\r\n\t        \t            <span>\/\/ Formationst\u00e6thed<sup class=\"tm\">TM<\/sup><\/span>\r\n\t        <h2 class=\"main-heading\">E-l\u00e6ring med h\u00f8j t\u00e6thed<sup class=\"\u00ae\">\u00ae<\/sup>, Hvordan fungerer det?<\/h2>\t    <\/div>\r\n\t    \t\t\t\t<\/div>\n\t\t\t\t<\/div>\n\t\t\t\t<div class=\"elementor-element elementor-element-28684b1 elementor-widget elementor-widget-text-editor\" data-id=\"28684b1\" data-element_type=\"widget\" data-e-type=\"widget\" data-widget_type=\"text-editor.default\">\n\t\t\t\t<div class=\"elementor-widget-container\">\n\t\t\t\t\t\t\t\t\t<p>Log ind p\u00e5 din Density-tr\u00e6ningskonto<sup class=\"tm\">\u00ae<\/sup>. Du f\u00e5r adgang til forskellige tr\u00e6ningsmoduler om de forskellige produkter i Density-sortimentet.<sup class=\"tm\">\u00ae<\/sup>.<\/p><p>Hvert modul best\u00e5r af trinvise kurser, der d\u00e6kker installationen af en Density Fog Generator p\u00e5 stedet.<sup class=\"tm\">\u00ae<\/sup>\u00a0Disse omfatter: dimensionering, placering, ledningsf\u00f8ring, dysen, de forskellige input- og outputsignaler, indstilling af t\u00e5geproduktionstiden i henhold til det omr\u00e5de, der skal beskyttes, og endelig kontroltest ved afslutningen af installationen.<\/p><p>N\u00e5r du har gennemf\u00f8rt dette kursus og set alle lektionerne i modulet, f\u00e5r du en videnstest, der d\u00e6kker de grundl\u00e6ggende elementer i installation af t\u00e6thedsudstyr.<sup class=\"tm\">\u00ae<\/sup>. N\u00e5r du har best\u00e5et denne test, f\u00e5r du et certifikat, der bekr\u00e6fter din forst\u00e5else og beherskelse af installationen af t\u00e6thedst\u00e5ge-generatorer.<sup class=\"tm\">\u00ae<\/sup>.<\/p><p>Dette certifikat er b\u00e5de en garanti for kvalitet og knowhow for dine installationer hos dine kunder og vil g\u00f8re det muligt for dig at skille dig ud p\u00e5 markedet.<\/p><p>Er du interesseret i at beskytte din virksomhed, din forretning eller dit hjem, og leder du efter en Density-certificeret installat\u00f8r?<sup class=\"tm\">\u00ae<\/sup>\u00a0?<\/p><p>Kontakt os p\u00e5 f\u00f8lgende adresse <a href=\"mailto:contact@densityfrance.fr\">contact@densityfrance.fr<\/a> og glem ikke at fort\u00e6lle os om din afdeling. Vores netv\u00e6rk af partnerinstallat\u00f8rer og -integratorer i hele Frankrig g\u00f8r det muligt for os at opfylde dine behov ved at tilbyde dig den l\u00f8sning, der er t\u00e6ttest p\u00e5 dit hjem.<\/p>\t\t\t\t\t\t\t\t<\/div>\n\t\t\t\t<\/div>\n\t\t\t\t\t<\/div>\n\t\t<\/div>\n\t\t\t\t\t<\/div>\n\t\t<\/section>\n\t\t\t\t<\/div>","protected":false},"excerpt":{"rendered":"<p>\/\/ Pratique Des formations pour les professionnels qui s&#8217;adaptent \u00e0 vos contraintes Une formation adapt\u00e9e \u00e0 tous les professionnels de la s\u00e9curit\u00e9 pour apprendre \u00e0 dimensionner, positionner, c\u00e2bler et installer les G\u00e9n\u00e9rateurs de Brouillard Density\u00ae. Avec les G\u00e9n\u00e9rateurs de Brouillard Density\u00ae vous avez le choix de votre formation. R\u00e9servez une formation en physique avec un [&hellip;]<\/p>\n","protected":false},"author":1,"featured_media":4297,"parent":3098,"menu_order":0,"comment_status":"closed","ping_status":"closed","template":"","meta":{"footnotes":""},"class_list":["post-5071","page","type-page","status-publish","has-post-thumbnail","hentry"],"yoast_head":"<!-- This site is optimized with the Yoast SEO plugin v27.5 - https:\/\/yoast.com\/product\/yoast-seo-wordpress\/ -->\n<title>Formation en ligne - Density France<\/title>\n<meta name=\"description\" content=\"Une formation adapt\u00e9e \u00e0 tous les professionnels de la s\u00e9curit\u00e9 pour apprendre \u00e0 dimensionner, positionner, c\u00e2bler et installer les G\u00e9n\u00e9rateurs de Brouillard Density\" \/>\n<meta name=\"robots\" content=\"index, follow, max-snippet:-1, max-image-preview:large, max-video-preview:-1\" \/>\n<link rel=\"canonical\" href=\"https:\/\/www.densityfrance.fr\/da\/vores-aktiver\/online-traening\/\" \/>\n<meta property=\"og:locale\" content=\"da_DK\" \/>\n<meta property=\"og:type\" content=\"article\" \/>\n<meta property=\"og:title\" content=\"Formation en ligne - Density France\" \/>\n<meta property=\"og:description\" content=\"Une formation adapt\u00e9e \u00e0 tous les professionnels de la s\u00e9curit\u00e9 pour apprendre \u00e0 dimensionner, positionner, c\u00e2bler et installer les G\u00e9n\u00e9rateurs de Brouillard Density\" \/>\n<meta property=\"og:url\" content=\"https:\/\/www.densityfrance.fr\/da\/vores-aktiver\/online-traening\/\" \/>\n<meta property=\"og:site_name\" content=\"Density France\" \/>\n<meta property=\"article:modified_time\" content=\"2024-09-12T13:31:30+00:00\" \/>\n<meta property=\"og:image\" content=\"https:\/\/www.densityfrance.fr\/wp-content\/uploads\/2021\/02\/luxe-picto-bleu.png\" \/>\n\t<meta property=\"og:image:width\" content=\"130\" \/>\n\t<meta property=\"og:image:height\" content=\"130\" \/>\n\t<meta property=\"og:image:type\" content=\"image\/png\" \/>\n<meta name=\"twitter:card\" content=\"summary_large_image\" \/>\n<meta name=\"twitter:label1\" content=\"Estimeret l\u00e6setid\" \/>\n\t<meta name=\"twitter:data1\" content=\"2 minutter\" \/>\n<script type=\"application\/ld+json\" class=\"yoast-schema-graph\">{\"@context\":\"https:\\\/\\\/schema.org\",\"@graph\":[{\"@type\":\"WebPage\",\"@id\":\"https:\\\/\\\/www.densityfrance.fr\\\/nos-atouts\\\/formation-en-ligne\\\/\",\"url\":\"https:\\\/\\\/www.densityfrance.fr\\\/nos-atouts\\\/formation-en-ligne\\\/\",\"name\":\"Formation en ligne - Density France\",\"isPartOf\":{\"@id\":\"https:\\\/\\\/www.densityfrance.fr\\\/#website\"},\"primaryImageOfPage\":{\"@id\":\"https:\\\/\\\/www.densityfrance.fr\\\/nos-atouts\\\/formation-en-ligne\\\/#primaryimage\"},\"image\":{\"@id\":\"https:\\\/\\\/www.densityfrance.fr\\\/nos-atouts\\\/formation-en-ligne\\\/#primaryimage\"},\"thumbnailUrl\":\"https:\\\/\\\/www.densityfrance.fr\\\/wp-content\\\/uploads\\\/2021\\\/02\\\/luxe-picto-bleu.png\",\"datePublished\":\"2021-03-02T14:14:32+00:00\",\"dateModified\":\"2024-09-12T13:31:30+00:00\",\"description\":\"Une formation adapt\u00e9e \u00e0 tous les professionnels de la s\u00e9curit\u00e9 pour apprendre \u00e0 dimensionner, positionner, c\u00e2bler et installer les G\u00e9n\u00e9rateurs de Brouillard Density\",\"breadcrumb\":{\"@id\":\"https:\\\/\\\/www.densityfrance.fr\\\/nos-atouts\\\/formation-en-ligne\\\/#breadcrumb\"},\"inLanguage\":\"da-DK\",\"potentialAction\":[{\"@type\":\"ReadAction\",\"target\":[\"https:\\\/\\\/www.densityfrance.fr\\\/nos-atouts\\\/formation-en-ligne\\\/\"]}]},{\"@type\":\"ImageObject\",\"inLanguage\":\"da-DK\",\"@id\":\"https:\\\/\\\/www.densityfrance.fr\\\/nos-atouts\\\/formation-en-ligne\\\/#primaryimage\",\"url\":\"https:\\\/\\\/www.densityfrance.fr\\\/wp-content\\\/uploads\\\/2021\\\/02\\\/luxe-picto-bleu.png\",\"contentUrl\":\"https:\\\/\\\/www.densityfrance.fr\\\/wp-content\\\/uploads\\\/2021\\\/02\\\/luxe-picto-bleu.png\",\"width\":130,\"height\":130},{\"@type\":\"BreadcrumbList\",\"@id\":\"https:\\\/\\\/www.densityfrance.fr\\\/nos-atouts\\\/formation-en-ligne\\\/#breadcrumb\",\"itemListElement\":[{\"@type\":\"ListItem\",\"position\":1,\"name\":\"Accueil\",\"item\":\"https:\\\/\\\/www.densityfrance.fr\\\/\"},{\"@type\":\"ListItem\",\"position\":2,\"name\":\"Nos atouts\",\"item\":\"https:\\\/\\\/www.densityfrance.fr\\\/nos-atouts\\\/\"},{\"@type\":\"ListItem\",\"position\":3,\"name\":\"Formation en ligne\"}]},{\"@type\":\"WebSite\",\"@id\":\"https:\\\/\\\/www.densityfrance.fr\\\/#website\",\"url\":\"https:\\\/\\\/www.densityfrance.fr\\\/\",\"name\":\"Density France\",\"description\":\"G\u00e9n\u00e9rateurs de brouillard anti-intrusion\",\"publisher\":{\"@id\":\"https:\\\/\\\/www.densityfrance.fr\\\/#organization\"},\"potentialAction\":[{\"@type\":\"SearchAction\",\"target\":{\"@type\":\"EntryPoint\",\"urlTemplate\":\"https:\\\/\\\/www.densityfrance.fr\\\/?s={search_term_string}\"},\"query-input\":{\"@type\":\"PropertyValueSpecification\",\"valueRequired\":true,\"valueName\":\"search_term_string\"}}],\"inLanguage\":\"da-DK\"},{\"@type\":\"Organization\",\"@id\":\"https:\\\/\\\/www.densityfrance.fr\\\/#organization\",\"name\":\"Density\",\"url\":\"https:\\\/\\\/www.densityfrance.fr\\\/\",\"logo\":{\"@type\":\"ImageObject\",\"inLanguage\":\"da-DK\",\"@id\":\"https:\\\/\\\/www.densityfrance.fr\\\/#\\\/schema\\\/logo\\\/image\\\/\",\"url\":\"https:\\\/\\\/www.densityfrance.fr\\\/wp-content\\\/uploads\\\/2021\\\/07\\\/Density-logo-couleur-transp-M.png\",\"contentUrl\":\"https:\\\/\\\/www.densityfrance.fr\\\/wp-content\\\/uploads\\\/2021\\\/07\\\/Density-logo-couleur-transp-M.png\",\"width\":404,\"height\":89,\"caption\":\"Density\"},\"image\":{\"@id\":\"https:\\\/\\\/www.densityfrance.fr\\\/#\\\/schema\\\/logo\\\/image\\\/\"}}]}<\/script>\n<!-- \/ Yoast SEO plugin. -->","yoast_head_json":{"title":"Online tr\u00e6ning - T\u00e6thed Frankrig","description":"Tr\u00e6ning skr\u00e6ddersyet til alle sikkerhedsprofessionelle for at l\u00e6re, hvordan man dimensionerer, placerer, kabler og installerer t\u00e6thedst\u00e5ge-generatorer.","robots":{"index":"index","follow":"follow","max-snippet":"max-snippet:-1","max-image-preview":"max-image-preview:large","max-video-preview":"max-video-preview:-1"},"canonical":"https:\/\/www.densityfrance.fr\/da\/vores-aktiver\/online-traening\/","og_locale":"da_DK","og_type":"article","og_title":"Formation en ligne - Density France","og_description":"Une formation adapt\u00e9e \u00e0 tous les professionnels de la s\u00e9curit\u00e9 pour apprendre \u00e0 dimensionner, positionner, c\u00e2bler et installer les G\u00e9n\u00e9rateurs de Brouillard Density","og_url":"https:\/\/www.densityfrance.fr\/da\/vores-aktiver\/online-traening\/","og_site_name":"Density France","article_modified_time":"2024-09-12T13:31:30+00:00","og_image":[{"width":130,"height":130,"url":"https:\/\/www.densityfrance.fr\/wp-content\/uploads\/2021\/02\/luxe-picto-bleu.png","type":"image\/png"}],"twitter_card":"summary_large_image","twitter_misc":{"Estimeret l\u00e6setid":"2 minutter"},"schema":{"@context":"https:\/\/schema.org","@graph":[{"@type":"WebPage","@id":"https:\/\/www.densityfrance.fr\/nos-atouts\/formation-en-ligne\/","url":"https:\/\/www.densityfrance.fr\/nos-atouts\/formation-en-ligne\/","name":"Online tr\u00e6ning - T\u00e6thed Frankrig","isPartOf":{"@id":"https:\/\/www.densityfrance.fr\/#website"},"primaryImageOfPage":{"@id":"https:\/\/www.densityfrance.fr\/nos-atouts\/formation-en-ligne\/#primaryimage"},"image":{"@id":"https:\/\/www.densityfrance.fr\/nos-atouts\/formation-en-ligne\/#primaryimage"},"thumbnailUrl":"https:\/\/www.densityfrance.fr\/wp-content\/uploads\/2021\/02\/luxe-picto-bleu.png","datePublished":"2021-03-02T14:14:32+00:00","dateModified":"2024-09-12T13:31:30+00:00","description":"Tr\u00e6ning skr\u00e6ddersyet til alle sikkerhedsprofessionelle for at l\u00e6re, hvordan man dimensionerer, placerer, kabler og installerer t\u00e6thedst\u00e5ge-generatorer.","breadcrumb":{"@id":"https:\/\/www.densityfrance.fr\/nos-atouts\/formation-en-ligne\/#breadcrumb"},"inLanguage":"da-DK","potentialAction":[{"@type":"ReadAction","target":["https:\/\/www.densityfrance.fr\/nos-atouts\/formation-en-ligne\/"]}]},{"@type":"ImageObject","inLanguage":"da-DK","@id":"https:\/\/www.densityfrance.fr\/nos-atouts\/formation-en-ligne\/#primaryimage","url":"https:\/\/www.densityfrance.fr\/wp-content\/uploads\/2021\/02\/luxe-picto-bleu.png","contentUrl":"https:\/\/www.densityfrance.fr\/wp-content\/uploads\/2021\/02\/luxe-picto-bleu.png","width":130,"height":130},{"@type":"BreadcrumbList","@id":"https:\/\/www.densityfrance.fr\/nos-atouts\/formation-en-ligne\/#breadcrumb","itemListElement":[{"@type":"ListItem","position":1,"name":"Accueil","item":"https:\/\/www.densityfrance.fr\/"},{"@type":"ListItem","position":2,"name":"Nos atouts","item":"https:\/\/www.densityfrance.fr\/nos-atouts\/"},{"@type":"ListItem","position":3,"name":"Formation en ligne"}]},{"@type":"WebSite","@id":"https:\/\/www.densityfrance.fr\/#website","url":"https:\/\/www.densityfrance.fr\/","name":"T\u00e6thed Frankrig","description":"Anti-intrusion t\u00e5ge generatorer","publisher":{"@id":"https:\/\/www.densityfrance.fr\/#organization"},"potentialAction":[{"@type":"SearchAction","target":{"@type":"EntryPoint","urlTemplate":"https:\/\/www.densityfrance.fr\/?s={search_term_string}"},"query-input":{"@type":"PropertyValueSpecification","valueRequired":true,"valueName":"search_term_string"}}],"inLanguage":"da-DK"},{"@type":"Organization","@id":"https:\/\/www.densityfrance.fr\/#organization","name":"T\u00e6thed","url":"https:\/\/www.densityfrance.fr\/","logo":{"@type":"ImageObject","inLanguage":"da-DK","@id":"https:\/\/www.densityfrance.fr\/#\/schema\/logo\/image\/","url":"https:\/\/www.densityfrance.fr\/wp-content\/uploads\/2021\/07\/Density-logo-couleur-transp-M.png","contentUrl":"https:\/\/www.densityfrance.fr\/wp-content\/uploads\/2021\/07\/Density-logo-couleur-transp-M.png","width":404,"height":89,"caption":"Density"},"image":{"@id":"https:\/\/www.densityfrance.fr\/#\/schema\/logo\/image\/"}}]}},"_links":{"self":[{"href":"https:\/\/www.densityfrance.fr\/da\/wp-json\/wp\/v2\/pages\/5071","targetHints":{"allow":["GET"]}}],"collection":[{"href":"https:\/\/www.densityfrance.fr\/da\/wp-json\/wp\/v2\/pages"}],"about":[{"href":"https:\/\/www.densityfrance.fr\/da\/wp-json\/wp\/v2\/types\/page"}],"author":[{"embeddable":true,"href":"https:\/\/www.densityfrance.fr\/da\/wp-json\/wp\/v2\/users\/1"}],"replies":[{"embeddable":true,"href":"https:\/\/www.densityfrance.fr\/da\/wp-json\/wp\/v2\/comments?post=5071"}],"version-history":[{"count":35,"href":"https:\/\/www.densityfrance.fr\/da\/wp-json\/wp\/v2\/pages\/5071\/revisions"}],"predecessor-version":[{"id":7599,"href":"https:\/\/www.densityfrance.fr\/da\/wp-json\/wp\/v2\/pages\/5071\/revisions\/7599"}],"up":[{"embeddable":true,"href":"https:\/\/www.densityfrance.fr\/da\/wp-json\/wp\/v2\/pages\/3098"}],"wp:featuredmedia":[{"embeddable":true,"href":"https:\/\/www.densityfrance.fr\/da\/wp-json\/wp\/v2\/media\/4297"}],"wp:attachment":[{"href":"https:\/\/www.densityfrance.fr\/da\/wp-json\/wp\/v2\/media?parent=5071"}],"curies":[{"name":"wp","href":"https:\/\/api.w.org\/{rel}","templated":true}]}}